{"id":718,"date":"2019-06-29T22:08:22","date_gmt":"2019-06-29T20:08:22","guid":{"rendered":"http:\/\/joyadearte.com\/product\/mancuernilla-9\/"},"modified":"2026-04-04T01:45:25","modified_gmt":"2026-04-03T23:45:25","slug":"mancuernillas-mosaico","status":"publish","type":"product","link":"https:\/\/joyadearte.com\/es\/product\/mancuernillas-mosaico\/","title":{"rendered":"MANCUERNILLAS MOSAICO"},"content":{"rendered":"<p>La Armon\u00eda de las Partes<\/p>\n<p>\u200bLa belleza nace de la uni\u00f3n. Estas mancuernillas celebran la complejidad de la identidad y la perfecci\u00f3n que surge al ensamblar cada detalle con prop\u00f3sito. Una pieza arquitect\u00f3nica para el l\u00edder que sabe que la verdadera fuerza reside en la integraci\u00f3n. \u00bfListo para vestir una obra de arte en tus pu\u00f1os?<\/p>\n","protected":false},"excerpt":{"rendered":"<p>Material: Plata .950<\/p>\n","protected":false},"featured_media":232,"comment_status":"open","ping_status":"closed","template":"","meta":{"_monsterinsights_skip_tracking":false,"_monsterinsights_sitenote_active":false,"_monsterinsights_sitenote_note":"","_monsterinsights_sitenote_category":0},"product_brand":[],"product_cat":[17,25,28,18,117,33],"product_tag":[78,52,51,53],"class_list":{"0":"post-718","1":"product","2":"type-product","3":"status-publish","4":"has-post-thumbnail","6":"product_cat-colecciones","7":"product_cat-hombres-de-mi-vida","8":"product_cat-mexicana-angel","9":"product_cat-piezas","10":"product_cat-plata-925","11":"product_cat-mancuernillas-y-llaveros","12":"product_tag-descuento","13":"product_tag-hombre","14":"product_tag-mancuernillas","15":"product_tag-plata","17":"first","18":"instock","19":"sale","20":"shipping-taxable","21":"purchasable","22":"product-type-simple","23":"add-to-wishlist-after_add_to_cart"},"yoast_head":"<!-- This site is optimized with the Yoast SEO plugin v25.6 - https:\/\/yoast.com\/wordpress\/plugins\/seo\/ -->\n<title>MANCUERNILLAS MOSAICO - Joya de Arte<\/title>\n<meta name=\"description\" content=\"Mancuernillas Mosaico. El s\u00edmbolo de la armon\u00eda y la sofisticaci\u00f3n geom\u00e9trica para un estilo \u00fanico\" \/>\n<meta name=\"robots\" content=\"index, follow, max-snippet:-1, max-image-preview:large, max-video-preview:-1\" \/>\n<link rel=\"canonical\" href=\"https:\/\/joyadearte.com\/es\/product\/mancuernillas-mosaico\/\" \/>\n<meta property=\"og:locale\" content=\"es_ES\" \/>\n<meta property=\"og:type\" content=\"article\" \/>\n<meta property=\"og:title\" content=\"MANCUERNILLAS MOSAICO - Joya de Arte\" \/>\n<meta property=\"og:description\" content=\"Mancuernillas Mosaico. El s\u00edmbolo de la armon\u00eda y la sofisticaci\u00f3n geom\u00e9trica para un estilo \u00fanico\" \/>\n<meta property=\"og:url\" content=\"https:\/\/joyadearte.com\/es\/product\/mancuernillas-mosaico\/\" \/>\n<meta property=\"og:site_name\" content=\"Joya de Arte\" \/>\n<meta property=\"article:publisher\" content=\"https:\/\/www.facebook.com\/SandraCepedajoyadearte\/\" \/>\n<meta property=\"article:modified_time\" content=\"2026-04-03T23:45:25+00:00\" \/>\n<meta property=\"og:image\" content=\"https:\/\/joyadearte.com\/wp-content\/uploads\/2019\/06\/mancuernillas_DSC6289a.jpg\" \/>\n\t<meta property=\"og:image:width\" content=\"1620\" \/>\n\t<meta property=\"og:image:height\" content=\"1080\" \/>\n\t<meta property=\"og:image:type\" content=\"image\/jpeg\" \/>\n<meta name=\"twitter:card\" content=\"summary_large_image\" \/>\n<meta name=\"twitter:label1\" content=\"Tiempo de lectura\" \/>\n\t<meta name=\"twitter:data1\" content=\"1 minuto\" \/>\n<script type=\"application\/ld+json\" class=\"yoast-schema-graph\">{\"@context\":\"https:\/\/schema.org\",\"@graph\":[{\"@type\":\"WebPage\",\"@id\":\"https:\/\/joyadearte.com\/product\/mancuernillas-mosaico\/\",\"url\":\"https:\/\/joyadearte.com\/product\/mancuernillas-mosaico\/\",\"name\":\"MANCUERNILLAS MOSAICO - Joya de Arte\",\"isPartOf\":{\"@id\":\"https:\/\/joyadearte.com\/en\/#website\"},\"primaryImageOfPage\":{\"@id\":\"https:\/\/joyadearte.com\/product\/mancuernillas-mosaico\/#primaryimage\"},\"image\":{\"@id\":\"https:\/\/joyadearte.com\/product\/mancuernillas-mosaico\/#primaryimage\"},\"thumbnailUrl\":\"https:\/\/joyadearte.com\/wp-content\/uploads\/2019\/06\/mancuernillas_DSC6289a.jpg\",\"datePublished\":\"2019-06-29T20:08:22+00:00\",\"dateModified\":\"2026-04-03T23:45:25+00:00\",\"description\":\"Mancuernillas Mosaico. El s\u00edmbolo de la armon\u00eda y la sofisticaci\u00f3n geom\u00e9trica para un estilo \u00fanico\",\"breadcrumb\":{\"@id\":\"https:\/\/joyadearte.com\/product\/mancuernillas-mosaico\/#breadcrumb\"},\"inLanguage\":\"es\",\"potentialAction\":[{\"@type\":\"ReadAction\",\"target\":[\"https:\/\/joyadearte.com\/product\/mancuernillas-mosaico\/\"]}]},{\"@type\":\"ImageObject\",\"inLanguage\":\"es\",\"@id\":\"https:\/\/joyadearte.com\/product\/mancuernillas-mosaico\/#primaryimage\",\"url\":\"https:\/\/joyadearte.com\/wp-content\/uploads\/2019\/06\/mancuernillas_DSC6289a.jpg\",\"contentUrl\":\"https:\/\/joyadearte.com\/wp-content\/uploads\/2019\/06\/mancuernillas_DSC6289a.jpg\",\"width\":1620,\"height\":1080,\"caption\":\"Mancuernillas Mosaico\"},{\"@type\":\"BreadcrumbList\",\"@id\":\"https:\/\/joyadearte.com\/product\/mancuernillas-mosaico\/#breadcrumb\",\"itemListElement\":[{\"@type\":\"ListItem\",\"position\":1,\"name\":\"Portada\",\"item\":\"https:\/\/joyadearte.com\/\"},{\"@type\":\"ListItem\",\"position\":2,\"name\":\"Tienda\",\"item\":\"https:\/\/joyadearte.com\/tienda\/\"},{\"@type\":\"ListItem\",\"position\":3,\"name\":\"MANCUERNILLAS MOSAICO\"}]},{\"@type\":\"WebSite\",\"@id\":\"https:\/\/joyadearte.com\/en\/#website\",\"url\":\"https:\/\/joyadearte.com\/en\/\",\"name\":\"Joya de Arte\",\"description\":\"Joya de Arte by Sandra Cepeda\",\"publisher\":{\"@id\":\"https:\/\/joyadearte.com\/en\/#organization\"},\"potentialAction\":[{\"@type\":\"SearchAction\",\"target\":{\"@type\":\"EntryPoint\",\"urlTemplate\":\"https:\/\/joyadearte.com\/en\/?s={search_term_string}\"},\"query-input\":{\"@type\":\"PropertyValueSpecification\",\"valueRequired\":true,\"valueName\":\"search_term_string\"}}],\"inLanguage\":\"es\"},{\"@type\":\"Organization\",\"@id\":\"https:\/\/joyadearte.com\/en\/#organization\",\"name\":\"Joya de Arte\",\"url\":\"https:\/\/joyadearte.com\/en\/\",\"logo\":{\"@type\":\"ImageObject\",\"inLanguage\":\"es\",\"@id\":\"https:\/\/joyadearte.com\/en\/#\/schema\/logo\/image\/\",\"url\":\"https:\/\/joyadearte.com\/wp-content\/uploads\/2020\/08\/WhatsApp-Image-2020-08-13-at-8.15.09-PM.jpeg\",\"contentUrl\":\"https:\/\/joyadearte.com\/wp-content\/uploads\/2020\/08\/WhatsApp-Image-2020-08-13-at-8.15.09-PM.jpeg\",\"width\":1280,\"height\":1280,\"caption\":\"Joya de Arte\"},\"image\":{\"@id\":\"https:\/\/joyadearte.com\/en\/#\/schema\/logo\/image\/\"},\"sameAs\":[\"https:\/\/www.facebook.com\/SandraCepedajoyadearte\/\",\"https:\/\/www.instagram.com\/joyadearte_sandracepeda\/\",\"https:\/\/es.wikipedia.org\/wiki\/Sandra_Cepeda\"]}]}<\/script>\n<!-- \/ Yoast SEO plugin. -->","yoast_head_json":{"title":"MANCUERNILLAS MOSAICO - Joya de Arte","description":"Mancuernillas Mosaico. El s\u00edmbolo de la armon\u00eda y la sofisticaci\u00f3n geom\u00e9trica para un estilo \u00fanico","robots":{"index":"index","follow":"follow","max-snippet":"max-snippet:-1","max-image-preview":"max-image-preview:large","max-video-preview":"max-video-preview:-1"},"canonical":"https:\/\/joyadearte.com\/es\/product\/mancuernillas-mosaico\/","og_locale":"es_ES","og_type":"article","og_title":"MANCUERNILLAS MOSAICO - Joya de Arte","og_description":"Mancuernillas Mosaico. El s\u00edmbolo de la armon\u00eda y la sofisticaci\u00f3n geom\u00e9trica para un estilo \u00fanico","og_url":"https:\/\/joyadearte.com\/es\/product\/mancuernillas-mosaico\/","og_site_name":"Joya de Arte","article_publisher":"https:\/\/www.facebook.com\/SandraCepedajoyadearte\/","article_modified_time":"2026-04-03T23:45:25+00:00","og_image":[{"width":1620,"height":1080,"url":"https:\/\/joyadearte.com\/wp-content\/uploads\/2019\/06\/mancuernillas_DSC6289a.jpg","type":"image\/jpeg"}],"twitter_card":"summary_large_image","twitter_misc":{"Tiempo de lectura":"1 minuto"},"schema":{"@context":"https:\/\/schema.org","@graph":[{"@type":"WebPage","@id":"https:\/\/joyadearte.com\/product\/mancuernillas-mosaico\/","url":"https:\/\/joyadearte.com\/product\/mancuernillas-mosaico\/","name":"MANCUERNILLAS MOSAICO - Joya de Arte","isPartOf":{"@id":"https:\/\/joyadearte.com\/en\/#website"},"primaryImageOfPage":{"@id":"https:\/\/joyadearte.com\/product\/mancuernillas-mosaico\/#primaryimage"},"image":{"@id":"https:\/\/joyadearte.com\/product\/mancuernillas-mosaico\/#primaryimage"},"thumbnailUrl":"https:\/\/joyadearte.com\/wp-content\/uploads\/2019\/06\/mancuernillas_DSC6289a.jpg","datePublished":"2019-06-29T20:08:22+00:00","dateModified":"2026-04-03T23:45:25+00:00","description":"Mancuernillas Mosaico. El s\u00edmbolo de la armon\u00eda y la sofisticaci\u00f3n geom\u00e9trica para un estilo \u00fanico","breadcrumb":{"@id":"https:\/\/joyadearte.com\/product\/mancuernillas-mosaico\/#breadcrumb"},"inLanguage":"es","potentialAction":[{"@type":"ReadAction","target":["https:\/\/joyadearte.com\/product\/mancuernillas-mosaico\/"]}]},{"@type":"ImageObject","inLanguage":"es","@id":"https:\/\/joyadearte.com\/product\/mancuernillas-mosaico\/#primaryimage","url":"https:\/\/joyadearte.com\/wp-content\/uploads\/2019\/06\/mancuernillas_DSC6289a.jpg","contentUrl":"https:\/\/joyadearte.com\/wp-content\/uploads\/2019\/06\/mancuernillas_DSC6289a.jpg","width":1620,"height":1080,"caption":"Mancuernillas Mosaico"},{"@type":"BreadcrumbList","@id":"https:\/\/joyadearte.com\/product\/mancuernillas-mosaico\/#breadcrumb","itemListElement":[{"@type":"ListItem","position":1,"name":"Portada","item":"https:\/\/joyadearte.com\/"},{"@type":"ListItem","position":2,"name":"Tienda","item":"https:\/\/joyadearte.com\/tienda\/"},{"@type":"ListItem","position":3,"name":"MANCUERNILLAS MOSAICO"}]},{"@type":"WebSite","@id":"https:\/\/joyadearte.com\/en\/#website","url":"https:\/\/joyadearte.com\/en\/","name":"Joya de Arte","description":"Joya de Arte by Sandra Cepeda","publisher":{"@id":"https:\/\/joyadearte.com\/en\/#organization"},"potentialAction":[{"@type":"SearchAction","target":{"@type":"EntryPoint","urlTemplate":"https:\/\/joyadearte.com\/en\/?s={search_term_string}"},"query-input":{"@type":"PropertyValueSpecification","valueRequired":true,"valueName":"search_term_string"}}],"inLanguage":"es"},{"@type":"Organization","@id":"https:\/\/joyadearte.com\/en\/#organization","name":"Joya de Arte","url":"https:\/\/joyadearte.com\/en\/","logo":{"@type":"ImageObject","inLanguage":"es","@id":"https:\/\/joyadearte.com\/en\/#\/schema\/logo\/image\/","url":"https:\/\/joyadearte.com\/wp-content\/uploads\/2020\/08\/WhatsApp-Image-2020-08-13-at-8.15.09-PM.jpeg","contentUrl":"https:\/\/joyadearte.com\/wp-content\/uploads\/2020\/08\/WhatsApp-Image-2020-08-13-at-8.15.09-PM.jpeg","width":1280,"height":1280,"caption":"Joya de Arte"},"image":{"@id":"https:\/\/joyadearte.com\/en\/#\/schema\/logo\/image\/"},"sameAs":["https:\/\/www.facebook.com\/SandraCepedajoyadearte\/","https:\/\/www.instagram.com\/joyadearte_sandracepeda\/","https:\/\/es.wikipedia.org\/wiki\/Sandra_Cepeda"]}]}},"jetpack_sharing_enabled":true,"_links":{"self":[{"href":"https:\/\/joyadearte.com\/es\/wp-json\/wp\/v2\/product\/718","targetHints":{"allow":["GET"]}}],"collection":[{"href":"https:\/\/joyadearte.com\/es\/wp-json\/wp\/v2\/product"}],"about":[{"href":"https:\/\/joyadearte.com\/es\/wp-json\/wp\/v2\/types\/product"}],"replies":[{"embeddable":true,"href":"https:\/\/joyadearte.com\/es\/wp-json\/wp\/v2\/comments?post=718"}],"wp:featuredmedia":[{"embeddable":true,"href":"https:\/\/joyadearte.com\/es\/wp-json\/wp\/v2\/media\/232"}],"wp:attachment":[{"href":"https:\/\/joyadearte.com\/es\/wp-json\/wp\/v2\/media?parent=718"}],"wp:term":[{"taxonomy":"product_brand","embeddable":true,"href":"https:\/\/joyadearte.com\/es\/wp-json\/wp\/v2\/product_brand?post=718"},{"taxonomy":"product_cat","embeddable":true,"href":"https:\/\/joyadearte.com\/es\/wp-json\/wp\/v2\/product_cat?post=718"},{"taxonomy":"product_tag","embeddable":true,"href":"https:\/\/joyadearte.com\/es\/wp-json\/wp\/v2\/product_tag?post=718"}],"curies":[{"name":"wp","href":"https:\/\/api.w.org\/{rel}","templated":true}]}}