{"id":715,"date":"2019-06-29T22:08:19","date_gmt":"2019-06-29T20:08:19","guid":{"rendered":"http:\/\/joyadearte.com\/product\/mancuernilla-6\/"},"modified":"2026-04-04T01:50:34","modified_gmt":"2026-04-03T23:50:34","slug":"mancuernillas-baston-de-poder","status":"publish","type":"product","link":"https:\/\/joyadearte.com\/es\/product\/mancuernillas-baston-de-poder\/","title":{"rendered":"MANCUERNILLAS BAST\u00d3N DE PODER"},"content":{"rendered":"<p>Lleva contigo el pulso del mando y la elegancia que nace del esp\u00edritu. Las Mancuernillas Bast\u00f3n de Poder de Joya de Arte son una invitaci\u00f3n a portar el s\u00edmbolo del equilibrio y la autoridad en un dise\u00f1o s\u00f3lido que transforma tus pu\u00f1os en un decreto de liderazgo.<\/p>\n<p>\u200bInspiradas en los cetros de sabidur\u00eda ancestral, estas piezas esculpen la determinaci\u00f3n con una sofisticaci\u00f3n m\u00edstica, ideal para quienes dirigen su destino con visi\u00f3n y distinci\u00f3n absoluta. \u00bfEst\u00e1s listo para empu\u00f1ar tu propia fuerza y dejar que cada gesto proyecte la magia de un poder inquebrantable?<\/p>\n<p>&nbsp;<\/p>\n","protected":false},"excerpt":{"rendered":"<p>Material: Plata .950<\/p>\n<p>&nbsp;<\/p>\n","protected":false},"featured_media":229,"comment_status":"open","ping_status":"closed","template":"","meta":{"_monsterinsights_skip_tracking":false,"_monsterinsights_sitenote_active":false,"_monsterinsights_sitenote_note":"","_monsterinsights_sitenote_category":0},"product_brand":[],"product_cat":[17,25,18,117,33],"product_tag":[78],"class_list":{"0":"post-715","1":"product","2":"type-product","3":"status-publish","4":"has-post-thumbnail","6":"product_cat-colecciones","7":"product_cat-hombres-de-mi-vida","8":"product_cat-piezas","9":"product_cat-plata-925","10":"product_cat-mancuernillas-y-llaveros","11":"product_tag-descuento","13":"first","14":"instock","15":"sale","16":"shipping-taxable","17":"purchasable","18":"product-type-simple","19":"add-to-wishlist-after_add_to_cart"},"yoast_head":"<!-- This site is optimized with the Yoast SEO plugin v25.6 - https:\/\/yoast.com\/wordpress\/plugins\/seo\/ -->\n<title>MANCUERNILLAS BAST\u00d3N DE PODER - Joya de Arte<\/title>\n<meta name=\"description\" content=\"Mancuernillas Bast\u00f3n de Poder. El s\u00edmbolo del mando ancestral y la elegancia m\u00edstica para un liderazgo con estilo.\" \/>\n<meta name=\"robots\" content=\"index, follow, max-snippet:-1, max-image-preview:large, max-video-preview:-1\" \/>\n<link rel=\"canonical\" href=\"https:\/\/joyadearte.com\/es\/product\/mancuernillas-baston-de-poder\/\" \/>\n<meta property=\"og:locale\" content=\"es_ES\" \/>\n<meta property=\"og:type\" content=\"article\" \/>\n<meta property=\"og:title\" content=\"MANCUERNILLAS BAST\u00d3N DE PODER - Joya de Arte\" \/>\n<meta property=\"og:description\" content=\"Mancuernillas Bast\u00f3n de Poder. El s\u00edmbolo del mando ancestral y la elegancia m\u00edstica para un liderazgo con estilo.\" \/>\n<meta property=\"og:url\" content=\"https:\/\/joyadearte.com\/es\/product\/mancuernillas-baston-de-poder\/\" \/>\n<meta property=\"og:site_name\" content=\"Joya de Arte\" \/>\n<meta property=\"article:publisher\" content=\"https:\/\/www.facebook.com\/SandraCepedajoyadearte\/\" \/>\n<meta property=\"article:modified_time\" content=\"2026-04-03T23:50:34+00:00\" \/>\n<meta property=\"og:image\" content=\"https:\/\/joyadearte.com\/wp-content\/uploads\/2019\/06\/mancuernillas_DSC6273a.jpg\" \/>\n\t<meta property=\"og:image:width\" content=\"1620\" \/>\n\t<meta property=\"og:image:height\" content=\"1080\" \/>\n\t<meta property=\"og:image:type\" content=\"image\/jpeg\" \/>\n<meta name=\"twitter:card\" content=\"summary_large_image\" \/>\n<meta name=\"twitter:label1\" content=\"Tiempo de lectura\" \/>\n\t<meta name=\"twitter:data1\" content=\"1 minuto\" \/>\n<script type=\"application\/ld+json\" class=\"yoast-schema-graph\">{\"@context\":\"https:\/\/schema.org\",\"@graph\":[{\"@type\":\"WebPage\",\"@id\":\"https:\/\/joyadearte.com\/product\/mancuernillas-baston-de-poder\/\",\"url\":\"https:\/\/joyadearte.com\/product\/mancuernillas-baston-de-poder\/\",\"name\":\"MANCUERNILLAS BAST\u00d3N DE PODER - Joya de Arte\",\"isPartOf\":{\"@id\":\"https:\/\/joyadearte.com\/en\/#website\"},\"primaryImageOfPage\":{\"@id\":\"https:\/\/joyadearte.com\/product\/mancuernillas-baston-de-poder\/#primaryimage\"},\"image\":{\"@id\":\"https:\/\/joyadearte.com\/product\/mancuernillas-baston-de-poder\/#primaryimage\"},\"thumbnailUrl\":\"https:\/\/joyadearte.com\/wp-content\/uploads\/2019\/06\/mancuernillas_DSC6273a.jpg\",\"datePublished\":\"2019-06-29T20:08:19+00:00\",\"dateModified\":\"2026-04-03T23:50:34+00:00\",\"description\":\"Mancuernillas Bast\u00f3n de Poder. El s\u00edmbolo del mando ancestral y la elegancia m\u00edstica para un liderazgo con estilo.\",\"breadcrumb\":{\"@id\":\"https:\/\/joyadearte.com\/product\/mancuernillas-baston-de-poder\/#breadcrumb\"},\"inLanguage\":\"es\",\"potentialAction\":[{\"@type\":\"ReadAction\",\"target\":[\"https:\/\/joyadearte.com\/product\/mancuernillas-baston-de-poder\/\"]}]},{\"@type\":\"ImageObject\",\"inLanguage\":\"es\",\"@id\":\"https:\/\/joyadearte.com\/product\/mancuernillas-baston-de-poder\/#primaryimage\",\"url\":\"https:\/\/joyadearte.com\/wp-content\/uploads\/2019\/06\/mancuernillas_DSC6273a.jpg\",\"contentUrl\":\"https:\/\/joyadearte.com\/wp-content\/uploads\/2019\/06\/mancuernillas_DSC6273a.jpg\",\"width\":1620,\"height\":1080,\"caption\":\"Mancuernillas Bast\u00f3n de Poder. El s\u00edmbolo del mando ancestral y la elegancia m\u00edstica para un liderazgo con estilo.\"},{\"@type\":\"BreadcrumbList\",\"@id\":\"https:\/\/joyadearte.com\/product\/mancuernillas-baston-de-poder\/#breadcrumb\",\"itemListElement\":[{\"@type\":\"ListItem\",\"position\":1,\"name\":\"Portada\",\"item\":\"https:\/\/joyadearte.com\/\"},{\"@type\":\"ListItem\",\"position\":2,\"name\":\"Tienda\",\"item\":\"https:\/\/joyadearte.com\/tienda\/\"},{\"@type\":\"ListItem\",\"position\":3,\"name\":\"MANCUERNILLAS BAST\u00d3N DE PODER\"}]},{\"@type\":\"WebSite\",\"@id\":\"https:\/\/joyadearte.com\/en\/#website\",\"url\":\"https:\/\/joyadearte.com\/en\/\",\"name\":\"Joya de Arte\",\"description\":\"Joya de Arte by Sandra Cepeda\",\"publisher\":{\"@id\":\"https:\/\/joyadearte.com\/en\/#organization\"},\"potentialAction\":[{\"@type\":\"SearchAction\",\"target\":{\"@type\":\"EntryPoint\",\"urlTemplate\":\"https:\/\/joyadearte.com\/en\/?s={search_term_string}\"},\"query-input\":{\"@type\":\"PropertyValueSpecification\",\"valueRequired\":true,\"valueName\":\"search_term_string\"}}],\"inLanguage\":\"es\"},{\"@type\":\"Organization\",\"@id\":\"https:\/\/joyadearte.com\/en\/#organization\",\"name\":\"Joya de Arte\",\"url\":\"https:\/\/joyadearte.com\/en\/\",\"logo\":{\"@type\":\"ImageObject\",\"inLanguage\":\"es\",\"@id\":\"https:\/\/joyadearte.com\/en\/#\/schema\/logo\/image\/\",\"url\":\"https:\/\/joyadearte.com\/wp-content\/uploads\/2020\/08\/WhatsApp-Image-2020-08-13-at-8.15.09-PM.jpeg\",\"contentUrl\":\"https:\/\/joyadearte.com\/wp-content\/uploads\/2020\/08\/WhatsApp-Image-2020-08-13-at-8.15.09-PM.jpeg\",\"width\":1280,\"height\":1280,\"caption\":\"Joya de Arte\"},\"image\":{\"@id\":\"https:\/\/joyadearte.com\/en\/#\/schema\/logo\/image\/\"},\"sameAs\":[\"https:\/\/www.facebook.com\/SandraCepedajoyadearte\/\",\"https:\/\/www.instagram.com\/joyadearte_sandracepeda\/\",\"https:\/\/es.wikipedia.org\/wiki\/Sandra_Cepeda\"]}]}<\/script>\n<!-- \/ Yoast SEO plugin. -->","yoast_head_json":{"title":"MANCUERNILLAS BAST\u00d3N DE PODER - Joya de Arte","description":"Mancuernillas Bast\u00f3n de Poder. El s\u00edmbolo del mando ancestral y la elegancia m\u00edstica para un liderazgo con estilo.","robots":{"index":"index","follow":"follow","max-snippet":"max-snippet:-1","max-image-preview":"max-image-preview:large","max-video-preview":"max-video-preview:-1"},"canonical":"https:\/\/joyadearte.com\/es\/product\/mancuernillas-baston-de-poder\/","og_locale":"es_ES","og_type":"article","og_title":"MANCUERNILLAS BAST\u00d3N DE PODER - Joya de Arte","og_description":"Mancuernillas Bast\u00f3n de Poder. El s\u00edmbolo del mando ancestral y la elegancia m\u00edstica para un liderazgo con estilo.","og_url":"https:\/\/joyadearte.com\/es\/product\/mancuernillas-baston-de-poder\/","og_site_name":"Joya de Arte","article_publisher":"https:\/\/www.facebook.com\/SandraCepedajoyadearte\/","article_modified_time":"2026-04-03T23:50:34+00:00","og_image":[{"width":1620,"height":1080,"url":"https:\/\/joyadearte.com\/wp-content\/uploads\/2019\/06\/mancuernillas_DSC6273a.jpg","type":"image\/jpeg"}],"twitter_card":"summary_large_image","twitter_misc":{"Tiempo de lectura":"1 minuto"},"schema":{"@context":"https:\/\/schema.org","@graph":[{"@type":"WebPage","@id":"https:\/\/joyadearte.com\/product\/mancuernillas-baston-de-poder\/","url":"https:\/\/joyadearte.com\/product\/mancuernillas-baston-de-poder\/","name":"MANCUERNILLAS BAST\u00d3N DE PODER - Joya de Arte","isPartOf":{"@id":"https:\/\/joyadearte.com\/en\/#website"},"primaryImageOfPage":{"@id":"https:\/\/joyadearte.com\/product\/mancuernillas-baston-de-poder\/#primaryimage"},"image":{"@id":"https:\/\/joyadearte.com\/product\/mancuernillas-baston-de-poder\/#primaryimage"},"thumbnailUrl":"https:\/\/joyadearte.com\/wp-content\/uploads\/2019\/06\/mancuernillas_DSC6273a.jpg","datePublished":"2019-06-29T20:08:19+00:00","dateModified":"2026-04-03T23:50:34+00:00","description":"Mancuernillas Bast\u00f3n de Poder. El s\u00edmbolo del mando ancestral y la elegancia m\u00edstica para un liderazgo con estilo.","breadcrumb":{"@id":"https:\/\/joyadearte.com\/product\/mancuernillas-baston-de-poder\/#breadcrumb"},"inLanguage":"es","potentialAction":[{"@type":"ReadAction","target":["https:\/\/joyadearte.com\/product\/mancuernillas-baston-de-poder\/"]}]},{"@type":"ImageObject","inLanguage":"es","@id":"https:\/\/joyadearte.com\/product\/mancuernillas-baston-de-poder\/#primaryimage","url":"https:\/\/joyadearte.com\/wp-content\/uploads\/2019\/06\/mancuernillas_DSC6273a.jpg","contentUrl":"https:\/\/joyadearte.com\/wp-content\/uploads\/2019\/06\/mancuernillas_DSC6273a.jpg","width":1620,"height":1080,"caption":"Mancuernillas Bast\u00f3n de Poder. El s\u00edmbolo del mando ancestral y la elegancia m\u00edstica para un liderazgo con estilo."},{"@type":"BreadcrumbList","@id":"https:\/\/joyadearte.com\/product\/mancuernillas-baston-de-poder\/#breadcrumb","itemListElement":[{"@type":"ListItem","position":1,"name":"Portada","item":"https:\/\/joyadearte.com\/"},{"@type":"ListItem","position":2,"name":"Tienda","item":"https:\/\/joyadearte.com\/tienda\/"},{"@type":"ListItem","position":3,"name":"MANCUERNILLAS BAST\u00d3N DE PODER"}]},{"@type":"WebSite","@id":"https:\/\/joyadearte.com\/en\/#website","url":"https:\/\/joyadearte.com\/en\/","name":"Joya de Arte","description":"Joya de Arte by Sandra Cepeda","publisher":{"@id":"https:\/\/joyadearte.com\/en\/#organization"},"potentialAction":[{"@type":"SearchAction","target":{"@type":"EntryPoint","urlTemplate":"https:\/\/joyadearte.com\/en\/?s={search_term_string}"},"query-input":{"@type":"PropertyValueSpecification","valueRequired":true,"valueName":"search_term_string"}}],"inLanguage":"es"},{"@type":"Organization","@id":"https:\/\/joyadearte.com\/en\/#organization","name":"Joya de Arte","url":"https:\/\/joyadearte.com\/en\/","logo":{"@type":"ImageObject","inLanguage":"es","@id":"https:\/\/joyadearte.com\/en\/#\/schema\/logo\/image\/","url":"https:\/\/joyadearte.com\/wp-content\/uploads\/2020\/08\/WhatsApp-Image-2020-08-13-at-8.15.09-PM.jpeg","contentUrl":"https:\/\/joyadearte.com\/wp-content\/uploads\/2020\/08\/WhatsApp-Image-2020-08-13-at-8.15.09-PM.jpeg","width":1280,"height":1280,"caption":"Joya de Arte"},"image":{"@id":"https:\/\/joyadearte.com\/en\/#\/schema\/logo\/image\/"},"sameAs":["https:\/\/www.facebook.com\/SandraCepedajoyadearte\/","https:\/\/www.instagram.com\/joyadearte_sandracepeda\/","https:\/\/es.wikipedia.org\/wiki\/Sandra_Cepeda"]}]}},"jetpack_sharing_enabled":true,"_links":{"self":[{"href":"https:\/\/joyadearte.com\/es\/wp-json\/wp\/v2\/product\/715","targetHints":{"allow":["GET"]}}],"collection":[{"href":"https:\/\/joyadearte.com\/es\/wp-json\/wp\/v2\/product"}],"about":[{"href":"https:\/\/joyadearte.com\/es\/wp-json\/wp\/v2\/types\/product"}],"replies":[{"embeddable":true,"href":"https:\/\/joyadearte.com\/es\/wp-json\/wp\/v2\/comments?post=715"}],"wp:featuredmedia":[{"embeddable":true,"href":"https:\/\/joyadearte.com\/es\/wp-json\/wp\/v2\/media\/229"}],"wp:attachment":[{"href":"https:\/\/joyadearte.com\/es\/wp-json\/wp\/v2\/media?parent=715"}],"wp:term":[{"taxonomy":"product_brand","embeddable":true,"href":"https:\/\/joyadearte.com\/es\/wp-json\/wp\/v2\/product_brand?post=715"},{"taxonomy":"product_cat","embeddable":true,"href":"https:\/\/joyadearte.com\/es\/wp-json\/wp\/v2\/product_cat?post=715"},{"taxonomy":"product_tag","embeddable":true,"href":"https:\/\/joyadearte.com\/es\/wp-json\/wp\/v2\/product_tag?post=715"}],"curies":[{"name":"wp","href":"https:\/\/api.w.org\/{rel}","templated":true}]}}