{"id":713,"date":"2019-06-29T22:08:18","date_gmt":"2019-06-29T20:08:18","guid":{"rendered":"http:\/\/joyadearte.com\/product\/mancuernilla-4\/"},"modified":"2026-04-04T01:53:29","modified_gmt":"2026-04-03T23:53:29","slug":"mancuernillas-infinito","status":"publish","type":"product","link":"https:\/\/joyadearte.com\/es\/product\/mancuernillas-infinito\/","title":{"rendered":"MANCUERNILLAS INFINITO"},"content":{"rendered":"<p>Domina el tiempo y trasciende las tendencias. Las Mancuernillas Infinito de Joya de Arte son la encarnaci\u00f3n del flujo constante y la determinaci\u00f3n sin l\u00edmites. Su dise\u00f1o fluido no solo adorna tus pu\u00f1os, sino que firma un compromiso con la excelencia que no conoce final.<\/p>\n<p>\u200bInspiradas en la continuidad del \u00e9xito y el equilibrio eterno, las Mancuernillas Infinito son el distintivo ideal para el l\u00edder que entiende que cada logro es solo el comienzo de un nuevo horizonte. Un recordatorio t\u00e1ctil de que tu potencial, al igual que este s\u00edmbolo, es inabarcable. \u00bfEst\u00e1s listo para vestir un legado que nunca se detiene?<\/p>\n","protected":false},"excerpt":{"rendered":"<p>Material: Plata .950<\/p>\n","protected":false},"featured_media":227,"comment_status":"open","ping_status":"closed","template":"","meta":{"_monsterinsights_skip_tracking":false,"_monsterinsights_sitenote_active":false,"_monsterinsights_sitenote_note":"","_monsterinsights_sitenote_category":0},"product_brand":[],"product_cat":[17,25,24,18,117,33],"product_tag":[78,56,58,51],"class_list":{"0":"post-713","1":"product","2":"type-product","3":"status-publish","4":"has-post-thumbnail","6":"product_cat-colecciones","7":"product_cat-hombres-de-mi-vida","8":"product_cat-bones","9":"product_cat-piezas","10":"product_cat-plata-925","11":"product_cat-mancuernillas-y-llaveros","12":"product_tag-descuento","13":"product_tag-hombres","14":"product_tag-mancuernilas","15":"product_tag-mancuernillas","17":"first","18":"instock","19":"sale","20":"shipping-taxable","21":"purchasable","22":"product-type-simple","23":"add-to-wishlist-after_add_to_cart"},"yoast_head":"<!-- This site is optimized with the Yoast SEO plugin v25.6 - https:\/\/yoast.com\/wordpress\/plugins\/seo\/ -->\n<title>MANCUERNILLAS INFINITO - Joya de Arte<\/title>\n<meta name=\"description\" content=\"Mancuernillas Infinito. Elegancia sin l\u00edmites y dise\u00f1o eterno para un liderazgo que trasciende el tiempo.\" \/>\n<meta name=\"robots\" content=\"index, follow, max-snippet:-1, max-image-preview:large, max-video-preview:-1\" \/>\n<link rel=\"canonical\" href=\"https:\/\/joyadearte.com\/es\/product\/mancuernillas-infinito\/\" \/>\n<meta property=\"og:locale\" content=\"es_ES\" \/>\n<meta property=\"og:type\" content=\"article\" \/>\n<meta property=\"og:title\" content=\"MANCUERNILLAS INFINITO - Joya de Arte\" \/>\n<meta property=\"og:description\" content=\"Mancuernillas Infinito. Elegancia sin l\u00edmites y dise\u00f1o eterno para un liderazgo que trasciende el tiempo.\" \/>\n<meta property=\"og:url\" content=\"https:\/\/joyadearte.com\/es\/product\/mancuernillas-infinito\/\" \/>\n<meta property=\"og:site_name\" content=\"Joya de Arte\" \/>\n<meta property=\"article:publisher\" content=\"https:\/\/www.facebook.com\/SandraCepedajoyadearte\/\" \/>\n<meta property=\"article:modified_time\" content=\"2026-04-03T23:53:29+00:00\" \/>\n<meta property=\"og:image\" content=\"https:\/\/joyadearte.com\/wp-content\/uploads\/2019\/06\/mancuernillas_DSC6261.jpg\" \/>\n\t<meta property=\"og:image:width\" content=\"1620\" \/>\n\t<meta property=\"og:image:height\" content=\"1080\" \/>\n\t<meta property=\"og:image:type\" content=\"image\/jpeg\" \/>\n<meta name=\"twitter:card\" content=\"summary_large_image\" \/>\n<meta name=\"twitter:label1\" content=\"Tiempo de lectura\" \/>\n\t<meta name=\"twitter:data1\" content=\"1 minuto\" \/>\n<script type=\"application\/ld+json\" class=\"yoast-schema-graph\">{\"@context\":\"https:\/\/schema.org\",\"@graph\":[{\"@type\":\"WebPage\",\"@id\":\"https:\/\/joyadearte.com\/product\/mancuernillas-infinito\/\",\"url\":\"https:\/\/joyadearte.com\/product\/mancuernillas-infinito\/\",\"name\":\"MANCUERNILLAS INFINITO - Joya de Arte\",\"isPartOf\":{\"@id\":\"https:\/\/joyadearte.com\/en\/#website\"},\"primaryImageOfPage\":{\"@id\":\"https:\/\/joyadearte.com\/product\/mancuernillas-infinito\/#primaryimage\"},\"image\":{\"@id\":\"https:\/\/joyadearte.com\/product\/mancuernillas-infinito\/#primaryimage\"},\"thumbnailUrl\":\"https:\/\/joyadearte.com\/wp-content\/uploads\/2019\/06\/mancuernillas_DSC6261.jpg\",\"datePublished\":\"2019-06-29T20:08:18+00:00\",\"dateModified\":\"2026-04-03T23:53:29+00:00\",\"description\":\"Mancuernillas Infinito. Elegancia sin l\u00edmites y dise\u00f1o eterno para un liderazgo que trasciende el tiempo.\",\"breadcrumb\":{\"@id\":\"https:\/\/joyadearte.com\/product\/mancuernillas-infinito\/#breadcrumb\"},\"inLanguage\":\"es\",\"potentialAction\":[{\"@type\":\"ReadAction\",\"target\":[\"https:\/\/joyadearte.com\/product\/mancuernillas-infinito\/\"]}]},{\"@type\":\"ImageObject\",\"inLanguage\":\"es\",\"@id\":\"https:\/\/joyadearte.com\/product\/mancuernillas-infinito\/#primaryimage\",\"url\":\"https:\/\/joyadearte.com\/wp-content\/uploads\/2019\/06\/mancuernillas_DSC6261.jpg\",\"contentUrl\":\"https:\/\/joyadearte.com\/wp-content\/uploads\/2019\/06\/mancuernillas_DSC6261.jpg\",\"width\":1620,\"height\":1080,\"caption\":\"Mancuernillas Infinito. Elegancia sin l\u00edmites y dise\u00f1o eterno para un liderazgo que trasciende el tiempo.\"},{\"@type\":\"BreadcrumbList\",\"@id\":\"https:\/\/joyadearte.com\/product\/mancuernillas-infinito\/#breadcrumb\",\"itemListElement\":[{\"@type\":\"ListItem\",\"position\":1,\"name\":\"Portada\",\"item\":\"https:\/\/joyadearte.com\/\"},{\"@type\":\"ListItem\",\"position\":2,\"name\":\"Tienda\",\"item\":\"https:\/\/joyadearte.com\/tienda\/\"},{\"@type\":\"ListItem\",\"position\":3,\"name\":\"MANCUERNILLAS INFINITO\"}]},{\"@type\":\"WebSite\",\"@id\":\"https:\/\/joyadearte.com\/en\/#website\",\"url\":\"https:\/\/joyadearte.com\/en\/\",\"name\":\"Joya de Arte\",\"description\":\"Joya de Arte by Sandra Cepeda\",\"publisher\":{\"@id\":\"https:\/\/joyadearte.com\/en\/#organization\"},\"potentialAction\":[{\"@type\":\"SearchAction\",\"target\":{\"@type\":\"EntryPoint\",\"urlTemplate\":\"https:\/\/joyadearte.com\/en\/?s={search_term_string}\"},\"query-input\":{\"@type\":\"PropertyValueSpecification\",\"valueRequired\":true,\"valueName\":\"search_term_string\"}}],\"inLanguage\":\"es\"},{\"@type\":\"Organization\",\"@id\":\"https:\/\/joyadearte.com\/en\/#organization\",\"name\":\"Joya de Arte\",\"url\":\"https:\/\/joyadearte.com\/en\/\",\"logo\":{\"@type\":\"ImageObject\",\"inLanguage\":\"es\",\"@id\":\"https:\/\/joyadearte.com\/en\/#\/schema\/logo\/image\/\",\"url\":\"https:\/\/joyadearte.com\/wp-content\/uploads\/2020\/08\/WhatsApp-Image-2020-08-13-at-8.15.09-PM.jpeg\",\"contentUrl\":\"https:\/\/joyadearte.com\/wp-content\/uploads\/2020\/08\/WhatsApp-Image-2020-08-13-at-8.15.09-PM.jpeg\",\"width\":1280,\"height\":1280,\"caption\":\"Joya de Arte\"},\"image\":{\"@id\":\"https:\/\/joyadearte.com\/en\/#\/schema\/logo\/image\/\"},\"sameAs\":[\"https:\/\/www.facebook.com\/SandraCepedajoyadearte\/\",\"https:\/\/www.instagram.com\/joyadearte_sandracepeda\/\",\"https:\/\/es.wikipedia.org\/wiki\/Sandra_Cepeda\"]}]}<\/script>\n<!-- \/ Yoast SEO plugin. -->","yoast_head_json":{"title":"MANCUERNILLAS INFINITO - Joya de Arte","description":"Mancuernillas Infinito. Elegancia sin l\u00edmites y dise\u00f1o eterno para un liderazgo que trasciende el tiempo.","robots":{"index":"index","follow":"follow","max-snippet":"max-snippet:-1","max-image-preview":"max-image-preview:large","max-video-preview":"max-video-preview:-1"},"canonical":"https:\/\/joyadearte.com\/es\/product\/mancuernillas-infinito\/","og_locale":"es_ES","og_type":"article","og_title":"MANCUERNILLAS INFINITO - Joya de Arte","og_description":"Mancuernillas Infinito. Elegancia sin l\u00edmites y dise\u00f1o eterno para un liderazgo que trasciende el tiempo.","og_url":"https:\/\/joyadearte.com\/es\/product\/mancuernillas-infinito\/","og_site_name":"Joya de Arte","article_publisher":"https:\/\/www.facebook.com\/SandraCepedajoyadearte\/","article_modified_time":"2026-04-03T23:53:29+00:00","og_image":[{"width":1620,"height":1080,"url":"https:\/\/joyadearte.com\/wp-content\/uploads\/2019\/06\/mancuernillas_DSC6261.jpg","type":"image\/jpeg"}],"twitter_card":"summary_large_image","twitter_misc":{"Tiempo de lectura":"1 minuto"},"schema":{"@context":"https:\/\/schema.org","@graph":[{"@type":"WebPage","@id":"https:\/\/joyadearte.com\/product\/mancuernillas-infinito\/","url":"https:\/\/joyadearte.com\/product\/mancuernillas-infinito\/","name":"MANCUERNILLAS INFINITO - Joya de Arte","isPartOf":{"@id":"https:\/\/joyadearte.com\/en\/#website"},"primaryImageOfPage":{"@id":"https:\/\/joyadearte.com\/product\/mancuernillas-infinito\/#primaryimage"},"image":{"@id":"https:\/\/joyadearte.com\/product\/mancuernillas-infinito\/#primaryimage"},"thumbnailUrl":"https:\/\/joyadearte.com\/wp-content\/uploads\/2019\/06\/mancuernillas_DSC6261.jpg","datePublished":"2019-06-29T20:08:18+00:00","dateModified":"2026-04-03T23:53:29+00:00","description":"Mancuernillas Infinito. Elegancia sin l\u00edmites y dise\u00f1o eterno para un liderazgo que trasciende el tiempo.","breadcrumb":{"@id":"https:\/\/joyadearte.com\/product\/mancuernillas-infinito\/#breadcrumb"},"inLanguage":"es","potentialAction":[{"@type":"ReadAction","target":["https:\/\/joyadearte.com\/product\/mancuernillas-infinito\/"]}]},{"@type":"ImageObject","inLanguage":"es","@id":"https:\/\/joyadearte.com\/product\/mancuernillas-infinito\/#primaryimage","url":"https:\/\/joyadearte.com\/wp-content\/uploads\/2019\/06\/mancuernillas_DSC6261.jpg","contentUrl":"https:\/\/joyadearte.com\/wp-content\/uploads\/2019\/06\/mancuernillas_DSC6261.jpg","width":1620,"height":1080,"caption":"Mancuernillas Infinito. Elegancia sin l\u00edmites y dise\u00f1o eterno para un liderazgo que trasciende el tiempo."},{"@type":"BreadcrumbList","@id":"https:\/\/joyadearte.com\/product\/mancuernillas-infinito\/#breadcrumb","itemListElement":[{"@type":"ListItem","position":1,"name":"Portada","item":"https:\/\/joyadearte.com\/"},{"@type":"ListItem","position":2,"name":"Tienda","item":"https:\/\/joyadearte.com\/tienda\/"},{"@type":"ListItem","position":3,"name":"MANCUERNILLAS INFINITO"}]},{"@type":"WebSite","@id":"https:\/\/joyadearte.com\/en\/#website","url":"https:\/\/joyadearte.com\/en\/","name":"Joya de Arte","description":"Joya de Arte by Sandra Cepeda","publisher":{"@id":"https:\/\/joyadearte.com\/en\/#organization"},"potentialAction":[{"@type":"SearchAction","target":{"@type":"EntryPoint","urlTemplate":"https:\/\/joyadearte.com\/en\/?s={search_term_string}"},"query-input":{"@type":"PropertyValueSpecification","valueRequired":true,"valueName":"search_term_string"}}],"inLanguage":"es"},{"@type":"Organization","@id":"https:\/\/joyadearte.com\/en\/#organization","name":"Joya de Arte","url":"https:\/\/joyadearte.com\/en\/","logo":{"@type":"ImageObject","inLanguage":"es","@id":"https:\/\/joyadearte.com\/en\/#\/schema\/logo\/image\/","url":"https:\/\/joyadearte.com\/wp-content\/uploads\/2020\/08\/WhatsApp-Image-2020-08-13-at-8.15.09-PM.jpeg","contentUrl":"https:\/\/joyadearte.com\/wp-content\/uploads\/2020\/08\/WhatsApp-Image-2020-08-13-at-8.15.09-PM.jpeg","width":1280,"height":1280,"caption":"Joya de Arte"},"image":{"@id":"https:\/\/joyadearte.com\/en\/#\/schema\/logo\/image\/"},"sameAs":["https:\/\/www.facebook.com\/SandraCepedajoyadearte\/","https:\/\/www.instagram.com\/joyadearte_sandracepeda\/","https:\/\/es.wikipedia.org\/wiki\/Sandra_Cepeda"]}]}},"jetpack_sharing_enabled":true,"_links":{"self":[{"href":"https:\/\/joyadearte.com\/es\/wp-json\/wp\/v2\/product\/713","targetHints":{"allow":["GET"]}}],"collection":[{"href":"https:\/\/joyadearte.com\/es\/wp-json\/wp\/v2\/product"}],"about":[{"href":"https:\/\/joyadearte.com\/es\/wp-json\/wp\/v2\/types\/product"}],"replies":[{"embeddable":true,"href":"https:\/\/joyadearte.com\/es\/wp-json\/wp\/v2\/comments?post=713"}],"wp:featuredmedia":[{"embeddable":true,"href":"https:\/\/joyadearte.com\/es\/wp-json\/wp\/v2\/media\/227"}],"wp:attachment":[{"href":"https:\/\/joyadearte.com\/es\/wp-json\/wp\/v2\/media?parent=713"}],"wp:term":[{"taxonomy":"product_brand","embeddable":true,"href":"https:\/\/joyadearte.com\/es\/wp-json\/wp\/v2\/product_brand?post=713"},{"taxonomy":"product_cat","embeddable":true,"href":"https:\/\/joyadearte.com\/es\/wp-json\/wp\/v2\/product_cat?post=713"},{"taxonomy":"product_tag","embeddable":true,"href":"https:\/\/joyadearte.com\/es\/wp-json\/wp\/v2\/product_tag?post=713"}],"curies":[{"name":"wp","href":"https:\/\/api.w.org\/{rel}","templated":true}]}}