{"id":707,"date":"2019-06-29T22:08:17","date_gmt":"2019-06-29T20:08:17","guid":{"rendered":"http:\/\/joyadearte.com\/product\/diadema-1\/"},"modified":"2026-04-04T01:56:44","modified_gmt":"2026-04-03T23:56:44","slug":"diadema-angel","status":"publish","type":"product","link":"https:\/\/joyadearte.com\/es\/product\/diadema-angel\/","title":{"rendered":"DIADEMA \u00c1NGEL"},"content":{"rendered":"<p>\u00bfPor qu\u00e9 conformarte con ser mortal cuando puedes coronarte con la historia de una naci\u00f3n? Esta diadema no es una simple pieza de joyer\u00eda; es un tributo a la Victoria Alada que vigila el Paseo de la Reforma. Al igual que el monumento de 1910, esta pieza representa el triunfo, la gloria y esa libertad indomable. Es para la mujer que camina con la frente en alto, cargando el legado de los h\u00e9roes y el brillo del oro que ilumina la CDMX. \u00dasala y siente c\u00f3mo tus ideas cobran vuelo. T\u00fa no pides permiso, t\u00fa celebras tu propia independencia.<\/p>\n<p>Material:\u00a0 Plata .925 con chapa de oro de 10k u Oro Puro (Bajo Pedido)<\/p>\n<p>&nbsp;<\/p>\n","protected":false},"excerpt":{"rendered":"<p>Material:\u00a0 Plata .925 con chapa de oro de 10k u Oro Puro (Bajo Pedido)<\/p>\n<p>Victoria Alada<\/p>\n<p>&nbsp;<\/p>\n","protected":false},"featured_media":235,"comment_status":"open","ping_status":"closed","template":"","meta":{"_monsterinsights_skip_tracking":false,"_monsterinsights_sitenote_active":false,"_monsterinsights_sitenote_note":"","_monsterinsights_sitenote_category":0},"product_brand":[],"product_cat":[17,28,18,118,31],"product_tag":[114],"class_list":{"0":"post-707","1":"product","2":"type-product","3":"status-publish","4":"has-post-thumbnail","6":"product_cat-colecciones","7":"product_cat-mexicana-angel","8":"product_cat-piezas","9":"product_cat-oro-10k","10":"product_cat-dijes-y-collares","11":"product_tag-nodiscount","13":"first","14":"instock","15":"shipping-taxable","16":"purchasable","17":"product-type-simple","18":"add-to-wishlist-after_add_to_cart"},"yoast_head":"<!-- This site is optimized with the Yoast SEO plugin v25.6 - https:\/\/yoast.com\/wordpress\/plugins\/seo\/ -->\n<title>DIADEMA \u00c1NGEL - Joya de Arte<\/title>\n<meta name=\"description\" content=\"Diadema \u00c1ngel de Joyas de Arte: inspirada en la Victoria Alada de la Independencia de M\u00e9xico. El s\u00edmbolo m\u00e1ximo de gloria y libertad para coronar tu estilo.\" \/>\n<meta name=\"robots\" content=\"index, follow, max-snippet:-1, max-image-preview:large, max-video-preview:-1\" \/>\n<link rel=\"canonical\" href=\"https:\/\/joyadearte.com\/es\/product\/diadema-angel\/\" \/>\n<meta property=\"og:locale\" content=\"es_ES\" \/>\n<meta property=\"og:type\" content=\"article\" \/>\n<meta property=\"og:title\" content=\"DIADEMA \u00c1NGEL - Joya de Arte\" \/>\n<meta property=\"og:description\" content=\"Diadema \u00c1ngel de Joyas de Arte: inspirada en la Victoria Alada de la Independencia de M\u00e9xico. El s\u00edmbolo m\u00e1ximo de gloria y libertad para coronar tu estilo.\" \/>\n<meta property=\"og:url\" content=\"https:\/\/joyadearte.com\/es\/product\/diadema-angel\/\" \/>\n<meta property=\"og:site_name\" content=\"Joya de Arte\" \/>\n<meta property=\"article:publisher\" content=\"https:\/\/www.facebook.com\/SandraCepedajoyadearte\/\" \/>\n<meta property=\"article:modified_time\" content=\"2026-04-03T23:56:44+00:00\" \/>\n<meta property=\"og:image\" content=\"https:\/\/joyadearte.com\/wp-content\/uploads\/2019\/06\/diadema_DSC6251.jpg\" \/>\n\t<meta property=\"og:image:width\" content=\"1620\" \/>\n\t<meta property=\"og:image:height\" content=\"1080\" \/>\n\t<meta property=\"og:image:type\" content=\"image\/jpeg\" \/>\n<meta name=\"twitter:card\" content=\"summary_large_image\" \/>\n<meta name=\"twitter:label1\" content=\"Tiempo de lectura\" \/>\n\t<meta name=\"twitter:data1\" content=\"1 minuto\" \/>\n<script type=\"application\/ld+json\" class=\"yoast-schema-graph\">{\"@context\":\"https:\/\/schema.org\",\"@graph\":[{\"@type\":\"WebPage\",\"@id\":\"https:\/\/joyadearte.com\/product\/diadema-angel\/\",\"url\":\"https:\/\/joyadearte.com\/product\/diadema-angel\/\",\"name\":\"DIADEMA \u00c1NGEL - Joya de Arte\",\"isPartOf\":{\"@id\":\"https:\/\/joyadearte.com\/en\/#website\"},\"primaryImageOfPage\":{\"@id\":\"https:\/\/joyadearte.com\/product\/diadema-angel\/#primaryimage\"},\"image\":{\"@id\":\"https:\/\/joyadearte.com\/product\/diadema-angel\/#primaryimage\"},\"thumbnailUrl\":\"https:\/\/joyadearte.com\/wp-content\/uploads\/2019\/06\/diadema_DSC6251.jpg\",\"datePublished\":\"2019-06-29T20:08:17+00:00\",\"dateModified\":\"2026-04-03T23:56:44+00:00\",\"description\":\"Diadema \u00c1ngel de Joyas de Arte: inspirada en la Victoria Alada de la Independencia de M\u00e9xico. El s\u00edmbolo m\u00e1ximo de gloria y libertad para coronar tu estilo.\",\"breadcrumb\":{\"@id\":\"https:\/\/joyadearte.com\/product\/diadema-angel\/#breadcrumb\"},\"inLanguage\":\"es\",\"potentialAction\":[{\"@type\":\"ReadAction\",\"target\":[\"https:\/\/joyadearte.com\/product\/diadema-angel\/\"]}]},{\"@type\":\"ImageObject\",\"inLanguage\":\"es\",\"@id\":\"https:\/\/joyadearte.com\/product\/diadema-angel\/#primaryimage\",\"url\":\"https:\/\/joyadearte.com\/wp-content\/uploads\/2019\/06\/diadema_DSC6251.jpg\",\"contentUrl\":\"https:\/\/joyadearte.com\/wp-content\/uploads\/2019\/06\/diadema_DSC6251.jpg\",\"width\":1620,\"height\":1080,\"caption\":\"Diadema \u00c1ngel de Joyas de Arte: inspirada en la Victoria Alada de la Independencia de M\u00e9xico. El s\u00edmbolo m\u00e1ximo de gloria y libertad para coronar tu estilo.\"},{\"@type\":\"BreadcrumbList\",\"@id\":\"https:\/\/joyadearte.com\/product\/diadema-angel\/#breadcrumb\",\"itemListElement\":[{\"@type\":\"ListItem\",\"position\":1,\"name\":\"Portada\",\"item\":\"https:\/\/joyadearte.com\/\"},{\"@type\":\"ListItem\",\"position\":2,\"name\":\"Tienda\",\"item\":\"https:\/\/joyadearte.com\/tienda\/\"},{\"@type\":\"ListItem\",\"position\":3,\"name\":\"DIADEMA \u00c1NGEL\"}]},{\"@type\":\"WebSite\",\"@id\":\"https:\/\/joyadearte.com\/en\/#website\",\"url\":\"https:\/\/joyadearte.com\/en\/\",\"name\":\"Joya de Arte\",\"description\":\"Joya de Arte by Sandra Cepeda\",\"publisher\":{\"@id\":\"https:\/\/joyadearte.com\/en\/#organization\"},\"potentialAction\":[{\"@type\":\"SearchAction\",\"target\":{\"@type\":\"EntryPoint\",\"urlTemplate\":\"https:\/\/joyadearte.com\/en\/?s={search_term_string}\"},\"query-input\":{\"@type\":\"PropertyValueSpecification\",\"valueRequired\":true,\"valueName\":\"search_term_string\"}}],\"inLanguage\":\"es\"},{\"@type\":\"Organization\",\"@id\":\"https:\/\/joyadearte.com\/en\/#organization\",\"name\":\"Joya de Arte\",\"url\":\"https:\/\/joyadearte.com\/en\/\",\"logo\":{\"@type\":\"ImageObject\",\"inLanguage\":\"es\",\"@id\":\"https:\/\/joyadearte.com\/en\/#\/schema\/logo\/image\/\",\"url\":\"https:\/\/joyadearte.com\/wp-content\/uploads\/2020\/08\/WhatsApp-Image-2020-08-13-at-8.15.09-PM.jpeg\",\"contentUrl\":\"https:\/\/joyadearte.com\/wp-content\/uploads\/2020\/08\/WhatsApp-Image-2020-08-13-at-8.15.09-PM.jpeg\",\"width\":1280,\"height\":1280,\"caption\":\"Joya de Arte\"},\"image\":{\"@id\":\"https:\/\/joyadearte.com\/en\/#\/schema\/logo\/image\/\"},\"sameAs\":[\"https:\/\/www.facebook.com\/SandraCepedajoyadearte\/\",\"https:\/\/www.instagram.com\/joyadearte_sandracepeda\/\",\"https:\/\/es.wikipedia.org\/wiki\/Sandra_Cepeda\"]}]}<\/script>\n<!-- \/ Yoast SEO plugin. -->","yoast_head_json":{"title":"DIADEMA \u00c1NGEL - Joya de Arte","description":"Diadema \u00c1ngel de Joyas de Arte: inspirada en la Victoria Alada de la Independencia de M\u00e9xico. El s\u00edmbolo m\u00e1ximo de gloria y libertad para coronar tu estilo.","robots":{"index":"index","follow":"follow","max-snippet":"max-snippet:-1","max-image-preview":"max-image-preview:large","max-video-preview":"max-video-preview:-1"},"canonical":"https:\/\/joyadearte.com\/es\/product\/diadema-angel\/","og_locale":"es_ES","og_type":"article","og_title":"DIADEMA \u00c1NGEL - Joya de Arte","og_description":"Diadema \u00c1ngel de Joyas de Arte: inspirada en la Victoria Alada de la Independencia de M\u00e9xico. El s\u00edmbolo m\u00e1ximo de gloria y libertad para coronar tu estilo.","og_url":"https:\/\/joyadearte.com\/es\/product\/diadema-angel\/","og_site_name":"Joya de Arte","article_publisher":"https:\/\/www.facebook.com\/SandraCepedajoyadearte\/","article_modified_time":"2026-04-03T23:56:44+00:00","og_image":[{"width":1620,"height":1080,"url":"https:\/\/joyadearte.com\/wp-content\/uploads\/2019\/06\/diadema_DSC6251.jpg","type":"image\/jpeg"}],"twitter_card":"summary_large_image","twitter_misc":{"Tiempo de lectura":"1 minuto"},"schema":{"@context":"https:\/\/schema.org","@graph":[{"@type":"WebPage","@id":"https:\/\/joyadearte.com\/product\/diadema-angel\/","url":"https:\/\/joyadearte.com\/product\/diadema-angel\/","name":"DIADEMA \u00c1NGEL - Joya de Arte","isPartOf":{"@id":"https:\/\/joyadearte.com\/en\/#website"},"primaryImageOfPage":{"@id":"https:\/\/joyadearte.com\/product\/diadema-angel\/#primaryimage"},"image":{"@id":"https:\/\/joyadearte.com\/product\/diadema-angel\/#primaryimage"},"thumbnailUrl":"https:\/\/joyadearte.com\/wp-content\/uploads\/2019\/06\/diadema_DSC6251.jpg","datePublished":"2019-06-29T20:08:17+00:00","dateModified":"2026-04-03T23:56:44+00:00","description":"Diadema \u00c1ngel de Joyas de Arte: inspirada en la Victoria Alada de la Independencia de M\u00e9xico. El s\u00edmbolo m\u00e1ximo de gloria y libertad para coronar tu estilo.","breadcrumb":{"@id":"https:\/\/joyadearte.com\/product\/diadema-angel\/#breadcrumb"},"inLanguage":"es","potentialAction":[{"@type":"ReadAction","target":["https:\/\/joyadearte.com\/product\/diadema-angel\/"]}]},{"@type":"ImageObject","inLanguage":"es","@id":"https:\/\/joyadearte.com\/product\/diadema-angel\/#primaryimage","url":"https:\/\/joyadearte.com\/wp-content\/uploads\/2019\/06\/diadema_DSC6251.jpg","contentUrl":"https:\/\/joyadearte.com\/wp-content\/uploads\/2019\/06\/diadema_DSC6251.jpg","width":1620,"height":1080,"caption":"Diadema \u00c1ngel de Joyas de Arte: inspirada en la Victoria Alada de la Independencia de M\u00e9xico. El s\u00edmbolo m\u00e1ximo de gloria y libertad para coronar tu estilo."},{"@type":"BreadcrumbList","@id":"https:\/\/joyadearte.com\/product\/diadema-angel\/#breadcrumb","itemListElement":[{"@type":"ListItem","position":1,"name":"Portada","item":"https:\/\/joyadearte.com\/"},{"@type":"ListItem","position":2,"name":"Tienda","item":"https:\/\/joyadearte.com\/tienda\/"},{"@type":"ListItem","position":3,"name":"DIADEMA \u00c1NGEL"}]},{"@type":"WebSite","@id":"https:\/\/joyadearte.com\/en\/#website","url":"https:\/\/joyadearte.com\/en\/","name":"Joya de Arte","description":"Joya de Arte by Sandra Cepeda","publisher":{"@id":"https:\/\/joyadearte.com\/en\/#organization"},"potentialAction":[{"@type":"SearchAction","target":{"@type":"EntryPoint","urlTemplate":"https:\/\/joyadearte.com\/en\/?s={search_term_string}"},"query-input":{"@type":"PropertyValueSpecification","valueRequired":true,"valueName":"search_term_string"}}],"inLanguage":"es"},{"@type":"Organization","@id":"https:\/\/joyadearte.com\/en\/#organization","name":"Joya de Arte","url":"https:\/\/joyadearte.com\/en\/","logo":{"@type":"ImageObject","inLanguage":"es","@id":"https:\/\/joyadearte.com\/en\/#\/schema\/logo\/image\/","url":"https:\/\/joyadearte.com\/wp-content\/uploads\/2020\/08\/WhatsApp-Image-2020-08-13-at-8.15.09-PM.jpeg","contentUrl":"https:\/\/joyadearte.com\/wp-content\/uploads\/2020\/08\/WhatsApp-Image-2020-08-13-at-8.15.09-PM.jpeg","width":1280,"height":1280,"caption":"Joya de Arte"},"image":{"@id":"https:\/\/joyadearte.com\/en\/#\/schema\/logo\/image\/"},"sameAs":["https:\/\/www.facebook.com\/SandraCepedajoyadearte\/","https:\/\/www.instagram.com\/joyadearte_sandracepeda\/","https:\/\/es.wikipedia.org\/wiki\/Sandra_Cepeda"]}]}},"jetpack_sharing_enabled":true,"_links":{"self":[{"href":"https:\/\/joyadearte.com\/es\/wp-json\/wp\/v2\/product\/707","targetHints":{"allow":["GET"]}}],"collection":[{"href":"https:\/\/joyadearte.com\/es\/wp-json\/wp\/v2\/product"}],"about":[{"href":"https:\/\/joyadearte.com\/es\/wp-json\/wp\/v2\/types\/product"}],"replies":[{"embeddable":true,"href":"https:\/\/joyadearte.com\/es\/wp-json\/wp\/v2\/comments?post=707"}],"wp:featuredmedia":[{"embeddable":true,"href":"https:\/\/joyadearte.com\/es\/wp-json\/wp\/v2\/media\/235"}],"wp:attachment":[{"href":"https:\/\/joyadearte.com\/es\/wp-json\/wp\/v2\/media?parent=707"}],"wp:term":[{"taxonomy":"product_brand","embeddable":true,"href":"https:\/\/joyadearte.com\/es\/wp-json\/wp\/v2\/product_brand?post=707"},{"taxonomy":"product_cat","embeddable":true,"href":"https:\/\/joyadearte.com\/es\/wp-json\/wp\/v2\/product_cat?post=707"},{"taxonomy":"product_tag","embeddable":true,"href":"https:\/\/joyadearte.com\/es\/wp-json\/wp\/v2\/product_tag?post=707"}],"curies":[{"name":"wp","href":"https:\/\/api.w.org\/{rel}","templated":true}]}}