{"id":701,"date":"2019-06-29T22:08:16","date_gmt":"2019-06-29T20:08:16","guid":{"rendered":"http:\/\/joyadearte.com\/product\/collar-9\/"},"modified":"2026-04-04T01:58:57","modified_gmt":"2026-04-03T23:58:57","slug":"dije-cangrejo","status":"publish","type":"product","link":"https:\/\/joyadearte.com\/es\/product\/dije-cangrejo\/","title":{"rendered":"DIJE CANGREJO"},"content":{"rendered":"<p>\u200b\u00bfBuscas un accesorio que simbolice protecci\u00f3n y resistencia pero con un dise\u00f1o org\u00e1nico? El Dije Cangrejo es la respuesta. Este acorazado del estilo tiene texturas que parecen esculpidas por la misma marea, ideal para quienes protegen su interior con una coraza de dise\u00f1o impecable. \u00bfQu\u00e9 joya representa mejor la personalidad fuerte y adaptable de un signo de agua? Definitivamente esta. No camina hacia atr\u00e1s, va directo a robarse las miradas. Es el toque de picard\u00eda marina para quienes saben que la verdadera fuerza se lleva con elegancia.<\/p>\n<p>Incluye cadena<\/p>\n<p>Plata .925 con chapa de oro de 10k<\/p>\n","protected":false},"excerpt":{"rendered":"<p>Material: Plata .925 con chapa de oro de 10k<\/p>\n","protected":false},"featured_media":2890,"comment_status":"open","ping_status":"closed","template":"","meta":{"_monsterinsights_skip_tracking":false,"_monsterinsights_sitenote_active":false,"_monsterinsights_sitenote_note":"","_monsterinsights_sitenote_category":0},"product_brand":[],"product_cat":[17,90,18,118,93,31],"product_tag":[114],"class_list":{"0":"post-701","1":"product","2":"type-product","3":"status-publish","4":"has-post-thumbnail","6":"product_cat-colecciones","7":"product_cat-animal-spirit","8":"product_cat-piezas","9":"product_cat-oro-10k","10":"product_cat-best-sellers","11":"product_cat-dijes-y-collares","12":"product_tag-nodiscount","14":"first","15":"instock","16":"shipping-taxable","17":"purchasable","18":"product-type-simple","19":"add-to-wishlist-after_add_to_cart"},"yoast_head":"<!-- This site is optimized with the Yoast SEO plugin v25.6 - https:\/\/yoast.com\/wordpress\/plugins\/seo\/ -->\n<title>DIJE CANGREJO - Joya de Arte<\/title>\n<meta name=\"description\" content=\"Dije Cangrejo de Joyas de Arte: el amuleto marino con m\u00e1s actitud. Dise\u00f1o org\u00e1nico y detallado para esp\u00edritus fuertes, adaptables y magn\u00e9ticos.\" \/>\n<meta name=\"robots\" content=\"index, follow, max-snippet:-1, max-image-preview:large, max-video-preview:-1\" \/>\n<link rel=\"canonical\" href=\"https:\/\/joyadearte.com\/es\/product\/dije-cangrejo\/\" \/>\n<meta property=\"og:locale\" content=\"es_ES\" \/>\n<meta property=\"og:type\" content=\"article\" \/>\n<meta property=\"og:title\" content=\"DIJE CANGREJO - Joya de Arte\" \/>\n<meta property=\"og:description\" content=\"Dije Cangrejo de Joyas de Arte: el amuleto marino con m\u00e1s actitud. Dise\u00f1o org\u00e1nico y detallado para esp\u00edritus fuertes, adaptables y magn\u00e9ticos.\" \/>\n<meta property=\"og:url\" content=\"https:\/\/joyadearte.com\/es\/product\/dije-cangrejo\/\" \/>\n<meta property=\"og:site_name\" content=\"Joya de Arte\" \/>\n<meta property=\"article:publisher\" content=\"https:\/\/www.facebook.com\/SandraCepedajoyadearte\/\" \/>\n<meta property=\"article:modified_time\" content=\"2026-04-03T23:58:57+00:00\" \/>\n<meta property=\"og:image\" content=\"https:\/\/joyadearte.com\/wp-content\/uploads\/2019\/06\/dije-cangrejo.jpg\" \/>\n\t<meta property=\"og:image:width\" content=\"1200\" \/>\n\t<meta property=\"og:image:height\" content=\"800\" \/>\n\t<meta property=\"og:image:type\" content=\"image\/jpeg\" \/>\n<meta name=\"twitter:card\" content=\"summary_large_image\" \/>\n<meta name=\"twitter:label1\" content=\"Tiempo de lectura\" \/>\n\t<meta name=\"twitter:data1\" content=\"1 minuto\" \/>\n<script type=\"application\/ld+json\" class=\"yoast-schema-graph\">{\"@context\":\"https:\/\/schema.org\",\"@graph\":[{\"@type\":\"WebPage\",\"@id\":\"https:\/\/joyadearte.com\/product\/dije-cangrejo\/\",\"url\":\"https:\/\/joyadearte.com\/product\/dije-cangrejo\/\",\"name\":\"DIJE CANGREJO - Joya de Arte\",\"isPartOf\":{\"@id\":\"https:\/\/joyadearte.com\/en\/#website\"},\"primaryImageOfPage\":{\"@id\":\"https:\/\/joyadearte.com\/product\/dije-cangrejo\/#primaryimage\"},\"image\":{\"@id\":\"https:\/\/joyadearte.com\/product\/dije-cangrejo\/#primaryimage\"},\"thumbnailUrl\":\"https:\/\/joyadearte.com\/wp-content\/uploads\/2019\/06\/dije-cangrejo.jpg\",\"datePublished\":\"2019-06-29T20:08:16+00:00\",\"dateModified\":\"2026-04-03T23:58:57+00:00\",\"description\":\"Dije Cangrejo de Joyas de Arte: el amuleto marino con m\u00e1s actitud. Dise\u00f1o org\u00e1nico y detallado para esp\u00edritus fuertes, adaptables y magn\u00e9ticos.\",\"breadcrumb\":{\"@id\":\"https:\/\/joyadearte.com\/product\/dije-cangrejo\/#breadcrumb\"},\"inLanguage\":\"es\",\"potentialAction\":[{\"@type\":\"ReadAction\",\"target\":[\"https:\/\/joyadearte.com\/product\/dije-cangrejo\/\"]}]},{\"@type\":\"ImageObject\",\"inLanguage\":\"es\",\"@id\":\"https:\/\/joyadearte.com\/product\/dije-cangrejo\/#primaryimage\",\"url\":\"https:\/\/joyadearte.com\/wp-content\/uploads\/2019\/06\/dije-cangrejo.jpg\",\"contentUrl\":\"https:\/\/joyadearte.com\/wp-content\/uploads\/2019\/06\/dije-cangrejo.jpg\",\"width\":1200,\"height\":800,\"caption\":\"Dije Cangrejo de Joyas de Arte: el amuleto marino con m\u00e1s actitud. Dise\u00f1o org\u00e1nico y detallado para esp\u00edritus fuertes, adaptables y magn\u00e9ticos.\"},{\"@type\":\"BreadcrumbList\",\"@id\":\"https:\/\/joyadearte.com\/product\/dije-cangrejo\/#breadcrumb\",\"itemListElement\":[{\"@type\":\"ListItem\",\"position\":1,\"name\":\"Portada\",\"item\":\"https:\/\/joyadearte.com\/\"},{\"@type\":\"ListItem\",\"position\":2,\"name\":\"Tienda\",\"item\":\"https:\/\/joyadearte.com\/tienda\/\"},{\"@type\":\"ListItem\",\"position\":3,\"name\":\"DIJE CANGREJO\"}]},{\"@type\":\"WebSite\",\"@id\":\"https:\/\/joyadearte.com\/en\/#website\",\"url\":\"https:\/\/joyadearte.com\/en\/\",\"name\":\"Joya de Arte\",\"description\":\"Joya de Arte by Sandra Cepeda\",\"publisher\":{\"@id\":\"https:\/\/joyadearte.com\/en\/#organization\"},\"potentialAction\":[{\"@type\":\"SearchAction\",\"target\":{\"@type\":\"EntryPoint\",\"urlTemplate\":\"https:\/\/joyadearte.com\/en\/?s={search_term_string}\"},\"query-input\":{\"@type\":\"PropertyValueSpecification\",\"valueRequired\":true,\"valueName\":\"search_term_string\"}}],\"inLanguage\":\"es\"},{\"@type\":\"Organization\",\"@id\":\"https:\/\/joyadearte.com\/en\/#organization\",\"name\":\"Joya de Arte\",\"url\":\"https:\/\/joyadearte.com\/en\/\",\"logo\":{\"@type\":\"ImageObject\",\"inLanguage\":\"es\",\"@id\":\"https:\/\/joyadearte.com\/en\/#\/schema\/logo\/image\/\",\"url\":\"https:\/\/joyadearte.com\/wp-content\/uploads\/2020\/08\/WhatsApp-Image-2020-08-13-at-8.15.09-PM.jpeg\",\"contentUrl\":\"https:\/\/joyadearte.com\/wp-content\/uploads\/2020\/08\/WhatsApp-Image-2020-08-13-at-8.15.09-PM.jpeg\",\"width\":1280,\"height\":1280,\"caption\":\"Joya de Arte\"},\"image\":{\"@id\":\"https:\/\/joyadearte.com\/en\/#\/schema\/logo\/image\/\"},\"sameAs\":[\"https:\/\/www.facebook.com\/SandraCepedajoyadearte\/\",\"https:\/\/www.instagram.com\/joyadearte_sandracepeda\/\",\"https:\/\/es.wikipedia.org\/wiki\/Sandra_Cepeda\"]}]}<\/script>\n<!-- \/ Yoast SEO plugin. -->","yoast_head_json":{"title":"DIJE CANGREJO - Joya de Arte","description":"Dije Cangrejo de Joyas de Arte: el amuleto marino con m\u00e1s actitud. Dise\u00f1o org\u00e1nico y detallado para esp\u00edritus fuertes, adaptables y magn\u00e9ticos.","robots":{"index":"index","follow":"follow","max-snippet":"max-snippet:-1","max-image-preview":"max-image-preview:large","max-video-preview":"max-video-preview:-1"},"canonical":"https:\/\/joyadearte.com\/es\/product\/dije-cangrejo\/","og_locale":"es_ES","og_type":"article","og_title":"DIJE CANGREJO - Joya de Arte","og_description":"Dije Cangrejo de Joyas de Arte: el amuleto marino con m\u00e1s actitud. Dise\u00f1o org\u00e1nico y detallado para esp\u00edritus fuertes, adaptables y magn\u00e9ticos.","og_url":"https:\/\/joyadearte.com\/es\/product\/dije-cangrejo\/","og_site_name":"Joya de Arte","article_publisher":"https:\/\/www.facebook.com\/SandraCepedajoyadearte\/","article_modified_time":"2026-04-03T23:58:57+00:00","og_image":[{"width":1200,"height":800,"url":"https:\/\/joyadearte.com\/wp-content\/uploads\/2019\/06\/dije-cangrejo.jpg","type":"image\/jpeg"}],"twitter_card":"summary_large_image","twitter_misc":{"Tiempo de lectura":"1 minuto"},"schema":{"@context":"https:\/\/schema.org","@graph":[{"@type":"WebPage","@id":"https:\/\/joyadearte.com\/product\/dije-cangrejo\/","url":"https:\/\/joyadearte.com\/product\/dije-cangrejo\/","name":"DIJE CANGREJO - Joya de Arte","isPartOf":{"@id":"https:\/\/joyadearte.com\/en\/#website"},"primaryImageOfPage":{"@id":"https:\/\/joyadearte.com\/product\/dije-cangrejo\/#primaryimage"},"image":{"@id":"https:\/\/joyadearte.com\/product\/dije-cangrejo\/#primaryimage"},"thumbnailUrl":"https:\/\/joyadearte.com\/wp-content\/uploads\/2019\/06\/dije-cangrejo.jpg","datePublished":"2019-06-29T20:08:16+00:00","dateModified":"2026-04-03T23:58:57+00:00","description":"Dije Cangrejo de Joyas de Arte: el amuleto marino con m\u00e1s actitud. Dise\u00f1o org\u00e1nico y detallado para esp\u00edritus fuertes, adaptables y magn\u00e9ticos.","breadcrumb":{"@id":"https:\/\/joyadearte.com\/product\/dije-cangrejo\/#breadcrumb"},"inLanguage":"es","potentialAction":[{"@type":"ReadAction","target":["https:\/\/joyadearte.com\/product\/dije-cangrejo\/"]}]},{"@type":"ImageObject","inLanguage":"es","@id":"https:\/\/joyadearte.com\/product\/dije-cangrejo\/#primaryimage","url":"https:\/\/joyadearte.com\/wp-content\/uploads\/2019\/06\/dije-cangrejo.jpg","contentUrl":"https:\/\/joyadearte.com\/wp-content\/uploads\/2019\/06\/dije-cangrejo.jpg","width":1200,"height":800,"caption":"Dije Cangrejo de Joyas de Arte: el amuleto marino con m\u00e1s actitud. Dise\u00f1o org\u00e1nico y detallado para esp\u00edritus fuertes, adaptables y magn\u00e9ticos."},{"@type":"BreadcrumbList","@id":"https:\/\/joyadearte.com\/product\/dije-cangrejo\/#breadcrumb","itemListElement":[{"@type":"ListItem","position":1,"name":"Portada","item":"https:\/\/joyadearte.com\/"},{"@type":"ListItem","position":2,"name":"Tienda","item":"https:\/\/joyadearte.com\/tienda\/"},{"@type":"ListItem","position":3,"name":"DIJE CANGREJO"}]},{"@type":"WebSite","@id":"https:\/\/joyadearte.com\/en\/#website","url":"https:\/\/joyadearte.com\/en\/","name":"Joya de Arte","description":"Joya de Arte by Sandra Cepeda","publisher":{"@id":"https:\/\/joyadearte.com\/en\/#organization"},"potentialAction":[{"@type":"SearchAction","target":{"@type":"EntryPoint","urlTemplate":"https:\/\/joyadearte.com\/en\/?s={search_term_string}"},"query-input":{"@type":"PropertyValueSpecification","valueRequired":true,"valueName":"search_term_string"}}],"inLanguage":"es"},{"@type":"Organization","@id":"https:\/\/joyadearte.com\/en\/#organization","name":"Joya de Arte","url":"https:\/\/joyadearte.com\/en\/","logo":{"@type":"ImageObject","inLanguage":"es","@id":"https:\/\/joyadearte.com\/en\/#\/schema\/logo\/image\/","url":"https:\/\/joyadearte.com\/wp-content\/uploads\/2020\/08\/WhatsApp-Image-2020-08-13-at-8.15.09-PM.jpeg","contentUrl":"https:\/\/joyadearte.com\/wp-content\/uploads\/2020\/08\/WhatsApp-Image-2020-08-13-at-8.15.09-PM.jpeg","width":1280,"height":1280,"caption":"Joya de Arte"},"image":{"@id":"https:\/\/joyadearte.com\/en\/#\/schema\/logo\/image\/"},"sameAs":["https:\/\/www.facebook.com\/SandraCepedajoyadearte\/","https:\/\/www.instagram.com\/joyadearte_sandracepeda\/","https:\/\/es.wikipedia.org\/wiki\/Sandra_Cepeda"]}]}},"jetpack_sharing_enabled":true,"_links":{"self":[{"href":"https:\/\/joyadearte.com\/es\/wp-json\/wp\/v2\/product\/701","targetHints":{"allow":["GET"]}}],"collection":[{"href":"https:\/\/joyadearte.com\/es\/wp-json\/wp\/v2\/product"}],"about":[{"href":"https:\/\/joyadearte.com\/es\/wp-json\/wp\/v2\/types\/product"}],"replies":[{"embeddable":true,"href":"https:\/\/joyadearte.com\/es\/wp-json\/wp\/v2\/comments?post=701"}],"wp:featuredmedia":[{"embeddable":true,"href":"https:\/\/joyadearte.com\/es\/wp-json\/wp\/v2\/media\/2890"}],"wp:attachment":[{"href":"https:\/\/joyadearte.com\/es\/wp-json\/wp\/v2\/media?parent=701"}],"wp:term":[{"taxonomy":"product_brand","embeddable":true,"href":"https:\/\/joyadearte.com\/es\/wp-json\/wp\/v2\/product_brand?post=701"},{"taxonomy":"product_cat","embeddable":true,"href":"https:\/\/joyadearte.com\/es\/wp-json\/wp\/v2\/product_cat?post=701"},{"taxonomy":"product_tag","embeddable":true,"href":"https:\/\/joyadearte.com\/es\/wp-json\/wp\/v2\/product_tag?post=701"}],"curies":[{"name":"wp","href":"https:\/\/api.w.org\/{rel}","templated":true}]}}