{"id":685,"date":"2019-06-29T22:08:10","date_gmt":"2019-06-29T20:08:10","guid":{"rendered":"http:\/\/joyadearte.com\/product\/choker-2\/"},"modified":"2026-03-14T02:46:00","modified_gmt":"2026-03-14T01:46:00","slug":"choker-cangrejos","status":"publish","type":"product","link":"https:\/\/joyadearte.com\/es\/product\/choker-cangrejos\/","title":{"rendered":"CHOKER CANGREJOS"},"content":{"rendered":"<p>Con\u00e9ctate con el flujo de las mareas. Este choker es una pieza audaz y simb\u00f3lica que rinde homenaje al cangrejo, guardi\u00e1n de las emociones y la protecci\u00f3n.<\/p>\n<p>Un dise\u00f1o que abraza tu cuello con una fuerza elegante.<\/p>\n<p>\u200b<strong>Dise\u00f1o Vanguardista:<\/strong> Una pieza que no pasa desapercibida, ideal para quienes buscan marcar tendencia con prop\u00f3sito.<\/p>\n<p><strong>\u200bAjuste Ergon\u00f3mico:<\/strong> Dise\u00f1ado para adaptarse c\u00f3modamente a la silueta del cuello, ofreciendo seguridad y estilo.<\/p>\n<p>\u200b<strong>Materiales:<\/strong> Acabados de alto brillo que reflejan la luz como el agua del oc\u00e9ano.<\/p>\n<p>\u200bProtege tu sensibilidad con la armadura m\u00e1s bella. Para la mujer que conf\u00eda en su instinto.<\/p>\n<p><strong>Incluye:<\/strong> Cinta Rosa, Cinta Vino y Cinta Negra<\/p>\n","protected":false},"excerpt":{"rendered":"<p>Material: Plata .925 con chapa de oro de 10k<\/p>\n","protected":false},"featured_media":2923,"comment_status":"open","ping_status":"closed","template":"","meta":{"_monsterinsights_skip_tracking":false,"_monsterinsights_sitenote_active":false,"_monsterinsights_sitenote_note":"","_monsterinsights_sitenote_category":0},"product_brand":[],"product_cat":[17,90,18,31],"product_tag":[114],"class_list":{"0":"post-685","1":"product","2":"type-product","3":"status-publish","4":"has-post-thumbnail","6":"product_cat-colecciones","7":"product_cat-animal-spirit","8":"product_cat-piezas","9":"product_cat-dijes-y-collares","10":"product_tag-nodiscount","12":"first","13":"instock","14":"shipping-taxable","15":"purchasable","16":"product-type-simple","17":"add-to-wishlist-after_add_to_cart"},"yoast_head":"<!-- This site is optimized with the Yoast SEO plugin v25.6 - https:\/\/yoast.com\/wordpress\/plugins\/seo\/ -->\n<title>CHOKER CANGREJOS - Joya de Arte<\/title>\n<meta name=\"description\" content=\"Choker Cangrejos: El poder de la luna y la intuici\u00f3n en tu cuello. Dise\u00f1o vanguardista de Sandra Cepeda para mujeres que conf\u00edan en su instinto. \u00a1M\u00edralo!\" \/>\n<meta name=\"robots\" content=\"index, follow, max-snippet:-1, max-image-preview:large, max-video-preview:-1\" \/>\n<link rel=\"canonical\" href=\"https:\/\/joyadearte.com\/es\/product\/choker-cangrejos\/\" \/>\n<meta property=\"og:locale\" content=\"es_ES\" \/>\n<meta property=\"og:type\" content=\"article\" \/>\n<meta property=\"og:title\" content=\"CHOKER CANGREJOS - Joya de Arte\" \/>\n<meta property=\"og:description\" content=\"Choker Cangrejos: El poder de la luna y la intuici\u00f3n en tu cuello. Dise\u00f1o vanguardista de Sandra Cepeda para mujeres que conf\u00edan en su instinto. \u00a1M\u00edralo!\" \/>\n<meta property=\"og:url\" content=\"https:\/\/joyadearte.com\/es\/product\/choker-cangrejos\/\" \/>\n<meta property=\"og:site_name\" content=\"Joya de Arte\" \/>\n<meta property=\"article:publisher\" content=\"https:\/\/www.facebook.com\/SandraCepedajoyadearte\/\" \/>\n<meta property=\"article:modified_time\" content=\"2026-03-14T01:46:00+00:00\" \/>\n<meta property=\"og:image\" content=\"https:\/\/joyadearte.com\/wp-content\/uploads\/2019\/06\/Choker_Cangrejo.jpg\" \/>\n\t<meta property=\"og:image:width\" content=\"1600\" \/>\n\t<meta property=\"og:image:height\" content=\"766\" \/>\n\t<meta property=\"og:image:type\" content=\"image\/jpeg\" \/>\n<meta name=\"twitter:card\" content=\"summary_large_image\" \/>\n<meta name=\"twitter:label1\" content=\"Tiempo de lectura\" \/>\n\t<meta name=\"twitter:data1\" content=\"1 minuto\" \/>\n<script type=\"application\/ld+json\" class=\"yoast-schema-graph\">{\"@context\":\"https:\/\/schema.org\",\"@graph\":[{\"@type\":\"WebPage\",\"@id\":\"https:\/\/joyadearte.com\/product\/choker-cangrejos\/\",\"url\":\"https:\/\/joyadearte.com\/product\/choker-cangrejos\/\",\"name\":\"CHOKER CANGREJOS - Joya de Arte\",\"isPartOf\":{\"@id\":\"https:\/\/joyadearte.com\/en\/#website\"},\"primaryImageOfPage\":{\"@id\":\"https:\/\/joyadearte.com\/product\/choker-cangrejos\/#primaryimage\"},\"image\":{\"@id\":\"https:\/\/joyadearte.com\/product\/choker-cangrejos\/#primaryimage\"},\"thumbnailUrl\":\"https:\/\/joyadearte.com\/wp-content\/uploads\/2019\/06\/Choker_Cangrejo.jpg\",\"datePublished\":\"2019-06-29T20:08:10+00:00\",\"dateModified\":\"2026-03-14T01:46:00+00:00\",\"description\":\"Choker Cangrejos: El poder de la luna y la intuici\u00f3n en tu cuello. Dise\u00f1o vanguardista de Sandra Cepeda para mujeres que conf\u00edan en su instinto. \u00a1M\u00edralo!\",\"breadcrumb\":{\"@id\":\"https:\/\/joyadearte.com\/product\/choker-cangrejos\/#breadcrumb\"},\"inLanguage\":\"es\",\"potentialAction\":[{\"@type\":\"ReadAction\",\"target\":[\"https:\/\/joyadearte.com\/product\/choker-cangrejos\/\"]}]},{\"@type\":\"ImageObject\",\"inLanguage\":\"es\",\"@id\":\"https:\/\/joyadearte.com\/product\/choker-cangrejos\/#primaryimage\",\"url\":\"https:\/\/joyadearte.com\/wp-content\/uploads\/2019\/06\/Choker_Cangrejo.jpg\",\"contentUrl\":\"https:\/\/joyadearte.com\/wp-content\/uploads\/2019\/06\/Choker_Cangrejo.jpg\",\"width\":1600,\"height\":766,\"caption\":\"Choker Cangrejos: El poder de la luna y la intuici\u00f3n en tu cuello. Dise\u00f1o vanguardista de Sandra Cepeda para mujeres que conf\u00edan en su instinto. \u00a1M\u00edralo!\"},{\"@type\":\"BreadcrumbList\",\"@id\":\"https:\/\/joyadearte.com\/product\/choker-cangrejos\/#breadcrumb\",\"itemListElement\":[{\"@type\":\"ListItem\",\"position\":1,\"name\":\"Portada\",\"item\":\"https:\/\/joyadearte.com\/\"},{\"@type\":\"ListItem\",\"position\":2,\"name\":\"Tienda\",\"item\":\"https:\/\/joyadearte.com\/tienda\/\"},{\"@type\":\"ListItem\",\"position\":3,\"name\":\"CHOKER CANGREJOS\"}]},{\"@type\":\"WebSite\",\"@id\":\"https:\/\/joyadearte.com\/en\/#website\",\"url\":\"https:\/\/joyadearte.com\/en\/\",\"name\":\"Joya de Arte\",\"description\":\"Joya de Arte by Sandra Cepeda\",\"publisher\":{\"@id\":\"https:\/\/joyadearte.com\/en\/#organization\"},\"potentialAction\":[{\"@type\":\"SearchAction\",\"target\":{\"@type\":\"EntryPoint\",\"urlTemplate\":\"https:\/\/joyadearte.com\/en\/?s={search_term_string}\"},\"query-input\":{\"@type\":\"PropertyValueSpecification\",\"valueRequired\":true,\"valueName\":\"search_term_string\"}}],\"inLanguage\":\"es\"},{\"@type\":\"Organization\",\"@id\":\"https:\/\/joyadearte.com\/en\/#organization\",\"name\":\"Joya de Arte\",\"url\":\"https:\/\/joyadearte.com\/en\/\",\"logo\":{\"@type\":\"ImageObject\",\"inLanguage\":\"es\",\"@id\":\"https:\/\/joyadearte.com\/en\/#\/schema\/logo\/image\/\",\"url\":\"https:\/\/joyadearte.com\/wp-content\/uploads\/2020\/08\/WhatsApp-Image-2020-08-13-at-8.15.09-PM.jpeg\",\"contentUrl\":\"https:\/\/joyadearte.com\/wp-content\/uploads\/2020\/08\/WhatsApp-Image-2020-08-13-at-8.15.09-PM.jpeg\",\"width\":1280,\"height\":1280,\"caption\":\"Joya de Arte\"},\"image\":{\"@id\":\"https:\/\/joyadearte.com\/en\/#\/schema\/logo\/image\/\"},\"sameAs\":[\"https:\/\/www.facebook.com\/SandraCepedajoyadearte\/\",\"https:\/\/www.instagram.com\/joyadearte_sandracepeda\/\",\"https:\/\/es.wikipedia.org\/wiki\/Sandra_Cepeda\"]}]}<\/script>\n<!-- \/ Yoast SEO plugin. -->","yoast_head_json":{"title":"CHOKER CANGREJOS - Joya de Arte","description":"Choker Cangrejos: El poder de la luna y la intuici\u00f3n en tu cuello. Dise\u00f1o vanguardista de Sandra Cepeda para mujeres que conf\u00edan en su instinto. \u00a1M\u00edralo!","robots":{"index":"index","follow":"follow","max-snippet":"max-snippet:-1","max-image-preview":"max-image-preview:large","max-video-preview":"max-video-preview:-1"},"canonical":"https:\/\/joyadearte.com\/es\/product\/choker-cangrejos\/","og_locale":"es_ES","og_type":"article","og_title":"CHOKER CANGREJOS - Joya de Arte","og_description":"Choker Cangrejos: El poder de la luna y la intuici\u00f3n en tu cuello. Dise\u00f1o vanguardista de Sandra Cepeda para mujeres que conf\u00edan en su instinto. \u00a1M\u00edralo!","og_url":"https:\/\/joyadearte.com\/es\/product\/choker-cangrejos\/","og_site_name":"Joya de Arte","article_publisher":"https:\/\/www.facebook.com\/SandraCepedajoyadearte\/","article_modified_time":"2026-03-14T01:46:00+00:00","og_image":[{"width":1600,"height":766,"url":"https:\/\/joyadearte.com\/wp-content\/uploads\/2019\/06\/Choker_Cangrejo.jpg","type":"image\/jpeg"}],"twitter_card":"summary_large_image","twitter_misc":{"Tiempo de lectura":"1 minuto"},"schema":{"@context":"https:\/\/schema.org","@graph":[{"@type":"WebPage","@id":"https:\/\/joyadearte.com\/product\/choker-cangrejos\/","url":"https:\/\/joyadearte.com\/product\/choker-cangrejos\/","name":"CHOKER CANGREJOS - Joya de Arte","isPartOf":{"@id":"https:\/\/joyadearte.com\/en\/#website"},"primaryImageOfPage":{"@id":"https:\/\/joyadearte.com\/product\/choker-cangrejos\/#primaryimage"},"image":{"@id":"https:\/\/joyadearte.com\/product\/choker-cangrejos\/#primaryimage"},"thumbnailUrl":"https:\/\/joyadearte.com\/wp-content\/uploads\/2019\/06\/Choker_Cangrejo.jpg","datePublished":"2019-06-29T20:08:10+00:00","dateModified":"2026-03-14T01:46:00+00:00","description":"Choker Cangrejos: El poder de la luna y la intuici\u00f3n en tu cuello. Dise\u00f1o vanguardista de Sandra Cepeda para mujeres que conf\u00edan en su instinto. \u00a1M\u00edralo!","breadcrumb":{"@id":"https:\/\/joyadearte.com\/product\/choker-cangrejos\/#breadcrumb"},"inLanguage":"es","potentialAction":[{"@type":"ReadAction","target":["https:\/\/joyadearte.com\/product\/choker-cangrejos\/"]}]},{"@type":"ImageObject","inLanguage":"es","@id":"https:\/\/joyadearte.com\/product\/choker-cangrejos\/#primaryimage","url":"https:\/\/joyadearte.com\/wp-content\/uploads\/2019\/06\/Choker_Cangrejo.jpg","contentUrl":"https:\/\/joyadearte.com\/wp-content\/uploads\/2019\/06\/Choker_Cangrejo.jpg","width":1600,"height":766,"caption":"Choker Cangrejos: El poder de la luna y la intuici\u00f3n en tu cuello. Dise\u00f1o vanguardista de Sandra Cepeda para mujeres que conf\u00edan en su instinto. \u00a1M\u00edralo!"},{"@type":"BreadcrumbList","@id":"https:\/\/joyadearte.com\/product\/choker-cangrejos\/#breadcrumb","itemListElement":[{"@type":"ListItem","position":1,"name":"Portada","item":"https:\/\/joyadearte.com\/"},{"@type":"ListItem","position":2,"name":"Tienda","item":"https:\/\/joyadearte.com\/tienda\/"},{"@type":"ListItem","position":3,"name":"CHOKER CANGREJOS"}]},{"@type":"WebSite","@id":"https:\/\/joyadearte.com\/en\/#website","url":"https:\/\/joyadearte.com\/en\/","name":"Joya de Arte","description":"Joya de Arte by Sandra Cepeda","publisher":{"@id":"https:\/\/joyadearte.com\/en\/#organization"},"potentialAction":[{"@type":"SearchAction","target":{"@type":"EntryPoint","urlTemplate":"https:\/\/joyadearte.com\/en\/?s={search_term_string}"},"query-input":{"@type":"PropertyValueSpecification","valueRequired":true,"valueName":"search_term_string"}}],"inLanguage":"es"},{"@type":"Organization","@id":"https:\/\/joyadearte.com\/en\/#organization","name":"Joya de Arte","url":"https:\/\/joyadearte.com\/en\/","logo":{"@type":"ImageObject","inLanguage":"es","@id":"https:\/\/joyadearte.com\/en\/#\/schema\/logo\/image\/","url":"https:\/\/joyadearte.com\/wp-content\/uploads\/2020\/08\/WhatsApp-Image-2020-08-13-at-8.15.09-PM.jpeg","contentUrl":"https:\/\/joyadearte.com\/wp-content\/uploads\/2020\/08\/WhatsApp-Image-2020-08-13-at-8.15.09-PM.jpeg","width":1280,"height":1280,"caption":"Joya de Arte"},"image":{"@id":"https:\/\/joyadearte.com\/en\/#\/schema\/logo\/image\/"},"sameAs":["https:\/\/www.facebook.com\/SandraCepedajoyadearte\/","https:\/\/www.instagram.com\/joyadearte_sandracepeda\/","https:\/\/es.wikipedia.org\/wiki\/Sandra_Cepeda"]}]}},"jetpack_sharing_enabled":true,"_links":{"self":[{"href":"https:\/\/joyadearte.com\/es\/wp-json\/wp\/v2\/product\/685","targetHints":{"allow":["GET"]}}],"collection":[{"href":"https:\/\/joyadearte.com\/es\/wp-json\/wp\/v2\/product"}],"about":[{"href":"https:\/\/joyadearte.com\/es\/wp-json\/wp\/v2\/types\/product"}],"replies":[{"embeddable":true,"href":"https:\/\/joyadearte.com\/es\/wp-json\/wp\/v2\/comments?post=685"}],"wp:featuredmedia":[{"embeddable":true,"href":"https:\/\/joyadearte.com\/es\/wp-json\/wp\/v2\/media\/2923"}],"wp:attachment":[{"href":"https:\/\/joyadearte.com\/es\/wp-json\/wp\/v2\/media?parent=685"}],"wp:term":[{"taxonomy":"product_brand","embeddable":true,"href":"https:\/\/joyadearte.com\/es\/wp-json\/wp\/v2\/product_brand?post=685"},{"taxonomy":"product_cat","embeddable":true,"href":"https:\/\/joyadearte.com\/es\/wp-json\/wp\/v2\/product_cat?post=685"},{"taxonomy":"product_tag","embeddable":true,"href":"https:\/\/joyadearte.com\/es\/wp-json\/wp\/v2\/product_tag?post=685"}],"curies":[{"name":"wp","href":"https:\/\/api.w.org\/{rel}","templated":true}]}}