{"id":672,"date":"2019-06-29T22:08:08","date_gmt":"2019-06-29T20:08:08","guid":{"rendered":"http:\/\/joyadearte.com\/product\/brazalete-13\/"},"modified":"2026-04-04T02:19:29","modified_gmt":"2026-04-04T00:19:29","slug":"brazalete-divina-comedia","status":"publish","type":"product","link":"https:\/\/joyadearte.com\/es\/product\/brazalete-divina-comedia\/","title":{"rendered":"BRAZALETE DIVINA COMEDIA"},"content":{"rendered":"<p>\u200b\u00bfEs posible recorrer el camino de la sombra a la luz en un solo gesto? El Brazalete Divina Comedia de Joya de Arte es una odisea narrativa fundida en metal. Inspirada en la obra maestra de Dante Alighieri, esta pieza cuestiona nuestra propia evoluci\u00f3n: \u00bfC\u00f3mo se ven nuestras batallas y triunfos cuando se convierten en arte?<\/p>\n<p>\u200b\u00bfPuede una joya ser el mapa de un viaje espiritual entre el infierno, el purgatorio y el para\u00edso? Con una est\u00e9tica que evoca la transici\u00f3n de lo denso a lo divino, esta pieza de Joya de Arte nos obliga a mirar hacia adentro. \u00bfCu\u00e1les son los nudos que debemos cruzar para alcanzar nuestra propia luz? Es una invitaci\u00f3n a portar la literatura universal en la piel y a preguntarse con cada reflejo: \u00bfEn qu\u00e9 etapa de mi propio camino me encuentro hoy?<\/p>\n<p>Brazaletes AJUSTABLES<\/p>\n","protected":false},"excerpt":{"rendered":"<p>Material: Plata .925 con chapa de oro de 10k<\/p>\n<p><b>Tama\u00f1o:<\/b><\/p>\n<p>Medium: Ideal par.a mujer<\/p>\n<p>Large: Ideal para caballero<\/p>\n<p>En caso de querer una medida especial escr\u00edbenos.<\/p>\n","protected":false},"featured_media":263,"comment_status":"open","ping_status":"closed","template":"","meta":{"_monsterinsights_skip_tracking":false,"_monsterinsights_sitenote_active":false,"_monsterinsights_sitenote_note":"","_monsterinsights_sitenote_category":0},"product_brand":[],"product_cat":[17,29,18,118,49],"product_tag":[114],"class_list":{"0":"post-672","1":"product","2":"type-product","3":"status-publish","4":"has-post-thumbnail","6":"product_cat-colecciones","7":"product_cat-muralistas","8":"product_cat-piezas","9":"product_cat-oro-10k","10":"product_cat-brazaletes","11":"product_tag-nodiscount","13":"first","14":"instock","15":"shipping-taxable","16":"purchasable","17":"product-type-variable","18":"add-to-wishlist-after_add_to_cart"},"yoast_head":"<!-- This site is optimized with the Yoast SEO plugin v25.6 - https:\/\/yoast.com\/wordpress\/plugins\/seo\/ -->\n<title>BRAZALETE DIVINA COMEDIA - Joya de Arte<\/title>\n<meta name=\"description\" content=\"\u00bfTu piel es poes\u00eda? Brazalete Divina Comedia de Joya de Arte. Un viaje de Dante al lujo. \u00bfDe la sombra a la luz? \u00a1V\u00edstelo!\" \/>\n<meta name=\"robots\" content=\"index, follow, max-snippet:-1, max-image-preview:large, max-video-preview:-1\" \/>\n<link rel=\"canonical\" href=\"https:\/\/joyadearte.com\/es\/product\/brazalete-divina-comedia\/\" \/>\n<meta property=\"og:locale\" content=\"es_ES\" \/>\n<meta property=\"og:type\" content=\"article\" \/>\n<meta property=\"og:title\" content=\"BRAZALETE DIVINA COMEDIA - Joya de Arte\" \/>\n<meta property=\"og:description\" content=\"\u00bfTu piel es poes\u00eda? Brazalete Divina Comedia de Joya de Arte. Un viaje de Dante al lujo. \u00bfDe la sombra a la luz? \u00a1V\u00edstelo!\" \/>\n<meta property=\"og:url\" content=\"https:\/\/joyadearte.com\/es\/product\/brazalete-divina-comedia\/\" \/>\n<meta property=\"og:site_name\" content=\"Joya de Arte\" \/>\n<meta property=\"article:publisher\" content=\"https:\/\/www.facebook.com\/SandraCepedajoyadearte\/\" \/>\n<meta property=\"article:modified_time\" content=\"2026-04-04T00:19:29+00:00\" \/>\n<meta property=\"og:image\" content=\"https:\/\/joyadearte.com\/wp-content\/uploads\/2019\/06\/brazaletes_DSC6902.jpg\" \/>\n\t<meta property=\"og:image:width\" content=\"1620\" \/>\n\t<meta property=\"og:image:height\" content=\"1080\" \/>\n\t<meta property=\"og:image:type\" content=\"image\/jpeg\" \/>\n<meta name=\"twitter:card\" content=\"summary_large_image\" \/>\n<meta name=\"twitter:label1\" content=\"Tiempo de lectura\" \/>\n\t<meta name=\"twitter:data1\" content=\"1 minuto\" \/>\n<script type=\"application\/ld+json\" class=\"yoast-schema-graph\">{\"@context\":\"https:\/\/schema.org\",\"@graph\":[{\"@type\":\"WebPage\",\"@id\":\"https:\/\/joyadearte.com\/product\/brazalete-divina-comedia\/\",\"url\":\"https:\/\/joyadearte.com\/product\/brazalete-divina-comedia\/\",\"name\":\"BRAZALETE DIVINA COMEDIA - Joya de Arte\",\"isPartOf\":{\"@id\":\"https:\/\/joyadearte.com\/en\/#website\"},\"primaryImageOfPage\":{\"@id\":\"https:\/\/joyadearte.com\/product\/brazalete-divina-comedia\/#primaryimage\"},\"image\":{\"@id\":\"https:\/\/joyadearte.com\/product\/brazalete-divina-comedia\/#primaryimage\"},\"thumbnailUrl\":\"https:\/\/joyadearte.com\/wp-content\/uploads\/2019\/06\/brazaletes_DSC6902.jpg\",\"datePublished\":\"2019-06-29T20:08:08+00:00\",\"dateModified\":\"2026-04-04T00:19:29+00:00\",\"description\":\"\u00bfTu piel es poes\u00eda? Brazalete Divina Comedia de Joya de Arte. Un viaje de Dante al lujo. \u00bfDe la sombra a la luz? \u00a1V\u00edstelo!\",\"breadcrumb\":{\"@id\":\"https:\/\/joyadearte.com\/product\/brazalete-divina-comedia\/#breadcrumb\"},\"inLanguage\":\"es\",\"potentialAction\":[{\"@type\":\"ReadAction\",\"target\":[\"https:\/\/joyadearte.com\/product\/brazalete-divina-comedia\/\"]}]},{\"@type\":\"ImageObject\",\"inLanguage\":\"es\",\"@id\":\"https:\/\/joyadearte.com\/product\/brazalete-divina-comedia\/#primaryimage\",\"url\":\"https:\/\/joyadearte.com\/wp-content\/uploads\/2019\/06\/brazaletes_DSC6902.jpg\",\"contentUrl\":\"https:\/\/joyadearte.com\/wp-content\/uploads\/2019\/06\/brazaletes_DSC6902.jpg\",\"width\":1620,\"height\":1080,\"caption\":\"Brazalete Divina Comedia de Joya de Arte.\"},{\"@type\":\"BreadcrumbList\",\"@id\":\"https:\/\/joyadearte.com\/product\/brazalete-divina-comedia\/#breadcrumb\",\"itemListElement\":[{\"@type\":\"ListItem\",\"position\":1,\"name\":\"Portada\",\"item\":\"https:\/\/joyadearte.com\/\"},{\"@type\":\"ListItem\",\"position\":2,\"name\":\"Tienda\",\"item\":\"https:\/\/joyadearte.com\/tienda\/\"},{\"@type\":\"ListItem\",\"position\":3,\"name\":\"BRAZALETE DIVINA COMEDIA\"}]},{\"@type\":\"WebSite\",\"@id\":\"https:\/\/joyadearte.com\/en\/#website\",\"url\":\"https:\/\/joyadearte.com\/en\/\",\"name\":\"Joya de Arte\",\"description\":\"Joya de Arte by Sandra Cepeda\",\"publisher\":{\"@id\":\"https:\/\/joyadearte.com\/en\/#organization\"},\"potentialAction\":[{\"@type\":\"SearchAction\",\"target\":{\"@type\":\"EntryPoint\",\"urlTemplate\":\"https:\/\/joyadearte.com\/en\/?s={search_term_string}\"},\"query-input\":{\"@type\":\"PropertyValueSpecification\",\"valueRequired\":true,\"valueName\":\"search_term_string\"}}],\"inLanguage\":\"es\"},{\"@type\":\"Organization\",\"@id\":\"https:\/\/joyadearte.com\/en\/#organization\",\"name\":\"Joya de Arte\",\"url\":\"https:\/\/joyadearte.com\/en\/\",\"logo\":{\"@type\":\"ImageObject\",\"inLanguage\":\"es\",\"@id\":\"https:\/\/joyadearte.com\/en\/#\/schema\/logo\/image\/\",\"url\":\"https:\/\/joyadearte.com\/wp-content\/uploads\/2020\/08\/WhatsApp-Image-2020-08-13-at-8.15.09-PM.jpeg\",\"contentUrl\":\"https:\/\/joyadearte.com\/wp-content\/uploads\/2020\/08\/WhatsApp-Image-2020-08-13-at-8.15.09-PM.jpeg\",\"width\":1280,\"height\":1280,\"caption\":\"Joya de Arte\"},\"image\":{\"@id\":\"https:\/\/joyadearte.com\/en\/#\/schema\/logo\/image\/\"},\"sameAs\":[\"https:\/\/www.facebook.com\/SandraCepedajoyadearte\/\",\"https:\/\/www.instagram.com\/joyadearte_sandracepeda\/\",\"https:\/\/es.wikipedia.org\/wiki\/Sandra_Cepeda\"]}]}<\/script>\n<!-- \/ Yoast SEO plugin. -->","yoast_head_json":{"title":"BRAZALETE DIVINA COMEDIA - Joya de Arte","description":"\u00bfTu piel es poes\u00eda? Brazalete Divina Comedia de Joya de Arte. Un viaje de Dante al lujo. \u00bfDe la sombra a la luz? \u00a1V\u00edstelo!","robots":{"index":"index","follow":"follow","max-snippet":"max-snippet:-1","max-image-preview":"max-image-preview:large","max-video-preview":"max-video-preview:-1"},"canonical":"https:\/\/joyadearte.com\/es\/product\/brazalete-divina-comedia\/","og_locale":"es_ES","og_type":"article","og_title":"BRAZALETE DIVINA COMEDIA - Joya de Arte","og_description":"\u00bfTu piel es poes\u00eda? Brazalete Divina Comedia de Joya de Arte. Un viaje de Dante al lujo. \u00bfDe la sombra a la luz? \u00a1V\u00edstelo!","og_url":"https:\/\/joyadearte.com\/es\/product\/brazalete-divina-comedia\/","og_site_name":"Joya de Arte","article_publisher":"https:\/\/www.facebook.com\/SandraCepedajoyadearte\/","article_modified_time":"2026-04-04T00:19:29+00:00","og_image":[{"width":1620,"height":1080,"url":"https:\/\/joyadearte.com\/wp-content\/uploads\/2019\/06\/brazaletes_DSC6902.jpg","type":"image\/jpeg"}],"twitter_card":"summary_large_image","twitter_misc":{"Tiempo de lectura":"1 minuto"},"schema":{"@context":"https:\/\/schema.org","@graph":[{"@type":"WebPage","@id":"https:\/\/joyadearte.com\/product\/brazalete-divina-comedia\/","url":"https:\/\/joyadearte.com\/product\/brazalete-divina-comedia\/","name":"BRAZALETE DIVINA COMEDIA - Joya de Arte","isPartOf":{"@id":"https:\/\/joyadearte.com\/en\/#website"},"primaryImageOfPage":{"@id":"https:\/\/joyadearte.com\/product\/brazalete-divina-comedia\/#primaryimage"},"image":{"@id":"https:\/\/joyadearte.com\/product\/brazalete-divina-comedia\/#primaryimage"},"thumbnailUrl":"https:\/\/joyadearte.com\/wp-content\/uploads\/2019\/06\/brazaletes_DSC6902.jpg","datePublished":"2019-06-29T20:08:08+00:00","dateModified":"2026-04-04T00:19:29+00:00","description":"\u00bfTu piel es poes\u00eda? Brazalete Divina Comedia de Joya de Arte. Un viaje de Dante al lujo. \u00bfDe la sombra a la luz? \u00a1V\u00edstelo!","breadcrumb":{"@id":"https:\/\/joyadearte.com\/product\/brazalete-divina-comedia\/#breadcrumb"},"inLanguage":"es","potentialAction":[{"@type":"ReadAction","target":["https:\/\/joyadearte.com\/product\/brazalete-divina-comedia\/"]}]},{"@type":"ImageObject","inLanguage":"es","@id":"https:\/\/joyadearte.com\/product\/brazalete-divina-comedia\/#primaryimage","url":"https:\/\/joyadearte.com\/wp-content\/uploads\/2019\/06\/brazaletes_DSC6902.jpg","contentUrl":"https:\/\/joyadearte.com\/wp-content\/uploads\/2019\/06\/brazaletes_DSC6902.jpg","width":1620,"height":1080,"caption":"Brazalete Divina Comedia de Joya de Arte."},{"@type":"BreadcrumbList","@id":"https:\/\/joyadearte.com\/product\/brazalete-divina-comedia\/#breadcrumb","itemListElement":[{"@type":"ListItem","position":1,"name":"Portada","item":"https:\/\/joyadearte.com\/"},{"@type":"ListItem","position":2,"name":"Tienda","item":"https:\/\/joyadearte.com\/tienda\/"},{"@type":"ListItem","position":3,"name":"BRAZALETE DIVINA COMEDIA"}]},{"@type":"WebSite","@id":"https:\/\/joyadearte.com\/en\/#website","url":"https:\/\/joyadearte.com\/en\/","name":"Joya de Arte","description":"Joya de Arte by Sandra Cepeda","publisher":{"@id":"https:\/\/joyadearte.com\/en\/#organization"},"potentialAction":[{"@type":"SearchAction","target":{"@type":"EntryPoint","urlTemplate":"https:\/\/joyadearte.com\/en\/?s={search_term_string}"},"query-input":{"@type":"PropertyValueSpecification","valueRequired":true,"valueName":"search_term_string"}}],"inLanguage":"es"},{"@type":"Organization","@id":"https:\/\/joyadearte.com\/en\/#organization","name":"Joya de Arte","url":"https:\/\/joyadearte.com\/en\/","logo":{"@type":"ImageObject","inLanguage":"es","@id":"https:\/\/joyadearte.com\/en\/#\/schema\/logo\/image\/","url":"https:\/\/joyadearte.com\/wp-content\/uploads\/2020\/08\/WhatsApp-Image-2020-08-13-at-8.15.09-PM.jpeg","contentUrl":"https:\/\/joyadearte.com\/wp-content\/uploads\/2020\/08\/WhatsApp-Image-2020-08-13-at-8.15.09-PM.jpeg","width":1280,"height":1280,"caption":"Joya de Arte"},"image":{"@id":"https:\/\/joyadearte.com\/en\/#\/schema\/logo\/image\/"},"sameAs":["https:\/\/www.facebook.com\/SandraCepedajoyadearte\/","https:\/\/www.instagram.com\/joyadearte_sandracepeda\/","https:\/\/es.wikipedia.org\/wiki\/Sandra_Cepeda"]}]}},"jetpack_sharing_enabled":true,"_links":{"self":[{"href":"https:\/\/joyadearte.com\/es\/wp-json\/wp\/v2\/product\/672","targetHints":{"allow":["GET"]}}],"collection":[{"href":"https:\/\/joyadearte.com\/es\/wp-json\/wp\/v2\/product"}],"about":[{"href":"https:\/\/joyadearte.com\/es\/wp-json\/wp\/v2\/types\/product"}],"replies":[{"embeddable":true,"href":"https:\/\/joyadearte.com\/es\/wp-json\/wp\/v2\/comments?post=672"}],"wp:featuredmedia":[{"embeddable":true,"href":"https:\/\/joyadearte.com\/es\/wp-json\/wp\/v2\/media\/263"}],"wp:attachment":[{"href":"https:\/\/joyadearte.com\/es\/wp-json\/wp\/v2\/media?parent=672"}],"wp:term":[{"taxonomy":"product_brand","embeddable":true,"href":"https:\/\/joyadearte.com\/es\/wp-json\/wp\/v2\/product_brand?post=672"},{"taxonomy":"product_cat","embeddable":true,"href":"https:\/\/joyadearte.com\/es\/wp-json\/wp\/v2\/product_cat?post=672"},{"taxonomy":"product_tag","embeddable":true,"href":"https:\/\/joyadearte.com\/es\/wp-json\/wp\/v2\/product_tag?post=672"}],"curies":[{"name":"wp","href":"https:\/\/api.w.org\/{rel}","templated":true}]}}