{"id":650,"date":"2019-06-29T22:08:01","date_gmt":"2019-06-29T20:08:01","guid":{"rendered":"http:\/\/joyadearte.com\/product\/arete-16\/"},"modified":"2026-04-04T02:33:57","modified_gmt":"2026-04-04T00:33:57","slug":"victoria-alada","status":"publish","type":"product","link":"https:\/\/joyadearte.com\/es\/product\/victoria-alada\/","title":{"rendered":"VICTORIA ALADA"},"content":{"rendered":"<p>Inspirados en la majestuosidad del \u00c1ngel de la Independencia, estos aretes rinden tributo a la Victoria Alada, s\u00edmbolo m\u00e1ximo de libertad. Joya de Arte cuenta con el honor de ser la \u00fanica joyer\u00eda con los derechos otorgados por el Gobierno Ejecutivo de M\u00e9xico para reproducir fielmente este s\u00edmbolo patrio.<\/p>\n<p>\u200bBa\u00f1ados en chapa de oro, son una pieza hist\u00f3rica que puedes portar con orgullo. Un dise\u00f1o exclusivo creado para la mujer que reconoce en esta figura su propio esp\u00edritu inquebrantable y el valor de nuestras ra\u00edces.<\/p>\n","protected":false},"excerpt":{"rendered":"<p>Material: Plata .925 con chapa de oro de 10k<\/p>\n","protected":false},"featured_media":291,"comment_status":"open","ping_status":"closed","template":"","meta":{"_monsterinsights_skip_tracking":false,"_monsterinsights_sitenote_active":false,"_monsterinsights_sitenote_note":"","_monsterinsights_sitenote_category":0},"product_brand":[],"product_cat":[17,28,18,118,30],"product_tag":[114],"class_list":{"0":"post-650","1":"product","2":"type-product","3":"status-publish","4":"has-post-thumbnail","6":"product_cat-colecciones","7":"product_cat-mexicana-angel","8":"product_cat-piezas","9":"product_cat-oro-10k","10":"product_cat-aretes","11":"product_tag-nodiscount","13":"first","14":"instock","15":"shipping-taxable","16":"purchasable","17":"product-type-simple","18":"add-to-wishlist-after_add_to_cart"},"yoast_head":"<!-- This site is optimized with the Yoast SEO plugin v25.6 - https:\/\/yoast.com\/wordpress\/plugins\/seo\/ -->\n<title>VICTORIA ALADA - Joya de Arte<\/title>\n<meta name=\"description\" content=\"Aretes Victoria Alada | Joya de Arte. \u00danica joyer\u00eda con derechos del Gobierno para reproducir este s\u00edmbolo patrio. Pendientes en chapa de oro inspirados en el \u00c1ngel de la Independencia, s\u00edmbolo de triunfo y libertad.\" \/>\n<meta name=\"robots\" content=\"index, follow, max-snippet:-1, max-image-preview:large, max-video-preview:-1\" \/>\n<link rel=\"canonical\" href=\"https:\/\/joyadearte.com\/es\/product\/victoria-alada\/\" \/>\n<meta property=\"og:locale\" content=\"es_ES\" \/>\n<meta property=\"og:type\" content=\"article\" \/>\n<meta property=\"og:title\" content=\"VICTORIA ALADA - Joya de Arte\" \/>\n<meta property=\"og:description\" content=\"Aretes Victoria Alada | Joya de Arte. \u00danica joyer\u00eda con derechos del Gobierno para reproducir este s\u00edmbolo patrio. Pendientes en chapa de oro inspirados en el \u00c1ngel de la Independencia, s\u00edmbolo de triunfo y libertad.\" \/>\n<meta property=\"og:url\" content=\"https:\/\/joyadearte.com\/es\/product\/victoria-alada\/\" \/>\n<meta property=\"og:site_name\" content=\"Joya de Arte\" \/>\n<meta property=\"article:publisher\" content=\"https:\/\/www.facebook.com\/SandraCepedajoyadearte\/\" \/>\n<meta property=\"article:modified_time\" content=\"2026-04-04T00:33:57+00:00\" \/>\n<meta property=\"og:image\" content=\"https:\/\/joyadearte.com\/wp-content\/uploads\/2019\/06\/aretes_DSC6821.jpg\" \/>\n\t<meta property=\"og:image:width\" content=\"1620\" \/>\n\t<meta property=\"og:image:height\" content=\"1080\" \/>\n\t<meta property=\"og:image:type\" content=\"image\/jpeg\" \/>\n<meta name=\"twitter:card\" content=\"summary_large_image\" \/>\n<meta name=\"twitter:label1\" content=\"Tiempo de lectura\" \/>\n\t<meta name=\"twitter:data1\" content=\"1 minuto\" \/>\n<script type=\"application\/ld+json\" class=\"yoast-schema-graph\">{\"@context\":\"https:\/\/schema.org\",\"@graph\":[{\"@type\":\"WebPage\",\"@id\":\"https:\/\/joyadearte.com\/product\/victoria-alada\/\",\"url\":\"https:\/\/joyadearte.com\/product\/victoria-alada\/\",\"name\":\"VICTORIA ALADA - Joya de Arte\",\"isPartOf\":{\"@id\":\"https:\/\/joyadearte.com\/en\/#website\"},\"primaryImageOfPage\":{\"@id\":\"https:\/\/joyadearte.com\/product\/victoria-alada\/#primaryimage\"},\"image\":{\"@id\":\"https:\/\/joyadearte.com\/product\/victoria-alada\/#primaryimage\"},\"thumbnailUrl\":\"https:\/\/joyadearte.com\/wp-content\/uploads\/2019\/06\/aretes_DSC6821.jpg\",\"datePublished\":\"2019-06-29T20:08:01+00:00\",\"dateModified\":\"2026-04-04T00:33:57+00:00\",\"description\":\"Aretes Victoria Alada | Joya de Arte. \u00danica joyer\u00eda con derechos del Gobierno para reproducir este s\u00edmbolo patrio. Pendientes en chapa de oro inspirados en el \u00c1ngel de la Independencia, s\u00edmbolo de triunfo y libertad.\",\"breadcrumb\":{\"@id\":\"https:\/\/joyadearte.com\/product\/victoria-alada\/#breadcrumb\"},\"inLanguage\":\"es\",\"potentialAction\":[{\"@type\":\"ReadAction\",\"target\":[\"https:\/\/joyadearte.com\/product\/victoria-alada\/\"]}]},{\"@type\":\"ImageObject\",\"inLanguage\":\"es\",\"@id\":\"https:\/\/joyadearte.com\/product\/victoria-alada\/#primaryimage\",\"url\":\"https:\/\/joyadearte.com\/wp-content\/uploads\/2019\/06\/aretes_DSC6821.jpg\",\"contentUrl\":\"https:\/\/joyadearte.com\/wp-content\/uploads\/2019\/06\/aretes_DSC6821.jpg\",\"width\":1620,\"height\":1080,\"caption\":\"Aretes Victoria Alada | Joya de Arte. \u00danica joyer\u00eda con derechos del Gobierno para reproducir este s\u00edmbolo patrio. Pendientes en chapa de oro inspirados en el \u00c1ngel de la Independencia, s\u00edmbolo de triunfo y libertad.\"},{\"@type\":\"BreadcrumbList\",\"@id\":\"https:\/\/joyadearte.com\/product\/victoria-alada\/#breadcrumb\",\"itemListElement\":[{\"@type\":\"ListItem\",\"position\":1,\"name\":\"Portada\",\"item\":\"https:\/\/joyadearte.com\/\"},{\"@type\":\"ListItem\",\"position\":2,\"name\":\"Tienda\",\"item\":\"https:\/\/joyadearte.com\/tienda\/\"},{\"@type\":\"ListItem\",\"position\":3,\"name\":\"VICTORIA ALADA\"}]},{\"@type\":\"WebSite\",\"@id\":\"https:\/\/joyadearte.com\/en\/#website\",\"url\":\"https:\/\/joyadearte.com\/en\/\",\"name\":\"Joya de Arte\",\"description\":\"Joya de Arte by Sandra Cepeda\",\"publisher\":{\"@id\":\"https:\/\/joyadearte.com\/en\/#organization\"},\"potentialAction\":[{\"@type\":\"SearchAction\",\"target\":{\"@type\":\"EntryPoint\",\"urlTemplate\":\"https:\/\/joyadearte.com\/en\/?s={search_term_string}\"},\"query-input\":{\"@type\":\"PropertyValueSpecification\",\"valueRequired\":true,\"valueName\":\"search_term_string\"}}],\"inLanguage\":\"es\"},{\"@type\":\"Organization\",\"@id\":\"https:\/\/joyadearte.com\/en\/#organization\",\"name\":\"Joya de Arte\",\"url\":\"https:\/\/joyadearte.com\/en\/\",\"logo\":{\"@type\":\"ImageObject\",\"inLanguage\":\"es\",\"@id\":\"https:\/\/joyadearte.com\/en\/#\/schema\/logo\/image\/\",\"url\":\"https:\/\/joyadearte.com\/wp-content\/uploads\/2020\/08\/WhatsApp-Image-2020-08-13-at-8.15.09-PM.jpeg\",\"contentUrl\":\"https:\/\/joyadearte.com\/wp-content\/uploads\/2020\/08\/WhatsApp-Image-2020-08-13-at-8.15.09-PM.jpeg\",\"width\":1280,\"height\":1280,\"caption\":\"Joya de Arte\"},\"image\":{\"@id\":\"https:\/\/joyadearte.com\/en\/#\/schema\/logo\/image\/\"},\"sameAs\":[\"https:\/\/www.facebook.com\/SandraCepedajoyadearte\/\",\"https:\/\/www.instagram.com\/joyadearte_sandracepeda\/\",\"https:\/\/es.wikipedia.org\/wiki\/Sandra_Cepeda\"]}]}<\/script>\n<!-- \/ Yoast SEO plugin. -->","yoast_head_json":{"title":"VICTORIA ALADA - Joya de Arte","description":"Aretes Victoria Alada | Joya de Arte. \u00danica joyer\u00eda con derechos del Gobierno para reproducir este s\u00edmbolo patrio. Pendientes en chapa de oro inspirados en el \u00c1ngel de la Independencia, s\u00edmbolo de triunfo y libertad.","robots":{"index":"index","follow":"follow","max-snippet":"max-snippet:-1","max-image-preview":"max-image-preview:large","max-video-preview":"max-video-preview:-1"},"canonical":"https:\/\/joyadearte.com\/es\/product\/victoria-alada\/","og_locale":"es_ES","og_type":"article","og_title":"VICTORIA ALADA - Joya de Arte","og_description":"Aretes Victoria Alada | Joya de Arte. \u00danica joyer\u00eda con derechos del Gobierno para reproducir este s\u00edmbolo patrio. Pendientes en chapa de oro inspirados en el \u00c1ngel de la Independencia, s\u00edmbolo de triunfo y libertad.","og_url":"https:\/\/joyadearte.com\/es\/product\/victoria-alada\/","og_site_name":"Joya de Arte","article_publisher":"https:\/\/www.facebook.com\/SandraCepedajoyadearte\/","article_modified_time":"2026-04-04T00:33:57+00:00","og_image":[{"width":1620,"height":1080,"url":"https:\/\/joyadearte.com\/wp-content\/uploads\/2019\/06\/aretes_DSC6821.jpg","type":"image\/jpeg"}],"twitter_card":"summary_large_image","twitter_misc":{"Tiempo de lectura":"1 minuto"},"schema":{"@context":"https:\/\/schema.org","@graph":[{"@type":"WebPage","@id":"https:\/\/joyadearte.com\/product\/victoria-alada\/","url":"https:\/\/joyadearte.com\/product\/victoria-alada\/","name":"VICTORIA ALADA - Joya de Arte","isPartOf":{"@id":"https:\/\/joyadearte.com\/en\/#website"},"primaryImageOfPage":{"@id":"https:\/\/joyadearte.com\/product\/victoria-alada\/#primaryimage"},"image":{"@id":"https:\/\/joyadearte.com\/product\/victoria-alada\/#primaryimage"},"thumbnailUrl":"https:\/\/joyadearte.com\/wp-content\/uploads\/2019\/06\/aretes_DSC6821.jpg","datePublished":"2019-06-29T20:08:01+00:00","dateModified":"2026-04-04T00:33:57+00:00","description":"Aretes Victoria Alada | Joya de Arte. \u00danica joyer\u00eda con derechos del Gobierno para reproducir este s\u00edmbolo patrio. Pendientes en chapa de oro inspirados en el \u00c1ngel de la Independencia, s\u00edmbolo de triunfo y libertad.","breadcrumb":{"@id":"https:\/\/joyadearte.com\/product\/victoria-alada\/#breadcrumb"},"inLanguage":"es","potentialAction":[{"@type":"ReadAction","target":["https:\/\/joyadearte.com\/product\/victoria-alada\/"]}]},{"@type":"ImageObject","inLanguage":"es","@id":"https:\/\/joyadearte.com\/product\/victoria-alada\/#primaryimage","url":"https:\/\/joyadearte.com\/wp-content\/uploads\/2019\/06\/aretes_DSC6821.jpg","contentUrl":"https:\/\/joyadearte.com\/wp-content\/uploads\/2019\/06\/aretes_DSC6821.jpg","width":1620,"height":1080,"caption":"Aretes Victoria Alada | Joya de Arte. \u00danica joyer\u00eda con derechos del Gobierno para reproducir este s\u00edmbolo patrio. Pendientes en chapa de oro inspirados en el \u00c1ngel de la Independencia, s\u00edmbolo de triunfo y libertad."},{"@type":"BreadcrumbList","@id":"https:\/\/joyadearte.com\/product\/victoria-alada\/#breadcrumb","itemListElement":[{"@type":"ListItem","position":1,"name":"Portada","item":"https:\/\/joyadearte.com\/"},{"@type":"ListItem","position":2,"name":"Tienda","item":"https:\/\/joyadearte.com\/tienda\/"},{"@type":"ListItem","position":3,"name":"VICTORIA ALADA"}]},{"@type":"WebSite","@id":"https:\/\/joyadearte.com\/en\/#website","url":"https:\/\/joyadearte.com\/en\/","name":"Joya de Arte","description":"Joya de Arte by Sandra Cepeda","publisher":{"@id":"https:\/\/joyadearte.com\/en\/#organization"},"potentialAction":[{"@type":"SearchAction","target":{"@type":"EntryPoint","urlTemplate":"https:\/\/joyadearte.com\/en\/?s={search_term_string}"},"query-input":{"@type":"PropertyValueSpecification","valueRequired":true,"valueName":"search_term_string"}}],"inLanguage":"es"},{"@type":"Organization","@id":"https:\/\/joyadearte.com\/en\/#organization","name":"Joya de Arte","url":"https:\/\/joyadearte.com\/en\/","logo":{"@type":"ImageObject","inLanguage":"es","@id":"https:\/\/joyadearte.com\/en\/#\/schema\/logo\/image\/","url":"https:\/\/joyadearte.com\/wp-content\/uploads\/2020\/08\/WhatsApp-Image-2020-08-13-at-8.15.09-PM.jpeg","contentUrl":"https:\/\/joyadearte.com\/wp-content\/uploads\/2020\/08\/WhatsApp-Image-2020-08-13-at-8.15.09-PM.jpeg","width":1280,"height":1280,"caption":"Joya de Arte"},"image":{"@id":"https:\/\/joyadearte.com\/en\/#\/schema\/logo\/image\/"},"sameAs":["https:\/\/www.facebook.com\/SandraCepedajoyadearte\/","https:\/\/www.instagram.com\/joyadearte_sandracepeda\/","https:\/\/es.wikipedia.org\/wiki\/Sandra_Cepeda"]}]}},"jetpack_sharing_enabled":true,"_links":{"self":[{"href":"https:\/\/joyadearte.com\/es\/wp-json\/wp\/v2\/product\/650","targetHints":{"allow":["GET"]}}],"collection":[{"href":"https:\/\/joyadearte.com\/es\/wp-json\/wp\/v2\/product"}],"about":[{"href":"https:\/\/joyadearte.com\/es\/wp-json\/wp\/v2\/types\/product"}],"replies":[{"embeddable":true,"href":"https:\/\/joyadearte.com\/es\/wp-json\/wp\/v2\/comments?post=650"}],"wp:featuredmedia":[{"embeddable":true,"href":"https:\/\/joyadearte.com\/es\/wp-json\/wp\/v2\/media\/291"}],"wp:attachment":[{"href":"https:\/\/joyadearte.com\/es\/wp-json\/wp\/v2\/media?parent=650"}],"wp:term":[{"taxonomy":"product_brand","embeddable":true,"href":"https:\/\/joyadearte.com\/es\/wp-json\/wp\/v2\/product_brand?post=650"},{"taxonomy":"product_cat","embeddable":true,"href":"https:\/\/joyadearte.com\/es\/wp-json\/wp\/v2\/product_cat?post=650"},{"taxonomy":"product_tag","embeddable":true,"href":"https:\/\/joyadearte.com\/es\/wp-json\/wp\/v2\/product_tag?post=650"}],"curies":[{"name":"wp","href":"https:\/\/api.w.org\/{rel}","templated":true}]}}