{"id":630,"date":"2019-06-29T22:07:56","date_gmt":"2019-06-29T20:07:56","guid":{"rendered":"http:\/\/joyadearte.com\/product\/anillo-35\/"},"modified":"2026-04-04T02:50:07","modified_gmt":"2026-04-04T00:50:07","slug":"anillo-cana-de-azucar-libertad","status":"publish","type":"product","link":"https:\/\/joyadearte.com\/es\/product\/anillo-cana-de-azucar-libertad\/","title":{"rendered":"CA\u00d1A DE AZUCAR Y LIBERTAD"},"content":{"rendered":"<p>El Aliento de la Libertad<\/p>\n<p>\u200bPorta el s\u00edmbolo de una lucha convertida en arte. Con un radiante ba\u00f1o de oro, este anillo se inspira en la visi\u00f3n de Diego Rivera, quien en sus murales captur\u00f3 la ca\u00f1a como el escenario del anhelo de justicia y libertad. \u00bfC\u00f3mo portar la historia de M\u00e9xico con distinci\u00f3n y estilo? Esta pieza ajustable evoca la calidez de los ca\u00f1averales que custodiaron el ideal revolucionario, fusionando el legado del muralismo con un dise\u00f1o contempor\u00e1neo y sofisticado. Es un tributo al esp\u00edritu inquebrantable de nuestra tierra, creado para quienes caminan con el orgullo de su propia historia.<\/p>\n","protected":false},"excerpt":{"rendered":"<p>Material: Plata .925 con chapa de oro de 10k<\/p>\n<p>Anillo ajustable medida de 4 a 8<\/p>\n","protected":false},"featured_media":334,"comment_status":"open","ping_status":"closed","template":"","meta":{"_monsterinsights_skip_tracking":false,"_monsterinsights_sitenote_active":false,"_monsterinsights_sitenote_note":"","_monsterinsights_sitenote_category":0},"product_brand":[],"product_cat":[17,29,18,118,32],"product_tag":[78],"class_list":{"0":"post-630","1":"product","2":"type-product","3":"status-publish","4":"has-post-thumbnail","6":"product_cat-colecciones","7":"product_cat-muralistas","8":"product_cat-piezas","9":"product_cat-oro-10k","10":"product_cat-anillos","11":"product_tag-descuento","13":"first","14":"instock","15":"shipping-taxable","16":"purchasable","17":"product-type-simple","18":"add-to-wishlist-after_add_to_cart"},"yoast_head":"<!-- This site is optimized with the Yoast SEO plugin v25.6 - https:\/\/yoast.com\/wordpress\/plugins\/seo\/ -->\n<title>CA\u00d1A DE AZUCAR Y LIBERTAD - Joya de Arte<\/title>\n<meta name=\"description\" content=\"Ca\u00f1a de Azucar y Libertad. Joyer\u00eda con ba\u00f1o de oro ajustable. Una pieza inspirada en el muralismo de Diego Rivera que une arte, historia y el estilo de la libertad.\" \/>\n<meta name=\"robots\" content=\"index, follow, max-snippet:-1, max-image-preview:large, max-video-preview:-1\" \/>\n<link rel=\"canonical\" href=\"https:\/\/joyadearte.com\/es\/product\/anillo-cana-de-azucar-libertad\/\" \/>\n<meta property=\"og:locale\" content=\"es_ES\" \/>\n<meta property=\"og:type\" content=\"article\" \/>\n<meta property=\"og:title\" content=\"CA\u00d1A DE AZUCAR Y LIBERTAD - Joya de Arte\" \/>\n<meta property=\"og:description\" content=\"Ca\u00f1a de Azucar y Libertad. Joyer\u00eda con ba\u00f1o de oro ajustable. Una pieza inspirada en el muralismo de Diego Rivera que une arte, historia y el estilo de la libertad.\" \/>\n<meta property=\"og:url\" content=\"https:\/\/joyadearte.com\/es\/product\/anillo-cana-de-azucar-libertad\/\" \/>\n<meta property=\"og:site_name\" content=\"Joya de Arte\" \/>\n<meta property=\"article:publisher\" content=\"https:\/\/www.facebook.com\/SandraCepedajoyadearte\/\" \/>\n<meta property=\"article:modified_time\" content=\"2026-04-04T00:50:07+00:00\" \/>\n<meta property=\"og:image\" content=\"https:\/\/joyadearte.com\/wp-content\/uploads\/2019\/06\/anillos_DSC6966.jpg\" \/>\n\t<meta property=\"og:image:width\" content=\"1620\" \/>\n\t<meta property=\"og:image:height\" content=\"1080\" \/>\n\t<meta property=\"og:image:type\" content=\"image\/jpeg\" \/>\n<meta name=\"twitter:card\" content=\"summary_large_image\" \/>\n<meta name=\"twitter:label1\" content=\"Tiempo de lectura\" \/>\n\t<meta name=\"twitter:data1\" content=\"1 minuto\" \/>\n<script type=\"application\/ld+json\" class=\"yoast-schema-graph\">{\"@context\":\"https:\/\/schema.org\",\"@graph\":[{\"@type\":\"WebPage\",\"@id\":\"https:\/\/joyadearte.com\/product\/anillo-cana-de-azucar-libertad\/\",\"url\":\"https:\/\/joyadearte.com\/product\/anillo-cana-de-azucar-libertad\/\",\"name\":\"CA\u00d1A DE AZUCAR Y LIBERTAD - Joya de Arte\",\"isPartOf\":{\"@id\":\"https:\/\/joyadearte.com\/en\/#website\"},\"primaryImageOfPage\":{\"@id\":\"https:\/\/joyadearte.com\/product\/anillo-cana-de-azucar-libertad\/#primaryimage\"},\"image\":{\"@id\":\"https:\/\/joyadearte.com\/product\/anillo-cana-de-azucar-libertad\/#primaryimage\"},\"thumbnailUrl\":\"https:\/\/joyadearte.com\/wp-content\/uploads\/2019\/06\/anillos_DSC6966.jpg\",\"datePublished\":\"2019-06-29T20:07:56+00:00\",\"dateModified\":\"2026-04-04T00:50:07+00:00\",\"description\":\"Ca\u00f1a de Azucar y Libertad. Joyer\u00eda con ba\u00f1o de oro ajustable. Una pieza inspirada en el muralismo de Diego Rivera que une arte, historia y el estilo de la libertad.\",\"breadcrumb\":{\"@id\":\"https:\/\/joyadearte.com\/product\/anillo-cana-de-azucar-libertad\/#breadcrumb\"},\"inLanguage\":\"es\",\"potentialAction\":[{\"@type\":\"ReadAction\",\"target\":[\"https:\/\/joyadearte.com\/product\/anillo-cana-de-azucar-libertad\/\"]}]},{\"@type\":\"ImageObject\",\"inLanguage\":\"es\",\"@id\":\"https:\/\/joyadearte.com\/product\/anillo-cana-de-azucar-libertad\/#primaryimage\",\"url\":\"https:\/\/joyadearte.com\/wp-content\/uploads\/2019\/06\/anillos_DSC6966.jpg\",\"contentUrl\":\"https:\/\/joyadearte.com\/wp-content\/uploads\/2019\/06\/anillos_DSC6966.jpg\",\"width\":1620,\"height\":1080,\"caption\":\"Ca\u00f1a de Azucar y Libertad\"},{\"@type\":\"BreadcrumbList\",\"@id\":\"https:\/\/joyadearte.com\/product\/anillo-cana-de-azucar-libertad\/#breadcrumb\",\"itemListElement\":[{\"@type\":\"ListItem\",\"position\":1,\"name\":\"Portada\",\"item\":\"https:\/\/joyadearte.com\/\"},{\"@type\":\"ListItem\",\"position\":2,\"name\":\"Tienda\",\"item\":\"https:\/\/joyadearte.com\/tienda\/\"},{\"@type\":\"ListItem\",\"position\":3,\"name\":\"CA\u00d1A DE AZUCAR Y LIBERTAD\"}]},{\"@type\":\"WebSite\",\"@id\":\"https:\/\/joyadearte.com\/en\/#website\",\"url\":\"https:\/\/joyadearte.com\/en\/\",\"name\":\"Joya de Arte\",\"description\":\"Joya de Arte by Sandra Cepeda\",\"publisher\":{\"@id\":\"https:\/\/joyadearte.com\/en\/#organization\"},\"potentialAction\":[{\"@type\":\"SearchAction\",\"target\":{\"@type\":\"EntryPoint\",\"urlTemplate\":\"https:\/\/joyadearte.com\/en\/?s={search_term_string}\"},\"query-input\":{\"@type\":\"PropertyValueSpecification\",\"valueRequired\":true,\"valueName\":\"search_term_string\"}}],\"inLanguage\":\"es\"},{\"@type\":\"Organization\",\"@id\":\"https:\/\/joyadearte.com\/en\/#organization\",\"name\":\"Joya de Arte\",\"url\":\"https:\/\/joyadearte.com\/en\/\",\"logo\":{\"@type\":\"ImageObject\",\"inLanguage\":\"es\",\"@id\":\"https:\/\/joyadearte.com\/en\/#\/schema\/logo\/image\/\",\"url\":\"https:\/\/joyadearte.com\/wp-content\/uploads\/2020\/08\/WhatsApp-Image-2020-08-13-at-8.15.09-PM.jpeg\",\"contentUrl\":\"https:\/\/joyadearte.com\/wp-content\/uploads\/2020\/08\/WhatsApp-Image-2020-08-13-at-8.15.09-PM.jpeg\",\"width\":1280,\"height\":1280,\"caption\":\"Joya de Arte\"},\"image\":{\"@id\":\"https:\/\/joyadearte.com\/en\/#\/schema\/logo\/image\/\"},\"sameAs\":[\"https:\/\/www.facebook.com\/SandraCepedajoyadearte\/\",\"https:\/\/www.instagram.com\/joyadearte_sandracepeda\/\",\"https:\/\/es.wikipedia.org\/wiki\/Sandra_Cepeda\"]}]}<\/script>\n<!-- \/ Yoast SEO plugin. -->","yoast_head_json":{"title":"CA\u00d1A DE AZUCAR Y LIBERTAD - Joya de Arte","description":"Ca\u00f1a de Azucar y Libertad. Joyer\u00eda con ba\u00f1o de oro ajustable. Una pieza inspirada en el muralismo de Diego Rivera que une arte, historia y el estilo de la libertad.","robots":{"index":"index","follow":"follow","max-snippet":"max-snippet:-1","max-image-preview":"max-image-preview:large","max-video-preview":"max-video-preview:-1"},"canonical":"https:\/\/joyadearte.com\/es\/product\/anillo-cana-de-azucar-libertad\/","og_locale":"es_ES","og_type":"article","og_title":"CA\u00d1A DE AZUCAR Y LIBERTAD - Joya de Arte","og_description":"Ca\u00f1a de Azucar y Libertad. Joyer\u00eda con ba\u00f1o de oro ajustable. Una pieza inspirada en el muralismo de Diego Rivera que une arte, historia y el estilo de la libertad.","og_url":"https:\/\/joyadearte.com\/es\/product\/anillo-cana-de-azucar-libertad\/","og_site_name":"Joya de Arte","article_publisher":"https:\/\/www.facebook.com\/SandraCepedajoyadearte\/","article_modified_time":"2026-04-04T00:50:07+00:00","og_image":[{"width":1620,"height":1080,"url":"https:\/\/joyadearte.com\/wp-content\/uploads\/2019\/06\/anillos_DSC6966.jpg","type":"image\/jpeg"}],"twitter_card":"summary_large_image","twitter_misc":{"Tiempo de lectura":"1 minuto"},"schema":{"@context":"https:\/\/schema.org","@graph":[{"@type":"WebPage","@id":"https:\/\/joyadearte.com\/product\/anillo-cana-de-azucar-libertad\/","url":"https:\/\/joyadearte.com\/product\/anillo-cana-de-azucar-libertad\/","name":"CA\u00d1A DE AZUCAR Y LIBERTAD - Joya de Arte","isPartOf":{"@id":"https:\/\/joyadearte.com\/en\/#website"},"primaryImageOfPage":{"@id":"https:\/\/joyadearte.com\/product\/anillo-cana-de-azucar-libertad\/#primaryimage"},"image":{"@id":"https:\/\/joyadearte.com\/product\/anillo-cana-de-azucar-libertad\/#primaryimage"},"thumbnailUrl":"https:\/\/joyadearte.com\/wp-content\/uploads\/2019\/06\/anillos_DSC6966.jpg","datePublished":"2019-06-29T20:07:56+00:00","dateModified":"2026-04-04T00:50:07+00:00","description":"Ca\u00f1a de Azucar y Libertad. Joyer\u00eda con ba\u00f1o de oro ajustable. Una pieza inspirada en el muralismo de Diego Rivera que une arte, historia y el estilo de la libertad.","breadcrumb":{"@id":"https:\/\/joyadearte.com\/product\/anillo-cana-de-azucar-libertad\/#breadcrumb"},"inLanguage":"es","potentialAction":[{"@type":"ReadAction","target":["https:\/\/joyadearte.com\/product\/anillo-cana-de-azucar-libertad\/"]}]},{"@type":"ImageObject","inLanguage":"es","@id":"https:\/\/joyadearte.com\/product\/anillo-cana-de-azucar-libertad\/#primaryimage","url":"https:\/\/joyadearte.com\/wp-content\/uploads\/2019\/06\/anillos_DSC6966.jpg","contentUrl":"https:\/\/joyadearte.com\/wp-content\/uploads\/2019\/06\/anillos_DSC6966.jpg","width":1620,"height":1080,"caption":"Ca\u00f1a de Azucar y Libertad"},{"@type":"BreadcrumbList","@id":"https:\/\/joyadearte.com\/product\/anillo-cana-de-azucar-libertad\/#breadcrumb","itemListElement":[{"@type":"ListItem","position":1,"name":"Portada","item":"https:\/\/joyadearte.com\/"},{"@type":"ListItem","position":2,"name":"Tienda","item":"https:\/\/joyadearte.com\/tienda\/"},{"@type":"ListItem","position":3,"name":"CA\u00d1A DE AZUCAR Y LIBERTAD"}]},{"@type":"WebSite","@id":"https:\/\/joyadearte.com\/en\/#website","url":"https:\/\/joyadearte.com\/en\/","name":"Joya de Arte","description":"Joya de Arte by Sandra Cepeda","publisher":{"@id":"https:\/\/joyadearte.com\/en\/#organization"},"potentialAction":[{"@type":"SearchAction","target":{"@type":"EntryPoint","urlTemplate":"https:\/\/joyadearte.com\/en\/?s={search_term_string}"},"query-input":{"@type":"PropertyValueSpecification","valueRequired":true,"valueName":"search_term_string"}}],"inLanguage":"es"},{"@type":"Organization","@id":"https:\/\/joyadearte.com\/en\/#organization","name":"Joya de Arte","url":"https:\/\/joyadearte.com\/en\/","logo":{"@type":"ImageObject","inLanguage":"es","@id":"https:\/\/joyadearte.com\/en\/#\/schema\/logo\/image\/","url":"https:\/\/joyadearte.com\/wp-content\/uploads\/2020\/08\/WhatsApp-Image-2020-08-13-at-8.15.09-PM.jpeg","contentUrl":"https:\/\/joyadearte.com\/wp-content\/uploads\/2020\/08\/WhatsApp-Image-2020-08-13-at-8.15.09-PM.jpeg","width":1280,"height":1280,"caption":"Joya de Arte"},"image":{"@id":"https:\/\/joyadearte.com\/en\/#\/schema\/logo\/image\/"},"sameAs":["https:\/\/www.facebook.com\/SandraCepedajoyadearte\/","https:\/\/www.instagram.com\/joyadearte_sandracepeda\/","https:\/\/es.wikipedia.org\/wiki\/Sandra_Cepeda"]}]}},"jetpack_sharing_enabled":true,"_links":{"self":[{"href":"https:\/\/joyadearte.com\/es\/wp-json\/wp\/v2\/product\/630","targetHints":{"allow":["GET"]}}],"collection":[{"href":"https:\/\/joyadearte.com\/es\/wp-json\/wp\/v2\/product"}],"about":[{"href":"https:\/\/joyadearte.com\/es\/wp-json\/wp\/v2\/types\/product"}],"replies":[{"embeddable":true,"href":"https:\/\/joyadearte.com\/es\/wp-json\/wp\/v2\/comments?post=630"}],"wp:featuredmedia":[{"embeddable":true,"href":"https:\/\/joyadearte.com\/es\/wp-json\/wp\/v2\/media\/334"}],"wp:attachment":[{"href":"https:\/\/joyadearte.com\/es\/wp-json\/wp\/v2\/media?parent=630"}],"wp:term":[{"taxonomy":"product_brand","embeddable":true,"href":"https:\/\/joyadearte.com\/es\/wp-json\/wp\/v2\/product_brand?post=630"},{"taxonomy":"product_cat","embeddable":true,"href":"https:\/\/joyadearte.com\/es\/wp-json\/wp\/v2\/product_cat?post=630"},{"taxonomy":"product_tag","embeddable":true,"href":"https:\/\/joyadearte.com\/es\/wp-json\/wp\/v2\/product_tag?post=630"}],"curies":[{"name":"wp","href":"https:\/\/api.w.org\/{rel}","templated":true}]}}