{"id":618,"date":"2019-06-29T22:07:50","date_gmt":"2019-06-29T20:07:50","guid":{"rendered":"http:\/\/joyadearte.com\/product\/anillo-23\/"},"modified":"2026-04-04T02:53:53","modified_gmt":"2026-04-04T00:53:53","slug":"anillo-surya-mudra","status":"publish","type":"product","link":"https:\/\/joyadearte.com\/es\/product\/anillo-surya-mudra\/","title":{"rendered":"ANILLO SURYA MUDRA"},"content":{"rendered":"<p>El Fuego Interior<\/p>\n<p>\u200bConecta con la energ\u00eda del sol. Este anillo rinde homenaje al Surya Mudra, el gesto sagrado de la mano que simboliza el elemento fuego. Al practicar este mudra, el dedo anular (que representa la tierra) se conecta con el pulgar (el fuego), equilibrando el metabolismo y renovando la vitalidad.<\/p>\n<p>\u200b\u00bfC\u00f3mo llevar el equilibrio contigo? Su dise\u00f1o ajustable no solo adorna tu mano, sino que sirve como un recordatorio visual para canalizar tu fuerza y claridad mental. Una joya de autor creada para almas que buscan sanaci\u00f3n, energ\u00eda y una conexi\u00f3n profunda con los ritmos del cuerpo y el cosmos.<\/p>\n","protected":false},"excerpt":{"rendered":"<p>Material: Plata .925 con chapa de oro de 10k<\/p>\n<p>Anillo ajustable medida de 4 a 8<\/p>\n","protected":false},"featured_media":322,"comment_status":"open","ping_status":"closed","template":"","meta":{"_monsterinsights_skip_tracking":false,"_monsterinsights_sitenote_active":false,"_monsterinsights_sitenote_note":"","_monsterinsights_sitenote_category":0},"product_brand":[],"product_cat":[17,42,18,118,32],"product_tag":[78],"class_list":{"0":"post-618","1":"product","2":"type-product","3":"status-publish","4":"has-post-thumbnail","6":"product_cat-colecciones","7":"product_cat-mudras","8":"product_cat-piezas","9":"product_cat-oro-10k","10":"product_cat-anillos","11":"product_tag-descuento","13":"first","14":"instock","15":"sale","16":"shipping-taxable","17":"purchasable","18":"product-type-simple","19":"add-to-wishlist-after_add_to_cart"},"yoast_head":"<!-- This site is optimized with the Yoast SEO plugin v25.6 - https:\/\/yoast.com\/wordpress\/plugins\/seo\/ -->\n<title>ANILLO SURYA MUDRA - Joya de Arte<\/title>\n<meta name=\"description\" content=\"Anillo Surya Mudra. Dise\u00f1o ajustable que celebra el mudra del sol. Una joya que simboliza energ\u00eda, equilibrio y el fuego interior para tu bienestar.\" \/>\n<meta name=\"robots\" content=\"index, follow, max-snippet:-1, max-image-preview:large, max-video-preview:-1\" \/>\n<link rel=\"canonical\" href=\"https:\/\/joyadearte.com\/es\/product\/anillo-surya-mudra\/\" \/>\n<meta property=\"og:locale\" content=\"es_ES\" \/>\n<meta property=\"og:type\" content=\"article\" \/>\n<meta property=\"og:title\" content=\"ANILLO SURYA MUDRA - Joya de Arte\" \/>\n<meta property=\"og:description\" content=\"Anillo Surya Mudra. Dise\u00f1o ajustable que celebra el mudra del sol. Una joya que simboliza energ\u00eda, equilibrio y el fuego interior para tu bienestar.\" \/>\n<meta property=\"og:url\" content=\"https:\/\/joyadearte.com\/es\/product\/anillo-surya-mudra\/\" \/>\n<meta property=\"og:site_name\" content=\"Joya de Arte\" \/>\n<meta property=\"article:publisher\" content=\"https:\/\/www.facebook.com\/SandraCepedajoyadearte\/\" \/>\n<meta property=\"article:modified_time\" content=\"2026-04-04T00:53:53+00:00\" \/>\n<meta property=\"og:image\" content=\"https:\/\/joyadearte.com\/wp-content\/uploads\/2019\/06\/anillos_DSC6898.jpg\" \/>\n\t<meta property=\"og:image:width\" content=\"1619\" \/>\n\t<meta property=\"og:image:height\" content=\"1080\" \/>\n\t<meta property=\"og:image:type\" content=\"image\/jpeg\" \/>\n<meta name=\"twitter:card\" content=\"summary_large_image\" \/>\n<meta name=\"twitter:label1\" content=\"Tiempo de lectura\" \/>\n\t<meta name=\"twitter:data1\" content=\"1 minuto\" \/>\n<script type=\"application\/ld+json\" class=\"yoast-schema-graph\">{\"@context\":\"https:\/\/schema.org\",\"@graph\":[{\"@type\":\"WebPage\",\"@id\":\"https:\/\/joyadearte.com\/product\/anillo-surya-mudra\/\",\"url\":\"https:\/\/joyadearte.com\/product\/anillo-surya-mudra\/\",\"name\":\"ANILLO SURYA MUDRA - Joya de Arte\",\"isPartOf\":{\"@id\":\"https:\/\/joyadearte.com\/en\/#website\"},\"primaryImageOfPage\":{\"@id\":\"https:\/\/joyadearte.com\/product\/anillo-surya-mudra\/#primaryimage\"},\"image\":{\"@id\":\"https:\/\/joyadearte.com\/product\/anillo-surya-mudra\/#primaryimage\"},\"thumbnailUrl\":\"https:\/\/joyadearte.com\/wp-content\/uploads\/2019\/06\/anillos_DSC6898.jpg\",\"datePublished\":\"2019-06-29T20:07:50+00:00\",\"dateModified\":\"2026-04-04T00:53:53+00:00\",\"description\":\"Anillo Surya Mudra. Dise\u00f1o ajustable que celebra el mudra del sol. Una joya que simboliza energ\u00eda, equilibrio y el fuego interior para tu bienestar.\",\"breadcrumb\":{\"@id\":\"https:\/\/joyadearte.com\/product\/anillo-surya-mudra\/#breadcrumb\"},\"inLanguage\":\"es\",\"potentialAction\":[{\"@type\":\"ReadAction\",\"target\":[\"https:\/\/joyadearte.com\/product\/anillo-surya-mudra\/\"]}]},{\"@type\":\"ImageObject\",\"inLanguage\":\"es\",\"@id\":\"https:\/\/joyadearte.com\/product\/anillo-surya-mudra\/#primaryimage\",\"url\":\"https:\/\/joyadearte.com\/wp-content\/uploads\/2019\/06\/anillos_DSC6898.jpg\",\"contentUrl\":\"https:\/\/joyadearte.com\/wp-content\/uploads\/2019\/06\/anillos_DSC6898.jpg\",\"width\":1619,\"height\":1080,\"caption\":\"Anillo Surya Mudra. Dise\u00f1o ajustable que celebra el mudra del sol. Una joya que simboliza energ\u00eda, equilibrio y el fuego interior para tu bienestar.\"},{\"@type\":\"BreadcrumbList\",\"@id\":\"https:\/\/joyadearte.com\/product\/anillo-surya-mudra\/#breadcrumb\",\"itemListElement\":[{\"@type\":\"ListItem\",\"position\":1,\"name\":\"Portada\",\"item\":\"https:\/\/joyadearte.com\/\"},{\"@type\":\"ListItem\",\"position\":2,\"name\":\"Tienda\",\"item\":\"https:\/\/joyadearte.com\/tienda\/\"},{\"@type\":\"ListItem\",\"position\":3,\"name\":\"ANILLO SURYA MUDRA\"}]},{\"@type\":\"WebSite\",\"@id\":\"https:\/\/joyadearte.com\/en\/#website\",\"url\":\"https:\/\/joyadearte.com\/en\/\",\"name\":\"Joya de Arte\",\"description\":\"Joya de Arte by Sandra Cepeda\",\"publisher\":{\"@id\":\"https:\/\/joyadearte.com\/en\/#organization\"},\"potentialAction\":[{\"@type\":\"SearchAction\",\"target\":{\"@type\":\"EntryPoint\",\"urlTemplate\":\"https:\/\/joyadearte.com\/en\/?s={search_term_string}\"},\"query-input\":{\"@type\":\"PropertyValueSpecification\",\"valueRequired\":true,\"valueName\":\"search_term_string\"}}],\"inLanguage\":\"es\"},{\"@type\":\"Organization\",\"@id\":\"https:\/\/joyadearte.com\/en\/#organization\",\"name\":\"Joya de Arte\",\"url\":\"https:\/\/joyadearte.com\/en\/\",\"logo\":{\"@type\":\"ImageObject\",\"inLanguage\":\"es\",\"@id\":\"https:\/\/joyadearte.com\/en\/#\/schema\/logo\/image\/\",\"url\":\"https:\/\/joyadearte.com\/wp-content\/uploads\/2020\/08\/WhatsApp-Image-2020-08-13-at-8.15.09-PM.jpeg\",\"contentUrl\":\"https:\/\/joyadearte.com\/wp-content\/uploads\/2020\/08\/WhatsApp-Image-2020-08-13-at-8.15.09-PM.jpeg\",\"width\":1280,\"height\":1280,\"caption\":\"Joya de Arte\"},\"image\":{\"@id\":\"https:\/\/joyadearte.com\/en\/#\/schema\/logo\/image\/\"},\"sameAs\":[\"https:\/\/www.facebook.com\/SandraCepedajoyadearte\/\",\"https:\/\/www.instagram.com\/joyadearte_sandracepeda\/\",\"https:\/\/es.wikipedia.org\/wiki\/Sandra_Cepeda\"]}]}<\/script>\n<!-- \/ Yoast SEO plugin. -->","yoast_head_json":{"title":"ANILLO SURYA MUDRA - Joya de Arte","description":"Anillo Surya Mudra. Dise\u00f1o ajustable que celebra el mudra del sol. Una joya que simboliza energ\u00eda, equilibrio y el fuego interior para tu bienestar.","robots":{"index":"index","follow":"follow","max-snippet":"max-snippet:-1","max-image-preview":"max-image-preview:large","max-video-preview":"max-video-preview:-1"},"canonical":"https:\/\/joyadearte.com\/es\/product\/anillo-surya-mudra\/","og_locale":"es_ES","og_type":"article","og_title":"ANILLO SURYA MUDRA - Joya de Arte","og_description":"Anillo Surya Mudra. Dise\u00f1o ajustable que celebra el mudra del sol. Una joya que simboliza energ\u00eda, equilibrio y el fuego interior para tu bienestar.","og_url":"https:\/\/joyadearte.com\/es\/product\/anillo-surya-mudra\/","og_site_name":"Joya de Arte","article_publisher":"https:\/\/www.facebook.com\/SandraCepedajoyadearte\/","article_modified_time":"2026-04-04T00:53:53+00:00","og_image":[{"width":1619,"height":1080,"url":"https:\/\/joyadearte.com\/wp-content\/uploads\/2019\/06\/anillos_DSC6898.jpg","type":"image\/jpeg"}],"twitter_card":"summary_large_image","twitter_misc":{"Tiempo de lectura":"1 minuto"},"schema":{"@context":"https:\/\/schema.org","@graph":[{"@type":"WebPage","@id":"https:\/\/joyadearte.com\/product\/anillo-surya-mudra\/","url":"https:\/\/joyadearte.com\/product\/anillo-surya-mudra\/","name":"ANILLO SURYA MUDRA - Joya de Arte","isPartOf":{"@id":"https:\/\/joyadearte.com\/en\/#website"},"primaryImageOfPage":{"@id":"https:\/\/joyadearte.com\/product\/anillo-surya-mudra\/#primaryimage"},"image":{"@id":"https:\/\/joyadearte.com\/product\/anillo-surya-mudra\/#primaryimage"},"thumbnailUrl":"https:\/\/joyadearte.com\/wp-content\/uploads\/2019\/06\/anillos_DSC6898.jpg","datePublished":"2019-06-29T20:07:50+00:00","dateModified":"2026-04-04T00:53:53+00:00","description":"Anillo Surya Mudra. Dise\u00f1o ajustable que celebra el mudra del sol. Una joya que simboliza energ\u00eda, equilibrio y el fuego interior para tu bienestar.","breadcrumb":{"@id":"https:\/\/joyadearte.com\/product\/anillo-surya-mudra\/#breadcrumb"},"inLanguage":"es","potentialAction":[{"@type":"ReadAction","target":["https:\/\/joyadearte.com\/product\/anillo-surya-mudra\/"]}]},{"@type":"ImageObject","inLanguage":"es","@id":"https:\/\/joyadearte.com\/product\/anillo-surya-mudra\/#primaryimage","url":"https:\/\/joyadearte.com\/wp-content\/uploads\/2019\/06\/anillos_DSC6898.jpg","contentUrl":"https:\/\/joyadearte.com\/wp-content\/uploads\/2019\/06\/anillos_DSC6898.jpg","width":1619,"height":1080,"caption":"Anillo Surya Mudra. Dise\u00f1o ajustable que celebra el mudra del sol. Una joya que simboliza energ\u00eda, equilibrio y el fuego interior para tu bienestar."},{"@type":"BreadcrumbList","@id":"https:\/\/joyadearte.com\/product\/anillo-surya-mudra\/#breadcrumb","itemListElement":[{"@type":"ListItem","position":1,"name":"Portada","item":"https:\/\/joyadearte.com\/"},{"@type":"ListItem","position":2,"name":"Tienda","item":"https:\/\/joyadearte.com\/tienda\/"},{"@type":"ListItem","position":3,"name":"ANILLO SURYA MUDRA"}]},{"@type":"WebSite","@id":"https:\/\/joyadearte.com\/en\/#website","url":"https:\/\/joyadearte.com\/en\/","name":"Joya de Arte","description":"Joya de Arte by Sandra Cepeda","publisher":{"@id":"https:\/\/joyadearte.com\/en\/#organization"},"potentialAction":[{"@type":"SearchAction","target":{"@type":"EntryPoint","urlTemplate":"https:\/\/joyadearte.com\/en\/?s={search_term_string}"},"query-input":{"@type":"PropertyValueSpecification","valueRequired":true,"valueName":"search_term_string"}}],"inLanguage":"es"},{"@type":"Organization","@id":"https:\/\/joyadearte.com\/en\/#organization","name":"Joya de Arte","url":"https:\/\/joyadearte.com\/en\/","logo":{"@type":"ImageObject","inLanguage":"es","@id":"https:\/\/joyadearte.com\/en\/#\/schema\/logo\/image\/","url":"https:\/\/joyadearte.com\/wp-content\/uploads\/2020\/08\/WhatsApp-Image-2020-08-13-at-8.15.09-PM.jpeg","contentUrl":"https:\/\/joyadearte.com\/wp-content\/uploads\/2020\/08\/WhatsApp-Image-2020-08-13-at-8.15.09-PM.jpeg","width":1280,"height":1280,"caption":"Joya de Arte"},"image":{"@id":"https:\/\/joyadearte.com\/en\/#\/schema\/logo\/image\/"},"sameAs":["https:\/\/www.facebook.com\/SandraCepedajoyadearte\/","https:\/\/www.instagram.com\/joyadearte_sandracepeda\/","https:\/\/es.wikipedia.org\/wiki\/Sandra_Cepeda"]}]}},"jetpack_sharing_enabled":true,"_links":{"self":[{"href":"https:\/\/joyadearte.com\/es\/wp-json\/wp\/v2\/product\/618","targetHints":{"allow":["GET"]}}],"collection":[{"href":"https:\/\/joyadearte.com\/es\/wp-json\/wp\/v2\/product"}],"about":[{"href":"https:\/\/joyadearte.com\/es\/wp-json\/wp\/v2\/types\/product"}],"replies":[{"embeddable":true,"href":"https:\/\/joyadearte.com\/es\/wp-json\/wp\/v2\/comments?post=618"}],"wp:featuredmedia":[{"embeddable":true,"href":"https:\/\/joyadearte.com\/es\/wp-json\/wp\/v2\/media\/322"}],"wp:attachment":[{"href":"https:\/\/joyadearte.com\/es\/wp-json\/wp\/v2\/media?parent=618"}],"wp:term":[{"taxonomy":"product_brand","embeddable":true,"href":"https:\/\/joyadearte.com\/es\/wp-json\/wp\/v2\/product_brand?post=618"},{"taxonomy":"product_cat","embeddable":true,"href":"https:\/\/joyadearte.com\/es\/wp-json\/wp\/v2\/product_cat?post=618"},{"taxonomy":"product_tag","embeddable":true,"href":"https:\/\/joyadearte.com\/es\/wp-json\/wp\/v2\/product_tag?post=618"}],"curies":[{"name":"wp","href":"https:\/\/api.w.org\/{rel}","templated":true}]}}