{"id":607,"date":"2019-06-29T22:07:48","date_gmt":"2019-06-29T20:07:48","guid":{"rendered":"http:\/\/joyadearte.com\/product\/anillo-12\/"},"modified":"2026-04-04T02:55:27","modified_gmt":"2026-04-04T00:55:27","slug":"anillo-fiesta-there-is-no-manana-plata","status":"publish","type":"product","link":"https:\/\/joyadearte.com\/es\/product\/anillo-fiesta-there-is-no-manana-plata\/","title":{"rendered":"FIESTA LIKE THERE IS NO MA\u00d1ANA PLATA"},"content":{"rendered":"<p>El Baile de la Eternidad<\/p>\n<p>\u200bInspirado en el genio de Jos\u00e9 Guadalupe Posada, este anillo rinde homenaje a la Catrina y a la esencia de la identidad mexicana: re\u00edrse de la muerte para celebrar la vida. Forjada en plata, esta pieza captura el ciclo de cambio constante, record\u00e1ndonos que lo ef\u00edmero es lo que nos hace vibrar. Su dise\u00f1o ajustable abraza el dedo como un recordatorio de que cada momento es \u00fanico. Una joya de autor creada para quienes portan el legado de la tradici\u00f3n con la rebeld\u00eda de vivir intensamente el presente.<\/p>\n","protected":false},"excerpt":{"rendered":"<p>Material: Plata .950<\/p>\n<p>Anillo ajustable medida de 4 a 8<\/p>\n","protected":false},"featured_media":311,"comment_status":"open","ping_status":"closed","template":"","meta":{"_monsterinsights_skip_tracking":false,"_monsterinsights_sitenote_active":false,"_monsterinsights_sitenote_note":"","_monsterinsights_sitenote_category":0},"product_brand":[],"product_cat":[17,29,18,117,32],"product_tag":[114],"class_list":{"0":"post-607","1":"product","2":"type-product","3":"status-publish","4":"has-post-thumbnail","6":"product_cat-colecciones","7":"product_cat-muralistas","8":"product_cat-piezas","9":"product_cat-plata-925","10":"product_cat-anillos","11":"product_tag-nodiscount","13":"first","14":"onbackorder","15":"shipping-taxable","16":"purchasable","17":"product-type-simple","18":"add-to-wishlist-after_add_to_cart"},"yoast_head":"<!-- This site is optimized with the Yoast SEO plugin v25.6 - https:\/\/yoast.com\/wordpress\/plugins\/seo\/ -->\n<title>FIESTA LIKE THERE IS NO MA\u00d1ANA PLATA - Joya de Arte<\/title>\n<meta name=\"description\" content=\"Anillo inspirado en Posada. Plata ley y dise\u00f1o ajustable. Una joya que celebra la Catrina, el ciclo de la vida y el arte de vivir sin ma\u00f1ana.\" \/>\n<meta name=\"robots\" content=\"index, follow, max-snippet:-1, max-image-preview:large, max-video-preview:-1\" \/>\n<link rel=\"canonical\" href=\"https:\/\/joyadearte.com\/es\/product\/anillo-fiesta-there-is-no-manana-plata\/\" \/>\n<meta property=\"og:locale\" content=\"es_ES\" \/>\n<meta property=\"og:type\" content=\"article\" \/>\n<meta property=\"og:title\" content=\"FIESTA LIKE THERE IS NO MA\u00d1ANA PLATA - Joya de Arte\" \/>\n<meta property=\"og:description\" content=\"Anillo inspirado en Posada. Plata ley y dise\u00f1o ajustable. Una joya que celebra la Catrina, el ciclo de la vida y el arte de vivir sin ma\u00f1ana.\" \/>\n<meta property=\"og:url\" content=\"https:\/\/joyadearte.com\/es\/product\/anillo-fiesta-there-is-no-manana-plata\/\" \/>\n<meta property=\"og:site_name\" content=\"Joya de Arte\" \/>\n<meta property=\"article:publisher\" content=\"https:\/\/www.facebook.com\/SandraCepedajoyadearte\/\" \/>\n<meta property=\"article:modified_time\" content=\"2026-04-04T00:55:27+00:00\" \/>\n<meta property=\"og:image\" content=\"https:\/\/joyadearte.com\/wp-content\/uploads\/2019\/06\/anillos_DSC6851.jpg\" \/>\n\t<meta property=\"og:image:width\" content=\"1624\" \/>\n\t<meta property=\"og:image:height\" content=\"1080\" \/>\n\t<meta property=\"og:image:type\" content=\"image\/jpeg\" \/>\n<meta name=\"twitter:card\" content=\"summary_large_image\" \/>\n<meta name=\"twitter:label1\" content=\"Tiempo de lectura\" \/>\n\t<meta name=\"twitter:data1\" content=\"1 minuto\" \/>\n<script type=\"application\/ld+json\" class=\"yoast-schema-graph\">{\"@context\":\"https:\/\/schema.org\",\"@graph\":[{\"@type\":\"WebPage\",\"@id\":\"https:\/\/joyadearte.com\/product\/anillo-fiesta-there-is-no-manana-plata\/\",\"url\":\"https:\/\/joyadearte.com\/product\/anillo-fiesta-there-is-no-manana-plata\/\",\"name\":\"FIESTA LIKE THERE IS NO MA\u00d1ANA PLATA - Joya de Arte\",\"isPartOf\":{\"@id\":\"https:\/\/joyadearte.com\/en\/#website\"},\"primaryImageOfPage\":{\"@id\":\"https:\/\/joyadearte.com\/product\/anillo-fiesta-there-is-no-manana-plata\/#primaryimage\"},\"image\":{\"@id\":\"https:\/\/joyadearte.com\/product\/anillo-fiesta-there-is-no-manana-plata\/#primaryimage\"},\"thumbnailUrl\":\"https:\/\/joyadearte.com\/wp-content\/uploads\/2019\/06\/anillos_DSC6851.jpg\",\"datePublished\":\"2019-06-29T20:07:48+00:00\",\"dateModified\":\"2026-04-04T00:55:27+00:00\",\"description\":\"Anillo inspirado en Posada. Plata ley y dise\u00f1o ajustable. Una joya que celebra la Catrina, el ciclo de la vida y el arte de vivir sin ma\u00f1ana.\",\"breadcrumb\":{\"@id\":\"https:\/\/joyadearte.com\/product\/anillo-fiesta-there-is-no-manana-plata\/#breadcrumb\"},\"inLanguage\":\"es\",\"potentialAction\":[{\"@type\":\"ReadAction\",\"target\":[\"https:\/\/joyadearte.com\/product\/anillo-fiesta-there-is-no-manana-plata\/\"]}]},{\"@type\":\"ImageObject\",\"inLanguage\":\"es\",\"@id\":\"https:\/\/joyadearte.com\/product\/anillo-fiesta-there-is-no-manana-plata\/#primaryimage\",\"url\":\"https:\/\/joyadearte.com\/wp-content\/uploads\/2019\/06\/anillos_DSC6851.jpg\",\"contentUrl\":\"https:\/\/joyadearte.com\/wp-content\/uploads\/2019\/06\/anillos_DSC6851.jpg\",\"width\":1624,\"height\":1080,\"caption\":\"Fiesta There is no Ma\u00f1ana Plata\"},{\"@type\":\"BreadcrumbList\",\"@id\":\"https:\/\/joyadearte.com\/product\/anillo-fiesta-there-is-no-manana-plata\/#breadcrumb\",\"itemListElement\":[{\"@type\":\"ListItem\",\"position\":1,\"name\":\"Portada\",\"item\":\"https:\/\/joyadearte.com\/\"},{\"@type\":\"ListItem\",\"position\":2,\"name\":\"Tienda\",\"item\":\"https:\/\/joyadearte.com\/tienda\/\"},{\"@type\":\"ListItem\",\"position\":3,\"name\":\"FIESTA LIKE THERE IS NO MA\u00d1ANA PLATA\"}]},{\"@type\":\"WebSite\",\"@id\":\"https:\/\/joyadearte.com\/en\/#website\",\"url\":\"https:\/\/joyadearte.com\/en\/\",\"name\":\"Joya de Arte\",\"description\":\"Joya de Arte by Sandra Cepeda\",\"publisher\":{\"@id\":\"https:\/\/joyadearte.com\/en\/#organization\"},\"potentialAction\":[{\"@type\":\"SearchAction\",\"target\":{\"@type\":\"EntryPoint\",\"urlTemplate\":\"https:\/\/joyadearte.com\/en\/?s={search_term_string}\"},\"query-input\":{\"@type\":\"PropertyValueSpecification\",\"valueRequired\":true,\"valueName\":\"search_term_string\"}}],\"inLanguage\":\"es\"},{\"@type\":\"Organization\",\"@id\":\"https:\/\/joyadearte.com\/en\/#organization\",\"name\":\"Joya de Arte\",\"url\":\"https:\/\/joyadearte.com\/en\/\",\"logo\":{\"@type\":\"ImageObject\",\"inLanguage\":\"es\",\"@id\":\"https:\/\/joyadearte.com\/en\/#\/schema\/logo\/image\/\",\"url\":\"https:\/\/joyadearte.com\/wp-content\/uploads\/2020\/08\/WhatsApp-Image-2020-08-13-at-8.15.09-PM.jpeg\",\"contentUrl\":\"https:\/\/joyadearte.com\/wp-content\/uploads\/2020\/08\/WhatsApp-Image-2020-08-13-at-8.15.09-PM.jpeg\",\"width\":1280,\"height\":1280,\"caption\":\"Joya de Arte\"},\"image\":{\"@id\":\"https:\/\/joyadearte.com\/en\/#\/schema\/logo\/image\/\"},\"sameAs\":[\"https:\/\/www.facebook.com\/SandraCepedajoyadearte\/\",\"https:\/\/www.instagram.com\/joyadearte_sandracepeda\/\",\"https:\/\/es.wikipedia.org\/wiki\/Sandra_Cepeda\"]}]}<\/script>\n<!-- \/ Yoast SEO plugin. -->","yoast_head_json":{"title":"FIESTA LIKE THERE IS NO MA\u00d1ANA PLATA - Joya de Arte","description":"Anillo inspirado en Posada. Plata ley y dise\u00f1o ajustable. Una joya que celebra la Catrina, el ciclo de la vida y el arte de vivir sin ma\u00f1ana.","robots":{"index":"index","follow":"follow","max-snippet":"max-snippet:-1","max-image-preview":"max-image-preview:large","max-video-preview":"max-video-preview:-1"},"canonical":"https:\/\/joyadearte.com\/es\/product\/anillo-fiesta-there-is-no-manana-plata\/","og_locale":"es_ES","og_type":"article","og_title":"FIESTA LIKE THERE IS NO MA\u00d1ANA PLATA - Joya de Arte","og_description":"Anillo inspirado en Posada. Plata ley y dise\u00f1o ajustable. Una joya que celebra la Catrina, el ciclo de la vida y el arte de vivir sin ma\u00f1ana.","og_url":"https:\/\/joyadearte.com\/es\/product\/anillo-fiesta-there-is-no-manana-plata\/","og_site_name":"Joya de Arte","article_publisher":"https:\/\/www.facebook.com\/SandraCepedajoyadearte\/","article_modified_time":"2026-04-04T00:55:27+00:00","og_image":[{"width":1624,"height":1080,"url":"https:\/\/joyadearte.com\/wp-content\/uploads\/2019\/06\/anillos_DSC6851.jpg","type":"image\/jpeg"}],"twitter_card":"summary_large_image","twitter_misc":{"Tiempo de lectura":"1 minuto"},"schema":{"@context":"https:\/\/schema.org","@graph":[{"@type":"WebPage","@id":"https:\/\/joyadearte.com\/product\/anillo-fiesta-there-is-no-manana-plata\/","url":"https:\/\/joyadearte.com\/product\/anillo-fiesta-there-is-no-manana-plata\/","name":"FIESTA LIKE THERE IS NO MA\u00d1ANA PLATA - Joya de Arte","isPartOf":{"@id":"https:\/\/joyadearte.com\/en\/#website"},"primaryImageOfPage":{"@id":"https:\/\/joyadearte.com\/product\/anillo-fiesta-there-is-no-manana-plata\/#primaryimage"},"image":{"@id":"https:\/\/joyadearte.com\/product\/anillo-fiesta-there-is-no-manana-plata\/#primaryimage"},"thumbnailUrl":"https:\/\/joyadearte.com\/wp-content\/uploads\/2019\/06\/anillos_DSC6851.jpg","datePublished":"2019-06-29T20:07:48+00:00","dateModified":"2026-04-04T00:55:27+00:00","description":"Anillo inspirado en Posada. Plata ley y dise\u00f1o ajustable. Una joya que celebra la Catrina, el ciclo de la vida y el arte de vivir sin ma\u00f1ana.","breadcrumb":{"@id":"https:\/\/joyadearte.com\/product\/anillo-fiesta-there-is-no-manana-plata\/#breadcrumb"},"inLanguage":"es","potentialAction":[{"@type":"ReadAction","target":["https:\/\/joyadearte.com\/product\/anillo-fiesta-there-is-no-manana-plata\/"]}]},{"@type":"ImageObject","inLanguage":"es","@id":"https:\/\/joyadearte.com\/product\/anillo-fiesta-there-is-no-manana-plata\/#primaryimage","url":"https:\/\/joyadearte.com\/wp-content\/uploads\/2019\/06\/anillos_DSC6851.jpg","contentUrl":"https:\/\/joyadearte.com\/wp-content\/uploads\/2019\/06\/anillos_DSC6851.jpg","width":1624,"height":1080,"caption":"Fiesta There is no Ma\u00f1ana Plata"},{"@type":"BreadcrumbList","@id":"https:\/\/joyadearte.com\/product\/anillo-fiesta-there-is-no-manana-plata\/#breadcrumb","itemListElement":[{"@type":"ListItem","position":1,"name":"Portada","item":"https:\/\/joyadearte.com\/"},{"@type":"ListItem","position":2,"name":"Tienda","item":"https:\/\/joyadearte.com\/tienda\/"},{"@type":"ListItem","position":3,"name":"FIESTA LIKE THERE IS NO MA\u00d1ANA PLATA"}]},{"@type":"WebSite","@id":"https:\/\/joyadearte.com\/en\/#website","url":"https:\/\/joyadearte.com\/en\/","name":"Joya de Arte","description":"Joya de Arte by Sandra Cepeda","publisher":{"@id":"https:\/\/joyadearte.com\/en\/#organization"},"potentialAction":[{"@type":"SearchAction","target":{"@type":"EntryPoint","urlTemplate":"https:\/\/joyadearte.com\/en\/?s={search_term_string}"},"query-input":{"@type":"PropertyValueSpecification","valueRequired":true,"valueName":"search_term_string"}}],"inLanguage":"es"},{"@type":"Organization","@id":"https:\/\/joyadearte.com\/en\/#organization","name":"Joya de Arte","url":"https:\/\/joyadearte.com\/en\/","logo":{"@type":"ImageObject","inLanguage":"es","@id":"https:\/\/joyadearte.com\/en\/#\/schema\/logo\/image\/","url":"https:\/\/joyadearte.com\/wp-content\/uploads\/2020\/08\/WhatsApp-Image-2020-08-13-at-8.15.09-PM.jpeg","contentUrl":"https:\/\/joyadearte.com\/wp-content\/uploads\/2020\/08\/WhatsApp-Image-2020-08-13-at-8.15.09-PM.jpeg","width":1280,"height":1280,"caption":"Joya de Arte"},"image":{"@id":"https:\/\/joyadearte.com\/en\/#\/schema\/logo\/image\/"},"sameAs":["https:\/\/www.facebook.com\/SandraCepedajoyadearte\/","https:\/\/www.instagram.com\/joyadearte_sandracepeda\/","https:\/\/es.wikipedia.org\/wiki\/Sandra_Cepeda"]}]}},"jetpack_sharing_enabled":true,"_links":{"self":[{"href":"https:\/\/joyadearte.com\/es\/wp-json\/wp\/v2\/product\/607","targetHints":{"allow":["GET"]}}],"collection":[{"href":"https:\/\/joyadearte.com\/es\/wp-json\/wp\/v2\/product"}],"about":[{"href":"https:\/\/joyadearte.com\/es\/wp-json\/wp\/v2\/types\/product"}],"replies":[{"embeddable":true,"href":"https:\/\/joyadearte.com\/es\/wp-json\/wp\/v2\/comments?post=607"}],"wp:featuredmedia":[{"embeddable":true,"href":"https:\/\/joyadearte.com\/es\/wp-json\/wp\/v2\/media\/311"}],"wp:attachment":[{"href":"https:\/\/joyadearte.com\/es\/wp-json\/wp\/v2\/media?parent=607"}],"wp:term":[{"taxonomy":"product_brand","embeddable":true,"href":"https:\/\/joyadearte.com\/es\/wp-json\/wp\/v2\/product_brand?post=607"},{"taxonomy":"product_cat","embeddable":true,"href":"https:\/\/joyadearte.com\/es\/wp-json\/wp\/v2\/product_cat?post=607"},{"taxonomy":"product_tag","embeddable":true,"href":"https:\/\/joyadearte.com\/es\/wp-json\/wp\/v2\/product_tag?post=607"}],"curies":[{"name":"wp","href":"https:\/\/api.w.org\/{rel}","templated":true}]}}