{"id":2980,"date":"2025-11-15T21:13:25","date_gmt":"2025-11-15T20:13:25","guid":{"rendered":"https:\/\/joyadearte.com\/?post_type=product&#038;p=2980"},"modified":"2026-04-03T00:32:52","modified_gmt":"2026-04-02T22:32:52","slug":"dije-god-is-the-only-artist","status":"publish","type":"product","link":"https:\/\/joyadearte.com\/es\/product\/dije-god-is-the-only-artist\/","title":{"rendered":"DIJE GOD IS THE ONLY ARTIST"},"content":{"rendered":"<p>\u00bfTe has preguntado c\u00f3mo llevar una declaraci\u00f3n de humildad y genialidad est\u00e9tica al mismo tiempo? Este dije es un manifiesto. Con la frase \u00abGod is the only artist\u00bb, esta pieza rinde tributo a la perfecci\u00f3n de la creaci\u00f3n natural que nos rodea. \u00bfBuscas un regalo para un creativo o un alma espiritual que aprecie la belleza suprema? Es la pieza de conversaci\u00f3n definitiva. Un dise\u00f1o minimalista con un mensaje maximalista que te recuerda que, aunque intentemos crear belleza, la obra maestra ya est\u00e1 ah\u00ed fuera. Pura sofisticaci\u00f3n filos\u00f3fica.<\/p>\n<p>No incluye cadena<\/p>\n<p>Plata .925 con chapa de oro de 10k<\/p>\n","protected":false},"excerpt":{"rendered":"<p>Material: Plata .925 con chapa de oro de 10k<\/p>\n","protected":false},"featured_media":2982,"comment_status":"open","ping_status":"closed","template":"","meta":{"_monsterinsights_skip_tracking":false,"_monsterinsights_sitenote_active":false,"_monsterinsights_sitenote_note":"","_monsterinsights_sitenote_category":0},"product_brand":[],"product_cat":[17,113,118,31],"product_tag":[114],"class_list":{"0":"post-2980","1":"product","2":"type-product","3":"status-publish","4":"has-post-thumbnail","6":"product_cat-colecciones","7":"product_cat-dreamers","8":"product_cat-oro-10k","9":"product_cat-dijes-y-collares","10":"product_tag-nodiscount","12":"first","13":"instock","14":"shipping-taxable","15":"purchasable","16":"product-type-simple","17":"add-to-wishlist-after_add_to_cart"},"yoast_head":"<!-- This site is optimized with the Yoast SEO plugin v25.6 - https:\/\/yoast.com\/wordpress\/plugins\/seo\/ -->\n<title>DIJE GOD IS THE ONLY ARTIST - Joya de Arte<\/title>\n<meta name=\"description\" content=\"Dije &quot;God is the only artist&quot;: una joya filos\u00f3fica de Joyas de Arte. El accesorio perfecto para creativos que reconocen la belleza suprema en cada detalle.\" \/>\n<meta name=\"robots\" content=\"index, follow, max-snippet:-1, max-image-preview:large, max-video-preview:-1\" \/>\n<link rel=\"canonical\" href=\"https:\/\/joyadearte.com\/es\/product\/dije-god-is-the-only-artist\/\" \/>\n<meta property=\"og:locale\" content=\"es_ES\" \/>\n<meta property=\"og:type\" content=\"article\" \/>\n<meta property=\"og:title\" content=\"DIJE GOD IS THE ONLY ARTIST - Joya de Arte\" \/>\n<meta property=\"og:description\" content=\"Dije &quot;God is the only artist&quot;: una joya filos\u00f3fica de Joyas de Arte. El accesorio perfecto para creativos que reconocen la belleza suprema en cada detalle.\" \/>\n<meta property=\"og:url\" content=\"https:\/\/joyadearte.com\/es\/product\/dije-god-is-the-only-artist\/\" \/>\n<meta property=\"og:site_name\" content=\"Joya de Arte\" \/>\n<meta property=\"article:publisher\" content=\"https:\/\/www.facebook.com\/SandraCepedajoyadearte\/\" \/>\n<meta property=\"article:modified_time\" content=\"2026-04-02T22:32:52+00:00\" \/>\n<meta property=\"og:image\" content=\"https:\/\/joyadearte.com\/wp-content\/uploads\/2025\/11\/DSC8898-e1763596342572.jpg\" \/>\n\t<meta property=\"og:image:width\" content=\"1236\" \/>\n\t<meta property=\"og:image:height\" content=\"1562\" \/>\n\t<meta property=\"og:image:type\" content=\"image\/jpeg\" \/>\n<meta name=\"twitter:card\" content=\"summary_large_image\" \/>\n<meta name=\"twitter:label1\" content=\"Tiempo de lectura\" \/>\n\t<meta name=\"twitter:data1\" content=\"1 minuto\" \/>\n<script type=\"application\/ld+json\" class=\"yoast-schema-graph\">{\"@context\":\"https:\/\/schema.org\",\"@graph\":[{\"@type\":\"WebPage\",\"@id\":\"https:\/\/joyadearte.com\/product\/dije-god-is-the-only-artist\/\",\"url\":\"https:\/\/joyadearte.com\/product\/dije-god-is-the-only-artist\/\",\"name\":\"DIJE GOD IS THE ONLY ARTIST - Joya de Arte\",\"isPartOf\":{\"@id\":\"https:\/\/joyadearte.com\/en\/#website\"},\"primaryImageOfPage\":{\"@id\":\"https:\/\/joyadearte.com\/product\/dije-god-is-the-only-artist\/#primaryimage\"},\"image\":{\"@id\":\"https:\/\/joyadearte.com\/product\/dije-god-is-the-only-artist\/#primaryimage\"},\"thumbnailUrl\":\"https:\/\/joyadearte.com\/wp-content\/uploads\/2025\/11\/DSC8898-e1763596342572.jpg\",\"datePublished\":\"2025-11-15T20:13:25+00:00\",\"dateModified\":\"2026-04-02T22:32:52+00:00\",\"description\":\"Dije \\\"God is the only artist\\\": una joya filos\u00f3fica de Joyas de Arte. El accesorio perfecto para creativos que reconocen la belleza suprema en cada detalle.\",\"breadcrumb\":{\"@id\":\"https:\/\/joyadearte.com\/product\/dije-god-is-the-only-artist\/#breadcrumb\"},\"inLanguage\":\"es\",\"potentialAction\":[{\"@type\":\"ReadAction\",\"target\":[\"https:\/\/joyadearte.com\/product\/dije-god-is-the-only-artist\/\"]}]},{\"@type\":\"ImageObject\",\"inLanguage\":\"es\",\"@id\":\"https:\/\/joyadearte.com\/product\/dije-god-is-the-only-artist\/#primaryimage\",\"url\":\"https:\/\/joyadearte.com\/wp-content\/uploads\/2025\/11\/DSC8898-e1763596342572.jpg\",\"contentUrl\":\"https:\/\/joyadearte.com\/wp-content\/uploads\/2025\/11\/DSC8898-e1763596342572.jpg\",\"width\":1236,\"height\":1562,\"caption\":\"Dije \\\"God is the only artist\\\": una joya filos\u00f3fica de Joyas de Arte. El accesorio perfecto para creativos que reconocen la belleza suprema en cada detalle.\"},{\"@type\":\"BreadcrumbList\",\"@id\":\"https:\/\/joyadearte.com\/product\/dije-god-is-the-only-artist\/#breadcrumb\",\"itemListElement\":[{\"@type\":\"ListItem\",\"position\":1,\"name\":\"Portada\",\"item\":\"https:\/\/joyadearte.com\/\"},{\"@type\":\"ListItem\",\"position\":2,\"name\":\"Tienda\",\"item\":\"https:\/\/joyadearte.com\/tienda\/\"},{\"@type\":\"ListItem\",\"position\":3,\"name\":\"DIJE GOD IS THE ONLY ARTIST\"}]},{\"@type\":\"WebSite\",\"@id\":\"https:\/\/joyadearte.com\/en\/#website\",\"url\":\"https:\/\/joyadearte.com\/en\/\",\"name\":\"Joya de Arte\",\"description\":\"Joya de Arte by Sandra Cepeda\",\"publisher\":{\"@id\":\"https:\/\/joyadearte.com\/en\/#organization\"},\"potentialAction\":[{\"@type\":\"SearchAction\",\"target\":{\"@type\":\"EntryPoint\",\"urlTemplate\":\"https:\/\/joyadearte.com\/en\/?s={search_term_string}\"},\"query-input\":{\"@type\":\"PropertyValueSpecification\",\"valueRequired\":true,\"valueName\":\"search_term_string\"}}],\"inLanguage\":\"es\"},{\"@type\":\"Organization\",\"@id\":\"https:\/\/joyadearte.com\/en\/#organization\",\"name\":\"Joya de Arte\",\"url\":\"https:\/\/joyadearte.com\/en\/\",\"logo\":{\"@type\":\"ImageObject\",\"inLanguage\":\"es\",\"@id\":\"https:\/\/joyadearte.com\/en\/#\/schema\/logo\/image\/\",\"url\":\"https:\/\/joyadearte.com\/wp-content\/uploads\/2020\/08\/WhatsApp-Image-2020-08-13-at-8.15.09-PM.jpeg\",\"contentUrl\":\"https:\/\/joyadearte.com\/wp-content\/uploads\/2020\/08\/WhatsApp-Image-2020-08-13-at-8.15.09-PM.jpeg\",\"width\":1280,\"height\":1280,\"caption\":\"Joya de Arte\"},\"image\":{\"@id\":\"https:\/\/joyadearte.com\/en\/#\/schema\/logo\/image\/\"},\"sameAs\":[\"https:\/\/www.facebook.com\/SandraCepedajoyadearte\/\",\"https:\/\/www.instagram.com\/joyadearte_sandracepeda\/\",\"https:\/\/es.wikipedia.org\/wiki\/Sandra_Cepeda\"]}]}<\/script>\n<!-- \/ Yoast SEO plugin. -->","yoast_head_json":{"title":"DIJE GOD IS THE ONLY ARTIST - Joya de Arte","description":"Dije \"God is the only artist\": una joya filos\u00f3fica de Joyas de Arte. El accesorio perfecto para creativos que reconocen la belleza suprema en cada detalle.","robots":{"index":"index","follow":"follow","max-snippet":"max-snippet:-1","max-image-preview":"max-image-preview:large","max-video-preview":"max-video-preview:-1"},"canonical":"https:\/\/joyadearte.com\/es\/product\/dije-god-is-the-only-artist\/","og_locale":"es_ES","og_type":"article","og_title":"DIJE GOD IS THE ONLY ARTIST - Joya de Arte","og_description":"Dije \"God is the only artist\": una joya filos\u00f3fica de Joyas de Arte. El accesorio perfecto para creativos que reconocen la belleza suprema en cada detalle.","og_url":"https:\/\/joyadearte.com\/es\/product\/dije-god-is-the-only-artist\/","og_site_name":"Joya de Arte","article_publisher":"https:\/\/www.facebook.com\/SandraCepedajoyadearte\/","article_modified_time":"2026-04-02T22:32:52+00:00","og_image":[{"width":1236,"height":1562,"url":"https:\/\/joyadearte.com\/wp-content\/uploads\/2025\/11\/DSC8898-e1763596342572.jpg","type":"image\/jpeg"}],"twitter_card":"summary_large_image","twitter_misc":{"Tiempo de lectura":"1 minuto"},"schema":{"@context":"https:\/\/schema.org","@graph":[{"@type":"WebPage","@id":"https:\/\/joyadearte.com\/product\/dije-god-is-the-only-artist\/","url":"https:\/\/joyadearte.com\/product\/dije-god-is-the-only-artist\/","name":"DIJE GOD IS THE ONLY ARTIST - Joya de Arte","isPartOf":{"@id":"https:\/\/joyadearte.com\/en\/#website"},"primaryImageOfPage":{"@id":"https:\/\/joyadearte.com\/product\/dije-god-is-the-only-artist\/#primaryimage"},"image":{"@id":"https:\/\/joyadearte.com\/product\/dije-god-is-the-only-artist\/#primaryimage"},"thumbnailUrl":"https:\/\/joyadearte.com\/wp-content\/uploads\/2025\/11\/DSC8898-e1763596342572.jpg","datePublished":"2025-11-15T20:13:25+00:00","dateModified":"2026-04-02T22:32:52+00:00","description":"Dije \"God is the only artist\": una joya filos\u00f3fica de Joyas de Arte. El accesorio perfecto para creativos que reconocen la belleza suprema en cada detalle.","breadcrumb":{"@id":"https:\/\/joyadearte.com\/product\/dije-god-is-the-only-artist\/#breadcrumb"},"inLanguage":"es","potentialAction":[{"@type":"ReadAction","target":["https:\/\/joyadearte.com\/product\/dije-god-is-the-only-artist\/"]}]},{"@type":"ImageObject","inLanguage":"es","@id":"https:\/\/joyadearte.com\/product\/dije-god-is-the-only-artist\/#primaryimage","url":"https:\/\/joyadearte.com\/wp-content\/uploads\/2025\/11\/DSC8898-e1763596342572.jpg","contentUrl":"https:\/\/joyadearte.com\/wp-content\/uploads\/2025\/11\/DSC8898-e1763596342572.jpg","width":1236,"height":1562,"caption":"Dije \"God is the only artist\": una joya filos\u00f3fica de Joyas de Arte. El accesorio perfecto para creativos que reconocen la belleza suprema en cada detalle."},{"@type":"BreadcrumbList","@id":"https:\/\/joyadearte.com\/product\/dije-god-is-the-only-artist\/#breadcrumb","itemListElement":[{"@type":"ListItem","position":1,"name":"Portada","item":"https:\/\/joyadearte.com\/"},{"@type":"ListItem","position":2,"name":"Tienda","item":"https:\/\/joyadearte.com\/tienda\/"},{"@type":"ListItem","position":3,"name":"DIJE GOD IS THE ONLY ARTIST"}]},{"@type":"WebSite","@id":"https:\/\/joyadearte.com\/en\/#website","url":"https:\/\/joyadearte.com\/en\/","name":"Joya de Arte","description":"Joya de Arte by Sandra Cepeda","publisher":{"@id":"https:\/\/joyadearte.com\/en\/#organization"},"potentialAction":[{"@type":"SearchAction","target":{"@type":"EntryPoint","urlTemplate":"https:\/\/joyadearte.com\/en\/?s={search_term_string}"},"query-input":{"@type":"PropertyValueSpecification","valueRequired":true,"valueName":"search_term_string"}}],"inLanguage":"es"},{"@type":"Organization","@id":"https:\/\/joyadearte.com\/en\/#organization","name":"Joya de Arte","url":"https:\/\/joyadearte.com\/en\/","logo":{"@type":"ImageObject","inLanguage":"es","@id":"https:\/\/joyadearte.com\/en\/#\/schema\/logo\/image\/","url":"https:\/\/joyadearte.com\/wp-content\/uploads\/2020\/08\/WhatsApp-Image-2020-08-13-at-8.15.09-PM.jpeg","contentUrl":"https:\/\/joyadearte.com\/wp-content\/uploads\/2020\/08\/WhatsApp-Image-2020-08-13-at-8.15.09-PM.jpeg","width":1280,"height":1280,"caption":"Joya de Arte"},"image":{"@id":"https:\/\/joyadearte.com\/en\/#\/schema\/logo\/image\/"},"sameAs":["https:\/\/www.facebook.com\/SandraCepedajoyadearte\/","https:\/\/www.instagram.com\/joyadearte_sandracepeda\/","https:\/\/es.wikipedia.org\/wiki\/Sandra_Cepeda"]}]}},"jetpack_sharing_enabled":true,"_links":{"self":[{"href":"https:\/\/joyadearte.com\/es\/wp-json\/wp\/v2\/product\/2980","targetHints":{"allow":["GET"]}}],"collection":[{"href":"https:\/\/joyadearte.com\/es\/wp-json\/wp\/v2\/product"}],"about":[{"href":"https:\/\/joyadearte.com\/es\/wp-json\/wp\/v2\/types\/product"}],"replies":[{"embeddable":true,"href":"https:\/\/joyadearte.com\/es\/wp-json\/wp\/v2\/comments?post=2980"}],"wp:featuredmedia":[{"embeddable":true,"href":"https:\/\/joyadearte.com\/es\/wp-json\/wp\/v2\/media\/2982"}],"wp:attachment":[{"href":"https:\/\/joyadearte.com\/es\/wp-json\/wp\/v2\/media?parent=2980"}],"wp:term":[{"taxonomy":"product_brand","embeddable":true,"href":"https:\/\/joyadearte.com\/es\/wp-json\/wp\/v2\/product_brand?post=2980"},{"taxonomy":"product_cat","embeddable":true,"href":"https:\/\/joyadearte.com\/es\/wp-json\/wp\/v2\/product_cat?post=2980"},{"taxonomy":"product_tag","embeddable":true,"href":"https:\/\/joyadearte.com\/es\/wp-json\/wp\/v2\/product_tag?post=2980"}],"curies":[{"name":"wp","href":"https:\/\/api.w.org\/{rel}","templated":true}]}}