{"id":2908,"date":"2025-09-04T01:47:32","date_gmt":"2025-09-03T23:47:32","guid":{"rendered":"https:\/\/joyadearte.com\/?post_type=product&#038;p=2908"},"modified":"2026-04-03T00:38:48","modified_gmt":"2026-04-02T22:38:48","slug":"dije-le-lux-de-la-verite","status":"publish","type":"product","link":"https:\/\/joyadearte.com\/es\/product\/dije-le-lux-de-la-verite\/","title":{"rendered":"Dije Le Lux De La Verit\u00e9"},"content":{"rendered":"<p>La Luz de la Verdad \u00bfBuscas un amuleto que ilumine tu camino y revele tu esencia m\u00e1s aut\u00e9ntica? Este dije no solo adorna, gu\u00eda. Inspirado en la b\u00fasqueda de la transparencia y la honestidad, \u00abLa Lux de la Verit\u00e9\u00bb es una pieza arquitect\u00f3nica que parece atrapar la claridad en su metal. \u00bfQu\u00e9 joya elegir\u00edas para recordarte que la verdad es siempre el camino m\u00e1s brillante? Es ideal para mentes anal\u00edticas, buscadores de la justicia o simplemente para quien desea un faro de elegancia en su atuendo diario. Luz pura hecha arte.<\/p>\n<p>No incluye cadena<\/p>\n<p>Plata .925 con chapa de oro de 10k<\/p>\n","protected":false},"excerpt":{"rendered":"<p>Material: Plata .925 con chapa de oro de 10k<\/p>\n","protected":false},"featured_media":2988,"comment_status":"open","ping_status":"closed","template":"","meta":{"_monsterinsights_skip_tracking":false,"_monsterinsights_sitenote_active":false,"_monsterinsights_sitenote_note":"","_monsterinsights_sitenote_category":0},"product_brand":[],"product_cat":[17,113,18,118,31],"product_tag":[114],"class_list":{"0":"post-2908","1":"product","2":"type-product","3":"status-publish","4":"has-post-thumbnail","6":"product_cat-colecciones","7":"product_cat-dreamers","8":"product_cat-piezas","9":"product_cat-oro-10k","10":"product_cat-dijes-y-collares","11":"product_tag-nodiscount","13":"first","14":"instock","15":"shipping-taxable","16":"purchasable","17":"product-type-simple","18":"add-to-wishlist-after_add_to_cart"},"yoast_head":"<!-- This site is optimized with the Yoast SEO plugin v25.6 - https:\/\/yoast.com\/wordpress\/plugins\/seo\/ -->\n<title>Dije Le Lux De La Verit\u00e9 - Joya de Arte<\/title>\n<meta name=\"description\" content=\"Dije La Lux de la Verit\u00e9: una joya que simboliza claridad y honestidad. Dise\u00f1o de autor para quienes buscan la luz de la verdad en cada paso.\" \/>\n<meta name=\"robots\" content=\"index, follow, max-snippet:-1, max-image-preview:large, max-video-preview:-1\" \/>\n<link rel=\"canonical\" href=\"https:\/\/joyadearte.com\/es\/product\/dije-le-lux-de-la-verite\/\" \/>\n<meta property=\"og:locale\" content=\"es_ES\" \/>\n<meta property=\"og:type\" content=\"article\" \/>\n<meta property=\"og:title\" content=\"Dije Le Lux De La Verit\u00e9 - Joya de Arte\" \/>\n<meta property=\"og:description\" content=\"Dije La Lux de la Verit\u00e9: una joya que simboliza claridad y honestidad. Dise\u00f1o de autor para quienes buscan la luz de la verdad en cada paso.\" \/>\n<meta property=\"og:url\" content=\"https:\/\/joyadearte.com\/es\/product\/dije-le-lux-de-la-verite\/\" \/>\n<meta property=\"og:site_name\" content=\"Joya de Arte\" \/>\n<meta property=\"article:publisher\" content=\"https:\/\/www.facebook.com\/SandraCepedajoyadearte\/\" \/>\n<meta property=\"article:modified_time\" content=\"2026-04-02T22:38:48+00:00\" \/>\n<meta property=\"og:image\" content=\"https:\/\/joyadearte.com\/wp-content\/uploads\/2025\/09\/DSC8904-1-e1763596657747.jpg\" \/>\n\t<meta property=\"og:image:width\" content=\"1600\" \/>\n\t<meta property=\"og:image:height\" content=\"1530\" \/>\n\t<meta property=\"og:image:type\" content=\"image\/jpeg\" \/>\n<meta name=\"twitter:card\" content=\"summary_large_image\" \/>\n<meta name=\"twitter:label1\" content=\"Tiempo de lectura\" \/>\n\t<meta name=\"twitter:data1\" content=\"1 minuto\" \/>\n<script type=\"application\/ld+json\" class=\"yoast-schema-graph\">{\"@context\":\"https:\/\/schema.org\",\"@graph\":[{\"@type\":\"WebPage\",\"@id\":\"https:\/\/joyadearte.com\/product\/dije-le-lux-de-la-verite\/\",\"url\":\"https:\/\/joyadearte.com\/product\/dije-le-lux-de-la-verite\/\",\"name\":\"Dije Le Lux De La Verit\u00e9 - Joya de Arte\",\"isPartOf\":{\"@id\":\"https:\/\/joyadearte.com\/en\/#website\"},\"primaryImageOfPage\":{\"@id\":\"https:\/\/joyadearte.com\/product\/dije-le-lux-de-la-verite\/#primaryimage\"},\"image\":{\"@id\":\"https:\/\/joyadearte.com\/product\/dije-le-lux-de-la-verite\/#primaryimage\"},\"thumbnailUrl\":\"https:\/\/joyadearte.com\/wp-content\/uploads\/2025\/09\/DSC8904-1-e1763596657747.jpg\",\"datePublished\":\"2025-09-03T23:47:32+00:00\",\"dateModified\":\"2026-04-02T22:38:48+00:00\",\"description\":\"Dije La Lux de la Verit\u00e9: una joya que simboliza claridad y honestidad. Dise\u00f1o de autor para quienes buscan la luz de la verdad en cada paso.\",\"breadcrumb\":{\"@id\":\"https:\/\/joyadearte.com\/product\/dije-le-lux-de-la-verite\/#breadcrumb\"},\"inLanguage\":\"es\",\"potentialAction\":[{\"@type\":\"ReadAction\",\"target\":[\"https:\/\/joyadearte.com\/product\/dije-le-lux-de-la-verite\/\"]}]},{\"@type\":\"ImageObject\",\"inLanguage\":\"es\",\"@id\":\"https:\/\/joyadearte.com\/product\/dije-le-lux-de-la-verite\/#primaryimage\",\"url\":\"https:\/\/joyadearte.com\/wp-content\/uploads\/2025\/09\/DSC8904-1-e1763596657747.jpg\",\"contentUrl\":\"https:\/\/joyadearte.com\/wp-content\/uploads\/2025\/09\/DSC8904-1-e1763596657747.jpg\",\"width\":1600,\"height\":1530,\"caption\":\"Dije La Lux de la Verit\u00e9: una joya que simboliza claridad y honestidad. Dise\u00f1o de autor para quienes buscan la luz de la verdad en cada paso.\"},{\"@type\":\"BreadcrumbList\",\"@id\":\"https:\/\/joyadearte.com\/product\/dije-le-lux-de-la-verite\/#breadcrumb\",\"itemListElement\":[{\"@type\":\"ListItem\",\"position\":1,\"name\":\"Portada\",\"item\":\"https:\/\/joyadearte.com\/\"},{\"@type\":\"ListItem\",\"position\":2,\"name\":\"Tienda\",\"item\":\"https:\/\/joyadearte.com\/tienda\/\"},{\"@type\":\"ListItem\",\"position\":3,\"name\":\"Dije Le Lux De La Verit\u00e9\"}]},{\"@type\":\"WebSite\",\"@id\":\"https:\/\/joyadearte.com\/en\/#website\",\"url\":\"https:\/\/joyadearte.com\/en\/\",\"name\":\"Joya de Arte\",\"description\":\"Joya de Arte by Sandra Cepeda\",\"publisher\":{\"@id\":\"https:\/\/joyadearte.com\/en\/#organization\"},\"potentialAction\":[{\"@type\":\"SearchAction\",\"target\":{\"@type\":\"EntryPoint\",\"urlTemplate\":\"https:\/\/joyadearte.com\/en\/?s={search_term_string}\"},\"query-input\":{\"@type\":\"PropertyValueSpecification\",\"valueRequired\":true,\"valueName\":\"search_term_string\"}}],\"inLanguage\":\"es\"},{\"@type\":\"Organization\",\"@id\":\"https:\/\/joyadearte.com\/en\/#organization\",\"name\":\"Joya de Arte\",\"url\":\"https:\/\/joyadearte.com\/en\/\",\"logo\":{\"@type\":\"ImageObject\",\"inLanguage\":\"es\",\"@id\":\"https:\/\/joyadearte.com\/en\/#\/schema\/logo\/image\/\",\"url\":\"https:\/\/joyadearte.com\/wp-content\/uploads\/2020\/08\/WhatsApp-Image-2020-08-13-at-8.15.09-PM.jpeg\",\"contentUrl\":\"https:\/\/joyadearte.com\/wp-content\/uploads\/2020\/08\/WhatsApp-Image-2020-08-13-at-8.15.09-PM.jpeg\",\"width\":1280,\"height\":1280,\"caption\":\"Joya de Arte\"},\"image\":{\"@id\":\"https:\/\/joyadearte.com\/en\/#\/schema\/logo\/image\/\"},\"sameAs\":[\"https:\/\/www.facebook.com\/SandraCepedajoyadearte\/\",\"https:\/\/www.instagram.com\/joyadearte_sandracepeda\/\",\"https:\/\/es.wikipedia.org\/wiki\/Sandra_Cepeda\"]}]}<\/script>\n<!-- \/ Yoast SEO plugin. -->","yoast_head_json":{"title":"Dije Le Lux De La Verit\u00e9 - Joya de Arte","description":"Dije La Lux de la Verit\u00e9: una joya que simboliza claridad y honestidad. Dise\u00f1o de autor para quienes buscan la luz de la verdad en cada paso.","robots":{"index":"index","follow":"follow","max-snippet":"max-snippet:-1","max-image-preview":"max-image-preview:large","max-video-preview":"max-video-preview:-1"},"canonical":"https:\/\/joyadearte.com\/es\/product\/dije-le-lux-de-la-verite\/","og_locale":"es_ES","og_type":"article","og_title":"Dije Le Lux De La Verit\u00e9 - Joya de Arte","og_description":"Dije La Lux de la Verit\u00e9: una joya que simboliza claridad y honestidad. Dise\u00f1o de autor para quienes buscan la luz de la verdad en cada paso.","og_url":"https:\/\/joyadearte.com\/es\/product\/dije-le-lux-de-la-verite\/","og_site_name":"Joya de Arte","article_publisher":"https:\/\/www.facebook.com\/SandraCepedajoyadearte\/","article_modified_time":"2026-04-02T22:38:48+00:00","og_image":[{"width":1600,"height":1530,"url":"https:\/\/joyadearte.com\/wp-content\/uploads\/2025\/09\/DSC8904-1-e1763596657747.jpg","type":"image\/jpeg"}],"twitter_card":"summary_large_image","twitter_misc":{"Tiempo de lectura":"1 minuto"},"schema":{"@context":"https:\/\/schema.org","@graph":[{"@type":"WebPage","@id":"https:\/\/joyadearte.com\/product\/dije-le-lux-de-la-verite\/","url":"https:\/\/joyadearte.com\/product\/dije-le-lux-de-la-verite\/","name":"Dije Le Lux De La Verit\u00e9 - Joya de Arte","isPartOf":{"@id":"https:\/\/joyadearte.com\/en\/#website"},"primaryImageOfPage":{"@id":"https:\/\/joyadearte.com\/product\/dije-le-lux-de-la-verite\/#primaryimage"},"image":{"@id":"https:\/\/joyadearte.com\/product\/dije-le-lux-de-la-verite\/#primaryimage"},"thumbnailUrl":"https:\/\/joyadearte.com\/wp-content\/uploads\/2025\/09\/DSC8904-1-e1763596657747.jpg","datePublished":"2025-09-03T23:47:32+00:00","dateModified":"2026-04-02T22:38:48+00:00","description":"Dije La Lux de la Verit\u00e9: una joya que simboliza claridad y honestidad. Dise\u00f1o de autor para quienes buscan la luz de la verdad en cada paso.","breadcrumb":{"@id":"https:\/\/joyadearte.com\/product\/dije-le-lux-de-la-verite\/#breadcrumb"},"inLanguage":"es","potentialAction":[{"@type":"ReadAction","target":["https:\/\/joyadearte.com\/product\/dije-le-lux-de-la-verite\/"]}]},{"@type":"ImageObject","inLanguage":"es","@id":"https:\/\/joyadearte.com\/product\/dije-le-lux-de-la-verite\/#primaryimage","url":"https:\/\/joyadearte.com\/wp-content\/uploads\/2025\/09\/DSC8904-1-e1763596657747.jpg","contentUrl":"https:\/\/joyadearte.com\/wp-content\/uploads\/2025\/09\/DSC8904-1-e1763596657747.jpg","width":1600,"height":1530,"caption":"Dije La Lux de la Verit\u00e9: una joya que simboliza claridad y honestidad. Dise\u00f1o de autor para quienes buscan la luz de la verdad en cada paso."},{"@type":"BreadcrumbList","@id":"https:\/\/joyadearte.com\/product\/dije-le-lux-de-la-verite\/#breadcrumb","itemListElement":[{"@type":"ListItem","position":1,"name":"Portada","item":"https:\/\/joyadearte.com\/"},{"@type":"ListItem","position":2,"name":"Tienda","item":"https:\/\/joyadearte.com\/tienda\/"},{"@type":"ListItem","position":3,"name":"Dije Le Lux De La Verit\u00e9"}]},{"@type":"WebSite","@id":"https:\/\/joyadearte.com\/en\/#website","url":"https:\/\/joyadearte.com\/en\/","name":"Joya de Arte","description":"Joya de Arte by Sandra Cepeda","publisher":{"@id":"https:\/\/joyadearte.com\/en\/#organization"},"potentialAction":[{"@type":"SearchAction","target":{"@type":"EntryPoint","urlTemplate":"https:\/\/joyadearte.com\/en\/?s={search_term_string}"},"query-input":{"@type":"PropertyValueSpecification","valueRequired":true,"valueName":"search_term_string"}}],"inLanguage":"es"},{"@type":"Organization","@id":"https:\/\/joyadearte.com\/en\/#organization","name":"Joya de Arte","url":"https:\/\/joyadearte.com\/en\/","logo":{"@type":"ImageObject","inLanguage":"es","@id":"https:\/\/joyadearte.com\/en\/#\/schema\/logo\/image\/","url":"https:\/\/joyadearte.com\/wp-content\/uploads\/2020\/08\/WhatsApp-Image-2020-08-13-at-8.15.09-PM.jpeg","contentUrl":"https:\/\/joyadearte.com\/wp-content\/uploads\/2020\/08\/WhatsApp-Image-2020-08-13-at-8.15.09-PM.jpeg","width":1280,"height":1280,"caption":"Joya de Arte"},"image":{"@id":"https:\/\/joyadearte.com\/en\/#\/schema\/logo\/image\/"},"sameAs":["https:\/\/www.facebook.com\/SandraCepedajoyadearte\/","https:\/\/www.instagram.com\/joyadearte_sandracepeda\/","https:\/\/es.wikipedia.org\/wiki\/Sandra_Cepeda"]}]}},"jetpack_sharing_enabled":true,"_links":{"self":[{"href":"https:\/\/joyadearte.com\/es\/wp-json\/wp\/v2\/product\/2908","targetHints":{"allow":["GET"]}}],"collection":[{"href":"https:\/\/joyadearte.com\/es\/wp-json\/wp\/v2\/product"}],"about":[{"href":"https:\/\/joyadearte.com\/es\/wp-json\/wp\/v2\/types\/product"}],"replies":[{"embeddable":true,"href":"https:\/\/joyadearte.com\/es\/wp-json\/wp\/v2\/comments?post=2908"}],"wp:featuredmedia":[{"embeddable":true,"href":"https:\/\/joyadearte.com\/es\/wp-json\/wp\/v2\/media\/2988"}],"wp:attachment":[{"href":"https:\/\/joyadearte.com\/es\/wp-json\/wp\/v2\/media?parent=2908"}],"wp:term":[{"taxonomy":"product_brand","embeddable":true,"href":"https:\/\/joyadearte.com\/es\/wp-json\/wp\/v2\/product_brand?post=2908"},{"taxonomy":"product_cat","embeddable":true,"href":"https:\/\/joyadearte.com\/es\/wp-json\/wp\/v2\/product_cat?post=2908"},{"taxonomy":"product_tag","embeddable":true,"href":"https:\/\/joyadearte.com\/es\/wp-json\/wp\/v2\/product_tag?post=2908"}],"curies":[{"name":"wp","href":"https:\/\/api.w.org\/{rel}","templated":true}]}}