{"id":2902,"date":"2025-09-04T01:20:56","date_gmt":"2025-09-03T23:20:56","guid":{"rendered":"https:\/\/joyadearte.com\/?post_type=product&#038;p=2902"},"modified":"2026-04-03T00:39:17","modified_gmt":"2026-04-02T22:39:17","slug":"zaha-icon","status":"publish","type":"product","link":"https:\/\/joyadearte.com\/es\/product\/zaha-icon\/","title":{"rendered":"Zaha Icon"},"content":{"rendered":"<p>Arquitectura en Movimiento<\/p>\n<p>\u200bInspirados directamente en los planos y trazos maestros de Zaha Hadid, estos aretes capturan la esencia de la arquitectura deconstructivista. En Joya de Arte, transformamos la complejidad de sus dise\u00f1os en una pieza de joyer\u00eda fluida que desaf\u00eda las formas convencionales.<\/p>\n<p>\u200bBa\u00f1ados en chapa de oro, los Zaha Icon son para la mujer que aprecia la estructura y la innovaci\u00f3n. Un dise\u00f1o de autor que convierte planos ic\u00f3nicos en el complemento m\u00e1s sofisticado de tu estilo personal.<\/p>\n<p>Plata .925 con chapa de oro de 10k<\/p>\n","protected":false},"excerpt":{"rendered":"<p>Material: Plata .925 con chapa de oro de 10k<\/p>\n","protected":false},"featured_media":2942,"comment_status":"open","ping_status":"closed","template":"","meta":{"_monsterinsights_skip_tracking":false,"_monsterinsights_sitenote_active":false,"_monsterinsights_sitenote_note":"","_monsterinsights_sitenote_category":0},"product_brand":[],"product_cat":[17,113,18,87,118,30],"product_tag":[114],"class_list":{"0":"post-2902","1":"product","2":"type-product","3":"status-publish","4":"has-post-thumbnail","6":"product_cat-colecciones","7":"product_cat-dreamers","8":"product_cat-piezas","9":"product_cat-show-all-the-store","10":"product_cat-oro-10k","11":"product_cat-aretes","12":"product_tag-nodiscount","14":"first","15":"instock","16":"shipping-taxable","17":"purchasable","18":"product-type-simple","19":"add-to-wishlist-after_add_to_cart"},"yoast_head":"<!-- This site is optimized with the Yoast SEO plugin v25.6 - https:\/\/yoast.com\/wordpress\/plugins\/seo\/ -->\n<title>Zaha Icon - Joya de Arte<\/title>\n<meta name=\"description\" content=\"Aretes Zaha Icon | Joya de Arte. Pendientes inspirados en los planos arquitect\u00f3nicos de Zaha Hadid. Dise\u00f1o de autor en chapa de oro que combina vanguardia, curvas audaces y elegancia atemporal.\" \/>\n<meta name=\"robots\" content=\"index, follow, max-snippet:-1, max-image-preview:large, max-video-preview:-1\" \/>\n<link rel=\"canonical\" href=\"https:\/\/joyadearte.com\/es\/product\/zaha-icon\/\" \/>\n<meta property=\"og:locale\" content=\"es_ES\" \/>\n<meta property=\"og:type\" content=\"article\" \/>\n<meta property=\"og:title\" content=\"Zaha Icon - Joya de Arte\" \/>\n<meta property=\"og:description\" content=\"Aretes Zaha Icon | Joya de Arte. Pendientes inspirados en los planos arquitect\u00f3nicos de Zaha Hadid. Dise\u00f1o de autor en chapa de oro que combina vanguardia, curvas audaces y elegancia atemporal.\" \/>\n<meta property=\"og:url\" content=\"https:\/\/joyadearte.com\/es\/product\/zaha-icon\/\" \/>\n<meta property=\"og:site_name\" content=\"Joya de Arte\" \/>\n<meta property=\"article:publisher\" content=\"https:\/\/www.facebook.com\/SandraCepedajoyadearte\/\" \/>\n<meta property=\"article:modified_time\" content=\"2026-04-02T22:39:17+00:00\" \/>\n<meta property=\"og:image\" content=\"https:\/\/joyadearte.com\/wp-content\/uploads\/2025\/09\/Zaha-Icon.jpg\" \/>\n\t<meta property=\"og:image:width\" content=\"1200\" \/>\n\t<meta property=\"og:image:height\" content=\"900\" \/>\n\t<meta property=\"og:image:type\" content=\"image\/jpeg\" \/>\n<meta name=\"twitter:card\" content=\"summary_large_image\" \/>\n<meta name=\"twitter:label1\" content=\"Tiempo de lectura\" \/>\n\t<meta name=\"twitter:data1\" content=\"1 minuto\" \/>\n<script type=\"application\/ld+json\" class=\"yoast-schema-graph\">{\"@context\":\"https:\/\/schema.org\",\"@graph\":[{\"@type\":\"WebPage\",\"@id\":\"https:\/\/joyadearte.com\/product\/zaha-icon\/\",\"url\":\"https:\/\/joyadearte.com\/product\/zaha-icon\/\",\"name\":\"Zaha Icon - Joya de Arte\",\"isPartOf\":{\"@id\":\"https:\/\/joyadearte.com\/en\/#website\"},\"primaryImageOfPage\":{\"@id\":\"https:\/\/joyadearte.com\/product\/zaha-icon\/#primaryimage\"},\"image\":{\"@id\":\"https:\/\/joyadearte.com\/product\/zaha-icon\/#primaryimage\"},\"thumbnailUrl\":\"https:\/\/joyadearte.com\/wp-content\/uploads\/2025\/09\/Zaha-Icon.jpg\",\"datePublished\":\"2025-09-03T23:20:56+00:00\",\"dateModified\":\"2026-04-02T22:39:17+00:00\",\"description\":\"Aretes Zaha Icon | Joya de Arte. Pendientes inspirados en los planos arquitect\u00f3nicos de Zaha Hadid. Dise\u00f1o de autor en chapa de oro que combina vanguardia, curvas audaces y elegancia atemporal.\",\"breadcrumb\":{\"@id\":\"https:\/\/joyadearte.com\/product\/zaha-icon\/#breadcrumb\"},\"inLanguage\":\"es\",\"potentialAction\":[{\"@type\":\"ReadAction\",\"target\":[\"https:\/\/joyadearte.com\/product\/zaha-icon\/\"]}]},{\"@type\":\"ImageObject\",\"inLanguage\":\"es\",\"@id\":\"https:\/\/joyadearte.com\/product\/zaha-icon\/#primaryimage\",\"url\":\"https:\/\/joyadearte.com\/wp-content\/uploads\/2025\/09\/Zaha-Icon.jpg\",\"contentUrl\":\"https:\/\/joyadearte.com\/wp-content\/uploads\/2025\/09\/Zaha-Icon.jpg\",\"width\":1200,\"height\":900,\"caption\":\"Aretes Zaha Icon | Joya de Arte. Pendientes inspirados en los planos arquitect\u00f3nicos de Zaha Hadid. Dise\u00f1o de autor en chapa de oro que combina vanguardia, curvas audaces y elegancia atemporal.\"},{\"@type\":\"BreadcrumbList\",\"@id\":\"https:\/\/joyadearte.com\/product\/zaha-icon\/#breadcrumb\",\"itemListElement\":[{\"@type\":\"ListItem\",\"position\":1,\"name\":\"Portada\",\"item\":\"https:\/\/joyadearte.com\/\"},{\"@type\":\"ListItem\",\"position\":2,\"name\":\"Tienda\",\"item\":\"https:\/\/joyadearte.com\/tienda\/\"},{\"@type\":\"ListItem\",\"position\":3,\"name\":\"Zaha Icon\"}]},{\"@type\":\"WebSite\",\"@id\":\"https:\/\/joyadearte.com\/en\/#website\",\"url\":\"https:\/\/joyadearte.com\/en\/\",\"name\":\"Joya de Arte\",\"description\":\"Joya de Arte by Sandra Cepeda\",\"publisher\":{\"@id\":\"https:\/\/joyadearte.com\/en\/#organization\"},\"potentialAction\":[{\"@type\":\"SearchAction\",\"target\":{\"@type\":\"EntryPoint\",\"urlTemplate\":\"https:\/\/joyadearte.com\/en\/?s={search_term_string}\"},\"query-input\":{\"@type\":\"PropertyValueSpecification\",\"valueRequired\":true,\"valueName\":\"search_term_string\"}}],\"inLanguage\":\"es\"},{\"@type\":\"Organization\",\"@id\":\"https:\/\/joyadearte.com\/en\/#organization\",\"name\":\"Joya de Arte\",\"url\":\"https:\/\/joyadearte.com\/en\/\",\"logo\":{\"@type\":\"ImageObject\",\"inLanguage\":\"es\",\"@id\":\"https:\/\/joyadearte.com\/en\/#\/schema\/logo\/image\/\",\"url\":\"https:\/\/joyadearte.com\/wp-content\/uploads\/2020\/08\/WhatsApp-Image-2020-08-13-at-8.15.09-PM.jpeg\",\"contentUrl\":\"https:\/\/joyadearte.com\/wp-content\/uploads\/2020\/08\/WhatsApp-Image-2020-08-13-at-8.15.09-PM.jpeg\",\"width\":1280,\"height\":1280,\"caption\":\"Joya de Arte\"},\"image\":{\"@id\":\"https:\/\/joyadearte.com\/en\/#\/schema\/logo\/image\/\"},\"sameAs\":[\"https:\/\/www.facebook.com\/SandraCepedajoyadearte\/\",\"https:\/\/www.instagram.com\/joyadearte_sandracepeda\/\",\"https:\/\/es.wikipedia.org\/wiki\/Sandra_Cepeda\"]}]}<\/script>\n<!-- \/ Yoast SEO plugin. -->","yoast_head_json":{"title":"Zaha Icon - Joya de Arte","description":"Aretes Zaha Icon | Joya de Arte. Pendientes inspirados en los planos arquitect\u00f3nicos de Zaha Hadid. Dise\u00f1o de autor en chapa de oro que combina vanguardia, curvas audaces y elegancia atemporal.","robots":{"index":"index","follow":"follow","max-snippet":"max-snippet:-1","max-image-preview":"max-image-preview:large","max-video-preview":"max-video-preview:-1"},"canonical":"https:\/\/joyadearte.com\/es\/product\/zaha-icon\/","og_locale":"es_ES","og_type":"article","og_title":"Zaha Icon - Joya de Arte","og_description":"Aretes Zaha Icon | Joya de Arte. Pendientes inspirados en los planos arquitect\u00f3nicos de Zaha Hadid. Dise\u00f1o de autor en chapa de oro que combina vanguardia, curvas audaces y elegancia atemporal.","og_url":"https:\/\/joyadearte.com\/es\/product\/zaha-icon\/","og_site_name":"Joya de Arte","article_publisher":"https:\/\/www.facebook.com\/SandraCepedajoyadearte\/","article_modified_time":"2026-04-02T22:39:17+00:00","og_image":[{"width":1200,"height":900,"url":"https:\/\/joyadearte.com\/wp-content\/uploads\/2025\/09\/Zaha-Icon.jpg","type":"image\/jpeg"}],"twitter_card":"summary_large_image","twitter_misc":{"Tiempo de lectura":"1 minuto"},"schema":{"@context":"https:\/\/schema.org","@graph":[{"@type":"WebPage","@id":"https:\/\/joyadearte.com\/product\/zaha-icon\/","url":"https:\/\/joyadearte.com\/product\/zaha-icon\/","name":"Zaha Icon - Joya de Arte","isPartOf":{"@id":"https:\/\/joyadearte.com\/en\/#website"},"primaryImageOfPage":{"@id":"https:\/\/joyadearte.com\/product\/zaha-icon\/#primaryimage"},"image":{"@id":"https:\/\/joyadearte.com\/product\/zaha-icon\/#primaryimage"},"thumbnailUrl":"https:\/\/joyadearte.com\/wp-content\/uploads\/2025\/09\/Zaha-Icon.jpg","datePublished":"2025-09-03T23:20:56+00:00","dateModified":"2026-04-02T22:39:17+00:00","description":"Aretes Zaha Icon | Joya de Arte. Pendientes inspirados en los planos arquitect\u00f3nicos de Zaha Hadid. Dise\u00f1o de autor en chapa de oro que combina vanguardia, curvas audaces y elegancia atemporal.","breadcrumb":{"@id":"https:\/\/joyadearte.com\/product\/zaha-icon\/#breadcrumb"},"inLanguage":"es","potentialAction":[{"@type":"ReadAction","target":["https:\/\/joyadearte.com\/product\/zaha-icon\/"]}]},{"@type":"ImageObject","inLanguage":"es","@id":"https:\/\/joyadearte.com\/product\/zaha-icon\/#primaryimage","url":"https:\/\/joyadearte.com\/wp-content\/uploads\/2025\/09\/Zaha-Icon.jpg","contentUrl":"https:\/\/joyadearte.com\/wp-content\/uploads\/2025\/09\/Zaha-Icon.jpg","width":1200,"height":900,"caption":"Aretes Zaha Icon | Joya de Arte. Pendientes inspirados en los planos arquitect\u00f3nicos de Zaha Hadid. Dise\u00f1o de autor en chapa de oro que combina vanguardia, curvas audaces y elegancia atemporal."},{"@type":"BreadcrumbList","@id":"https:\/\/joyadearte.com\/product\/zaha-icon\/#breadcrumb","itemListElement":[{"@type":"ListItem","position":1,"name":"Portada","item":"https:\/\/joyadearte.com\/"},{"@type":"ListItem","position":2,"name":"Tienda","item":"https:\/\/joyadearte.com\/tienda\/"},{"@type":"ListItem","position":3,"name":"Zaha Icon"}]},{"@type":"WebSite","@id":"https:\/\/joyadearte.com\/en\/#website","url":"https:\/\/joyadearte.com\/en\/","name":"Joya de Arte","description":"Joya de Arte by Sandra Cepeda","publisher":{"@id":"https:\/\/joyadearte.com\/en\/#organization"},"potentialAction":[{"@type":"SearchAction","target":{"@type":"EntryPoint","urlTemplate":"https:\/\/joyadearte.com\/en\/?s={search_term_string}"},"query-input":{"@type":"PropertyValueSpecification","valueRequired":true,"valueName":"search_term_string"}}],"inLanguage":"es"},{"@type":"Organization","@id":"https:\/\/joyadearte.com\/en\/#organization","name":"Joya de Arte","url":"https:\/\/joyadearte.com\/en\/","logo":{"@type":"ImageObject","inLanguage":"es","@id":"https:\/\/joyadearte.com\/en\/#\/schema\/logo\/image\/","url":"https:\/\/joyadearte.com\/wp-content\/uploads\/2020\/08\/WhatsApp-Image-2020-08-13-at-8.15.09-PM.jpeg","contentUrl":"https:\/\/joyadearte.com\/wp-content\/uploads\/2020\/08\/WhatsApp-Image-2020-08-13-at-8.15.09-PM.jpeg","width":1280,"height":1280,"caption":"Joya de Arte"},"image":{"@id":"https:\/\/joyadearte.com\/en\/#\/schema\/logo\/image\/"},"sameAs":["https:\/\/www.facebook.com\/SandraCepedajoyadearte\/","https:\/\/www.instagram.com\/joyadearte_sandracepeda\/","https:\/\/es.wikipedia.org\/wiki\/Sandra_Cepeda"]}]}},"jetpack_sharing_enabled":true,"_links":{"self":[{"href":"https:\/\/joyadearte.com\/es\/wp-json\/wp\/v2\/product\/2902","targetHints":{"allow":["GET"]}}],"collection":[{"href":"https:\/\/joyadearte.com\/es\/wp-json\/wp\/v2\/product"}],"about":[{"href":"https:\/\/joyadearte.com\/es\/wp-json\/wp\/v2\/types\/product"}],"replies":[{"embeddable":true,"href":"https:\/\/joyadearte.com\/es\/wp-json\/wp\/v2\/comments?post=2902"}],"wp:featuredmedia":[{"embeddable":true,"href":"https:\/\/joyadearte.com\/es\/wp-json\/wp\/v2\/media\/2942"}],"wp:attachment":[{"href":"https:\/\/joyadearte.com\/es\/wp-json\/wp\/v2\/media?parent=2902"}],"wp:term":[{"taxonomy":"product_brand","embeddable":true,"href":"https:\/\/joyadearte.com\/es\/wp-json\/wp\/v2\/product_brand?post=2902"},{"taxonomy":"product_cat","embeddable":true,"href":"https:\/\/joyadearte.com\/es\/wp-json\/wp\/v2\/product_cat?post=2902"},{"taxonomy":"product_tag","embeddable":true,"href":"https:\/\/joyadearte.com\/es\/wp-json\/wp\/v2\/product_tag?post=2902"}],"curies":[{"name":"wp","href":"https:\/\/api.w.org\/{rel}","templated":true}]}}