{"id":2688,"date":"2024-04-02T00:23:29","date_gmt":"2024-04-01T22:23:29","guid":{"rendered":"https:\/\/joyadearte.com\/?post_type=product&#038;p=2688"},"modified":"2026-04-03T00:40:22","modified_gmt":"2026-04-02T22:40:22","slug":"anillo-hug-frog","status":"publish","type":"product","link":"https:\/\/joyadearte.com\/es\/product\/anillo-hug-frog\/","title":{"rendered":"Anillo HUG FROG"},"content":{"rendered":"<p>El Abrazo de la Transformaci\u00f3n<\/p>\n<p>\u200bReconecta con la ternura y el poder de la renovaci\u00f3n. El Anillo Hug Frog de Joya de Arte es un dise\u00f1o sutil y profundo que celebra el amor propio. La rana, s\u00edmbolo de limpieza emocional, envuelve tu dedo en un abrazo eterno, record\u00e1ndote que la suavidad es tu mayor fortaleza en cada proceso de cambio.<\/p>\n<p>\u200bEsta pieza es un amuleto de compa\u00f1\u00eda y consuelo para el d\u00eda a d\u00eda. Un recordatorio constante de que, al igual que la naturaleza, posees la sabidur\u00eda necesaria para transformarte y florecer con gracia.<\/p>\n<p>Anillo Hug Frog ajustable para medidas de 5 a 8\u00a0\u00a0de talla<\/p>\n<p>Plata con chapa de oro de 10k<\/p>\n","protected":false},"excerpt":{"rendered":"<p>Material: Plata .925 con chapa de oro de 10k<\/p>\n<p>Anillo ajustable medida de 4 a 8<\/p>\n","protected":false},"featured_media":2689,"comment_status":"open","ping_status":"closed","template":"","meta":{"_monsterinsights_skip_tracking":false,"_monsterinsights_sitenote_active":false,"_monsterinsights_sitenote_note":"","_monsterinsights_sitenote_category":0},"product_brand":[],"product_cat":[17,90,118,32],"product_tag":[102],"class_list":{"0":"post-2688","1":"product","2":"type-product","3":"status-publish","4":"has-post-thumbnail","6":"product_cat-colecciones","7":"product_cat-animal-spirit","8":"product_cat-oro-10k","9":"product_cat-anillos","10":"product_tag-nuevo","12":"first","13":"instock","14":"sale","15":"shipping-taxable","16":"purchasable","17":"product-type-simple","18":"add-to-wishlist-after_add_to_cart"},"yoast_head":"<!-- This site is optimized with the Yoast SEO plugin v25.6 - https:\/\/yoast.com\/wordpress\/plugins\/seo\/ -->\n<title>Anillo HUG FROG - Joya de Arte<\/title>\n<meta name=\"description\" content=\"Anillo Hug Frog. Un abrazo de renovaci\u00f3n y amor propio en tu piel.\" \/>\n<meta name=\"robots\" content=\"index, follow, max-snippet:-1, max-image-preview:large, max-video-preview:-1\" \/>\n<link rel=\"canonical\" href=\"https:\/\/joyadearte.com\/es\/product\/anillo-hug-frog\/\" \/>\n<meta property=\"og:locale\" content=\"es_ES\" \/>\n<meta property=\"og:type\" content=\"article\" \/>\n<meta property=\"og:title\" content=\"Anillo HUG FROG - Joya de Arte\" \/>\n<meta property=\"og:description\" content=\"Anillo Hug Frog. Un abrazo de renovaci\u00f3n y amor propio en tu piel.\" \/>\n<meta property=\"og:url\" content=\"https:\/\/joyadearte.com\/es\/product\/anillo-hug-frog\/\" \/>\n<meta property=\"og:site_name\" content=\"Joya de Arte\" \/>\n<meta property=\"article:publisher\" content=\"https:\/\/www.facebook.com\/SandraCepedajoyadearte\/\" \/>\n<meta property=\"article:modified_time\" content=\"2026-04-02T22:40:22+00:00\" \/>\n<meta property=\"og:image\" content=\"https:\/\/joyadearte.com\/wp-content\/uploads\/2024\/04\/Copia-de-_DSC0091.jpg\" \/>\n\t<meta property=\"og:image:width\" content=\"2365\" \/>\n\t<meta property=\"og:image:height\" content=\"1899\" \/>\n\t<meta property=\"og:image:type\" content=\"image\/jpeg\" \/>\n<meta name=\"twitter:card\" content=\"summary_large_image\" \/>\n<meta name=\"twitter:label1\" content=\"Tiempo de lectura\" \/>\n\t<meta name=\"twitter:data1\" content=\"1 minuto\" \/>\n<script type=\"application\/ld+json\" class=\"yoast-schema-graph\">{\"@context\":\"https:\/\/schema.org\",\"@graph\":[{\"@type\":\"WebPage\",\"@id\":\"https:\/\/joyadearte.com\/product\/anillo-hug-frog\/\",\"url\":\"https:\/\/joyadearte.com\/product\/anillo-hug-frog\/\",\"name\":\"Anillo HUG FROG - Joya de Arte\",\"isPartOf\":{\"@id\":\"https:\/\/joyadearte.com\/en\/#website\"},\"primaryImageOfPage\":{\"@id\":\"https:\/\/joyadearte.com\/product\/anillo-hug-frog\/#primaryimage\"},\"image\":{\"@id\":\"https:\/\/joyadearte.com\/product\/anillo-hug-frog\/#primaryimage\"},\"thumbnailUrl\":\"https:\/\/joyadearte.com\/wp-content\/uploads\/2024\/04\/Copia-de-_DSC0091.jpg\",\"datePublished\":\"2024-04-01T22:23:29+00:00\",\"dateModified\":\"2026-04-02T22:40:22+00:00\",\"description\":\"Anillo Hug Frog. Un abrazo de renovaci\u00f3n y amor propio en tu piel.\",\"breadcrumb\":{\"@id\":\"https:\/\/joyadearte.com\/product\/anillo-hug-frog\/#breadcrumb\"},\"inLanguage\":\"es\",\"potentialAction\":[{\"@type\":\"ReadAction\",\"target\":[\"https:\/\/joyadearte.com\/product\/anillo-hug-frog\/\"]}]},{\"@type\":\"ImageObject\",\"inLanguage\":\"es\",\"@id\":\"https:\/\/joyadearte.com\/product\/anillo-hug-frog\/#primaryimage\",\"url\":\"https:\/\/joyadearte.com\/wp-content\/uploads\/2024\/04\/Copia-de-_DSC0091.jpg\",\"contentUrl\":\"https:\/\/joyadearte.com\/wp-content\/uploads\/2024\/04\/Copia-de-_DSC0091.jpg\",\"width\":2365,\"height\":1899,\"caption\":\"Anillo Hug Frog. Un abrazo de renovaci\u00f3n y amor propio en tu piel.\"},{\"@type\":\"BreadcrumbList\",\"@id\":\"https:\/\/joyadearte.com\/product\/anillo-hug-frog\/#breadcrumb\",\"itemListElement\":[{\"@type\":\"ListItem\",\"position\":1,\"name\":\"Portada\",\"item\":\"https:\/\/joyadearte.com\/\"},{\"@type\":\"ListItem\",\"position\":2,\"name\":\"Tienda\",\"item\":\"https:\/\/joyadearte.com\/tienda\/\"},{\"@type\":\"ListItem\",\"position\":3,\"name\":\"Anillo HUG FROG\"}]},{\"@type\":\"WebSite\",\"@id\":\"https:\/\/joyadearte.com\/en\/#website\",\"url\":\"https:\/\/joyadearte.com\/en\/\",\"name\":\"Joya de Arte\",\"description\":\"Joya de Arte by Sandra Cepeda\",\"publisher\":{\"@id\":\"https:\/\/joyadearte.com\/en\/#organization\"},\"potentialAction\":[{\"@type\":\"SearchAction\",\"target\":{\"@type\":\"EntryPoint\",\"urlTemplate\":\"https:\/\/joyadearte.com\/en\/?s={search_term_string}\"},\"query-input\":{\"@type\":\"PropertyValueSpecification\",\"valueRequired\":true,\"valueName\":\"search_term_string\"}}],\"inLanguage\":\"es\"},{\"@type\":\"Organization\",\"@id\":\"https:\/\/joyadearte.com\/en\/#organization\",\"name\":\"Joya de Arte\",\"url\":\"https:\/\/joyadearte.com\/en\/\",\"logo\":{\"@type\":\"ImageObject\",\"inLanguage\":\"es\",\"@id\":\"https:\/\/joyadearte.com\/en\/#\/schema\/logo\/image\/\",\"url\":\"https:\/\/joyadearte.com\/wp-content\/uploads\/2020\/08\/WhatsApp-Image-2020-08-13-at-8.15.09-PM.jpeg\",\"contentUrl\":\"https:\/\/joyadearte.com\/wp-content\/uploads\/2020\/08\/WhatsApp-Image-2020-08-13-at-8.15.09-PM.jpeg\",\"width\":1280,\"height\":1280,\"caption\":\"Joya de Arte\"},\"image\":{\"@id\":\"https:\/\/joyadearte.com\/en\/#\/schema\/logo\/image\/\"},\"sameAs\":[\"https:\/\/www.facebook.com\/SandraCepedajoyadearte\/\",\"https:\/\/www.instagram.com\/joyadearte_sandracepeda\/\",\"https:\/\/es.wikipedia.org\/wiki\/Sandra_Cepeda\"]}]}<\/script>\n<!-- \/ Yoast SEO plugin. -->","yoast_head_json":{"title":"Anillo HUG FROG - Joya de Arte","description":"Anillo Hug Frog. Un abrazo de renovaci\u00f3n y amor propio en tu piel.","robots":{"index":"index","follow":"follow","max-snippet":"max-snippet:-1","max-image-preview":"max-image-preview:large","max-video-preview":"max-video-preview:-1"},"canonical":"https:\/\/joyadearte.com\/es\/product\/anillo-hug-frog\/","og_locale":"es_ES","og_type":"article","og_title":"Anillo HUG FROG - Joya de Arte","og_description":"Anillo Hug Frog. Un abrazo de renovaci\u00f3n y amor propio en tu piel.","og_url":"https:\/\/joyadearte.com\/es\/product\/anillo-hug-frog\/","og_site_name":"Joya de Arte","article_publisher":"https:\/\/www.facebook.com\/SandraCepedajoyadearte\/","article_modified_time":"2026-04-02T22:40:22+00:00","og_image":[{"width":2365,"height":1899,"url":"https:\/\/joyadearte.com\/wp-content\/uploads\/2024\/04\/Copia-de-_DSC0091.jpg","type":"image\/jpeg"}],"twitter_card":"summary_large_image","twitter_misc":{"Tiempo de lectura":"1 minuto"},"schema":{"@context":"https:\/\/schema.org","@graph":[{"@type":"WebPage","@id":"https:\/\/joyadearte.com\/product\/anillo-hug-frog\/","url":"https:\/\/joyadearte.com\/product\/anillo-hug-frog\/","name":"Anillo HUG FROG - Joya de Arte","isPartOf":{"@id":"https:\/\/joyadearte.com\/en\/#website"},"primaryImageOfPage":{"@id":"https:\/\/joyadearte.com\/product\/anillo-hug-frog\/#primaryimage"},"image":{"@id":"https:\/\/joyadearte.com\/product\/anillo-hug-frog\/#primaryimage"},"thumbnailUrl":"https:\/\/joyadearte.com\/wp-content\/uploads\/2024\/04\/Copia-de-_DSC0091.jpg","datePublished":"2024-04-01T22:23:29+00:00","dateModified":"2026-04-02T22:40:22+00:00","description":"Anillo Hug Frog. Un abrazo de renovaci\u00f3n y amor propio en tu piel.","breadcrumb":{"@id":"https:\/\/joyadearte.com\/product\/anillo-hug-frog\/#breadcrumb"},"inLanguage":"es","potentialAction":[{"@type":"ReadAction","target":["https:\/\/joyadearte.com\/product\/anillo-hug-frog\/"]}]},{"@type":"ImageObject","inLanguage":"es","@id":"https:\/\/joyadearte.com\/product\/anillo-hug-frog\/#primaryimage","url":"https:\/\/joyadearte.com\/wp-content\/uploads\/2024\/04\/Copia-de-_DSC0091.jpg","contentUrl":"https:\/\/joyadearte.com\/wp-content\/uploads\/2024\/04\/Copia-de-_DSC0091.jpg","width":2365,"height":1899,"caption":"Anillo Hug Frog. Un abrazo de renovaci\u00f3n y amor propio en tu piel."},{"@type":"BreadcrumbList","@id":"https:\/\/joyadearte.com\/product\/anillo-hug-frog\/#breadcrumb","itemListElement":[{"@type":"ListItem","position":1,"name":"Portada","item":"https:\/\/joyadearte.com\/"},{"@type":"ListItem","position":2,"name":"Tienda","item":"https:\/\/joyadearte.com\/tienda\/"},{"@type":"ListItem","position":3,"name":"Anillo HUG FROG"}]},{"@type":"WebSite","@id":"https:\/\/joyadearte.com\/en\/#website","url":"https:\/\/joyadearte.com\/en\/","name":"Joya de Arte","description":"Joya de Arte by Sandra Cepeda","publisher":{"@id":"https:\/\/joyadearte.com\/en\/#organization"},"potentialAction":[{"@type":"SearchAction","target":{"@type":"EntryPoint","urlTemplate":"https:\/\/joyadearte.com\/en\/?s={search_term_string}"},"query-input":{"@type":"PropertyValueSpecification","valueRequired":true,"valueName":"search_term_string"}}],"inLanguage":"es"},{"@type":"Organization","@id":"https:\/\/joyadearte.com\/en\/#organization","name":"Joya de Arte","url":"https:\/\/joyadearte.com\/en\/","logo":{"@type":"ImageObject","inLanguage":"es","@id":"https:\/\/joyadearte.com\/en\/#\/schema\/logo\/image\/","url":"https:\/\/joyadearte.com\/wp-content\/uploads\/2020\/08\/WhatsApp-Image-2020-08-13-at-8.15.09-PM.jpeg","contentUrl":"https:\/\/joyadearte.com\/wp-content\/uploads\/2020\/08\/WhatsApp-Image-2020-08-13-at-8.15.09-PM.jpeg","width":1280,"height":1280,"caption":"Joya de Arte"},"image":{"@id":"https:\/\/joyadearte.com\/en\/#\/schema\/logo\/image\/"},"sameAs":["https:\/\/www.facebook.com\/SandraCepedajoyadearte\/","https:\/\/www.instagram.com\/joyadearte_sandracepeda\/","https:\/\/es.wikipedia.org\/wiki\/Sandra_Cepeda"]}]}},"jetpack_sharing_enabled":true,"_links":{"self":[{"href":"https:\/\/joyadearte.com\/es\/wp-json\/wp\/v2\/product\/2688","targetHints":{"allow":["GET"]}}],"collection":[{"href":"https:\/\/joyadearte.com\/es\/wp-json\/wp\/v2\/product"}],"about":[{"href":"https:\/\/joyadearte.com\/es\/wp-json\/wp\/v2\/types\/product"}],"replies":[{"embeddable":true,"href":"https:\/\/joyadearte.com\/es\/wp-json\/wp\/v2\/comments?post=2688"}],"wp:featuredmedia":[{"embeddable":true,"href":"https:\/\/joyadearte.com\/es\/wp-json\/wp\/v2\/media\/2689"}],"wp:attachment":[{"href":"https:\/\/joyadearte.com\/es\/wp-json\/wp\/v2\/media?parent=2688"}],"wp:term":[{"taxonomy":"product_brand","embeddable":true,"href":"https:\/\/joyadearte.com\/es\/wp-json\/wp\/v2\/product_brand?post=2688"},{"taxonomy":"product_cat","embeddable":true,"href":"https:\/\/joyadearte.com\/es\/wp-json\/wp\/v2\/product_cat?post=2688"},{"taxonomy":"product_tag","embeddable":true,"href":"https:\/\/joyadearte.com\/es\/wp-json\/wp\/v2\/product_tag?post=2688"}],"curies":[{"name":"wp","href":"https:\/\/api.w.org\/{rel}","templated":true}]}}