{"id":2638,"date":"2023-05-26T22:54:56","date_gmt":"2023-05-26T20:54:56","guid":{"rendered":"https:\/\/joyadearte.com\/?post_type=product&#038;p=2638"},"modified":"2026-04-03T00:42:35","modified_gmt":"2026-04-02T22:42:35","slug":"anillo-cocodrilo-oro","status":"publish","type":"product","link":"https:\/\/joyadearte.com\/es\/product\/anillo-cocodrilo-oro\/","title":{"rendered":"Anillo Cocodrilo Oro"},"content":{"rendered":"<p>Poder y Resiliencia Esculpidos<\/p>\n<p>\u200bLa fuerza de un mito ancestral en tu mano. El Anillo Cocodrilo en Oro de Joya de Arte es una pieza de alta sofisticaci\u00f3n que rinde homenaje a la tenacidad y a la sabidur\u00eda de la supervivencia. Su dise\u00f1o ajustable abraza el dedo con un realismo impecable, permitiendo una adaptaci\u00f3n perfecta donde cada escama refleja la luz con una distinci\u00f3n imponente.<\/p>\n<p>\u200bCreado para el esp\u00edritu audaz que domina su propio terreno, esta joya combina la majestuosidad del oro con una presencia arquitect\u00f3nica inigualable. \u00bfEst\u00e1s listo para llevar contigo el s\u00edmbolo del poder inquebrantable en una pieza que se ajusta a tu medida?<\/p>\n<p>Plata con chapa de oro de 10k<\/p>\n<p>Tama\u00f1o ajustable de talla 5 a talla 10<\/p>\n","protected":false},"excerpt":{"rendered":"<p>Material: Plata con chapa de oro de 10k<\/p>\n<p>Anillo ajustable medida de 5 a 10<\/p>\n","protected":false},"featured_media":2639,"comment_status":"open","ping_status":"closed","template":"","meta":{"_monsterinsights_skip_tracking":false,"_monsterinsights_sitenote_active":false,"_monsterinsights_sitenote_note":"","_monsterinsights_sitenote_category":0},"product_brand":[],"product_cat":[90,118,32],"product_tag":[78],"class_list":{"0":"post-2638","1":"product","2":"type-product","3":"status-publish","4":"has-post-thumbnail","6":"product_cat-animal-spirit","7":"product_cat-oro-10k","8":"product_cat-anillos","9":"product_tag-descuento","11":"first","12":"instock","13":"sale","14":"shipping-taxable","15":"purchasable","16":"product-type-simple","17":"add-to-wishlist-after_add_to_cart"},"yoast_head":"<!-- This site is optimized with the Yoast SEO plugin v25.6 - https:\/\/yoast.com\/wordpress\/plugins\/seo\/ -->\n<title>Anillo Cocodrilo Oro - Joya de Arte<\/title>\n<meta name=\"description\" content=\"Anillo Cocodrilo Oro. Poder y resiliencia en un dise\u00f1o ajustable. Lujo con car\u00e1cter y ajuste perfecto.\" \/>\n<meta name=\"robots\" content=\"index, follow, max-snippet:-1, max-image-preview:large, max-video-preview:-1\" \/>\n<link rel=\"canonical\" href=\"https:\/\/joyadearte.com\/es\/product\/anillo-cocodrilo-oro\/\" \/>\n<meta property=\"og:locale\" content=\"es_ES\" \/>\n<meta property=\"og:type\" content=\"article\" \/>\n<meta property=\"og:title\" content=\"Anillo Cocodrilo Oro - Joya de Arte\" \/>\n<meta property=\"og:description\" content=\"Anillo Cocodrilo Oro. Poder y resiliencia en un dise\u00f1o ajustable. Lujo con car\u00e1cter y ajuste perfecto.\" \/>\n<meta property=\"og:url\" content=\"https:\/\/joyadearte.com\/es\/product\/anillo-cocodrilo-oro\/\" \/>\n<meta property=\"og:site_name\" content=\"Joya de Arte\" \/>\n<meta property=\"article:publisher\" content=\"https:\/\/www.facebook.com\/SandraCepedajoyadearte\/\" \/>\n<meta property=\"article:modified_time\" content=\"2026-04-02T22:42:35+00:00\" \/>\n<meta property=\"og:image\" content=\"https:\/\/joyadearte.com\/wp-content\/uploads\/2023\/05\/DSC5173-ok-scaled.jpg\" \/>\n\t<meta property=\"og:image:width\" content=\"2560\" \/>\n\t<meta property=\"og:image:height\" content=\"1707\" \/>\n\t<meta property=\"og:image:type\" content=\"image\/jpeg\" \/>\n<meta name=\"twitter:card\" content=\"summary_large_image\" \/>\n<meta name=\"twitter:label1\" content=\"Tiempo de lectura\" \/>\n\t<meta name=\"twitter:data1\" content=\"1 minuto\" \/>\n<script type=\"application\/ld+json\" class=\"yoast-schema-graph\">{\"@context\":\"https:\/\/schema.org\",\"@graph\":[{\"@type\":\"WebPage\",\"@id\":\"https:\/\/joyadearte.com\/product\/anillo-cocodrilo-oro\/\",\"url\":\"https:\/\/joyadearte.com\/product\/anillo-cocodrilo-oro\/\",\"name\":\"Anillo Cocodrilo Oro - Joya de Arte\",\"isPartOf\":{\"@id\":\"https:\/\/joyadearte.com\/en\/#website\"},\"primaryImageOfPage\":{\"@id\":\"https:\/\/joyadearte.com\/product\/anillo-cocodrilo-oro\/#primaryimage\"},\"image\":{\"@id\":\"https:\/\/joyadearte.com\/product\/anillo-cocodrilo-oro\/#primaryimage\"},\"thumbnailUrl\":\"https:\/\/joyadearte.com\/wp-content\/uploads\/2023\/05\/DSC5173-ok-scaled.jpg\",\"datePublished\":\"2023-05-26T20:54:56+00:00\",\"dateModified\":\"2026-04-02T22:42:35+00:00\",\"description\":\"Anillo Cocodrilo Oro. Poder y resiliencia en un dise\u00f1o ajustable. Lujo con car\u00e1cter y ajuste perfecto.\",\"breadcrumb\":{\"@id\":\"https:\/\/joyadearte.com\/product\/anillo-cocodrilo-oro\/#breadcrumb\"},\"inLanguage\":\"es\",\"potentialAction\":[{\"@type\":\"ReadAction\",\"target\":[\"https:\/\/joyadearte.com\/product\/anillo-cocodrilo-oro\/\"]}]},{\"@type\":\"ImageObject\",\"inLanguage\":\"es\",\"@id\":\"https:\/\/joyadearte.com\/product\/anillo-cocodrilo-oro\/#primaryimage\",\"url\":\"https:\/\/joyadearte.com\/wp-content\/uploads\/2023\/05\/DSC5173-ok-scaled.jpg\",\"contentUrl\":\"https:\/\/joyadearte.com\/wp-content\/uploads\/2023\/05\/DSC5173-ok-scaled.jpg\",\"width\":2560,\"height\":1707,\"caption\":\"Anillo Cocodrilo Oro. Poder y resiliencia en un dise\u00f1o ajustable. Lujo con car\u00e1cter y ajuste perfecto.\"},{\"@type\":\"BreadcrumbList\",\"@id\":\"https:\/\/joyadearte.com\/product\/anillo-cocodrilo-oro\/#breadcrumb\",\"itemListElement\":[{\"@type\":\"ListItem\",\"position\":1,\"name\":\"Portada\",\"item\":\"https:\/\/joyadearte.com\/\"},{\"@type\":\"ListItem\",\"position\":2,\"name\":\"Tienda\",\"item\":\"https:\/\/joyadearte.com\/tienda\/\"},{\"@type\":\"ListItem\",\"position\":3,\"name\":\"Anillo Cocodrilo Oro\"}]},{\"@type\":\"WebSite\",\"@id\":\"https:\/\/joyadearte.com\/en\/#website\",\"url\":\"https:\/\/joyadearte.com\/en\/\",\"name\":\"Joya de Arte\",\"description\":\"Joya de Arte by Sandra Cepeda\",\"publisher\":{\"@id\":\"https:\/\/joyadearte.com\/en\/#organization\"},\"potentialAction\":[{\"@type\":\"SearchAction\",\"target\":{\"@type\":\"EntryPoint\",\"urlTemplate\":\"https:\/\/joyadearte.com\/en\/?s={search_term_string}\"},\"query-input\":{\"@type\":\"PropertyValueSpecification\",\"valueRequired\":true,\"valueName\":\"search_term_string\"}}],\"inLanguage\":\"es\"},{\"@type\":\"Organization\",\"@id\":\"https:\/\/joyadearte.com\/en\/#organization\",\"name\":\"Joya de Arte\",\"url\":\"https:\/\/joyadearte.com\/en\/\",\"logo\":{\"@type\":\"ImageObject\",\"inLanguage\":\"es\",\"@id\":\"https:\/\/joyadearte.com\/en\/#\/schema\/logo\/image\/\",\"url\":\"https:\/\/joyadearte.com\/wp-content\/uploads\/2020\/08\/WhatsApp-Image-2020-08-13-at-8.15.09-PM.jpeg\",\"contentUrl\":\"https:\/\/joyadearte.com\/wp-content\/uploads\/2020\/08\/WhatsApp-Image-2020-08-13-at-8.15.09-PM.jpeg\",\"width\":1280,\"height\":1280,\"caption\":\"Joya de Arte\"},\"image\":{\"@id\":\"https:\/\/joyadearte.com\/en\/#\/schema\/logo\/image\/\"},\"sameAs\":[\"https:\/\/www.facebook.com\/SandraCepedajoyadearte\/\",\"https:\/\/www.instagram.com\/joyadearte_sandracepeda\/\",\"https:\/\/es.wikipedia.org\/wiki\/Sandra_Cepeda\"]}]}<\/script>\n<!-- \/ Yoast SEO plugin. -->","yoast_head_json":{"title":"Anillo Cocodrilo Oro - Joya de Arte","description":"Anillo Cocodrilo Oro. Poder y resiliencia en un dise\u00f1o ajustable. Lujo con car\u00e1cter y ajuste perfecto.","robots":{"index":"index","follow":"follow","max-snippet":"max-snippet:-1","max-image-preview":"max-image-preview:large","max-video-preview":"max-video-preview:-1"},"canonical":"https:\/\/joyadearte.com\/es\/product\/anillo-cocodrilo-oro\/","og_locale":"es_ES","og_type":"article","og_title":"Anillo Cocodrilo Oro - Joya de Arte","og_description":"Anillo Cocodrilo Oro. Poder y resiliencia en un dise\u00f1o ajustable. Lujo con car\u00e1cter y ajuste perfecto.","og_url":"https:\/\/joyadearte.com\/es\/product\/anillo-cocodrilo-oro\/","og_site_name":"Joya de Arte","article_publisher":"https:\/\/www.facebook.com\/SandraCepedajoyadearte\/","article_modified_time":"2026-04-02T22:42:35+00:00","og_image":[{"width":2560,"height":1707,"url":"https:\/\/joyadearte.com\/wp-content\/uploads\/2023\/05\/DSC5173-ok-scaled.jpg","type":"image\/jpeg"}],"twitter_card":"summary_large_image","twitter_misc":{"Tiempo de lectura":"1 minuto"},"schema":{"@context":"https:\/\/schema.org","@graph":[{"@type":"WebPage","@id":"https:\/\/joyadearte.com\/product\/anillo-cocodrilo-oro\/","url":"https:\/\/joyadearte.com\/product\/anillo-cocodrilo-oro\/","name":"Anillo Cocodrilo Oro - Joya de Arte","isPartOf":{"@id":"https:\/\/joyadearte.com\/en\/#website"},"primaryImageOfPage":{"@id":"https:\/\/joyadearte.com\/product\/anillo-cocodrilo-oro\/#primaryimage"},"image":{"@id":"https:\/\/joyadearte.com\/product\/anillo-cocodrilo-oro\/#primaryimage"},"thumbnailUrl":"https:\/\/joyadearte.com\/wp-content\/uploads\/2023\/05\/DSC5173-ok-scaled.jpg","datePublished":"2023-05-26T20:54:56+00:00","dateModified":"2026-04-02T22:42:35+00:00","description":"Anillo Cocodrilo Oro. Poder y resiliencia en un dise\u00f1o ajustable. Lujo con car\u00e1cter y ajuste perfecto.","breadcrumb":{"@id":"https:\/\/joyadearte.com\/product\/anillo-cocodrilo-oro\/#breadcrumb"},"inLanguage":"es","potentialAction":[{"@type":"ReadAction","target":["https:\/\/joyadearte.com\/product\/anillo-cocodrilo-oro\/"]}]},{"@type":"ImageObject","inLanguage":"es","@id":"https:\/\/joyadearte.com\/product\/anillo-cocodrilo-oro\/#primaryimage","url":"https:\/\/joyadearte.com\/wp-content\/uploads\/2023\/05\/DSC5173-ok-scaled.jpg","contentUrl":"https:\/\/joyadearte.com\/wp-content\/uploads\/2023\/05\/DSC5173-ok-scaled.jpg","width":2560,"height":1707,"caption":"Anillo Cocodrilo Oro. Poder y resiliencia en un dise\u00f1o ajustable. Lujo con car\u00e1cter y ajuste perfecto."},{"@type":"BreadcrumbList","@id":"https:\/\/joyadearte.com\/product\/anillo-cocodrilo-oro\/#breadcrumb","itemListElement":[{"@type":"ListItem","position":1,"name":"Portada","item":"https:\/\/joyadearte.com\/"},{"@type":"ListItem","position":2,"name":"Tienda","item":"https:\/\/joyadearte.com\/tienda\/"},{"@type":"ListItem","position":3,"name":"Anillo Cocodrilo Oro"}]},{"@type":"WebSite","@id":"https:\/\/joyadearte.com\/en\/#website","url":"https:\/\/joyadearte.com\/en\/","name":"Joya de Arte","description":"Joya de Arte by Sandra Cepeda","publisher":{"@id":"https:\/\/joyadearte.com\/en\/#organization"},"potentialAction":[{"@type":"SearchAction","target":{"@type":"EntryPoint","urlTemplate":"https:\/\/joyadearte.com\/en\/?s={search_term_string}"},"query-input":{"@type":"PropertyValueSpecification","valueRequired":true,"valueName":"search_term_string"}}],"inLanguage":"es"},{"@type":"Organization","@id":"https:\/\/joyadearte.com\/en\/#organization","name":"Joya de Arte","url":"https:\/\/joyadearte.com\/en\/","logo":{"@type":"ImageObject","inLanguage":"es","@id":"https:\/\/joyadearte.com\/en\/#\/schema\/logo\/image\/","url":"https:\/\/joyadearte.com\/wp-content\/uploads\/2020\/08\/WhatsApp-Image-2020-08-13-at-8.15.09-PM.jpeg","contentUrl":"https:\/\/joyadearte.com\/wp-content\/uploads\/2020\/08\/WhatsApp-Image-2020-08-13-at-8.15.09-PM.jpeg","width":1280,"height":1280,"caption":"Joya de Arte"},"image":{"@id":"https:\/\/joyadearte.com\/en\/#\/schema\/logo\/image\/"},"sameAs":["https:\/\/www.facebook.com\/SandraCepedajoyadearte\/","https:\/\/www.instagram.com\/joyadearte_sandracepeda\/","https:\/\/es.wikipedia.org\/wiki\/Sandra_Cepeda"]}]}},"jetpack_sharing_enabled":true,"_links":{"self":[{"href":"https:\/\/joyadearte.com\/es\/wp-json\/wp\/v2\/product\/2638","targetHints":{"allow":["GET"]}}],"collection":[{"href":"https:\/\/joyadearte.com\/es\/wp-json\/wp\/v2\/product"}],"about":[{"href":"https:\/\/joyadearte.com\/es\/wp-json\/wp\/v2\/types\/product"}],"replies":[{"embeddable":true,"href":"https:\/\/joyadearte.com\/es\/wp-json\/wp\/v2\/comments?post=2638"}],"wp:featuredmedia":[{"embeddable":true,"href":"https:\/\/joyadearte.com\/es\/wp-json\/wp\/v2\/media\/2639"}],"wp:attachment":[{"href":"https:\/\/joyadearte.com\/es\/wp-json\/wp\/v2\/media?parent=2638"}],"wp:term":[{"taxonomy":"product_brand","embeddable":true,"href":"https:\/\/joyadearte.com\/es\/wp-json\/wp\/v2\/product_brand?post=2638"},{"taxonomy":"product_cat","embeddable":true,"href":"https:\/\/joyadearte.com\/es\/wp-json\/wp\/v2\/product_cat?post=2638"},{"taxonomy":"product_tag","embeddable":true,"href":"https:\/\/joyadearte.com\/es\/wp-json\/wp\/v2\/product_tag?post=2638"}],"curies":[{"name":"wp","href":"https:\/\/api.w.org\/{rel}","templated":true}]}}