{"id":2461,"date":"2022-10-11T05:04:54","date_gmt":"2022-10-11T03:04:54","guid":{"rendered":"https:\/\/joyadearte.com\/?post_type=product&#038;p=2461"},"modified":"2026-04-04T00:38:38","modified_gmt":"2026-04-03T22:38:38","slug":"anillo-nopal-beat","status":"publish","type":"product","link":"https:\/\/joyadearte.com\/es\/product\/anillo-nopal-beat\/","title":{"rendered":"Anillo Nopal Beat"},"content":{"rendered":"<p>El Pulso de la Tierra<\/p>\n<p>\u200bLleva contigo el s\u00edmbolo supremo de la resiliencia mexicana. El Anillo Nopal Beat fusiona la fuerza de nuestras ra\u00edces con una est\u00e9tica contempor\u00e1nea, transformando la silueta org\u00e1nica de esta planta sagrada en una joya de vanguardia. \u00bfC\u00f3mo portar la esencia de M\u00e9xico con distinci\u00f3n? Esta pieza responde con un dise\u00f1o que celebra la capacidad de florecer con determinaci\u00f3n, convirti\u00e9ndose en el tributo ideal para quien busca joyer\u00eda de autor con un significado profundo. Es el \u00abbeat\u00bb de un legado que late entre la tradici\u00f3n y la modernidad, creado para quienes reconocen en la naturaleza la arquitectura de su propia identidad.<\/p>\n<p>Plata .925 con chapa de oro de 10 k<\/p>\n<p>Tama\u00f1o ajustable de talla 5 a talla 10<\/p>\n","protected":false},"excerpt":{"rendered":"<p>Material: Plata .925 con chapa de oro de 10k<\/p>\n<p>Anillo ajustable medida de 5 a 10<\/p>\n","protected":false},"featured_media":2462,"comment_status":"open","ping_status":"closed","template":"","meta":{"_monsterinsights_skip_tracking":false,"_monsterinsights_sitenote_active":false,"_monsterinsights_sitenote_note":"","_monsterinsights_sitenote_category":0},"product_brand":[],"product_cat":[17,90,18,118,32],"product_tag":[78],"class_list":{"0":"post-2461","1":"product","2":"type-product","3":"status-publish","4":"has-post-thumbnail","6":"product_cat-colecciones","7":"product_cat-animal-spirit","8":"product_cat-piezas","9":"product_cat-oro-10k","10":"product_cat-anillos","11":"product_tag-descuento","13":"first","14":"instock","15":"sale","16":"shipping-taxable","17":"purchasable","18":"product-type-simple","19":"add-to-wishlist-after_add_to_cart"},"yoast_head":"<!-- This site is optimized with the Yoast SEO plugin v25.6 - https:\/\/yoast.com\/wordpress\/plugins\/seo\/ -->\n<title>Anillo Nopal Beat - Joya de Arte<\/title>\n<meta name=\"description\" content=\"Anillo Nopal Beat. La fuerza de M\u00e9xico hecha joya. Un dise\u00f1o sofisticado y org\u00e1nico que fusiona la resiliencia del nopal con la elegancia del arte contempor\u00e1neo.\" \/>\n<meta name=\"robots\" content=\"index, follow, max-snippet:-1, max-image-preview:large, max-video-preview:-1\" \/>\n<link rel=\"canonical\" href=\"https:\/\/joyadearte.com\/es\/product\/anillo-nopal-beat\/\" \/>\n<meta property=\"og:locale\" content=\"es_ES\" \/>\n<meta property=\"og:type\" content=\"article\" \/>\n<meta property=\"og:title\" content=\"Anillo Nopal Beat - Joya de Arte\" \/>\n<meta property=\"og:description\" content=\"Anillo Nopal Beat. La fuerza de M\u00e9xico hecha joya. Un dise\u00f1o sofisticado y org\u00e1nico que fusiona la resiliencia del nopal con la elegancia del arte contempor\u00e1neo.\" \/>\n<meta property=\"og:url\" content=\"https:\/\/joyadearte.com\/es\/product\/anillo-nopal-beat\/\" \/>\n<meta property=\"og:site_name\" content=\"Joya de Arte\" \/>\n<meta property=\"article:publisher\" content=\"https:\/\/www.facebook.com\/SandraCepedajoyadearte\/\" \/>\n<meta property=\"article:modified_time\" content=\"2026-04-03T22:38:38+00:00\" \/>\n<meta property=\"og:image\" content=\"https:\/\/joyadearte.com\/wp-content\/uploads\/2022\/10\/DSC4772-2-scaled.jpg\" \/>\n\t<meta property=\"og:image:width\" content=\"2560\" \/>\n\t<meta property=\"og:image:height\" content=\"1707\" \/>\n\t<meta property=\"og:image:type\" content=\"image\/jpeg\" \/>\n<meta name=\"twitter:card\" content=\"summary_large_image\" \/>\n<meta name=\"twitter:label1\" content=\"Tiempo de lectura\" \/>\n\t<meta name=\"twitter:data1\" content=\"1 minuto\" \/>\n<script type=\"application\/ld+json\" class=\"yoast-schema-graph\">{\"@context\":\"https:\/\/schema.org\",\"@graph\":[{\"@type\":\"WebPage\",\"@id\":\"https:\/\/joyadearte.com\/product\/anillo-nopal-beat\/\",\"url\":\"https:\/\/joyadearte.com\/product\/anillo-nopal-beat\/\",\"name\":\"Anillo Nopal Beat - Joya de Arte\",\"isPartOf\":{\"@id\":\"https:\/\/joyadearte.com\/en\/#website\"},\"primaryImageOfPage\":{\"@id\":\"https:\/\/joyadearte.com\/product\/anillo-nopal-beat\/#primaryimage\"},\"image\":{\"@id\":\"https:\/\/joyadearte.com\/product\/anillo-nopal-beat\/#primaryimage\"},\"thumbnailUrl\":\"https:\/\/joyadearte.com\/wp-content\/uploads\/2022\/10\/DSC4772-2-scaled.jpg\",\"datePublished\":\"2022-10-11T03:04:54+00:00\",\"dateModified\":\"2026-04-03T22:38:38+00:00\",\"description\":\"Anillo Nopal Beat. La fuerza de M\u00e9xico hecha joya. Un dise\u00f1o sofisticado y org\u00e1nico que fusiona la resiliencia del nopal con la elegancia del arte contempor\u00e1neo.\",\"breadcrumb\":{\"@id\":\"https:\/\/joyadearte.com\/product\/anillo-nopal-beat\/#breadcrumb\"},\"inLanguage\":\"es\",\"potentialAction\":[{\"@type\":\"ReadAction\",\"target\":[\"https:\/\/joyadearte.com\/product\/anillo-nopal-beat\/\"]}]},{\"@type\":\"ImageObject\",\"inLanguage\":\"es\",\"@id\":\"https:\/\/joyadearte.com\/product\/anillo-nopal-beat\/#primaryimage\",\"url\":\"https:\/\/joyadearte.com\/wp-content\/uploads\/2022\/10\/DSC4772-2-scaled.jpg\",\"contentUrl\":\"https:\/\/joyadearte.com\/wp-content\/uploads\/2022\/10\/DSC4772-2-scaled.jpg\",\"width\":2560,\"height\":1707,\"caption\":\"Anillo Nopal Beat.\"},{\"@type\":\"BreadcrumbList\",\"@id\":\"https:\/\/joyadearte.com\/product\/anillo-nopal-beat\/#breadcrumb\",\"itemListElement\":[{\"@type\":\"ListItem\",\"position\":1,\"name\":\"Portada\",\"item\":\"https:\/\/joyadearte.com\/\"},{\"@type\":\"ListItem\",\"position\":2,\"name\":\"Tienda\",\"item\":\"https:\/\/joyadearte.com\/tienda\/\"},{\"@type\":\"ListItem\",\"position\":3,\"name\":\"Anillo Nopal Beat\"}]},{\"@type\":\"WebSite\",\"@id\":\"https:\/\/joyadearte.com\/en\/#website\",\"url\":\"https:\/\/joyadearte.com\/en\/\",\"name\":\"Joya de Arte\",\"description\":\"Joya de Arte by Sandra Cepeda\",\"publisher\":{\"@id\":\"https:\/\/joyadearte.com\/en\/#organization\"},\"potentialAction\":[{\"@type\":\"SearchAction\",\"target\":{\"@type\":\"EntryPoint\",\"urlTemplate\":\"https:\/\/joyadearte.com\/en\/?s={search_term_string}\"},\"query-input\":{\"@type\":\"PropertyValueSpecification\",\"valueRequired\":true,\"valueName\":\"search_term_string\"}}],\"inLanguage\":\"es\"},{\"@type\":\"Organization\",\"@id\":\"https:\/\/joyadearte.com\/en\/#organization\",\"name\":\"Joya de Arte\",\"url\":\"https:\/\/joyadearte.com\/en\/\",\"logo\":{\"@type\":\"ImageObject\",\"inLanguage\":\"es\",\"@id\":\"https:\/\/joyadearte.com\/en\/#\/schema\/logo\/image\/\",\"url\":\"https:\/\/joyadearte.com\/wp-content\/uploads\/2020\/08\/WhatsApp-Image-2020-08-13-at-8.15.09-PM.jpeg\",\"contentUrl\":\"https:\/\/joyadearte.com\/wp-content\/uploads\/2020\/08\/WhatsApp-Image-2020-08-13-at-8.15.09-PM.jpeg\",\"width\":1280,\"height\":1280,\"caption\":\"Joya de Arte\"},\"image\":{\"@id\":\"https:\/\/joyadearte.com\/en\/#\/schema\/logo\/image\/\"},\"sameAs\":[\"https:\/\/www.facebook.com\/SandraCepedajoyadearte\/\",\"https:\/\/www.instagram.com\/joyadearte_sandracepeda\/\",\"https:\/\/es.wikipedia.org\/wiki\/Sandra_Cepeda\"]}]}<\/script>\n<!-- \/ Yoast SEO plugin. -->","yoast_head_json":{"title":"Anillo Nopal Beat - Joya de Arte","description":"Anillo Nopal Beat. La fuerza de M\u00e9xico hecha joya. Un dise\u00f1o sofisticado y org\u00e1nico que fusiona la resiliencia del nopal con la elegancia del arte contempor\u00e1neo.","robots":{"index":"index","follow":"follow","max-snippet":"max-snippet:-1","max-image-preview":"max-image-preview:large","max-video-preview":"max-video-preview:-1"},"canonical":"https:\/\/joyadearte.com\/es\/product\/anillo-nopal-beat\/","og_locale":"es_ES","og_type":"article","og_title":"Anillo Nopal Beat - Joya de Arte","og_description":"Anillo Nopal Beat. La fuerza de M\u00e9xico hecha joya. Un dise\u00f1o sofisticado y org\u00e1nico que fusiona la resiliencia del nopal con la elegancia del arte contempor\u00e1neo.","og_url":"https:\/\/joyadearte.com\/es\/product\/anillo-nopal-beat\/","og_site_name":"Joya de Arte","article_publisher":"https:\/\/www.facebook.com\/SandraCepedajoyadearte\/","article_modified_time":"2026-04-03T22:38:38+00:00","og_image":[{"width":2560,"height":1707,"url":"https:\/\/joyadearte.com\/wp-content\/uploads\/2022\/10\/DSC4772-2-scaled.jpg","type":"image\/jpeg"}],"twitter_card":"summary_large_image","twitter_misc":{"Tiempo de lectura":"1 minuto"},"schema":{"@context":"https:\/\/schema.org","@graph":[{"@type":"WebPage","@id":"https:\/\/joyadearte.com\/product\/anillo-nopal-beat\/","url":"https:\/\/joyadearte.com\/product\/anillo-nopal-beat\/","name":"Anillo Nopal Beat - Joya de Arte","isPartOf":{"@id":"https:\/\/joyadearte.com\/en\/#website"},"primaryImageOfPage":{"@id":"https:\/\/joyadearte.com\/product\/anillo-nopal-beat\/#primaryimage"},"image":{"@id":"https:\/\/joyadearte.com\/product\/anillo-nopal-beat\/#primaryimage"},"thumbnailUrl":"https:\/\/joyadearte.com\/wp-content\/uploads\/2022\/10\/DSC4772-2-scaled.jpg","datePublished":"2022-10-11T03:04:54+00:00","dateModified":"2026-04-03T22:38:38+00:00","description":"Anillo Nopal Beat. La fuerza de M\u00e9xico hecha joya. Un dise\u00f1o sofisticado y org\u00e1nico que fusiona la resiliencia del nopal con la elegancia del arte contempor\u00e1neo.","breadcrumb":{"@id":"https:\/\/joyadearte.com\/product\/anillo-nopal-beat\/#breadcrumb"},"inLanguage":"es","potentialAction":[{"@type":"ReadAction","target":["https:\/\/joyadearte.com\/product\/anillo-nopal-beat\/"]}]},{"@type":"ImageObject","inLanguage":"es","@id":"https:\/\/joyadearte.com\/product\/anillo-nopal-beat\/#primaryimage","url":"https:\/\/joyadearte.com\/wp-content\/uploads\/2022\/10\/DSC4772-2-scaled.jpg","contentUrl":"https:\/\/joyadearte.com\/wp-content\/uploads\/2022\/10\/DSC4772-2-scaled.jpg","width":2560,"height":1707,"caption":"Anillo Nopal Beat."},{"@type":"BreadcrumbList","@id":"https:\/\/joyadearte.com\/product\/anillo-nopal-beat\/#breadcrumb","itemListElement":[{"@type":"ListItem","position":1,"name":"Portada","item":"https:\/\/joyadearte.com\/"},{"@type":"ListItem","position":2,"name":"Tienda","item":"https:\/\/joyadearte.com\/tienda\/"},{"@type":"ListItem","position":3,"name":"Anillo Nopal Beat"}]},{"@type":"WebSite","@id":"https:\/\/joyadearte.com\/en\/#website","url":"https:\/\/joyadearte.com\/en\/","name":"Joya de Arte","description":"Joya de Arte by Sandra Cepeda","publisher":{"@id":"https:\/\/joyadearte.com\/en\/#organization"},"potentialAction":[{"@type":"SearchAction","target":{"@type":"EntryPoint","urlTemplate":"https:\/\/joyadearte.com\/en\/?s={search_term_string}"},"query-input":{"@type":"PropertyValueSpecification","valueRequired":true,"valueName":"search_term_string"}}],"inLanguage":"es"},{"@type":"Organization","@id":"https:\/\/joyadearte.com\/en\/#organization","name":"Joya de Arte","url":"https:\/\/joyadearte.com\/en\/","logo":{"@type":"ImageObject","inLanguage":"es","@id":"https:\/\/joyadearte.com\/en\/#\/schema\/logo\/image\/","url":"https:\/\/joyadearte.com\/wp-content\/uploads\/2020\/08\/WhatsApp-Image-2020-08-13-at-8.15.09-PM.jpeg","contentUrl":"https:\/\/joyadearte.com\/wp-content\/uploads\/2020\/08\/WhatsApp-Image-2020-08-13-at-8.15.09-PM.jpeg","width":1280,"height":1280,"caption":"Joya de Arte"},"image":{"@id":"https:\/\/joyadearte.com\/en\/#\/schema\/logo\/image\/"},"sameAs":["https:\/\/www.facebook.com\/SandraCepedajoyadearte\/","https:\/\/www.instagram.com\/joyadearte_sandracepeda\/","https:\/\/es.wikipedia.org\/wiki\/Sandra_Cepeda"]}]}},"jetpack_sharing_enabled":true,"_links":{"self":[{"href":"https:\/\/joyadearte.com\/es\/wp-json\/wp\/v2\/product\/2461","targetHints":{"allow":["GET"]}}],"collection":[{"href":"https:\/\/joyadearte.com\/es\/wp-json\/wp\/v2\/product"}],"about":[{"href":"https:\/\/joyadearte.com\/es\/wp-json\/wp\/v2\/types\/product"}],"replies":[{"embeddable":true,"href":"https:\/\/joyadearte.com\/es\/wp-json\/wp\/v2\/comments?post=2461"}],"wp:featuredmedia":[{"embeddable":true,"href":"https:\/\/joyadearte.com\/es\/wp-json\/wp\/v2\/media\/2462"}],"wp:attachment":[{"href":"https:\/\/joyadearte.com\/es\/wp-json\/wp\/v2\/media?parent=2461"}],"wp:term":[{"taxonomy":"product_brand","embeddable":true,"href":"https:\/\/joyadearte.com\/es\/wp-json\/wp\/v2\/product_brand?post=2461"},{"taxonomy":"product_cat","embeddable":true,"href":"https:\/\/joyadearte.com\/es\/wp-json\/wp\/v2\/product_cat?post=2461"},{"taxonomy":"product_tag","embeddable":true,"href":"https:\/\/joyadearte.com\/es\/wp-json\/wp\/v2\/product_tag?post=2461"}],"curies":[{"name":"wp","href":"https:\/\/api.w.org\/{rel}","templated":true}]}}