{"id":2264,"date":"2021-12-24T23:30:27","date_gmt":"2021-12-24T22:30:27","guid":{"rendered":"https:\/\/joyadearte.com\/?post_type=product&#038;p=2264"},"modified":"2026-04-04T00:42:54","modified_gmt":"2026-04-03T22:42:54","slug":"dije-doble-oracion","status":"publish","type":"product","link":"https:\/\/joyadearte.com\/es\/product\/dije-doble-oracion\/","title":{"rendered":"DIJE DOBLE ORACI\u00d3N"},"content":{"rendered":"<p>\u00bfBuscas una joya con carga simb\u00f3lica que se vea moderna y vanguardista? El Dije Doble Oraci\u00f3n es tu armadura espiritual. Dise\u00f1ado para quienes llevan su fe y sus intenciones con orgullo, este dije ofrece el doble de protecci\u00f3n con una est\u00e9tica de lujo contempor\u00e1neo. \u00bfQuieres un amuleto que sea un recordatorio constante de tu fuerza interior? Esta pieza entrelaza la devoci\u00f3n con un dise\u00f1o arquitect\u00f3nico \u00fanico.<\/p>\n<p>Es el accesorio perfecto para quienes saben que sus deseos se escuchan mejor cuando van acompa\u00f1ados de un dise\u00f1o impecable.<\/p>\n<p><strong>Material:<\/strong> Plata .925 con chapa de oro de 10 k<\/p>\n","protected":false},"excerpt":{"rendered":"<p>Material: Plata .925 con chapa de oro de 10k<\/p>\n","protected":false},"featured_media":2870,"comment_status":"open","ping_status":"closed","template":"","meta":{"_monsterinsights_skip_tracking":false,"_monsterinsights_sitenote_active":false,"_monsterinsights_sitenote_note":"","_monsterinsights_sitenote_category":0},"product_brand":[],"product_cat":[17,42,18,93,118,31],"product_tag":[114],"class_list":{"0":"post-2264","1":"product","2":"type-product","3":"status-publish","4":"has-post-thumbnail","6":"product_cat-colecciones","7":"product_cat-mudras","8":"product_cat-piezas","9":"product_cat-best-sellers","10":"product_cat-oro-10k","11":"product_cat-dijes-y-collares","12":"product_tag-nodiscount","14":"first","15":"instock","16":"shipping-taxable","17":"purchasable","18":"product-type-simple","19":"add-to-wishlist-after_add_to_cart"},"yoast_head":"<!-- This site is optimized with the Yoast SEO plugin v25.6 - https:\/\/yoast.com\/wordpress\/plugins\/seo\/ -->\n<title>DIJE DOBLE ORACI\u00d3N - Joya de Arte<\/title>\n<meta name=\"description\" content=\"Dije Doble Oraci\u00f3n: fe, protecci\u00f3n y dise\u00f1o exclusivo. Una pieza con alma y fuerza espiritual para quienes buscan una joya con prop\u00f3sito y estilo.\" \/>\n<meta name=\"robots\" content=\"index, follow, max-snippet:-1, max-image-preview:large, max-video-preview:-1\" \/>\n<link rel=\"canonical\" href=\"https:\/\/joyadearte.com\/es\/product\/dije-doble-oracion\/\" \/>\n<meta property=\"og:locale\" content=\"es_ES\" \/>\n<meta property=\"og:type\" content=\"article\" \/>\n<meta property=\"og:title\" content=\"DIJE DOBLE ORACI\u00d3N - Joya de Arte\" \/>\n<meta property=\"og:description\" content=\"Dije Doble Oraci\u00f3n: fe, protecci\u00f3n y dise\u00f1o exclusivo. Una pieza con alma y fuerza espiritual para quienes buscan una joya con prop\u00f3sito y estilo.\" \/>\n<meta property=\"og:url\" content=\"https:\/\/joyadearte.com\/es\/product\/dije-doble-oracion\/\" \/>\n<meta property=\"og:site_name\" content=\"Joya de Arte\" \/>\n<meta property=\"article:publisher\" content=\"https:\/\/www.facebook.com\/SandraCepedajoyadearte\/\" \/>\n<meta property=\"article:modified_time\" content=\"2026-04-03T22:42:54+00:00\" \/>\n<meta property=\"og:image\" content=\"https:\/\/joyadearte.com\/wp-content\/uploads\/2021\/12\/dije-doble-oracion-1.jpg\" \/>\n\t<meta property=\"og:image:width\" content=\"1200\" \/>\n\t<meta property=\"og:image:height\" content=\"800\" \/>\n\t<meta property=\"og:image:type\" content=\"image\/jpeg\" \/>\n<meta name=\"twitter:card\" content=\"summary_large_image\" \/>\n<meta name=\"twitter:label1\" content=\"Tiempo de lectura\" \/>\n\t<meta name=\"twitter:data1\" content=\"1 minuto\" \/>\n<script type=\"application\/ld+json\" class=\"yoast-schema-graph\">{\"@context\":\"https:\/\/schema.org\",\"@graph\":[{\"@type\":\"WebPage\",\"@id\":\"https:\/\/joyadearte.com\/product\/dije-doble-oracion\/\",\"url\":\"https:\/\/joyadearte.com\/product\/dije-doble-oracion\/\",\"name\":\"DIJE DOBLE ORACI\u00d3N - Joya de Arte\",\"isPartOf\":{\"@id\":\"https:\/\/joyadearte.com\/en\/#website\"},\"primaryImageOfPage\":{\"@id\":\"https:\/\/joyadearte.com\/product\/dije-doble-oracion\/#primaryimage\"},\"image\":{\"@id\":\"https:\/\/joyadearte.com\/product\/dije-doble-oracion\/#primaryimage\"},\"thumbnailUrl\":\"https:\/\/joyadearte.com\/wp-content\/uploads\/2021\/12\/dije-doble-oracion-1.jpg\",\"datePublished\":\"2021-12-24T22:30:27+00:00\",\"dateModified\":\"2026-04-03T22:42:54+00:00\",\"description\":\"Dije Doble Oraci\u00f3n: fe, protecci\u00f3n y dise\u00f1o exclusivo. Una pieza con alma y fuerza espiritual para quienes buscan una joya con prop\u00f3sito y estilo.\",\"breadcrumb\":{\"@id\":\"https:\/\/joyadearte.com\/product\/dije-doble-oracion\/#breadcrumb\"},\"inLanguage\":\"es\",\"potentialAction\":[{\"@type\":\"ReadAction\",\"target\":[\"https:\/\/joyadearte.com\/product\/dije-doble-oracion\/\"]}]},{\"@type\":\"ImageObject\",\"inLanguage\":\"es\",\"@id\":\"https:\/\/joyadearte.com\/product\/dije-doble-oracion\/#primaryimage\",\"url\":\"https:\/\/joyadearte.com\/wp-content\/uploads\/2021\/12\/dije-doble-oracion-1.jpg\",\"contentUrl\":\"https:\/\/joyadearte.com\/wp-content\/uploads\/2021\/12\/dije-doble-oracion-1.jpg\",\"width\":1200,\"height\":800,\"caption\":\"Dije Doble Oraci\u00f3n: fe, protecci\u00f3n y dise\u00f1o exclusivo. Una pieza con alma y fuerza espiritual para quienes buscan una joya con prop\u00f3sito y estilo.\"},{\"@type\":\"BreadcrumbList\",\"@id\":\"https:\/\/joyadearte.com\/product\/dije-doble-oracion\/#breadcrumb\",\"itemListElement\":[{\"@type\":\"ListItem\",\"position\":1,\"name\":\"Portada\",\"item\":\"https:\/\/joyadearte.com\/\"},{\"@type\":\"ListItem\",\"position\":2,\"name\":\"Tienda\",\"item\":\"https:\/\/joyadearte.com\/tienda\/\"},{\"@type\":\"ListItem\",\"position\":3,\"name\":\"DIJE DOBLE ORACI\u00d3N\"}]},{\"@type\":\"WebSite\",\"@id\":\"https:\/\/joyadearte.com\/en\/#website\",\"url\":\"https:\/\/joyadearte.com\/en\/\",\"name\":\"Joya de Arte\",\"description\":\"Joya de Arte by Sandra Cepeda\",\"publisher\":{\"@id\":\"https:\/\/joyadearte.com\/en\/#organization\"},\"potentialAction\":[{\"@type\":\"SearchAction\",\"target\":{\"@type\":\"EntryPoint\",\"urlTemplate\":\"https:\/\/joyadearte.com\/en\/?s={search_term_string}\"},\"query-input\":{\"@type\":\"PropertyValueSpecification\",\"valueRequired\":true,\"valueName\":\"search_term_string\"}}],\"inLanguage\":\"es\"},{\"@type\":\"Organization\",\"@id\":\"https:\/\/joyadearte.com\/en\/#organization\",\"name\":\"Joya de Arte\",\"url\":\"https:\/\/joyadearte.com\/en\/\",\"logo\":{\"@type\":\"ImageObject\",\"inLanguage\":\"es\",\"@id\":\"https:\/\/joyadearte.com\/en\/#\/schema\/logo\/image\/\",\"url\":\"https:\/\/joyadearte.com\/wp-content\/uploads\/2020\/08\/WhatsApp-Image-2020-08-13-at-8.15.09-PM.jpeg\",\"contentUrl\":\"https:\/\/joyadearte.com\/wp-content\/uploads\/2020\/08\/WhatsApp-Image-2020-08-13-at-8.15.09-PM.jpeg\",\"width\":1280,\"height\":1280,\"caption\":\"Joya de Arte\"},\"image\":{\"@id\":\"https:\/\/joyadearte.com\/en\/#\/schema\/logo\/image\/\"},\"sameAs\":[\"https:\/\/www.facebook.com\/SandraCepedajoyadearte\/\",\"https:\/\/www.instagram.com\/joyadearte_sandracepeda\/\",\"https:\/\/es.wikipedia.org\/wiki\/Sandra_Cepeda\"]}]}<\/script>\n<!-- \/ Yoast SEO plugin. -->","yoast_head_json":{"title":"DIJE DOBLE ORACI\u00d3N - Joya de Arte","description":"Dije Doble Oraci\u00f3n: fe, protecci\u00f3n y dise\u00f1o exclusivo. Una pieza con alma y fuerza espiritual para quienes buscan una joya con prop\u00f3sito y estilo.","robots":{"index":"index","follow":"follow","max-snippet":"max-snippet:-1","max-image-preview":"max-image-preview:large","max-video-preview":"max-video-preview:-1"},"canonical":"https:\/\/joyadearte.com\/es\/product\/dije-doble-oracion\/","og_locale":"es_ES","og_type":"article","og_title":"DIJE DOBLE ORACI\u00d3N - Joya de Arte","og_description":"Dije Doble Oraci\u00f3n: fe, protecci\u00f3n y dise\u00f1o exclusivo. Una pieza con alma y fuerza espiritual para quienes buscan una joya con prop\u00f3sito y estilo.","og_url":"https:\/\/joyadearte.com\/es\/product\/dije-doble-oracion\/","og_site_name":"Joya de Arte","article_publisher":"https:\/\/www.facebook.com\/SandraCepedajoyadearte\/","article_modified_time":"2026-04-03T22:42:54+00:00","og_image":[{"width":1200,"height":800,"url":"https:\/\/joyadearte.com\/wp-content\/uploads\/2021\/12\/dije-doble-oracion-1.jpg","type":"image\/jpeg"}],"twitter_card":"summary_large_image","twitter_misc":{"Tiempo de lectura":"1 minuto"},"schema":{"@context":"https:\/\/schema.org","@graph":[{"@type":"WebPage","@id":"https:\/\/joyadearte.com\/product\/dije-doble-oracion\/","url":"https:\/\/joyadearte.com\/product\/dije-doble-oracion\/","name":"DIJE DOBLE ORACI\u00d3N - Joya de Arte","isPartOf":{"@id":"https:\/\/joyadearte.com\/en\/#website"},"primaryImageOfPage":{"@id":"https:\/\/joyadearte.com\/product\/dije-doble-oracion\/#primaryimage"},"image":{"@id":"https:\/\/joyadearte.com\/product\/dije-doble-oracion\/#primaryimage"},"thumbnailUrl":"https:\/\/joyadearte.com\/wp-content\/uploads\/2021\/12\/dije-doble-oracion-1.jpg","datePublished":"2021-12-24T22:30:27+00:00","dateModified":"2026-04-03T22:42:54+00:00","description":"Dije Doble Oraci\u00f3n: fe, protecci\u00f3n y dise\u00f1o exclusivo. Una pieza con alma y fuerza espiritual para quienes buscan una joya con prop\u00f3sito y estilo.","breadcrumb":{"@id":"https:\/\/joyadearte.com\/product\/dije-doble-oracion\/#breadcrumb"},"inLanguage":"es","potentialAction":[{"@type":"ReadAction","target":["https:\/\/joyadearte.com\/product\/dije-doble-oracion\/"]}]},{"@type":"ImageObject","inLanguage":"es","@id":"https:\/\/joyadearte.com\/product\/dije-doble-oracion\/#primaryimage","url":"https:\/\/joyadearte.com\/wp-content\/uploads\/2021\/12\/dije-doble-oracion-1.jpg","contentUrl":"https:\/\/joyadearte.com\/wp-content\/uploads\/2021\/12\/dije-doble-oracion-1.jpg","width":1200,"height":800,"caption":"Dije Doble Oraci\u00f3n: fe, protecci\u00f3n y dise\u00f1o exclusivo. Una pieza con alma y fuerza espiritual para quienes buscan una joya con prop\u00f3sito y estilo."},{"@type":"BreadcrumbList","@id":"https:\/\/joyadearte.com\/product\/dije-doble-oracion\/#breadcrumb","itemListElement":[{"@type":"ListItem","position":1,"name":"Portada","item":"https:\/\/joyadearte.com\/"},{"@type":"ListItem","position":2,"name":"Tienda","item":"https:\/\/joyadearte.com\/tienda\/"},{"@type":"ListItem","position":3,"name":"DIJE DOBLE ORACI\u00d3N"}]},{"@type":"WebSite","@id":"https:\/\/joyadearte.com\/en\/#website","url":"https:\/\/joyadearte.com\/en\/","name":"Joya de Arte","description":"Joya de Arte by Sandra Cepeda","publisher":{"@id":"https:\/\/joyadearte.com\/en\/#organization"},"potentialAction":[{"@type":"SearchAction","target":{"@type":"EntryPoint","urlTemplate":"https:\/\/joyadearte.com\/en\/?s={search_term_string}"},"query-input":{"@type":"PropertyValueSpecification","valueRequired":true,"valueName":"search_term_string"}}],"inLanguage":"es"},{"@type":"Organization","@id":"https:\/\/joyadearte.com\/en\/#organization","name":"Joya de Arte","url":"https:\/\/joyadearte.com\/en\/","logo":{"@type":"ImageObject","inLanguage":"es","@id":"https:\/\/joyadearte.com\/en\/#\/schema\/logo\/image\/","url":"https:\/\/joyadearte.com\/wp-content\/uploads\/2020\/08\/WhatsApp-Image-2020-08-13-at-8.15.09-PM.jpeg","contentUrl":"https:\/\/joyadearte.com\/wp-content\/uploads\/2020\/08\/WhatsApp-Image-2020-08-13-at-8.15.09-PM.jpeg","width":1280,"height":1280,"caption":"Joya de Arte"},"image":{"@id":"https:\/\/joyadearte.com\/en\/#\/schema\/logo\/image\/"},"sameAs":["https:\/\/www.facebook.com\/SandraCepedajoyadearte\/","https:\/\/www.instagram.com\/joyadearte_sandracepeda\/","https:\/\/es.wikipedia.org\/wiki\/Sandra_Cepeda"]}]}},"jetpack_sharing_enabled":true,"_links":{"self":[{"href":"https:\/\/joyadearte.com\/es\/wp-json\/wp\/v2\/product\/2264","targetHints":{"allow":["GET"]}}],"collection":[{"href":"https:\/\/joyadearte.com\/es\/wp-json\/wp\/v2\/product"}],"about":[{"href":"https:\/\/joyadearte.com\/es\/wp-json\/wp\/v2\/types\/product"}],"replies":[{"embeddable":true,"href":"https:\/\/joyadearte.com\/es\/wp-json\/wp\/v2\/comments?post=2264"}],"wp:featuredmedia":[{"embeddable":true,"href":"https:\/\/joyadearte.com\/es\/wp-json\/wp\/v2\/media\/2870"}],"wp:attachment":[{"href":"https:\/\/joyadearte.com\/es\/wp-json\/wp\/v2\/media?parent=2264"}],"wp:term":[{"taxonomy":"product_brand","embeddable":true,"href":"https:\/\/joyadearte.com\/es\/wp-json\/wp\/v2\/product_brand?post=2264"},{"taxonomy":"product_cat","embeddable":true,"href":"https:\/\/joyadearte.com\/es\/wp-json\/wp\/v2\/product_cat?post=2264"},{"taxonomy":"product_tag","embeddable":true,"href":"https:\/\/joyadearte.com\/es\/wp-json\/wp\/v2\/product_tag?post=2264"}],"curies":[{"name":"wp","href":"https:\/\/api.w.org\/{rel}","templated":true}]}}