{"id":2260,"date":"2021-12-24T23:20:45","date_gmt":"2021-12-24T22:20:45","guid":{"rendered":"https:\/\/joyadearte.com\/?post_type=product&#038;p=2260"},"modified":"2026-04-04T00:44:06","modified_gmt":"2026-04-03T22:44:06","slug":"aretes-mudra-plata","status":"publish","type":"product","link":"https:\/\/joyadearte.com\/es\/product\/aretes-mudra-plata\/","title":{"rendered":"ARETES MUDRA PLATA"},"content":{"rendered":"<p>Los Aretes Mudra en plata son una pausa necesaria en el caos cotidiano. Inspirados en los gestos sagrados de las manos que canalizan la energ\u00eda vital, esta pieza de autor traduce la espiritualidad en un dise\u00f1o moderno y minimalista. Cada curva en plata de ley busca generar un estado de calma y enfoque en quien los porta.<\/p>\n<p>\u200bEs la joya ideal para quienes entienden que el equilibrio es una pr\u00e1ctica diaria y que la elegancia nace de la intenci\u00f3n. Ligeros, sofisticados y cargados de significado, estos aretes son un recordatorio t\u00e1ctil de tu centro y tu paz interior.<\/p>\n<p>Disponible en plata .950<\/p>\n","protected":false},"excerpt":{"rendered":"<p>Material: Plata .950<\/p>\n","protected":false},"featured_media":2261,"comment_status":"open","ping_status":"closed","template":"","meta":{"_monsterinsights_skip_tracking":false,"_monsterinsights_sitenote_active":false,"_monsterinsights_sitenote_note":"","_monsterinsights_sitenote_category":0},"product_brand":[],"product_cat":[17,42,18,117,30],"product_tag":[114],"class_list":{"0":"post-2260","1":"product","2":"type-product","3":"status-publish","4":"has-post-thumbnail","6":"product_cat-colecciones","7":"product_cat-mudras","8":"product_cat-piezas","9":"product_cat-plata-925","10":"product_cat-aretes","11":"product_tag-nodiscount","13":"first","14":"instock","15":"shipping-taxable","16":"purchasable","17":"product-type-simple","18":"add-to-wishlist-after_add_to_cart"},"yoast_head":"<!-- This site is optimized with the Yoast SEO plugin v25.6 - https:\/\/yoast.com\/wordpress\/plugins\/seo\/ -->\n<title>ARETES MUDRA PLATA - Joya de Arte<\/title>\n<meta name=\"description\" content=\"Aretes Mudra Plata. Joya de autor inspirada en gestos sagrados para atraer equilibrio y paz a tu d\u00eda a d\u00eda.\" \/>\n<meta name=\"robots\" content=\"index, follow, max-snippet:-1, max-image-preview:large, max-video-preview:-1\" \/>\n<link rel=\"canonical\" href=\"https:\/\/joyadearte.com\/es\/product\/aretes-mudra-plata\/\" \/>\n<meta property=\"og:locale\" content=\"es_ES\" \/>\n<meta property=\"og:type\" content=\"article\" \/>\n<meta property=\"og:title\" content=\"ARETES MUDRA PLATA - Joya de Arte\" \/>\n<meta property=\"og:description\" content=\"Aretes Mudra Plata. Joya de autor inspirada en gestos sagrados para atraer equilibrio y paz a tu d\u00eda a d\u00eda.\" \/>\n<meta property=\"og:url\" content=\"https:\/\/joyadearte.com\/es\/product\/aretes-mudra-plata\/\" \/>\n<meta property=\"og:site_name\" content=\"Joya de Arte\" \/>\n<meta property=\"article:publisher\" content=\"https:\/\/www.facebook.com\/SandraCepedajoyadearte\/\" \/>\n<meta property=\"article:modified_time\" content=\"2026-04-03T22:44:06+00:00\" \/>\n<meta property=\"og:image\" content=\"https:\/\/joyadearte.com\/wp-content\/uploads\/2021\/12\/Copia-de-_DSC0187-lista-scaled.jpg\" \/>\n\t<meta property=\"og:image:width\" content=\"2560\" \/>\n\t<meta property=\"og:image:height\" content=\"1706\" \/>\n\t<meta property=\"og:image:type\" content=\"image\/jpeg\" \/>\n<meta name=\"twitter:card\" content=\"summary_large_image\" \/>\n<meta name=\"twitter:label1\" content=\"Tiempo de lectura\" \/>\n\t<meta name=\"twitter:data1\" content=\"1 minuto\" \/>\n<script type=\"application\/ld+json\" class=\"yoast-schema-graph\">{\"@context\":\"https:\/\/schema.org\",\"@graph\":[{\"@type\":\"WebPage\",\"@id\":\"https:\/\/joyadearte.com\/product\/aretes-mudra-plata\/\",\"url\":\"https:\/\/joyadearte.com\/product\/aretes-mudra-plata\/\",\"name\":\"ARETES MUDRA PLATA - Joya de Arte\",\"isPartOf\":{\"@id\":\"https:\/\/joyadearte.com\/en\/#website\"},\"primaryImageOfPage\":{\"@id\":\"https:\/\/joyadearte.com\/product\/aretes-mudra-plata\/#primaryimage\"},\"image\":{\"@id\":\"https:\/\/joyadearte.com\/product\/aretes-mudra-plata\/#primaryimage\"},\"thumbnailUrl\":\"https:\/\/joyadearte.com\/wp-content\/uploads\/2021\/12\/Copia-de-_DSC0187-lista-scaled.jpg\",\"datePublished\":\"2021-12-24T22:20:45+00:00\",\"dateModified\":\"2026-04-03T22:44:06+00:00\",\"description\":\"Aretes Mudra Plata. Joya de autor inspirada en gestos sagrados para atraer equilibrio y paz a tu d\u00eda a d\u00eda.\",\"breadcrumb\":{\"@id\":\"https:\/\/joyadearte.com\/product\/aretes-mudra-plata\/#breadcrumb\"},\"inLanguage\":\"es\",\"potentialAction\":[{\"@type\":\"ReadAction\",\"target\":[\"https:\/\/joyadearte.com\/product\/aretes-mudra-plata\/\"]}]},{\"@type\":\"ImageObject\",\"inLanguage\":\"es\",\"@id\":\"https:\/\/joyadearte.com\/product\/aretes-mudra-plata\/#primaryimage\",\"url\":\"https:\/\/joyadearte.com\/wp-content\/uploads\/2021\/12\/Copia-de-_DSC0187-lista-scaled.jpg\",\"contentUrl\":\"https:\/\/joyadearte.com\/wp-content\/uploads\/2021\/12\/Copia-de-_DSC0187-lista-scaled.jpg\",\"width\":2560,\"height\":1706,\"caption\":\"Aretes Mudra en plata. Joya de autor inspirada en gestos sagrados para atraer equilibrio y paz a tu d\u00eda a d\u00eda.\"},{\"@type\":\"BreadcrumbList\",\"@id\":\"https:\/\/joyadearte.com\/product\/aretes-mudra-plata\/#breadcrumb\",\"itemListElement\":[{\"@type\":\"ListItem\",\"position\":1,\"name\":\"Portada\",\"item\":\"https:\/\/joyadearte.com\/\"},{\"@type\":\"ListItem\",\"position\":2,\"name\":\"Tienda\",\"item\":\"https:\/\/joyadearte.com\/tienda\/\"},{\"@type\":\"ListItem\",\"position\":3,\"name\":\"ARETES MUDRA PLATA\"}]},{\"@type\":\"WebSite\",\"@id\":\"https:\/\/joyadearte.com\/en\/#website\",\"url\":\"https:\/\/joyadearte.com\/en\/\",\"name\":\"Joya de Arte\",\"description\":\"Joya de Arte by Sandra Cepeda\",\"publisher\":{\"@id\":\"https:\/\/joyadearte.com\/en\/#organization\"},\"potentialAction\":[{\"@type\":\"SearchAction\",\"target\":{\"@type\":\"EntryPoint\",\"urlTemplate\":\"https:\/\/joyadearte.com\/en\/?s={search_term_string}\"},\"query-input\":{\"@type\":\"PropertyValueSpecification\",\"valueRequired\":true,\"valueName\":\"search_term_string\"}}],\"inLanguage\":\"es\"},{\"@type\":\"Organization\",\"@id\":\"https:\/\/joyadearte.com\/en\/#organization\",\"name\":\"Joya de Arte\",\"url\":\"https:\/\/joyadearte.com\/en\/\",\"logo\":{\"@type\":\"ImageObject\",\"inLanguage\":\"es\",\"@id\":\"https:\/\/joyadearte.com\/en\/#\/schema\/logo\/image\/\",\"url\":\"https:\/\/joyadearte.com\/wp-content\/uploads\/2020\/08\/WhatsApp-Image-2020-08-13-at-8.15.09-PM.jpeg\",\"contentUrl\":\"https:\/\/joyadearte.com\/wp-content\/uploads\/2020\/08\/WhatsApp-Image-2020-08-13-at-8.15.09-PM.jpeg\",\"width\":1280,\"height\":1280,\"caption\":\"Joya de Arte\"},\"image\":{\"@id\":\"https:\/\/joyadearte.com\/en\/#\/schema\/logo\/image\/\"},\"sameAs\":[\"https:\/\/www.facebook.com\/SandraCepedajoyadearte\/\",\"https:\/\/www.instagram.com\/joyadearte_sandracepeda\/\",\"https:\/\/es.wikipedia.org\/wiki\/Sandra_Cepeda\"]}]}<\/script>\n<!-- \/ Yoast SEO plugin. -->","yoast_head_json":{"title":"ARETES MUDRA PLATA - Joya de Arte","description":"Aretes Mudra Plata. Joya de autor inspirada en gestos sagrados para atraer equilibrio y paz a tu d\u00eda a d\u00eda.","robots":{"index":"index","follow":"follow","max-snippet":"max-snippet:-1","max-image-preview":"max-image-preview:large","max-video-preview":"max-video-preview:-1"},"canonical":"https:\/\/joyadearte.com\/es\/product\/aretes-mudra-plata\/","og_locale":"es_ES","og_type":"article","og_title":"ARETES MUDRA PLATA - Joya de Arte","og_description":"Aretes Mudra Plata. Joya de autor inspirada en gestos sagrados para atraer equilibrio y paz a tu d\u00eda a d\u00eda.","og_url":"https:\/\/joyadearte.com\/es\/product\/aretes-mudra-plata\/","og_site_name":"Joya de Arte","article_publisher":"https:\/\/www.facebook.com\/SandraCepedajoyadearte\/","article_modified_time":"2026-04-03T22:44:06+00:00","og_image":[{"width":2560,"height":1706,"url":"https:\/\/joyadearte.com\/wp-content\/uploads\/2021\/12\/Copia-de-_DSC0187-lista-scaled.jpg","type":"image\/jpeg"}],"twitter_card":"summary_large_image","twitter_misc":{"Tiempo de lectura":"1 minuto"},"schema":{"@context":"https:\/\/schema.org","@graph":[{"@type":"WebPage","@id":"https:\/\/joyadearte.com\/product\/aretes-mudra-plata\/","url":"https:\/\/joyadearte.com\/product\/aretes-mudra-plata\/","name":"ARETES MUDRA PLATA - Joya de Arte","isPartOf":{"@id":"https:\/\/joyadearte.com\/en\/#website"},"primaryImageOfPage":{"@id":"https:\/\/joyadearte.com\/product\/aretes-mudra-plata\/#primaryimage"},"image":{"@id":"https:\/\/joyadearte.com\/product\/aretes-mudra-plata\/#primaryimage"},"thumbnailUrl":"https:\/\/joyadearte.com\/wp-content\/uploads\/2021\/12\/Copia-de-_DSC0187-lista-scaled.jpg","datePublished":"2021-12-24T22:20:45+00:00","dateModified":"2026-04-03T22:44:06+00:00","description":"Aretes Mudra Plata. Joya de autor inspirada en gestos sagrados para atraer equilibrio y paz a tu d\u00eda a d\u00eda.","breadcrumb":{"@id":"https:\/\/joyadearte.com\/product\/aretes-mudra-plata\/#breadcrumb"},"inLanguage":"es","potentialAction":[{"@type":"ReadAction","target":["https:\/\/joyadearte.com\/product\/aretes-mudra-plata\/"]}]},{"@type":"ImageObject","inLanguage":"es","@id":"https:\/\/joyadearte.com\/product\/aretes-mudra-plata\/#primaryimage","url":"https:\/\/joyadearte.com\/wp-content\/uploads\/2021\/12\/Copia-de-_DSC0187-lista-scaled.jpg","contentUrl":"https:\/\/joyadearte.com\/wp-content\/uploads\/2021\/12\/Copia-de-_DSC0187-lista-scaled.jpg","width":2560,"height":1706,"caption":"Aretes Mudra en plata. Joya de autor inspirada en gestos sagrados para atraer equilibrio y paz a tu d\u00eda a d\u00eda."},{"@type":"BreadcrumbList","@id":"https:\/\/joyadearte.com\/product\/aretes-mudra-plata\/#breadcrumb","itemListElement":[{"@type":"ListItem","position":1,"name":"Portada","item":"https:\/\/joyadearte.com\/"},{"@type":"ListItem","position":2,"name":"Tienda","item":"https:\/\/joyadearte.com\/tienda\/"},{"@type":"ListItem","position":3,"name":"ARETES MUDRA PLATA"}]},{"@type":"WebSite","@id":"https:\/\/joyadearte.com\/en\/#website","url":"https:\/\/joyadearte.com\/en\/","name":"Joya de Arte","description":"Joya de Arte by Sandra Cepeda","publisher":{"@id":"https:\/\/joyadearte.com\/en\/#organization"},"potentialAction":[{"@type":"SearchAction","target":{"@type":"EntryPoint","urlTemplate":"https:\/\/joyadearte.com\/en\/?s={search_term_string}"},"query-input":{"@type":"PropertyValueSpecification","valueRequired":true,"valueName":"search_term_string"}}],"inLanguage":"es"},{"@type":"Organization","@id":"https:\/\/joyadearte.com\/en\/#organization","name":"Joya de Arte","url":"https:\/\/joyadearte.com\/en\/","logo":{"@type":"ImageObject","inLanguage":"es","@id":"https:\/\/joyadearte.com\/en\/#\/schema\/logo\/image\/","url":"https:\/\/joyadearte.com\/wp-content\/uploads\/2020\/08\/WhatsApp-Image-2020-08-13-at-8.15.09-PM.jpeg","contentUrl":"https:\/\/joyadearte.com\/wp-content\/uploads\/2020\/08\/WhatsApp-Image-2020-08-13-at-8.15.09-PM.jpeg","width":1280,"height":1280,"caption":"Joya de Arte"},"image":{"@id":"https:\/\/joyadearte.com\/en\/#\/schema\/logo\/image\/"},"sameAs":["https:\/\/www.facebook.com\/SandraCepedajoyadearte\/","https:\/\/www.instagram.com\/joyadearte_sandracepeda\/","https:\/\/es.wikipedia.org\/wiki\/Sandra_Cepeda"]}]}},"jetpack_sharing_enabled":true,"_links":{"self":[{"href":"https:\/\/joyadearte.com\/es\/wp-json\/wp\/v2\/product\/2260","targetHints":{"allow":["GET"]}}],"collection":[{"href":"https:\/\/joyadearte.com\/es\/wp-json\/wp\/v2\/product"}],"about":[{"href":"https:\/\/joyadearte.com\/es\/wp-json\/wp\/v2\/types\/product"}],"replies":[{"embeddable":true,"href":"https:\/\/joyadearte.com\/es\/wp-json\/wp\/v2\/comments?post=2260"}],"wp:featuredmedia":[{"embeddable":true,"href":"https:\/\/joyadearte.com\/es\/wp-json\/wp\/v2\/media\/2261"}],"wp:attachment":[{"href":"https:\/\/joyadearte.com\/es\/wp-json\/wp\/v2\/media?parent=2260"}],"wp:term":[{"taxonomy":"product_brand","embeddable":true,"href":"https:\/\/joyadearte.com\/es\/wp-json\/wp\/v2\/product_brand?post=2260"},{"taxonomy":"product_cat","embeddable":true,"href":"https:\/\/joyadearte.com\/es\/wp-json\/wp\/v2\/product_cat?post=2260"},{"taxonomy":"product_tag","embeddable":true,"href":"https:\/\/joyadearte.com\/es\/wp-json\/wp\/v2\/product_tag?post=2260"}],"curies":[{"name":"wp","href":"https:\/\/api.w.org\/{rel}","templated":true}]}}