{"id":2253,"date":"2021-12-25T01:15:10","date_gmt":"2021-12-25T00:15:10","guid":{"rendered":"https:\/\/joyadearte.com\/?post_type=product&#038;p=2253"},"modified":"2026-04-04T00:41:45","modified_gmt":"2026-04-03T22:41:45","slug":"aretes-dorica-y-jonica","status":"publish","type":"product","link":"https:\/\/joyadearte.com\/es\/product\/aretes-dorica-y-jonica\/","title":{"rendered":"ARETES DORICA Y JONICA"},"content":{"rendered":"<p>El Legado de la Piedra: D\u00f3rica y J\u00f3nica<\/p>\n<p>\u200bEste set de aretes es un viaje por la historia de la arquitectura cl\u00e1sica. Mientras la Columna D\u00f3rica representa la fuerza ancestral, la estabilidad y la pureza de las primeras estructuras griegas, la Columna J\u00f3nica aporta la elegancia del saber, reconocida por sus volutas que simbolizan la sabidur\u00eda y el equilibrio.<\/p>\n<p>\u200bDe estas estructuras hist\u00f3ricas pende el Mudra, integrando una dimensi\u00f3n espiritual que convierte la joya en un amuleto de paz. Es una pieza de autor en chapa de oro que celebra la dualidad: la solidez de lo que nos construye y la sutileza de la energ\u00eda que nos mueve. Ideales para quienes caminan con la firmeza de la historia y la ligereza del alma.<\/p>\n<p>Plata .925 con ba\u00f1o de oro de 10 k<\/p>\n","protected":false},"excerpt":{"rendered":"<p>Material: Plata .925 con chapa de oro de 10k<\/p>\n","protected":false},"featured_media":2254,"comment_status":"open","ping_status":"closed","template":"","meta":{"_monsterinsights_skip_tracking":false,"_monsterinsights_sitenote_active":false,"_monsterinsights_sitenote_note":"","_monsterinsights_sitenote_category":0},"product_brand":[],"product_cat":[17,42,18,118,30],"product_tag":[114],"class_list":{"0":"post-2253","1":"product","2":"type-product","3":"status-publish","4":"has-post-thumbnail","6":"product_cat-colecciones","7":"product_cat-mudras","8":"product_cat-piezas","9":"product_cat-oro-10k","10":"product_cat-aretes","11":"product_tag-nodiscount","13":"first","14":"instock","15":"shipping-taxable","16":"purchasable","17":"product-type-simple","18":"add-to-wishlist-after_add_to_cart"},"yoast_head":"<!-- This site is optimized with the Yoast SEO plugin v25.6 - https:\/\/yoast.com\/wordpress\/plugins\/seo\/ -->\n<title>ARETES DORICA Y JONICA - Joya de Arte<\/title>\n<meta name=\"description\" content=\"Aretes D\u00f3rica y J\u00f3nica. Joya de autor que une arquitectura griega y mudras. Fuerza, sabidur\u00eda y paz en un dise\u00f1o \u00fanico.\" \/>\n<meta name=\"robots\" content=\"index, follow, max-snippet:-1, max-image-preview:large, max-video-preview:-1\" \/>\n<link rel=\"canonical\" href=\"https:\/\/joyadearte.com\/es\/product\/aretes-dorica-y-jonica\/\" \/>\n<meta property=\"og:locale\" content=\"es_ES\" \/>\n<meta property=\"og:type\" content=\"article\" \/>\n<meta property=\"og:title\" content=\"ARETES DORICA Y JONICA - Joya de Arte\" \/>\n<meta property=\"og:description\" content=\"Aretes D\u00f3rica y J\u00f3nica. Joya de autor que une arquitectura griega y mudras. Fuerza, sabidur\u00eda y paz en un dise\u00f1o \u00fanico.\" \/>\n<meta property=\"og:url\" content=\"https:\/\/joyadearte.com\/es\/product\/aretes-dorica-y-jonica\/\" \/>\n<meta property=\"og:site_name\" content=\"Joya de Arte\" \/>\n<meta property=\"article:publisher\" content=\"https:\/\/www.facebook.com\/SandraCepedajoyadearte\/\" \/>\n<meta property=\"article:modified_time\" content=\"2026-04-03T22:41:45+00:00\" \/>\n<meta property=\"og:image\" content=\"https:\/\/joyadearte.com\/wp-content\/uploads\/2021\/12\/Copia-de-_DSC0135-lista-4-scaled.jpg\" \/>\n\t<meta property=\"og:image:width\" content=\"2560\" \/>\n\t<meta property=\"og:image:height\" content=\"1707\" \/>\n\t<meta property=\"og:image:type\" content=\"image\/jpeg\" \/>\n<meta name=\"twitter:card\" content=\"summary_large_image\" \/>\n<meta name=\"twitter:label1\" content=\"Tiempo de lectura\" \/>\n\t<meta name=\"twitter:data1\" content=\"1 minuto\" \/>\n<script type=\"application\/ld+json\" class=\"yoast-schema-graph\">{\"@context\":\"https:\/\/schema.org\",\"@graph\":[{\"@type\":\"WebPage\",\"@id\":\"https:\/\/joyadearte.com\/product\/aretes-dorica-y-jonica\/\",\"url\":\"https:\/\/joyadearte.com\/product\/aretes-dorica-y-jonica\/\",\"name\":\"ARETES DORICA Y JONICA - Joya de Arte\",\"isPartOf\":{\"@id\":\"https:\/\/joyadearte.com\/en\/#website\"},\"primaryImageOfPage\":{\"@id\":\"https:\/\/joyadearte.com\/product\/aretes-dorica-y-jonica\/#primaryimage\"},\"image\":{\"@id\":\"https:\/\/joyadearte.com\/product\/aretes-dorica-y-jonica\/#primaryimage\"},\"thumbnailUrl\":\"https:\/\/joyadearte.com\/wp-content\/uploads\/2021\/12\/Copia-de-_DSC0135-lista-4-scaled.jpg\",\"datePublished\":\"2021-12-25T00:15:10+00:00\",\"dateModified\":\"2026-04-03T22:41:45+00:00\",\"description\":\"Aretes D\u00f3rica y J\u00f3nica. Joya de autor que une arquitectura griega y mudras. Fuerza, sabidur\u00eda y paz en un dise\u00f1o \u00fanico.\",\"breadcrumb\":{\"@id\":\"https:\/\/joyadearte.com\/product\/aretes-dorica-y-jonica\/#breadcrumb\"},\"inLanguage\":\"es\",\"potentialAction\":[{\"@type\":\"ReadAction\",\"target\":[\"https:\/\/joyadearte.com\/product\/aretes-dorica-y-jonica\/\"]}]},{\"@type\":\"ImageObject\",\"inLanguage\":\"es\",\"@id\":\"https:\/\/joyadearte.com\/product\/aretes-dorica-y-jonica\/#primaryimage\",\"url\":\"https:\/\/joyadearte.com\/wp-content\/uploads\/2021\/12\/Copia-de-_DSC0135-lista-4-scaled.jpg\",\"contentUrl\":\"https:\/\/joyadearte.com\/wp-content\/uploads\/2021\/12\/Copia-de-_DSC0135-lista-4-scaled.jpg\",\"width\":2560,\"height\":1707,\"caption\":\"Aretes D\u00f3rica y J\u00f3nica. Joya de autor que une arquitectura griega y mudras. Fuerza, sabidur\u00eda y paz en un dise\u00f1o \u00fanico.\"},{\"@type\":\"BreadcrumbList\",\"@id\":\"https:\/\/joyadearte.com\/product\/aretes-dorica-y-jonica\/#breadcrumb\",\"itemListElement\":[{\"@type\":\"ListItem\",\"position\":1,\"name\":\"Portada\",\"item\":\"https:\/\/joyadearte.com\/\"},{\"@type\":\"ListItem\",\"position\":2,\"name\":\"Tienda\",\"item\":\"https:\/\/joyadearte.com\/tienda\/\"},{\"@type\":\"ListItem\",\"position\":3,\"name\":\"ARETES DORICA Y JONICA\"}]},{\"@type\":\"WebSite\",\"@id\":\"https:\/\/joyadearte.com\/en\/#website\",\"url\":\"https:\/\/joyadearte.com\/en\/\",\"name\":\"Joya de Arte\",\"description\":\"Joya de Arte by Sandra Cepeda\",\"publisher\":{\"@id\":\"https:\/\/joyadearte.com\/en\/#organization\"},\"potentialAction\":[{\"@type\":\"SearchAction\",\"target\":{\"@type\":\"EntryPoint\",\"urlTemplate\":\"https:\/\/joyadearte.com\/en\/?s={search_term_string}\"},\"query-input\":{\"@type\":\"PropertyValueSpecification\",\"valueRequired\":true,\"valueName\":\"search_term_string\"}}],\"inLanguage\":\"es\"},{\"@type\":\"Organization\",\"@id\":\"https:\/\/joyadearte.com\/en\/#organization\",\"name\":\"Joya de Arte\",\"url\":\"https:\/\/joyadearte.com\/en\/\",\"logo\":{\"@type\":\"ImageObject\",\"inLanguage\":\"es\",\"@id\":\"https:\/\/joyadearte.com\/en\/#\/schema\/logo\/image\/\",\"url\":\"https:\/\/joyadearte.com\/wp-content\/uploads\/2020\/08\/WhatsApp-Image-2020-08-13-at-8.15.09-PM.jpeg\",\"contentUrl\":\"https:\/\/joyadearte.com\/wp-content\/uploads\/2020\/08\/WhatsApp-Image-2020-08-13-at-8.15.09-PM.jpeg\",\"width\":1280,\"height\":1280,\"caption\":\"Joya de Arte\"},\"image\":{\"@id\":\"https:\/\/joyadearte.com\/en\/#\/schema\/logo\/image\/\"},\"sameAs\":[\"https:\/\/www.facebook.com\/SandraCepedajoyadearte\/\",\"https:\/\/www.instagram.com\/joyadearte_sandracepeda\/\",\"https:\/\/es.wikipedia.org\/wiki\/Sandra_Cepeda\"]}]}<\/script>\n<!-- \/ Yoast SEO plugin. -->","yoast_head_json":{"title":"ARETES DORICA Y JONICA - Joya de Arte","description":"Aretes D\u00f3rica y J\u00f3nica. Joya de autor que une arquitectura griega y mudras. Fuerza, sabidur\u00eda y paz en un dise\u00f1o \u00fanico.","robots":{"index":"index","follow":"follow","max-snippet":"max-snippet:-1","max-image-preview":"max-image-preview:large","max-video-preview":"max-video-preview:-1"},"canonical":"https:\/\/joyadearte.com\/es\/product\/aretes-dorica-y-jonica\/","og_locale":"es_ES","og_type":"article","og_title":"ARETES DORICA Y JONICA - Joya de Arte","og_description":"Aretes D\u00f3rica y J\u00f3nica. Joya de autor que une arquitectura griega y mudras. Fuerza, sabidur\u00eda y paz en un dise\u00f1o \u00fanico.","og_url":"https:\/\/joyadearte.com\/es\/product\/aretes-dorica-y-jonica\/","og_site_name":"Joya de Arte","article_publisher":"https:\/\/www.facebook.com\/SandraCepedajoyadearte\/","article_modified_time":"2026-04-03T22:41:45+00:00","og_image":[{"width":2560,"height":1707,"url":"https:\/\/joyadearte.com\/wp-content\/uploads\/2021\/12\/Copia-de-_DSC0135-lista-4-scaled.jpg","type":"image\/jpeg"}],"twitter_card":"summary_large_image","twitter_misc":{"Tiempo de lectura":"1 minuto"},"schema":{"@context":"https:\/\/schema.org","@graph":[{"@type":"WebPage","@id":"https:\/\/joyadearte.com\/product\/aretes-dorica-y-jonica\/","url":"https:\/\/joyadearte.com\/product\/aretes-dorica-y-jonica\/","name":"ARETES DORICA Y JONICA - Joya de Arte","isPartOf":{"@id":"https:\/\/joyadearte.com\/en\/#website"},"primaryImageOfPage":{"@id":"https:\/\/joyadearte.com\/product\/aretes-dorica-y-jonica\/#primaryimage"},"image":{"@id":"https:\/\/joyadearte.com\/product\/aretes-dorica-y-jonica\/#primaryimage"},"thumbnailUrl":"https:\/\/joyadearte.com\/wp-content\/uploads\/2021\/12\/Copia-de-_DSC0135-lista-4-scaled.jpg","datePublished":"2021-12-25T00:15:10+00:00","dateModified":"2026-04-03T22:41:45+00:00","description":"Aretes D\u00f3rica y J\u00f3nica. Joya de autor que une arquitectura griega y mudras. Fuerza, sabidur\u00eda y paz en un dise\u00f1o \u00fanico.","breadcrumb":{"@id":"https:\/\/joyadearte.com\/product\/aretes-dorica-y-jonica\/#breadcrumb"},"inLanguage":"es","potentialAction":[{"@type":"ReadAction","target":["https:\/\/joyadearte.com\/product\/aretes-dorica-y-jonica\/"]}]},{"@type":"ImageObject","inLanguage":"es","@id":"https:\/\/joyadearte.com\/product\/aretes-dorica-y-jonica\/#primaryimage","url":"https:\/\/joyadearte.com\/wp-content\/uploads\/2021\/12\/Copia-de-_DSC0135-lista-4-scaled.jpg","contentUrl":"https:\/\/joyadearte.com\/wp-content\/uploads\/2021\/12\/Copia-de-_DSC0135-lista-4-scaled.jpg","width":2560,"height":1707,"caption":"Aretes D\u00f3rica y J\u00f3nica. Joya de autor que une arquitectura griega y mudras. Fuerza, sabidur\u00eda y paz en un dise\u00f1o \u00fanico."},{"@type":"BreadcrumbList","@id":"https:\/\/joyadearte.com\/product\/aretes-dorica-y-jonica\/#breadcrumb","itemListElement":[{"@type":"ListItem","position":1,"name":"Portada","item":"https:\/\/joyadearte.com\/"},{"@type":"ListItem","position":2,"name":"Tienda","item":"https:\/\/joyadearte.com\/tienda\/"},{"@type":"ListItem","position":3,"name":"ARETES DORICA Y JONICA"}]},{"@type":"WebSite","@id":"https:\/\/joyadearte.com\/en\/#website","url":"https:\/\/joyadearte.com\/en\/","name":"Joya de Arte","description":"Joya de Arte by Sandra Cepeda","publisher":{"@id":"https:\/\/joyadearte.com\/en\/#organization"},"potentialAction":[{"@type":"SearchAction","target":{"@type":"EntryPoint","urlTemplate":"https:\/\/joyadearte.com\/en\/?s={search_term_string}"},"query-input":{"@type":"PropertyValueSpecification","valueRequired":true,"valueName":"search_term_string"}}],"inLanguage":"es"},{"@type":"Organization","@id":"https:\/\/joyadearte.com\/en\/#organization","name":"Joya de Arte","url":"https:\/\/joyadearte.com\/en\/","logo":{"@type":"ImageObject","inLanguage":"es","@id":"https:\/\/joyadearte.com\/en\/#\/schema\/logo\/image\/","url":"https:\/\/joyadearte.com\/wp-content\/uploads\/2020\/08\/WhatsApp-Image-2020-08-13-at-8.15.09-PM.jpeg","contentUrl":"https:\/\/joyadearte.com\/wp-content\/uploads\/2020\/08\/WhatsApp-Image-2020-08-13-at-8.15.09-PM.jpeg","width":1280,"height":1280,"caption":"Joya de Arte"},"image":{"@id":"https:\/\/joyadearte.com\/en\/#\/schema\/logo\/image\/"},"sameAs":["https:\/\/www.facebook.com\/SandraCepedajoyadearte\/","https:\/\/www.instagram.com\/joyadearte_sandracepeda\/","https:\/\/es.wikipedia.org\/wiki\/Sandra_Cepeda"]}]}},"jetpack_sharing_enabled":true,"_links":{"self":[{"href":"https:\/\/joyadearte.com\/es\/wp-json\/wp\/v2\/product\/2253","targetHints":{"allow":["GET"]}}],"collection":[{"href":"https:\/\/joyadearte.com\/es\/wp-json\/wp\/v2\/product"}],"about":[{"href":"https:\/\/joyadearte.com\/es\/wp-json\/wp\/v2\/types\/product"}],"replies":[{"embeddable":true,"href":"https:\/\/joyadearte.com\/es\/wp-json\/wp\/v2\/comments?post=2253"}],"wp:featuredmedia":[{"embeddable":true,"href":"https:\/\/joyadearte.com\/es\/wp-json\/wp\/v2\/media\/2254"}],"wp:attachment":[{"href":"https:\/\/joyadearte.com\/es\/wp-json\/wp\/v2\/media?parent=2253"}],"wp:term":[{"taxonomy":"product_brand","embeddable":true,"href":"https:\/\/joyadearte.com\/es\/wp-json\/wp\/v2\/product_brand?post=2253"},{"taxonomy":"product_cat","embeddable":true,"href":"https:\/\/joyadearte.com\/es\/wp-json\/wp\/v2\/product_cat?post=2253"},{"taxonomy":"product_tag","embeddable":true,"href":"https:\/\/joyadearte.com\/es\/wp-json\/wp\/v2\/product_tag?post=2253"}],"curies":[{"name":"wp","href":"https:\/\/api.w.org\/{rel}","templated":true}]}}