{"id":2150,"date":"2021-08-14T18:37:14","date_gmt":"2021-08-14T16:37:14","guid":{"rendered":"https:\/\/joyadearte.com\/?post_type=product&#038;p=2150"},"modified":"2026-04-04T00:51:56","modified_gmt":"2026-04-03T22:51:56","slug":"brazalete-desatanudos","status":"publish","type":"product","link":"https:\/\/joyadearte.com\/es\/product\/brazalete-desatanudos\/","title":{"rendered":"BRAZALETE DESATANUDOS"},"content":{"rendered":"<p>\u200b\u00bfPuede el arte ser un refugio para el alma? El Brazalete Desatanudos de Joya de Arte nace como un susurro de calma en medio del caos. Inspirado en la ternura de la Virgen Mar\u00eda Desatanudos, esta pieza transforma el metal en una oraci\u00f3n tangible de amor y liberaci\u00f3n. \u00bfC\u00f3mo puede un dise\u00f1o tan delicado darnos la fuerza para soltar lo que nos pesa?<\/p>\n<p>\u200bEsta joya, cuya esencia de paz ha cruzado fronteras hasta ser apreciada y vendida en el Vaticano, cuestiona la naturaleza de nuestros propios nudos internos: \u00bfY si el amor fuera la llave para disolver cualquier obst\u00e1culo? Portar este brazalete es llevar consigo un recordatorio de que siempre hay una mano amorosa dispuesta a guiarnos. Es una pieza que nos invita a respirar y a preguntar con el coraz\u00f3n: \u00bfQu\u00e9 milagro estoy listo para recibir hoy?<\/p>\n<p>Brazaletes AJUSTABLES<\/p>\n<p>Plata .950 disponible solamente en tama\u00f1o mediano 15-17 cm de mu\u00f1eca.<\/p>\n","protected":false},"excerpt":{"rendered":"<p>Material: Plata .950<\/p>\n<p>Ajustable tama\u00f1o mediano de 14 -17 cm de mu\u00f1eca<\/p>\n","protected":false},"featured_media":2151,"comment_status":"open","ping_status":"closed","template":"","meta":{"_monsterinsights_skip_tracking":false,"_monsterinsights_sitenote_active":false,"_monsterinsights_sitenote_note":"","_monsterinsights_sitenote_category":0},"product_brand":[],"product_cat":[17,42,18,93,117,49],"product_tag":[114],"class_list":{"0":"post-2150","1":"product","2":"type-product","3":"status-publish","4":"has-post-thumbnail","6":"product_cat-colecciones","7":"product_cat-mudras","8":"product_cat-piezas","9":"product_cat-best-sellers","10":"product_cat-plata-925","11":"product_cat-brazaletes","12":"product_tag-nodiscount","14":"first","15":"instock","16":"shipping-taxable","17":"purchasable","18":"product-type-simple","19":"add-to-wishlist-after_add_to_cart"},"yoast_head":"<!-- This site is optimized with the Yoast SEO plugin v25.6 - https:\/\/yoast.com\/wordpress\/plugins\/seo\/ -->\n<title>BRAZALETE DESATANUDOS - Joya de Arte<\/title>\n<meta name=\"description\" content=\"\u00bfNudos de amor? Brazalete Desatanudos de Joya de Arte. Fe y paz desde el Vaticano. \u00bfSientes la libertad de soltar y amar?\" \/>\n<meta name=\"robots\" content=\"index, follow, max-snippet:-1, max-image-preview:large, max-video-preview:-1\" \/>\n<link rel=\"canonical\" href=\"https:\/\/joyadearte.com\/es\/product\/brazalete-desatanudos\/\" \/>\n<meta property=\"og:locale\" content=\"es_ES\" \/>\n<meta property=\"og:type\" content=\"article\" \/>\n<meta property=\"og:title\" content=\"BRAZALETE DESATANUDOS - Joya de Arte\" \/>\n<meta property=\"og:description\" content=\"\u00bfNudos de amor? Brazalete Desatanudos de Joya de Arte. Fe y paz desde el Vaticano. \u00bfSientes la libertad de soltar y amar?\" \/>\n<meta property=\"og:url\" content=\"https:\/\/joyadearte.com\/es\/product\/brazalete-desatanudos\/\" \/>\n<meta property=\"og:site_name\" content=\"Joya de Arte\" \/>\n<meta property=\"article:publisher\" content=\"https:\/\/www.facebook.com\/SandraCepedajoyadearte\/\" \/>\n<meta property=\"article:modified_time\" content=\"2026-04-03T22:51:56+00:00\" \/>\n<meta property=\"og:image\" content=\"https:\/\/joyadearte.com\/wp-content\/uploads\/2021\/08\/Copia-de-_DSC7971ok-1-scaled.jpg\" \/>\n\t<meta property=\"og:image:width\" content=\"2560\" \/>\n\t<meta property=\"og:image:height\" content=\"1707\" \/>\n\t<meta property=\"og:image:type\" content=\"image\/jpeg\" \/>\n<meta name=\"twitter:card\" content=\"summary_large_image\" \/>\n<meta name=\"twitter:label1\" content=\"Tiempo de lectura\" \/>\n\t<meta name=\"twitter:data1\" content=\"1 minuto\" \/>\n<script type=\"application\/ld+json\" class=\"yoast-schema-graph\">{\"@context\":\"https:\/\/schema.org\",\"@graph\":[{\"@type\":\"WebPage\",\"@id\":\"https:\/\/joyadearte.com\/product\/brazalete-desatanudos\/\",\"url\":\"https:\/\/joyadearte.com\/product\/brazalete-desatanudos\/\",\"name\":\"BRAZALETE DESATANUDOS - Joya de Arte\",\"isPartOf\":{\"@id\":\"https:\/\/joyadearte.com\/en\/#website\"},\"primaryImageOfPage\":{\"@id\":\"https:\/\/joyadearte.com\/product\/brazalete-desatanudos\/#primaryimage\"},\"image\":{\"@id\":\"https:\/\/joyadearte.com\/product\/brazalete-desatanudos\/#primaryimage\"},\"thumbnailUrl\":\"https:\/\/joyadearte.com\/wp-content\/uploads\/2021\/08\/Copia-de-_DSC7971ok-1-scaled.jpg\",\"datePublished\":\"2021-08-14T16:37:14+00:00\",\"dateModified\":\"2026-04-03T22:51:56+00:00\",\"description\":\"\u00bfNudos de amor? Brazalete Desatanudos de Joya de Arte. Fe y paz desde el Vaticano. \u00bfSientes la libertad de soltar y amar?\",\"breadcrumb\":{\"@id\":\"https:\/\/joyadearte.com\/product\/brazalete-desatanudos\/#breadcrumb\"},\"inLanguage\":\"es\",\"potentialAction\":[{\"@type\":\"ReadAction\",\"target\":[\"https:\/\/joyadearte.com\/product\/brazalete-desatanudos\/\"]}]},{\"@type\":\"ImageObject\",\"inLanguage\":\"es\",\"@id\":\"https:\/\/joyadearte.com\/product\/brazalete-desatanudos\/#primaryimage\",\"url\":\"https:\/\/joyadearte.com\/wp-content\/uploads\/2021\/08\/Copia-de-_DSC7971ok-1-scaled.jpg\",\"contentUrl\":\"https:\/\/joyadearte.com\/wp-content\/uploads\/2021\/08\/Copia-de-_DSC7971ok-1-scaled.jpg\",\"width\":2560,\"height\":1707,\"caption\":\"Brazalete Desatanudos\"},{\"@type\":\"BreadcrumbList\",\"@id\":\"https:\/\/joyadearte.com\/product\/brazalete-desatanudos\/#breadcrumb\",\"itemListElement\":[{\"@type\":\"ListItem\",\"position\":1,\"name\":\"Portada\",\"item\":\"https:\/\/joyadearte.com\/\"},{\"@type\":\"ListItem\",\"position\":2,\"name\":\"Tienda\",\"item\":\"https:\/\/joyadearte.com\/tienda\/\"},{\"@type\":\"ListItem\",\"position\":3,\"name\":\"BRAZALETE DESATANUDOS\"}]},{\"@type\":\"WebSite\",\"@id\":\"https:\/\/joyadearte.com\/en\/#website\",\"url\":\"https:\/\/joyadearte.com\/en\/\",\"name\":\"Joya de Arte\",\"description\":\"Joya de Arte by Sandra Cepeda\",\"publisher\":{\"@id\":\"https:\/\/joyadearte.com\/en\/#organization\"},\"potentialAction\":[{\"@type\":\"SearchAction\",\"target\":{\"@type\":\"EntryPoint\",\"urlTemplate\":\"https:\/\/joyadearte.com\/en\/?s={search_term_string}\"},\"query-input\":{\"@type\":\"PropertyValueSpecification\",\"valueRequired\":true,\"valueName\":\"search_term_string\"}}],\"inLanguage\":\"es\"},{\"@type\":\"Organization\",\"@id\":\"https:\/\/joyadearte.com\/en\/#organization\",\"name\":\"Joya de Arte\",\"url\":\"https:\/\/joyadearte.com\/en\/\",\"logo\":{\"@type\":\"ImageObject\",\"inLanguage\":\"es\",\"@id\":\"https:\/\/joyadearte.com\/en\/#\/schema\/logo\/image\/\",\"url\":\"https:\/\/joyadearte.com\/wp-content\/uploads\/2020\/08\/WhatsApp-Image-2020-08-13-at-8.15.09-PM.jpeg\",\"contentUrl\":\"https:\/\/joyadearte.com\/wp-content\/uploads\/2020\/08\/WhatsApp-Image-2020-08-13-at-8.15.09-PM.jpeg\",\"width\":1280,\"height\":1280,\"caption\":\"Joya de Arte\"},\"image\":{\"@id\":\"https:\/\/joyadearte.com\/en\/#\/schema\/logo\/image\/\"},\"sameAs\":[\"https:\/\/www.facebook.com\/SandraCepedajoyadearte\/\",\"https:\/\/www.instagram.com\/joyadearte_sandracepeda\/\",\"https:\/\/es.wikipedia.org\/wiki\/Sandra_Cepeda\"]}]}<\/script>\n<!-- \/ Yoast SEO plugin. -->","yoast_head_json":{"title":"BRAZALETE DESATANUDOS - Joya de Arte","description":"\u00bfNudos de amor? Brazalete Desatanudos de Joya de Arte. Fe y paz desde el Vaticano. \u00bfSientes la libertad de soltar y amar?","robots":{"index":"index","follow":"follow","max-snippet":"max-snippet:-1","max-image-preview":"max-image-preview:large","max-video-preview":"max-video-preview:-1"},"canonical":"https:\/\/joyadearte.com\/es\/product\/brazalete-desatanudos\/","og_locale":"es_ES","og_type":"article","og_title":"BRAZALETE DESATANUDOS - Joya de Arte","og_description":"\u00bfNudos de amor? Brazalete Desatanudos de Joya de Arte. Fe y paz desde el Vaticano. \u00bfSientes la libertad de soltar y amar?","og_url":"https:\/\/joyadearte.com\/es\/product\/brazalete-desatanudos\/","og_site_name":"Joya de Arte","article_publisher":"https:\/\/www.facebook.com\/SandraCepedajoyadearte\/","article_modified_time":"2026-04-03T22:51:56+00:00","og_image":[{"width":2560,"height":1707,"url":"https:\/\/joyadearte.com\/wp-content\/uploads\/2021\/08\/Copia-de-_DSC7971ok-1-scaled.jpg","type":"image\/jpeg"}],"twitter_card":"summary_large_image","twitter_misc":{"Tiempo de lectura":"1 minuto"},"schema":{"@context":"https:\/\/schema.org","@graph":[{"@type":"WebPage","@id":"https:\/\/joyadearte.com\/product\/brazalete-desatanudos\/","url":"https:\/\/joyadearte.com\/product\/brazalete-desatanudos\/","name":"BRAZALETE DESATANUDOS - Joya de Arte","isPartOf":{"@id":"https:\/\/joyadearte.com\/en\/#website"},"primaryImageOfPage":{"@id":"https:\/\/joyadearte.com\/product\/brazalete-desatanudos\/#primaryimage"},"image":{"@id":"https:\/\/joyadearte.com\/product\/brazalete-desatanudos\/#primaryimage"},"thumbnailUrl":"https:\/\/joyadearte.com\/wp-content\/uploads\/2021\/08\/Copia-de-_DSC7971ok-1-scaled.jpg","datePublished":"2021-08-14T16:37:14+00:00","dateModified":"2026-04-03T22:51:56+00:00","description":"\u00bfNudos de amor? Brazalete Desatanudos de Joya de Arte. Fe y paz desde el Vaticano. \u00bfSientes la libertad de soltar y amar?","breadcrumb":{"@id":"https:\/\/joyadearte.com\/product\/brazalete-desatanudos\/#breadcrumb"},"inLanguage":"es","potentialAction":[{"@type":"ReadAction","target":["https:\/\/joyadearte.com\/product\/brazalete-desatanudos\/"]}]},{"@type":"ImageObject","inLanguage":"es","@id":"https:\/\/joyadearte.com\/product\/brazalete-desatanudos\/#primaryimage","url":"https:\/\/joyadearte.com\/wp-content\/uploads\/2021\/08\/Copia-de-_DSC7971ok-1-scaled.jpg","contentUrl":"https:\/\/joyadearte.com\/wp-content\/uploads\/2021\/08\/Copia-de-_DSC7971ok-1-scaled.jpg","width":2560,"height":1707,"caption":"Brazalete Desatanudos"},{"@type":"BreadcrumbList","@id":"https:\/\/joyadearte.com\/product\/brazalete-desatanudos\/#breadcrumb","itemListElement":[{"@type":"ListItem","position":1,"name":"Portada","item":"https:\/\/joyadearte.com\/"},{"@type":"ListItem","position":2,"name":"Tienda","item":"https:\/\/joyadearte.com\/tienda\/"},{"@type":"ListItem","position":3,"name":"BRAZALETE DESATANUDOS"}]},{"@type":"WebSite","@id":"https:\/\/joyadearte.com\/en\/#website","url":"https:\/\/joyadearte.com\/en\/","name":"Joya de Arte","description":"Joya de Arte by Sandra Cepeda","publisher":{"@id":"https:\/\/joyadearte.com\/en\/#organization"},"potentialAction":[{"@type":"SearchAction","target":{"@type":"EntryPoint","urlTemplate":"https:\/\/joyadearte.com\/en\/?s={search_term_string}"},"query-input":{"@type":"PropertyValueSpecification","valueRequired":true,"valueName":"search_term_string"}}],"inLanguage":"es"},{"@type":"Organization","@id":"https:\/\/joyadearte.com\/en\/#organization","name":"Joya de Arte","url":"https:\/\/joyadearte.com\/en\/","logo":{"@type":"ImageObject","inLanguage":"es","@id":"https:\/\/joyadearte.com\/en\/#\/schema\/logo\/image\/","url":"https:\/\/joyadearte.com\/wp-content\/uploads\/2020\/08\/WhatsApp-Image-2020-08-13-at-8.15.09-PM.jpeg","contentUrl":"https:\/\/joyadearte.com\/wp-content\/uploads\/2020\/08\/WhatsApp-Image-2020-08-13-at-8.15.09-PM.jpeg","width":1280,"height":1280,"caption":"Joya de Arte"},"image":{"@id":"https:\/\/joyadearte.com\/en\/#\/schema\/logo\/image\/"},"sameAs":["https:\/\/www.facebook.com\/SandraCepedajoyadearte\/","https:\/\/www.instagram.com\/joyadearte_sandracepeda\/","https:\/\/es.wikipedia.org\/wiki\/Sandra_Cepeda"]}]}},"jetpack_sharing_enabled":true,"_links":{"self":[{"href":"https:\/\/joyadearte.com\/es\/wp-json\/wp\/v2\/product\/2150","targetHints":{"allow":["GET"]}}],"collection":[{"href":"https:\/\/joyadearte.com\/es\/wp-json\/wp\/v2\/product"}],"about":[{"href":"https:\/\/joyadearte.com\/es\/wp-json\/wp\/v2\/types\/product"}],"replies":[{"embeddable":true,"href":"https:\/\/joyadearte.com\/es\/wp-json\/wp\/v2\/comments?post=2150"}],"wp:featuredmedia":[{"embeddable":true,"href":"https:\/\/joyadearte.com\/es\/wp-json\/wp\/v2\/media\/2151"}],"wp:attachment":[{"href":"https:\/\/joyadearte.com\/es\/wp-json\/wp\/v2\/media?parent=2150"}],"wp:term":[{"taxonomy":"product_brand","embeddable":true,"href":"https:\/\/joyadearte.com\/es\/wp-json\/wp\/v2\/product_brand?post=2150"},{"taxonomy":"product_cat","embeddable":true,"href":"https:\/\/joyadearte.com\/es\/wp-json\/wp\/v2\/product_cat?post=2150"},{"taxonomy":"product_tag","embeddable":true,"href":"https:\/\/joyadearte.com\/es\/wp-json\/wp\/v2\/product_tag?post=2150"}],"curies":[{"name":"wp","href":"https:\/\/api.w.org\/{rel}","templated":true}]}}