{"id":2139,"date":"2021-08-07T02:02:54","date_gmt":"2021-08-07T00:02:54","guid":{"rendered":"https:\/\/joyadearte.com\/?post_type=product&#038;p=2139"},"modified":"2026-04-04T00:54:20","modified_gmt":"2026-04-03T22:54:20","slug":"brazalete-ranas-oro","status":"publish","type":"product","link":"https:\/\/joyadearte.com\/es\/product\/brazalete-ranas-oro\/","title":{"rendered":"Brazalete Ranas Oro"},"content":{"rendered":"<p>Joya de Arte decide que las ranas no necesitan pr\u00edncipes cuando ya est\u00e1n ba\u00f1adas en oro. \u00bfQui\u00e9n dijo que la fauna de charco no pod\u00eda ser la envidia de la fiesta? Este Brazalete Ranas Oro es pura diversi\u00f3n sofisticada: un grupo de ranitas con mucha actitud que decidieron que tu mu\u00f1eca es el mejor lugar para lucirse.<\/p>\n<p>\u200bLa pieza Brazalete Ranas Oro le da un giro al concepto de \u00absuerte\u00bb y te lanza una pregunta: \u00bfLlevas un amuleto de prosperidad o simplemente el accesorio m\u00e1s audaz de tu cl\u00f3set? Olvida los cuentos de antes y atr\u00e9vete a cuestionar: \u00bfPor qu\u00e9 buscar un castillo si ya llevas todo el brillo y el salto contigo?<\/p>\n<p>Brazaletes AJUSTABLES<\/p>\n<p>Disponible en plata con chapa de oro de 10 k<\/p>\n","protected":false},"excerpt":{"rendered":"<p>Material: Plata .925 con chapa de oro de 10k<\/p>\n<p>Ajustable tama\u00f1o mediano de 14 -17 cm de mu\u00f1eca<\/p>\n","protected":false},"featured_media":2142,"comment_status":"open","ping_status":"closed","template":"","meta":{"_monsterinsights_skip_tracking":false,"_monsterinsights_sitenote_active":false,"_monsterinsights_sitenote_note":"","_monsterinsights_sitenote_category":0},"product_brand":[],"product_cat":[17,90,18,118,49],"product_tag":[114],"class_list":{"0":"post-2139","1":"product","2":"type-product","3":"status-publish","4":"has-post-thumbnail","6":"product_cat-colecciones","7":"product_cat-animal-spirit","8":"product_cat-piezas","9":"product_cat-oro-10k","10":"product_cat-brazaletes","11":"product_tag-nodiscount","13":"first","14":"instock","15":"shipping-taxable","16":"purchasable","17":"product-type-simple","18":"add-to-wishlist-after_add_to_cart"},"yoast_head":"<!-- This site is optimized with the Yoast SEO plugin v25.6 - https:\/\/yoast.com\/wordpress\/plugins\/seo\/ -->\n<title>Brazalete Ranas Oro - Joya de Arte<\/title>\n<meta name=\"description\" content=\"\u00bfBesar\u00edas a esta rana? Brazalete Ranas Oro de Joya de Arte. \u00a1Olv\u00eddate del cuento de hadas, el lujo es esto!\" \/>\n<meta name=\"robots\" content=\"index, follow, max-snippet:-1, max-image-preview:large, max-video-preview:-1\" \/>\n<link rel=\"canonical\" href=\"https:\/\/joyadearte.com\/es\/product\/brazalete-ranas-oro\/\" \/>\n<meta property=\"og:locale\" content=\"es_ES\" \/>\n<meta property=\"og:type\" content=\"article\" \/>\n<meta property=\"og:title\" content=\"Brazalete Ranas Oro - Joya de Arte\" \/>\n<meta property=\"og:description\" content=\"\u00bfBesar\u00edas a esta rana? Brazalete Ranas Oro de Joya de Arte. \u00a1Olv\u00eddate del cuento de hadas, el lujo es esto!\" \/>\n<meta property=\"og:url\" content=\"https:\/\/joyadearte.com\/es\/product\/brazalete-ranas-oro\/\" \/>\n<meta property=\"og:site_name\" content=\"Joya de Arte\" \/>\n<meta property=\"article:publisher\" content=\"https:\/\/www.facebook.com\/SandraCepedajoyadearte\/\" \/>\n<meta property=\"article:modified_time\" content=\"2026-04-03T22:54:20+00:00\" \/>\n<meta property=\"og:image\" content=\"https:\/\/joyadearte.com\/wp-content\/uploads\/2021\/08\/Copia-de-_DSC8037ok-1.jpg\" \/>\n\t<meta property=\"og:image:width\" content=\"1920\" \/>\n\t<meta property=\"og:image:height\" content=\"1264\" \/>\n\t<meta property=\"og:image:type\" content=\"image\/jpeg\" \/>\n<meta name=\"twitter:card\" content=\"summary_large_image\" \/>\n<meta name=\"twitter:label1\" content=\"Tiempo de lectura\" \/>\n\t<meta name=\"twitter:data1\" content=\"1 minuto\" \/>\n<script type=\"application\/ld+json\" class=\"yoast-schema-graph\">{\"@context\":\"https:\/\/schema.org\",\"@graph\":[{\"@type\":\"WebPage\",\"@id\":\"https:\/\/joyadearte.com\/product\/brazalete-ranas-oro\/\",\"url\":\"https:\/\/joyadearte.com\/product\/brazalete-ranas-oro\/\",\"name\":\"Brazalete Ranas Oro - Joya de Arte\",\"isPartOf\":{\"@id\":\"https:\/\/joyadearte.com\/en\/#website\"},\"primaryImageOfPage\":{\"@id\":\"https:\/\/joyadearte.com\/product\/brazalete-ranas-oro\/#primaryimage\"},\"image\":{\"@id\":\"https:\/\/joyadearte.com\/product\/brazalete-ranas-oro\/#primaryimage\"},\"thumbnailUrl\":\"https:\/\/joyadearte.com\/wp-content\/uploads\/2021\/08\/Copia-de-_DSC8037ok-1.jpg\",\"datePublished\":\"2021-08-07T00:02:54+00:00\",\"dateModified\":\"2026-04-03T22:54:20+00:00\",\"description\":\"\u00bfBesar\u00edas a esta rana? Brazalete Ranas Oro de Joya de Arte. \u00a1Olv\u00eddate del cuento de hadas, el lujo es esto!\",\"breadcrumb\":{\"@id\":\"https:\/\/joyadearte.com\/product\/brazalete-ranas-oro\/#breadcrumb\"},\"inLanguage\":\"es\",\"potentialAction\":[{\"@type\":\"ReadAction\",\"target\":[\"https:\/\/joyadearte.com\/product\/brazalete-ranas-oro\/\"]}]},{\"@type\":\"ImageObject\",\"inLanguage\":\"es\",\"@id\":\"https:\/\/joyadearte.com\/product\/brazalete-ranas-oro\/#primaryimage\",\"url\":\"https:\/\/joyadearte.com\/wp-content\/uploads\/2021\/08\/Copia-de-_DSC8037ok-1.jpg\",\"contentUrl\":\"https:\/\/joyadearte.com\/wp-content\/uploads\/2021\/08\/Copia-de-_DSC8037ok-1.jpg\",\"width\":1920,\"height\":1264,\"caption\":\"\u00bfBesar\u00edas a esta rana? \ud83d\udc38\u2728 Brazalete Ranas Oro de Joya de Arte. \u00a1Olv\u00eddate del cuento de hadas, el lujo es esto!\"},{\"@type\":\"BreadcrumbList\",\"@id\":\"https:\/\/joyadearte.com\/product\/brazalete-ranas-oro\/#breadcrumb\",\"itemListElement\":[{\"@type\":\"ListItem\",\"position\":1,\"name\":\"Portada\",\"item\":\"https:\/\/joyadearte.com\/\"},{\"@type\":\"ListItem\",\"position\":2,\"name\":\"Tienda\",\"item\":\"https:\/\/joyadearte.com\/tienda\/\"},{\"@type\":\"ListItem\",\"position\":3,\"name\":\"Brazalete Ranas Oro\"}]},{\"@type\":\"WebSite\",\"@id\":\"https:\/\/joyadearte.com\/en\/#website\",\"url\":\"https:\/\/joyadearte.com\/en\/\",\"name\":\"Joya de Arte\",\"description\":\"Joya de Arte by Sandra Cepeda\",\"publisher\":{\"@id\":\"https:\/\/joyadearte.com\/en\/#organization\"},\"potentialAction\":[{\"@type\":\"SearchAction\",\"target\":{\"@type\":\"EntryPoint\",\"urlTemplate\":\"https:\/\/joyadearte.com\/en\/?s={search_term_string}\"},\"query-input\":{\"@type\":\"PropertyValueSpecification\",\"valueRequired\":true,\"valueName\":\"search_term_string\"}}],\"inLanguage\":\"es\"},{\"@type\":\"Organization\",\"@id\":\"https:\/\/joyadearte.com\/en\/#organization\",\"name\":\"Joya de Arte\",\"url\":\"https:\/\/joyadearte.com\/en\/\",\"logo\":{\"@type\":\"ImageObject\",\"inLanguage\":\"es\",\"@id\":\"https:\/\/joyadearte.com\/en\/#\/schema\/logo\/image\/\",\"url\":\"https:\/\/joyadearte.com\/wp-content\/uploads\/2020\/08\/WhatsApp-Image-2020-08-13-at-8.15.09-PM.jpeg\",\"contentUrl\":\"https:\/\/joyadearte.com\/wp-content\/uploads\/2020\/08\/WhatsApp-Image-2020-08-13-at-8.15.09-PM.jpeg\",\"width\":1280,\"height\":1280,\"caption\":\"Joya de Arte\"},\"image\":{\"@id\":\"https:\/\/joyadearte.com\/en\/#\/schema\/logo\/image\/\"},\"sameAs\":[\"https:\/\/www.facebook.com\/SandraCepedajoyadearte\/\",\"https:\/\/www.instagram.com\/joyadearte_sandracepeda\/\",\"https:\/\/es.wikipedia.org\/wiki\/Sandra_Cepeda\"]}]}<\/script>\n<!-- \/ Yoast SEO plugin. -->","yoast_head_json":{"title":"Brazalete Ranas Oro - Joya de Arte","description":"\u00bfBesar\u00edas a esta rana? Brazalete Ranas Oro de Joya de Arte. \u00a1Olv\u00eddate del cuento de hadas, el lujo es esto!","robots":{"index":"index","follow":"follow","max-snippet":"max-snippet:-1","max-image-preview":"max-image-preview:large","max-video-preview":"max-video-preview:-1"},"canonical":"https:\/\/joyadearte.com\/es\/product\/brazalete-ranas-oro\/","og_locale":"es_ES","og_type":"article","og_title":"Brazalete Ranas Oro - Joya de Arte","og_description":"\u00bfBesar\u00edas a esta rana? Brazalete Ranas Oro de Joya de Arte. \u00a1Olv\u00eddate del cuento de hadas, el lujo es esto!","og_url":"https:\/\/joyadearte.com\/es\/product\/brazalete-ranas-oro\/","og_site_name":"Joya de Arte","article_publisher":"https:\/\/www.facebook.com\/SandraCepedajoyadearte\/","article_modified_time":"2026-04-03T22:54:20+00:00","og_image":[{"width":1920,"height":1264,"url":"https:\/\/joyadearte.com\/wp-content\/uploads\/2021\/08\/Copia-de-_DSC8037ok-1.jpg","type":"image\/jpeg"}],"twitter_card":"summary_large_image","twitter_misc":{"Tiempo de lectura":"1 minuto"},"schema":{"@context":"https:\/\/schema.org","@graph":[{"@type":"WebPage","@id":"https:\/\/joyadearte.com\/product\/brazalete-ranas-oro\/","url":"https:\/\/joyadearte.com\/product\/brazalete-ranas-oro\/","name":"Brazalete Ranas Oro - Joya de Arte","isPartOf":{"@id":"https:\/\/joyadearte.com\/en\/#website"},"primaryImageOfPage":{"@id":"https:\/\/joyadearte.com\/product\/brazalete-ranas-oro\/#primaryimage"},"image":{"@id":"https:\/\/joyadearte.com\/product\/brazalete-ranas-oro\/#primaryimage"},"thumbnailUrl":"https:\/\/joyadearte.com\/wp-content\/uploads\/2021\/08\/Copia-de-_DSC8037ok-1.jpg","datePublished":"2021-08-07T00:02:54+00:00","dateModified":"2026-04-03T22:54:20+00:00","description":"\u00bfBesar\u00edas a esta rana? Brazalete Ranas Oro de Joya de Arte. \u00a1Olv\u00eddate del cuento de hadas, el lujo es esto!","breadcrumb":{"@id":"https:\/\/joyadearte.com\/product\/brazalete-ranas-oro\/#breadcrumb"},"inLanguage":"es","potentialAction":[{"@type":"ReadAction","target":["https:\/\/joyadearte.com\/product\/brazalete-ranas-oro\/"]}]},{"@type":"ImageObject","inLanguage":"es","@id":"https:\/\/joyadearte.com\/product\/brazalete-ranas-oro\/#primaryimage","url":"https:\/\/joyadearte.com\/wp-content\/uploads\/2021\/08\/Copia-de-_DSC8037ok-1.jpg","contentUrl":"https:\/\/joyadearte.com\/wp-content\/uploads\/2021\/08\/Copia-de-_DSC8037ok-1.jpg","width":1920,"height":1264,"caption":"\u00bfBesar\u00edas a esta rana? \ud83d\udc38\u2728 Brazalete Ranas Oro de Joya de Arte. \u00a1Olv\u00eddate del cuento de hadas, el lujo es esto!"},{"@type":"BreadcrumbList","@id":"https:\/\/joyadearte.com\/product\/brazalete-ranas-oro\/#breadcrumb","itemListElement":[{"@type":"ListItem","position":1,"name":"Portada","item":"https:\/\/joyadearte.com\/"},{"@type":"ListItem","position":2,"name":"Tienda","item":"https:\/\/joyadearte.com\/tienda\/"},{"@type":"ListItem","position":3,"name":"Brazalete Ranas Oro"}]},{"@type":"WebSite","@id":"https:\/\/joyadearte.com\/en\/#website","url":"https:\/\/joyadearte.com\/en\/","name":"Joya de Arte","description":"Joya de Arte by Sandra Cepeda","publisher":{"@id":"https:\/\/joyadearte.com\/en\/#organization"},"potentialAction":[{"@type":"SearchAction","target":{"@type":"EntryPoint","urlTemplate":"https:\/\/joyadearte.com\/en\/?s={search_term_string}"},"query-input":{"@type":"PropertyValueSpecification","valueRequired":true,"valueName":"search_term_string"}}],"inLanguage":"es"},{"@type":"Organization","@id":"https:\/\/joyadearte.com\/en\/#organization","name":"Joya de Arte","url":"https:\/\/joyadearte.com\/en\/","logo":{"@type":"ImageObject","inLanguage":"es","@id":"https:\/\/joyadearte.com\/en\/#\/schema\/logo\/image\/","url":"https:\/\/joyadearte.com\/wp-content\/uploads\/2020\/08\/WhatsApp-Image-2020-08-13-at-8.15.09-PM.jpeg","contentUrl":"https:\/\/joyadearte.com\/wp-content\/uploads\/2020\/08\/WhatsApp-Image-2020-08-13-at-8.15.09-PM.jpeg","width":1280,"height":1280,"caption":"Joya de Arte"},"image":{"@id":"https:\/\/joyadearte.com\/en\/#\/schema\/logo\/image\/"},"sameAs":["https:\/\/www.facebook.com\/SandraCepedajoyadearte\/","https:\/\/www.instagram.com\/joyadearte_sandracepeda\/","https:\/\/es.wikipedia.org\/wiki\/Sandra_Cepeda"]}]}},"jetpack_sharing_enabled":true,"_links":{"self":[{"href":"https:\/\/joyadearte.com\/es\/wp-json\/wp\/v2\/product\/2139","targetHints":{"allow":["GET"]}}],"collection":[{"href":"https:\/\/joyadearte.com\/es\/wp-json\/wp\/v2\/product"}],"about":[{"href":"https:\/\/joyadearte.com\/es\/wp-json\/wp\/v2\/types\/product"}],"replies":[{"embeddable":true,"href":"https:\/\/joyadearte.com\/es\/wp-json\/wp\/v2\/comments?post=2139"}],"wp:featuredmedia":[{"embeddable":true,"href":"https:\/\/joyadearte.com\/es\/wp-json\/wp\/v2\/media\/2142"}],"wp:attachment":[{"href":"https:\/\/joyadearte.com\/es\/wp-json\/wp\/v2\/media?parent=2139"}],"wp:term":[{"taxonomy":"product_brand","embeddable":true,"href":"https:\/\/joyadearte.com\/es\/wp-json\/wp\/v2\/product_brand?post=2139"},{"taxonomy":"product_cat","embeddable":true,"href":"https:\/\/joyadearte.com\/es\/wp-json\/wp\/v2\/product_cat?post=2139"},{"taxonomy":"product_tag","embeddable":true,"href":"https:\/\/joyadearte.com\/es\/wp-json\/wp\/v2\/product_tag?post=2139"}],"curies":[{"name":"wp","href":"https:\/\/api.w.org\/{rel}","templated":true}]}}