{"id":2054,"date":"2021-01-26T05:20:43","date_gmt":"2021-01-26T04:20:43","guid":{"rendered":"https:\/\/joyadearte.com\/?post_type=product&#038;p=2054"},"modified":"2026-04-04T01:00:48","modified_gmt":"2026-04-03T23:00:48","slug":"aretes-ojos-de-dios-1","status":"publish","type":"product","link":"https:\/\/joyadearte.com\/es\/product\/aretes-ojos-de-dios-1\/","title":{"rendered":"ARETES OJOS DE DIOS 1"},"content":{"rendered":"<p>El Portal del Observador: Ojos de Dios<\/p>\n<p>\u200bLos Aretes Ojos de Dios son un tributo a la cosmovisi\u00f3n ind\u00edgena y el pensamiento ancestral. Este dise\u00f1o se inspira en el concepto del Ojo de Dios, un s\u00edmbolo de protecci\u00f3n y sabidur\u00eda que permite ver lo invisible y comprender el mundo espiritual. La pieza integra los principios de la geometr\u00eda sagrada, donde cada l\u00ednea y forma geom\u00e9trica representa el orden del universo y la interconexi\u00f3n entre todos los seres vivos.<\/p>\n<p>\u200bElaborados meticulosamente con la t\u00e9cnica de tejido en chaquira japonesa de la medida m\u00e1s peque\u00f1a, estos aretes logran una precisi\u00f3n y un detalle que honran la maestr\u00eda artesanal. Es un accesorio cargado de significado, dise\u00f1ado para quienes buscan portar un amuleto de conciencia y claridad, celebrando la herencia cultural a trav\u00e9s de una est\u00e9tica refinada y geom\u00e9trica<\/p>\n","protected":false},"excerpt":{"rendered":"<p>Material: Plata .925 y chaquira<\/p>\n","protected":false},"featured_media":2055,"comment_status":"open","ping_status":"closed","template":"","meta":{"_monsterinsights_skip_tracking":false,"_monsterinsights_sitenote_active":false,"_monsterinsights_sitenote_note":"","_monsterinsights_sitenote_category":0},"product_brand":[],"product_cat":[17,24,18,117,30],"product_tag":[114],"class_list":{"0":"post-2054","1":"product","2":"type-product","3":"status-publish","4":"has-post-thumbnail","6":"product_cat-colecciones","7":"product_cat-bones","8":"product_cat-piezas","9":"product_cat-plata-925","10":"product_cat-aretes","11":"product_tag-nodiscount","13":"first","14":"instock","15":"shipping-taxable","16":"purchasable","17":"product-type-simple","18":"add-to-wishlist-after_add_to_cart"},"yoast_head":"<!-- This site is optimized with the Yoast SEO plugin v25.6 - https:\/\/yoast.com\/wordpress\/plugins\/seo\/ -->\n<title>ARETES OJOS DE DIOS 1 - Joya de Arte<\/title>\n<meta name=\"description\" content=\"Aretes Ojos de Dios en chaquira japonesa. Inspiraci\u00f3n en la cosmovisi\u00f3n ind\u00edgena y geometr\u00eda sagrada para la protecci\u00f3n.\" \/>\n<meta name=\"robots\" content=\"index, follow, max-snippet:-1, max-image-preview:large, max-video-preview:-1\" \/>\n<link rel=\"canonical\" href=\"https:\/\/joyadearte.com\/es\/product\/aretes-ojos-de-dios-1\/\" \/>\n<meta property=\"og:locale\" content=\"es_ES\" \/>\n<meta property=\"og:type\" content=\"article\" \/>\n<meta property=\"og:title\" content=\"ARETES OJOS DE DIOS 1 - Joya de Arte\" \/>\n<meta property=\"og:description\" content=\"Aretes Ojos de Dios en chaquira japonesa. Inspiraci\u00f3n en la cosmovisi\u00f3n ind\u00edgena y geometr\u00eda sagrada para la protecci\u00f3n.\" \/>\n<meta property=\"og:url\" content=\"https:\/\/joyadearte.com\/es\/product\/aretes-ojos-de-dios-1\/\" \/>\n<meta property=\"og:site_name\" content=\"Joya de Arte\" \/>\n<meta property=\"article:publisher\" content=\"https:\/\/www.facebook.com\/SandraCepedajoyadearte\/\" \/>\n<meta property=\"article:modified_time\" content=\"2026-04-03T23:00:48+00:00\" \/>\n<meta property=\"og:image\" content=\"https:\/\/joyadearte.com\/wp-content\/uploads\/2021\/01\/DSC2764-2-3-2-scaled.jpg\" \/>\n\t<meta property=\"og:image:width\" content=\"2560\" \/>\n\t<meta property=\"og:image:height\" content=\"1707\" \/>\n\t<meta property=\"og:image:type\" content=\"image\/jpeg\" \/>\n<meta name=\"twitter:card\" content=\"summary_large_image\" \/>\n<meta name=\"twitter:label1\" content=\"Tiempo de lectura\" \/>\n\t<meta name=\"twitter:data1\" content=\"1 minuto\" \/>\n<script type=\"application\/ld+json\" class=\"yoast-schema-graph\">{\"@context\":\"https:\/\/schema.org\",\"@graph\":[{\"@type\":\"WebPage\",\"@id\":\"https:\/\/joyadearte.com\/product\/aretes-ojos-de-dios-1\/\",\"url\":\"https:\/\/joyadearte.com\/product\/aretes-ojos-de-dios-1\/\",\"name\":\"ARETES OJOS DE DIOS 1 - Joya de Arte\",\"isPartOf\":{\"@id\":\"https:\/\/joyadearte.com\/en\/#website\"},\"primaryImageOfPage\":{\"@id\":\"https:\/\/joyadearte.com\/product\/aretes-ojos-de-dios-1\/#primaryimage\"},\"image\":{\"@id\":\"https:\/\/joyadearte.com\/product\/aretes-ojos-de-dios-1\/#primaryimage\"},\"thumbnailUrl\":\"https:\/\/joyadearte.com\/wp-content\/uploads\/2021\/01\/DSC2764-2-3-2-scaled.jpg\",\"datePublished\":\"2021-01-26T04:20:43+00:00\",\"dateModified\":\"2026-04-03T23:00:48+00:00\",\"description\":\"Aretes Ojos de Dios en chaquira japonesa. Inspiraci\u00f3n en la cosmovisi\u00f3n ind\u00edgena y geometr\u00eda sagrada para la protecci\u00f3n.\",\"breadcrumb\":{\"@id\":\"https:\/\/joyadearte.com\/product\/aretes-ojos-de-dios-1\/#breadcrumb\"},\"inLanguage\":\"es\",\"potentialAction\":[{\"@type\":\"ReadAction\",\"target\":[\"https:\/\/joyadearte.com\/product\/aretes-ojos-de-dios-1\/\"]}]},{\"@type\":\"ImageObject\",\"inLanguage\":\"es\",\"@id\":\"https:\/\/joyadearte.com\/product\/aretes-ojos-de-dios-1\/#primaryimage\",\"url\":\"https:\/\/joyadearte.com\/wp-content\/uploads\/2021\/01\/DSC2764-2-3-2-scaled.jpg\",\"contentUrl\":\"https:\/\/joyadearte.com\/wp-content\/uploads\/2021\/01\/DSC2764-2-3-2-scaled.jpg\",\"width\":2560,\"height\":1707,\"caption\":\"Aretes Ojos de Dios en chaquira japonesa. Inspiraci\u00f3n en la cosmovisi\u00f3n ind\u00edgena y geometr\u00eda sagrada para la protecci\u00f3n.\"},{\"@type\":\"BreadcrumbList\",\"@id\":\"https:\/\/joyadearte.com\/product\/aretes-ojos-de-dios-1\/#breadcrumb\",\"itemListElement\":[{\"@type\":\"ListItem\",\"position\":1,\"name\":\"Portada\",\"item\":\"https:\/\/joyadearte.com\/\"},{\"@type\":\"ListItem\",\"position\":2,\"name\":\"Tienda\",\"item\":\"https:\/\/joyadearte.com\/tienda\/\"},{\"@type\":\"ListItem\",\"position\":3,\"name\":\"ARETES OJOS DE DIOS 1\"}]},{\"@type\":\"WebSite\",\"@id\":\"https:\/\/joyadearte.com\/en\/#website\",\"url\":\"https:\/\/joyadearte.com\/en\/\",\"name\":\"Joya de Arte\",\"description\":\"Joya de Arte by Sandra Cepeda\",\"publisher\":{\"@id\":\"https:\/\/joyadearte.com\/en\/#organization\"},\"potentialAction\":[{\"@type\":\"SearchAction\",\"target\":{\"@type\":\"EntryPoint\",\"urlTemplate\":\"https:\/\/joyadearte.com\/en\/?s={search_term_string}\"},\"query-input\":{\"@type\":\"PropertyValueSpecification\",\"valueRequired\":true,\"valueName\":\"search_term_string\"}}],\"inLanguage\":\"es\"},{\"@type\":\"Organization\",\"@id\":\"https:\/\/joyadearte.com\/en\/#organization\",\"name\":\"Joya de Arte\",\"url\":\"https:\/\/joyadearte.com\/en\/\",\"logo\":{\"@type\":\"ImageObject\",\"inLanguage\":\"es\",\"@id\":\"https:\/\/joyadearte.com\/en\/#\/schema\/logo\/image\/\",\"url\":\"https:\/\/joyadearte.com\/wp-content\/uploads\/2020\/08\/WhatsApp-Image-2020-08-13-at-8.15.09-PM.jpeg\",\"contentUrl\":\"https:\/\/joyadearte.com\/wp-content\/uploads\/2020\/08\/WhatsApp-Image-2020-08-13-at-8.15.09-PM.jpeg\",\"width\":1280,\"height\":1280,\"caption\":\"Joya de Arte\"},\"image\":{\"@id\":\"https:\/\/joyadearte.com\/en\/#\/schema\/logo\/image\/\"},\"sameAs\":[\"https:\/\/www.facebook.com\/SandraCepedajoyadearte\/\",\"https:\/\/www.instagram.com\/joyadearte_sandracepeda\/\",\"https:\/\/es.wikipedia.org\/wiki\/Sandra_Cepeda\"]}]}<\/script>\n<!-- \/ Yoast SEO plugin. -->","yoast_head_json":{"title":"ARETES OJOS DE DIOS 1 - Joya de Arte","description":"Aretes Ojos de Dios en chaquira japonesa. Inspiraci\u00f3n en la cosmovisi\u00f3n ind\u00edgena y geometr\u00eda sagrada para la protecci\u00f3n.","robots":{"index":"index","follow":"follow","max-snippet":"max-snippet:-1","max-image-preview":"max-image-preview:large","max-video-preview":"max-video-preview:-1"},"canonical":"https:\/\/joyadearte.com\/es\/product\/aretes-ojos-de-dios-1\/","og_locale":"es_ES","og_type":"article","og_title":"ARETES OJOS DE DIOS 1 - Joya de Arte","og_description":"Aretes Ojos de Dios en chaquira japonesa. Inspiraci\u00f3n en la cosmovisi\u00f3n ind\u00edgena y geometr\u00eda sagrada para la protecci\u00f3n.","og_url":"https:\/\/joyadearte.com\/es\/product\/aretes-ojos-de-dios-1\/","og_site_name":"Joya de Arte","article_publisher":"https:\/\/www.facebook.com\/SandraCepedajoyadearte\/","article_modified_time":"2026-04-03T23:00:48+00:00","og_image":[{"width":2560,"height":1707,"url":"https:\/\/joyadearte.com\/wp-content\/uploads\/2021\/01\/DSC2764-2-3-2-scaled.jpg","type":"image\/jpeg"}],"twitter_card":"summary_large_image","twitter_misc":{"Tiempo de lectura":"1 minuto"},"schema":{"@context":"https:\/\/schema.org","@graph":[{"@type":"WebPage","@id":"https:\/\/joyadearte.com\/product\/aretes-ojos-de-dios-1\/","url":"https:\/\/joyadearte.com\/product\/aretes-ojos-de-dios-1\/","name":"ARETES OJOS DE DIOS 1 - Joya de Arte","isPartOf":{"@id":"https:\/\/joyadearte.com\/en\/#website"},"primaryImageOfPage":{"@id":"https:\/\/joyadearte.com\/product\/aretes-ojos-de-dios-1\/#primaryimage"},"image":{"@id":"https:\/\/joyadearte.com\/product\/aretes-ojos-de-dios-1\/#primaryimage"},"thumbnailUrl":"https:\/\/joyadearte.com\/wp-content\/uploads\/2021\/01\/DSC2764-2-3-2-scaled.jpg","datePublished":"2021-01-26T04:20:43+00:00","dateModified":"2026-04-03T23:00:48+00:00","description":"Aretes Ojos de Dios en chaquira japonesa. Inspiraci\u00f3n en la cosmovisi\u00f3n ind\u00edgena y geometr\u00eda sagrada para la protecci\u00f3n.","breadcrumb":{"@id":"https:\/\/joyadearte.com\/product\/aretes-ojos-de-dios-1\/#breadcrumb"},"inLanguage":"es","potentialAction":[{"@type":"ReadAction","target":["https:\/\/joyadearte.com\/product\/aretes-ojos-de-dios-1\/"]}]},{"@type":"ImageObject","inLanguage":"es","@id":"https:\/\/joyadearte.com\/product\/aretes-ojos-de-dios-1\/#primaryimage","url":"https:\/\/joyadearte.com\/wp-content\/uploads\/2021\/01\/DSC2764-2-3-2-scaled.jpg","contentUrl":"https:\/\/joyadearte.com\/wp-content\/uploads\/2021\/01\/DSC2764-2-3-2-scaled.jpg","width":2560,"height":1707,"caption":"Aretes Ojos de Dios en chaquira japonesa. Inspiraci\u00f3n en la cosmovisi\u00f3n ind\u00edgena y geometr\u00eda sagrada para la protecci\u00f3n."},{"@type":"BreadcrumbList","@id":"https:\/\/joyadearte.com\/product\/aretes-ojos-de-dios-1\/#breadcrumb","itemListElement":[{"@type":"ListItem","position":1,"name":"Portada","item":"https:\/\/joyadearte.com\/"},{"@type":"ListItem","position":2,"name":"Tienda","item":"https:\/\/joyadearte.com\/tienda\/"},{"@type":"ListItem","position":3,"name":"ARETES OJOS DE DIOS 1"}]},{"@type":"WebSite","@id":"https:\/\/joyadearte.com\/en\/#website","url":"https:\/\/joyadearte.com\/en\/","name":"Joya de Arte","description":"Joya de Arte by Sandra Cepeda","publisher":{"@id":"https:\/\/joyadearte.com\/en\/#organization"},"potentialAction":[{"@type":"SearchAction","target":{"@type":"EntryPoint","urlTemplate":"https:\/\/joyadearte.com\/en\/?s={search_term_string}"},"query-input":{"@type":"PropertyValueSpecification","valueRequired":true,"valueName":"search_term_string"}}],"inLanguage":"es"},{"@type":"Organization","@id":"https:\/\/joyadearte.com\/en\/#organization","name":"Joya de Arte","url":"https:\/\/joyadearte.com\/en\/","logo":{"@type":"ImageObject","inLanguage":"es","@id":"https:\/\/joyadearte.com\/en\/#\/schema\/logo\/image\/","url":"https:\/\/joyadearte.com\/wp-content\/uploads\/2020\/08\/WhatsApp-Image-2020-08-13-at-8.15.09-PM.jpeg","contentUrl":"https:\/\/joyadearte.com\/wp-content\/uploads\/2020\/08\/WhatsApp-Image-2020-08-13-at-8.15.09-PM.jpeg","width":1280,"height":1280,"caption":"Joya de Arte"},"image":{"@id":"https:\/\/joyadearte.com\/en\/#\/schema\/logo\/image\/"},"sameAs":["https:\/\/www.facebook.com\/SandraCepedajoyadearte\/","https:\/\/www.instagram.com\/joyadearte_sandracepeda\/","https:\/\/es.wikipedia.org\/wiki\/Sandra_Cepeda"]}]}},"jetpack_sharing_enabled":true,"_links":{"self":[{"href":"https:\/\/joyadearte.com\/es\/wp-json\/wp\/v2\/product\/2054","targetHints":{"allow":["GET"]}}],"collection":[{"href":"https:\/\/joyadearte.com\/es\/wp-json\/wp\/v2\/product"}],"about":[{"href":"https:\/\/joyadearte.com\/es\/wp-json\/wp\/v2\/types\/product"}],"replies":[{"embeddable":true,"href":"https:\/\/joyadearte.com\/es\/wp-json\/wp\/v2\/comments?post=2054"}],"wp:featuredmedia":[{"embeddable":true,"href":"https:\/\/joyadearte.com\/es\/wp-json\/wp\/v2\/media\/2055"}],"wp:attachment":[{"href":"https:\/\/joyadearte.com\/es\/wp-json\/wp\/v2\/media?parent=2054"}],"wp:term":[{"taxonomy":"product_brand","embeddable":true,"href":"https:\/\/joyadearte.com\/es\/wp-json\/wp\/v2\/product_brand?post=2054"},{"taxonomy":"product_cat","embeddable":true,"href":"https:\/\/joyadearte.com\/es\/wp-json\/wp\/v2\/product_cat?post=2054"},{"taxonomy":"product_tag","embeddable":true,"href":"https:\/\/joyadearte.com\/es\/wp-json\/wp\/v2\/product_tag?post=2054"}],"curies":[{"name":"wp","href":"https:\/\/api.w.org\/{rel}","templated":true}]}}