{"id":2048,"date":"2021-01-25T00:17:51","date_gmt":"2021-01-24T23:17:51","guid":{"rendered":"https:\/\/joyadearte.com\/?post_type=product&#038;p=2048"},"modified":"2026-04-04T01:05:42","modified_gmt":"2026-04-03T23:05:42","slug":"aretes-aves-del-paraiso-rojas","status":"publish","type":"product","link":"https:\/\/joyadearte.com\/es\/product\/aretes-aves-del-paraiso-rojas\/","title":{"rendered":"ARETES AVES DEL PARA\u00cdSO ROJAS"},"content":{"rendered":"<p>Los Aretes Aves del Para\u00edso Rojas son una explosi\u00f3n de color y exostismo que gritan \u00ab\u00a1Aqu\u00ed estoy!\u00bb. Inspirados en la flor m\u00e1s audaz de la naturaleza, estas piezas en chapa de oro y rojo intenso son el \u00abshot\u00bb de energ\u00eda que tu outfit pide a gritos.<\/p>\n<p>\u200bEs joyer\u00eda de autor para almas tropicales que no temen ser el centro de atenci\u00f3n. Ll\u00e9valos y siente c\u00f3mo tu estilo despega con la elegancia de un vuelo ex\u00f3tico. \u00a1Advertencia: pueden causar envidia de la buena!<\/p>\n","protected":false},"excerpt":{"rendered":"<p>Material: Plata .925 con chaquira japonesa<\/p>\n","protected":false},"featured_media":2049,"comment_status":"open","ping_status":"closed","template":"","meta":{"_monsterinsights_skip_tracking":false,"_monsterinsights_sitenote_active":false,"_monsterinsights_sitenote_note":"","_monsterinsights_sitenote_category":0},"product_brand":[],"product_cat":[17,24,18,117,30],"product_tag":[114],"class_list":{"0":"post-2048","1":"product","2":"type-product","3":"status-publish","4":"has-post-thumbnail","6":"product_cat-colecciones","7":"product_cat-bones","8":"product_cat-piezas","9":"product_cat-plata-925","10":"product_cat-aretes","11":"product_tag-nodiscount","13":"first","14":"instock","15":"shipping-taxable","16":"purchasable","17":"product-type-simple","18":"add-to-wishlist-after_add_to_cart"},"yoast_head":"<!-- This site is optimized with the Yoast SEO plugin v25.6 - https:\/\/yoast.com\/wordpress\/plugins\/seo\/ -->\n<title>ARETES AVES DEL PARA\u00cdSO ROJAS - Joya de Arte<\/title>\n<meta name=\"description\" content=\"Aretes Aves del Para\u00edso Rojas. Color vibrante y dise\u00f1o de autor. Dale a tu look un toque ex\u00f3tico y audaz.\" \/>\n<meta name=\"robots\" content=\"index, follow, max-snippet:-1, max-image-preview:large, max-video-preview:-1\" \/>\n<link rel=\"canonical\" href=\"https:\/\/joyadearte.com\/es\/product\/aretes-aves-del-paraiso-rojas\/\" \/>\n<meta property=\"og:locale\" content=\"es_ES\" \/>\n<meta property=\"og:type\" content=\"article\" \/>\n<meta property=\"og:title\" content=\"ARETES AVES DEL PARA\u00cdSO ROJAS - Joya de Arte\" \/>\n<meta property=\"og:description\" content=\"Aretes Aves del Para\u00edso Rojas. Color vibrante y dise\u00f1o de autor. Dale a tu look un toque ex\u00f3tico y audaz.\" \/>\n<meta property=\"og:url\" content=\"https:\/\/joyadearte.com\/es\/product\/aretes-aves-del-paraiso-rojas\/\" \/>\n<meta property=\"og:site_name\" content=\"Joya de Arte\" \/>\n<meta property=\"article:publisher\" content=\"https:\/\/www.facebook.com\/SandraCepedajoyadearte\/\" \/>\n<meta property=\"article:modified_time\" content=\"2026-04-03T23:05:42+00:00\" \/>\n<meta property=\"og:image\" content=\"https:\/\/joyadearte.com\/wp-content\/uploads\/2021\/01\/DSC2756-2-scaled.jpg\" \/>\n\t<meta property=\"og:image:width\" content=\"2560\" \/>\n\t<meta property=\"og:image:height\" content=\"1707\" \/>\n\t<meta property=\"og:image:type\" content=\"image\/jpeg\" \/>\n<meta name=\"twitter:card\" content=\"summary_large_image\" \/>\n<meta name=\"twitter:label1\" content=\"Tiempo de lectura\" \/>\n\t<meta name=\"twitter:data1\" content=\"1 minuto\" \/>\n<script type=\"application\/ld+json\" class=\"yoast-schema-graph\">{\"@context\":\"https:\/\/schema.org\",\"@graph\":[{\"@type\":\"WebPage\",\"@id\":\"https:\/\/joyadearte.com\/product\/aretes-aves-del-paraiso-rojas\/\",\"url\":\"https:\/\/joyadearte.com\/product\/aretes-aves-del-paraiso-rojas\/\",\"name\":\"ARETES AVES DEL PARA\u00cdSO ROJAS - Joya de Arte\",\"isPartOf\":{\"@id\":\"https:\/\/joyadearte.com\/en\/#website\"},\"primaryImageOfPage\":{\"@id\":\"https:\/\/joyadearte.com\/product\/aretes-aves-del-paraiso-rojas\/#primaryimage\"},\"image\":{\"@id\":\"https:\/\/joyadearte.com\/product\/aretes-aves-del-paraiso-rojas\/#primaryimage\"},\"thumbnailUrl\":\"https:\/\/joyadearte.com\/wp-content\/uploads\/2021\/01\/DSC2756-2-scaled.jpg\",\"datePublished\":\"2021-01-24T23:17:51+00:00\",\"dateModified\":\"2026-04-03T23:05:42+00:00\",\"description\":\"Aretes Aves del Para\u00edso Rojas. Color vibrante y dise\u00f1o de autor. Dale a tu look un toque ex\u00f3tico y audaz.\",\"breadcrumb\":{\"@id\":\"https:\/\/joyadearte.com\/product\/aretes-aves-del-paraiso-rojas\/#breadcrumb\"},\"inLanguage\":\"es\",\"potentialAction\":[{\"@type\":\"ReadAction\",\"target\":[\"https:\/\/joyadearte.com\/product\/aretes-aves-del-paraiso-rojas\/\"]}]},{\"@type\":\"ImageObject\",\"inLanguage\":\"es\",\"@id\":\"https:\/\/joyadearte.com\/product\/aretes-aves-del-paraiso-rojas\/#primaryimage\",\"url\":\"https:\/\/joyadearte.com\/wp-content\/uploads\/2021\/01\/DSC2756-2-scaled.jpg\",\"contentUrl\":\"https:\/\/joyadearte.com\/wp-content\/uploads\/2021\/01\/DSC2756-2-scaled.jpg\",\"width\":2560,\"height\":1707,\"caption\":\"Aretes Aves del Para\u00edso Rojas. Color vibrante y dise\u00f1o de autor. Dale a tu look un toque ex\u00f3tico y audaz.\"},{\"@type\":\"BreadcrumbList\",\"@id\":\"https:\/\/joyadearte.com\/product\/aretes-aves-del-paraiso-rojas\/#breadcrumb\",\"itemListElement\":[{\"@type\":\"ListItem\",\"position\":1,\"name\":\"Portada\",\"item\":\"https:\/\/joyadearte.com\/\"},{\"@type\":\"ListItem\",\"position\":2,\"name\":\"Tienda\",\"item\":\"https:\/\/joyadearte.com\/tienda\/\"},{\"@type\":\"ListItem\",\"position\":3,\"name\":\"ARETES AVES DEL PARA\u00cdSO ROJAS\"}]},{\"@type\":\"WebSite\",\"@id\":\"https:\/\/joyadearte.com\/en\/#website\",\"url\":\"https:\/\/joyadearte.com\/en\/\",\"name\":\"Joya de Arte\",\"description\":\"Joya de Arte by Sandra Cepeda\",\"publisher\":{\"@id\":\"https:\/\/joyadearte.com\/en\/#organization\"},\"potentialAction\":[{\"@type\":\"SearchAction\",\"target\":{\"@type\":\"EntryPoint\",\"urlTemplate\":\"https:\/\/joyadearte.com\/en\/?s={search_term_string}\"},\"query-input\":{\"@type\":\"PropertyValueSpecification\",\"valueRequired\":true,\"valueName\":\"search_term_string\"}}],\"inLanguage\":\"es\"},{\"@type\":\"Organization\",\"@id\":\"https:\/\/joyadearte.com\/en\/#organization\",\"name\":\"Joya de Arte\",\"url\":\"https:\/\/joyadearte.com\/en\/\",\"logo\":{\"@type\":\"ImageObject\",\"inLanguage\":\"es\",\"@id\":\"https:\/\/joyadearte.com\/en\/#\/schema\/logo\/image\/\",\"url\":\"https:\/\/joyadearte.com\/wp-content\/uploads\/2020\/08\/WhatsApp-Image-2020-08-13-at-8.15.09-PM.jpeg\",\"contentUrl\":\"https:\/\/joyadearte.com\/wp-content\/uploads\/2020\/08\/WhatsApp-Image-2020-08-13-at-8.15.09-PM.jpeg\",\"width\":1280,\"height\":1280,\"caption\":\"Joya de Arte\"},\"image\":{\"@id\":\"https:\/\/joyadearte.com\/en\/#\/schema\/logo\/image\/\"},\"sameAs\":[\"https:\/\/www.facebook.com\/SandraCepedajoyadearte\/\",\"https:\/\/www.instagram.com\/joyadearte_sandracepeda\/\",\"https:\/\/es.wikipedia.org\/wiki\/Sandra_Cepeda\"]}]}<\/script>\n<!-- \/ Yoast SEO plugin. -->","yoast_head_json":{"title":"ARETES AVES DEL PARA\u00cdSO ROJAS - Joya de Arte","description":"Aretes Aves del Para\u00edso Rojas. Color vibrante y dise\u00f1o de autor. Dale a tu look un toque ex\u00f3tico y audaz.","robots":{"index":"index","follow":"follow","max-snippet":"max-snippet:-1","max-image-preview":"max-image-preview:large","max-video-preview":"max-video-preview:-1"},"canonical":"https:\/\/joyadearte.com\/es\/product\/aretes-aves-del-paraiso-rojas\/","og_locale":"es_ES","og_type":"article","og_title":"ARETES AVES DEL PARA\u00cdSO ROJAS - Joya de Arte","og_description":"Aretes Aves del Para\u00edso Rojas. Color vibrante y dise\u00f1o de autor. Dale a tu look un toque ex\u00f3tico y audaz.","og_url":"https:\/\/joyadearte.com\/es\/product\/aretes-aves-del-paraiso-rojas\/","og_site_name":"Joya de Arte","article_publisher":"https:\/\/www.facebook.com\/SandraCepedajoyadearte\/","article_modified_time":"2026-04-03T23:05:42+00:00","og_image":[{"width":2560,"height":1707,"url":"https:\/\/joyadearte.com\/wp-content\/uploads\/2021\/01\/DSC2756-2-scaled.jpg","type":"image\/jpeg"}],"twitter_card":"summary_large_image","twitter_misc":{"Tiempo de lectura":"1 minuto"},"schema":{"@context":"https:\/\/schema.org","@graph":[{"@type":"WebPage","@id":"https:\/\/joyadearte.com\/product\/aretes-aves-del-paraiso-rojas\/","url":"https:\/\/joyadearte.com\/product\/aretes-aves-del-paraiso-rojas\/","name":"ARETES AVES DEL PARA\u00cdSO ROJAS - Joya de Arte","isPartOf":{"@id":"https:\/\/joyadearte.com\/en\/#website"},"primaryImageOfPage":{"@id":"https:\/\/joyadearte.com\/product\/aretes-aves-del-paraiso-rojas\/#primaryimage"},"image":{"@id":"https:\/\/joyadearte.com\/product\/aretes-aves-del-paraiso-rojas\/#primaryimage"},"thumbnailUrl":"https:\/\/joyadearte.com\/wp-content\/uploads\/2021\/01\/DSC2756-2-scaled.jpg","datePublished":"2021-01-24T23:17:51+00:00","dateModified":"2026-04-03T23:05:42+00:00","description":"Aretes Aves del Para\u00edso Rojas. Color vibrante y dise\u00f1o de autor. Dale a tu look un toque ex\u00f3tico y audaz.","breadcrumb":{"@id":"https:\/\/joyadearte.com\/product\/aretes-aves-del-paraiso-rojas\/#breadcrumb"},"inLanguage":"es","potentialAction":[{"@type":"ReadAction","target":["https:\/\/joyadearte.com\/product\/aretes-aves-del-paraiso-rojas\/"]}]},{"@type":"ImageObject","inLanguage":"es","@id":"https:\/\/joyadearte.com\/product\/aretes-aves-del-paraiso-rojas\/#primaryimage","url":"https:\/\/joyadearte.com\/wp-content\/uploads\/2021\/01\/DSC2756-2-scaled.jpg","contentUrl":"https:\/\/joyadearte.com\/wp-content\/uploads\/2021\/01\/DSC2756-2-scaled.jpg","width":2560,"height":1707,"caption":"Aretes Aves del Para\u00edso Rojas. Color vibrante y dise\u00f1o de autor. Dale a tu look un toque ex\u00f3tico y audaz."},{"@type":"BreadcrumbList","@id":"https:\/\/joyadearte.com\/product\/aretes-aves-del-paraiso-rojas\/#breadcrumb","itemListElement":[{"@type":"ListItem","position":1,"name":"Portada","item":"https:\/\/joyadearte.com\/"},{"@type":"ListItem","position":2,"name":"Tienda","item":"https:\/\/joyadearte.com\/tienda\/"},{"@type":"ListItem","position":3,"name":"ARETES AVES DEL PARA\u00cdSO ROJAS"}]},{"@type":"WebSite","@id":"https:\/\/joyadearte.com\/en\/#website","url":"https:\/\/joyadearte.com\/en\/","name":"Joya de Arte","description":"Joya de Arte by Sandra Cepeda","publisher":{"@id":"https:\/\/joyadearte.com\/en\/#organization"},"potentialAction":[{"@type":"SearchAction","target":{"@type":"EntryPoint","urlTemplate":"https:\/\/joyadearte.com\/en\/?s={search_term_string}"},"query-input":{"@type":"PropertyValueSpecification","valueRequired":true,"valueName":"search_term_string"}}],"inLanguage":"es"},{"@type":"Organization","@id":"https:\/\/joyadearte.com\/en\/#organization","name":"Joya de Arte","url":"https:\/\/joyadearte.com\/en\/","logo":{"@type":"ImageObject","inLanguage":"es","@id":"https:\/\/joyadearte.com\/en\/#\/schema\/logo\/image\/","url":"https:\/\/joyadearte.com\/wp-content\/uploads\/2020\/08\/WhatsApp-Image-2020-08-13-at-8.15.09-PM.jpeg","contentUrl":"https:\/\/joyadearte.com\/wp-content\/uploads\/2020\/08\/WhatsApp-Image-2020-08-13-at-8.15.09-PM.jpeg","width":1280,"height":1280,"caption":"Joya de Arte"},"image":{"@id":"https:\/\/joyadearte.com\/en\/#\/schema\/logo\/image\/"},"sameAs":["https:\/\/www.facebook.com\/SandraCepedajoyadearte\/","https:\/\/www.instagram.com\/joyadearte_sandracepeda\/","https:\/\/es.wikipedia.org\/wiki\/Sandra_Cepeda"]}]}},"jetpack_sharing_enabled":true,"_links":{"self":[{"href":"https:\/\/joyadearte.com\/es\/wp-json\/wp\/v2\/product\/2048","targetHints":{"allow":["GET"]}}],"collection":[{"href":"https:\/\/joyadearte.com\/es\/wp-json\/wp\/v2\/product"}],"about":[{"href":"https:\/\/joyadearte.com\/es\/wp-json\/wp\/v2\/types\/product"}],"replies":[{"embeddable":true,"href":"https:\/\/joyadearte.com\/es\/wp-json\/wp\/v2\/comments?post=2048"}],"wp:featuredmedia":[{"embeddable":true,"href":"https:\/\/joyadearte.com\/es\/wp-json\/wp\/v2\/media\/2049"}],"wp:attachment":[{"href":"https:\/\/joyadearte.com\/es\/wp-json\/wp\/v2\/media?parent=2048"}],"wp:term":[{"taxonomy":"product_brand","embeddable":true,"href":"https:\/\/joyadearte.com\/es\/wp-json\/wp\/v2\/product_brand?post=2048"},{"taxonomy":"product_cat","embeddable":true,"href":"https:\/\/joyadearte.com\/es\/wp-json\/wp\/v2\/product_cat?post=2048"},{"taxonomy":"product_tag","embeddable":true,"href":"https:\/\/joyadearte.com\/es\/wp-json\/wp\/v2\/product_tag?post=2048"}],"curies":[{"name":"wp","href":"https:\/\/api.w.org\/{rel}","templated":true}]}}