{"id":2019,"date":"2021-01-18T04:03:38","date_gmt":"2021-01-18T03:03:38","guid":{"rendered":"https:\/\/joyadearte.com\/?post_type=product&#038;p=2019"},"modified":"2026-04-04T01:09:15","modified_gmt":"2026-04-03T23:09:15","slug":"anillo-cangrejo-plata","status":"publish","type":"product","link":"https:\/\/joyadearte.com\/es\/product\/anillo-cangrejo-plata\/","title":{"rendered":"ANILLO CANGREJO PLATA"},"content":{"rendered":"<p>Sabidur\u00eda de las Mareas<\/p>\n<p>\u200bFluidez para avanzar, solidez para proteger. El Anillo Cangrejo en Plata Ley es una pieza de dise\u00f1o org\u00e1nico que captura la esencia del guardi\u00e1n de los oc\u00e9anos. Simboliza la intuici\u00f3n y la capacidad de prosperar en entornos cambiantes sin perder tu centro. Una joya para el esp\u00edritu audaz que encuentra en la plata un reflejo de su propia claridad. \u00bfEst\u00e1s listo para dejar que tu instinto gu\u00ede tu camino?<\/p>\n","protected":false},"excerpt":{"rendered":"<p>Material: Plata .950<\/p>\n<p>Anillo ajustable medida de 4 a 8<\/p>\n","protected":false},"featured_media":2023,"comment_status":"open","ping_status":"closed","template":"","meta":{"_monsterinsights_skip_tracking":false,"_monsterinsights_sitenote_active":false,"_monsterinsights_sitenote_note":"","_monsterinsights_sitenote_category":0},"product_brand":[],"product_cat":[17,90,18,117,32],"product_tag":[78],"class_list":{"0":"post-2019","1":"product","2":"type-product","3":"status-publish","4":"has-post-thumbnail","6":"product_cat-colecciones","7":"product_cat-animal-spirit","8":"product_cat-piezas","9":"product_cat-plata-925","10":"product_cat-anillos","11":"product_tag-descuento","13":"first","14":"instock","15":"sale","16":"shipping-taxable","17":"purchasable","18":"product-type-simple","19":"add-to-wishlist-after_add_to_cart"},"yoast_head":"<!-- This site is optimized with the Yoast SEO plugin v25.6 - https:\/\/yoast.com\/wordpress\/plugins\/seo\/ -->\n<title>ANILLO CANGREJO PLATA - Joya de Arte<\/title>\n<meta name=\"description\" content=\"Anillo Cangrejo Plata. Intuici\u00f3n y resiliencia esculpidas en plata de autor. La pieza ideal para quienes dominan sus propias mareas.\" \/>\n<meta name=\"robots\" content=\"index, follow, max-snippet:-1, max-image-preview:large, max-video-preview:-1\" \/>\n<link rel=\"canonical\" href=\"https:\/\/joyadearte.com\/es\/product\/anillo-cangrejo-plata\/\" \/>\n<meta property=\"og:locale\" content=\"es_ES\" \/>\n<meta property=\"og:type\" content=\"article\" \/>\n<meta property=\"og:title\" content=\"ANILLO CANGREJO PLATA - Joya de Arte\" \/>\n<meta property=\"og:description\" content=\"Anillo Cangrejo Plata. Intuici\u00f3n y resiliencia esculpidas en plata de autor. La pieza ideal para quienes dominan sus propias mareas.\" \/>\n<meta property=\"og:url\" content=\"https:\/\/joyadearte.com\/es\/product\/anillo-cangrejo-plata\/\" \/>\n<meta property=\"og:site_name\" content=\"Joya de Arte\" \/>\n<meta property=\"article:publisher\" content=\"https:\/\/www.facebook.com\/SandraCepedajoyadearte\/\" \/>\n<meta property=\"article:modified_time\" content=\"2026-04-03T23:09:15+00:00\" \/>\n<meta property=\"og:image\" content=\"https:\/\/joyadearte.com\/wp-content\/uploads\/2021\/01\/DSC2442-scaled.jpg\" \/>\n\t<meta property=\"og:image:width\" content=\"2560\" \/>\n\t<meta property=\"og:image:height\" content=\"1706\" \/>\n\t<meta property=\"og:image:type\" content=\"image\/jpeg\" \/>\n<meta name=\"twitter:card\" content=\"summary_large_image\" \/>\n<meta name=\"twitter:label1\" content=\"Tiempo de lectura\" \/>\n\t<meta name=\"twitter:data1\" content=\"1 minuto\" \/>\n<script type=\"application\/ld+json\" class=\"yoast-schema-graph\">{\"@context\":\"https:\/\/schema.org\",\"@graph\":[{\"@type\":\"WebPage\",\"@id\":\"https:\/\/joyadearte.com\/product\/anillo-cangrejo-plata\/\",\"url\":\"https:\/\/joyadearte.com\/product\/anillo-cangrejo-plata\/\",\"name\":\"ANILLO CANGREJO PLATA - Joya de Arte\",\"isPartOf\":{\"@id\":\"https:\/\/joyadearte.com\/en\/#website\"},\"primaryImageOfPage\":{\"@id\":\"https:\/\/joyadearte.com\/product\/anillo-cangrejo-plata\/#primaryimage\"},\"image\":{\"@id\":\"https:\/\/joyadearte.com\/product\/anillo-cangrejo-plata\/#primaryimage\"},\"thumbnailUrl\":\"https:\/\/joyadearte.com\/wp-content\/uploads\/2021\/01\/DSC2442-scaled.jpg\",\"datePublished\":\"2021-01-18T03:03:38+00:00\",\"dateModified\":\"2026-04-03T23:09:15+00:00\",\"description\":\"Anillo Cangrejo Plata. Intuici\u00f3n y resiliencia esculpidas en plata de autor. La pieza ideal para quienes dominan sus propias mareas.\",\"breadcrumb\":{\"@id\":\"https:\/\/joyadearte.com\/product\/anillo-cangrejo-plata\/#breadcrumb\"},\"inLanguage\":\"es\",\"potentialAction\":[{\"@type\":\"ReadAction\",\"target\":[\"https:\/\/joyadearte.com\/product\/anillo-cangrejo-plata\/\"]}]},{\"@type\":\"ImageObject\",\"inLanguage\":\"es\",\"@id\":\"https:\/\/joyadearte.com\/product\/anillo-cangrejo-plata\/#primaryimage\",\"url\":\"https:\/\/joyadearte.com\/wp-content\/uploads\/2021\/01\/DSC2442-scaled.jpg\",\"contentUrl\":\"https:\/\/joyadearte.com\/wp-content\/uploads\/2021\/01\/DSC2442-scaled.jpg\",\"width\":2560,\"height\":1706,\"caption\":\"Anillo Cangrejo Plata\"},{\"@type\":\"BreadcrumbList\",\"@id\":\"https:\/\/joyadearte.com\/product\/anillo-cangrejo-plata\/#breadcrumb\",\"itemListElement\":[{\"@type\":\"ListItem\",\"position\":1,\"name\":\"Portada\",\"item\":\"https:\/\/joyadearte.com\/\"},{\"@type\":\"ListItem\",\"position\":2,\"name\":\"Tienda\",\"item\":\"https:\/\/joyadearte.com\/tienda\/\"},{\"@type\":\"ListItem\",\"position\":3,\"name\":\"ANILLO CANGREJO PLATA\"}]},{\"@type\":\"WebSite\",\"@id\":\"https:\/\/joyadearte.com\/en\/#website\",\"url\":\"https:\/\/joyadearte.com\/en\/\",\"name\":\"Joya de Arte\",\"description\":\"Joya de Arte by Sandra Cepeda\",\"publisher\":{\"@id\":\"https:\/\/joyadearte.com\/en\/#organization\"},\"potentialAction\":[{\"@type\":\"SearchAction\",\"target\":{\"@type\":\"EntryPoint\",\"urlTemplate\":\"https:\/\/joyadearte.com\/en\/?s={search_term_string}\"},\"query-input\":{\"@type\":\"PropertyValueSpecification\",\"valueRequired\":true,\"valueName\":\"search_term_string\"}}],\"inLanguage\":\"es\"},{\"@type\":\"Organization\",\"@id\":\"https:\/\/joyadearte.com\/en\/#organization\",\"name\":\"Joya de Arte\",\"url\":\"https:\/\/joyadearte.com\/en\/\",\"logo\":{\"@type\":\"ImageObject\",\"inLanguage\":\"es\",\"@id\":\"https:\/\/joyadearte.com\/en\/#\/schema\/logo\/image\/\",\"url\":\"https:\/\/joyadearte.com\/wp-content\/uploads\/2020\/08\/WhatsApp-Image-2020-08-13-at-8.15.09-PM.jpeg\",\"contentUrl\":\"https:\/\/joyadearte.com\/wp-content\/uploads\/2020\/08\/WhatsApp-Image-2020-08-13-at-8.15.09-PM.jpeg\",\"width\":1280,\"height\":1280,\"caption\":\"Joya de Arte\"},\"image\":{\"@id\":\"https:\/\/joyadearte.com\/en\/#\/schema\/logo\/image\/\"},\"sameAs\":[\"https:\/\/www.facebook.com\/SandraCepedajoyadearte\/\",\"https:\/\/www.instagram.com\/joyadearte_sandracepeda\/\",\"https:\/\/es.wikipedia.org\/wiki\/Sandra_Cepeda\"]}]}<\/script>\n<!-- \/ Yoast SEO plugin. -->","yoast_head_json":{"title":"ANILLO CANGREJO PLATA - Joya de Arte","description":"Anillo Cangrejo Plata. Intuici\u00f3n y resiliencia esculpidas en plata de autor. La pieza ideal para quienes dominan sus propias mareas.","robots":{"index":"index","follow":"follow","max-snippet":"max-snippet:-1","max-image-preview":"max-image-preview:large","max-video-preview":"max-video-preview:-1"},"canonical":"https:\/\/joyadearte.com\/es\/product\/anillo-cangrejo-plata\/","og_locale":"es_ES","og_type":"article","og_title":"ANILLO CANGREJO PLATA - Joya de Arte","og_description":"Anillo Cangrejo Plata. Intuici\u00f3n y resiliencia esculpidas en plata de autor. La pieza ideal para quienes dominan sus propias mareas.","og_url":"https:\/\/joyadearte.com\/es\/product\/anillo-cangrejo-plata\/","og_site_name":"Joya de Arte","article_publisher":"https:\/\/www.facebook.com\/SandraCepedajoyadearte\/","article_modified_time":"2026-04-03T23:09:15+00:00","og_image":[{"width":2560,"height":1706,"url":"https:\/\/joyadearte.com\/wp-content\/uploads\/2021\/01\/DSC2442-scaled.jpg","type":"image\/jpeg"}],"twitter_card":"summary_large_image","twitter_misc":{"Tiempo de lectura":"1 minuto"},"schema":{"@context":"https:\/\/schema.org","@graph":[{"@type":"WebPage","@id":"https:\/\/joyadearte.com\/product\/anillo-cangrejo-plata\/","url":"https:\/\/joyadearte.com\/product\/anillo-cangrejo-plata\/","name":"ANILLO CANGREJO PLATA - Joya de Arte","isPartOf":{"@id":"https:\/\/joyadearte.com\/en\/#website"},"primaryImageOfPage":{"@id":"https:\/\/joyadearte.com\/product\/anillo-cangrejo-plata\/#primaryimage"},"image":{"@id":"https:\/\/joyadearte.com\/product\/anillo-cangrejo-plata\/#primaryimage"},"thumbnailUrl":"https:\/\/joyadearte.com\/wp-content\/uploads\/2021\/01\/DSC2442-scaled.jpg","datePublished":"2021-01-18T03:03:38+00:00","dateModified":"2026-04-03T23:09:15+00:00","description":"Anillo Cangrejo Plata. Intuici\u00f3n y resiliencia esculpidas en plata de autor. La pieza ideal para quienes dominan sus propias mareas.","breadcrumb":{"@id":"https:\/\/joyadearte.com\/product\/anillo-cangrejo-plata\/#breadcrumb"},"inLanguage":"es","potentialAction":[{"@type":"ReadAction","target":["https:\/\/joyadearte.com\/product\/anillo-cangrejo-plata\/"]}]},{"@type":"ImageObject","inLanguage":"es","@id":"https:\/\/joyadearte.com\/product\/anillo-cangrejo-plata\/#primaryimage","url":"https:\/\/joyadearte.com\/wp-content\/uploads\/2021\/01\/DSC2442-scaled.jpg","contentUrl":"https:\/\/joyadearte.com\/wp-content\/uploads\/2021\/01\/DSC2442-scaled.jpg","width":2560,"height":1706,"caption":"Anillo Cangrejo Plata"},{"@type":"BreadcrumbList","@id":"https:\/\/joyadearte.com\/product\/anillo-cangrejo-plata\/#breadcrumb","itemListElement":[{"@type":"ListItem","position":1,"name":"Portada","item":"https:\/\/joyadearte.com\/"},{"@type":"ListItem","position":2,"name":"Tienda","item":"https:\/\/joyadearte.com\/tienda\/"},{"@type":"ListItem","position":3,"name":"ANILLO CANGREJO PLATA"}]},{"@type":"WebSite","@id":"https:\/\/joyadearte.com\/en\/#website","url":"https:\/\/joyadearte.com\/en\/","name":"Joya de Arte","description":"Joya de Arte by Sandra Cepeda","publisher":{"@id":"https:\/\/joyadearte.com\/en\/#organization"},"potentialAction":[{"@type":"SearchAction","target":{"@type":"EntryPoint","urlTemplate":"https:\/\/joyadearte.com\/en\/?s={search_term_string}"},"query-input":{"@type":"PropertyValueSpecification","valueRequired":true,"valueName":"search_term_string"}}],"inLanguage":"es"},{"@type":"Organization","@id":"https:\/\/joyadearte.com\/en\/#organization","name":"Joya de Arte","url":"https:\/\/joyadearte.com\/en\/","logo":{"@type":"ImageObject","inLanguage":"es","@id":"https:\/\/joyadearte.com\/en\/#\/schema\/logo\/image\/","url":"https:\/\/joyadearte.com\/wp-content\/uploads\/2020\/08\/WhatsApp-Image-2020-08-13-at-8.15.09-PM.jpeg","contentUrl":"https:\/\/joyadearte.com\/wp-content\/uploads\/2020\/08\/WhatsApp-Image-2020-08-13-at-8.15.09-PM.jpeg","width":1280,"height":1280,"caption":"Joya de Arte"},"image":{"@id":"https:\/\/joyadearte.com\/en\/#\/schema\/logo\/image\/"},"sameAs":["https:\/\/www.facebook.com\/SandraCepedajoyadearte\/","https:\/\/www.instagram.com\/joyadearte_sandracepeda\/","https:\/\/es.wikipedia.org\/wiki\/Sandra_Cepeda"]}]}},"jetpack_sharing_enabled":true,"_links":{"self":[{"href":"https:\/\/joyadearte.com\/es\/wp-json\/wp\/v2\/product\/2019","targetHints":{"allow":["GET"]}}],"collection":[{"href":"https:\/\/joyadearte.com\/es\/wp-json\/wp\/v2\/product"}],"about":[{"href":"https:\/\/joyadearte.com\/es\/wp-json\/wp\/v2\/types\/product"}],"replies":[{"embeddable":true,"href":"https:\/\/joyadearte.com\/es\/wp-json\/wp\/v2\/comments?post=2019"}],"wp:featuredmedia":[{"embeddable":true,"href":"https:\/\/joyadearte.com\/es\/wp-json\/wp\/v2\/media\/2023"}],"wp:attachment":[{"href":"https:\/\/joyadearte.com\/es\/wp-json\/wp\/v2\/media?parent=2019"}],"wp:term":[{"taxonomy":"product_brand","embeddable":true,"href":"https:\/\/joyadearte.com\/es\/wp-json\/wp\/v2\/product_brand?post=2019"},{"taxonomy":"product_cat","embeddable":true,"href":"https:\/\/joyadearte.com\/es\/wp-json\/wp\/v2\/product_cat?post=2019"},{"taxonomy":"product_tag","embeddable":true,"href":"https:\/\/joyadearte.com\/es\/wp-json\/wp\/v2\/product_tag?post=2019"}],"curies":[{"name":"wp","href":"https:\/\/api.w.org\/{rel}","templated":true}]}}