{"id":1991,"date":"2021-01-13T01:39:22","date_gmt":"2021-01-13T00:39:22","guid":{"rendered":"https:\/\/joyadearte.com\/?post_type=product&#038;p=1991"},"modified":"2026-04-02T00:32:13","modified_gmt":"2026-04-01T22:32:13","slug":"brazalete-cangrejo-plata","status":"publish","type":"product","link":"https:\/\/joyadearte.com\/es\/product\/brazalete-cangrejo-plata\/","title":{"rendered":"BRAZALETE CANGREJO PLATA"},"content":{"rendered":"<p>\u00bfPuede el metal l\u00edquido capturar la esencia de la vida marina? El Brazalete Cangrejo en plata de Joya de Arte es un estudio sobre la protecci\u00f3n y el brillo. \u00bfEs la plata el mejor espejo para la anatom\u00eda del mar? Esta pieza cuestiona la rigidez del metal al moldearse con una fluidez org\u00e1nica que abraza la mu\u00f1eca. \u00bfEstamos ante una joya o una criatura m\u00edstica petrificada en un lujo eterno? El reflejo de la plata invita a preguntarse: \u00bfQui\u00e9n protege a qui\u00e9n?<\/p>\n<p>Brazaletes AJUSTABLES<\/p>\n","protected":false},"excerpt":{"rendered":"<p>Material: Plata .950<\/p>\n<p>Ajustable tama\u00f1o mediano de 14 -17 cm de mu\u00f1eca<\/p>\n","protected":false},"featured_media":1995,"comment_status":"open","ping_status":"closed","template":"","meta":{"_monsterinsights_skip_tracking":false,"_monsterinsights_sitenote_active":false,"_monsterinsights_sitenote_note":"","_monsterinsights_sitenote_category":0},"product_brand":[],"product_cat":[17,90,18,49],"product_tag":[114],"class_list":{"0":"post-1991","1":"product","2":"type-product","3":"status-publish","4":"has-post-thumbnail","6":"product_cat-colecciones","7":"product_cat-animal-spirit","8":"product_cat-piezas","9":"product_cat-brazaletes","10":"product_tag-nodiscount","12":"first","13":"instock","14":"shipping-taxable","15":"purchasable","16":"product-type-simple","17":"add-to-wishlist-after_add_to_cart"},"yoast_head":"<!-- This site is optimized with the Yoast SEO plugin v25.6 - https:\/\/yoast.com\/wordpress\/plugins\/seo\/ -->\n<title>BRAZALETE CANGREJO PLATA - Joya de Arte<\/title>\n<meta name=\"description\" content=\"\u00bfPlata o criatura viva? Brazalete Cangrejo de Joya de Arte. Un dise\u00f1o que cuestiona: \u00bfPuede el lujo ser tu propia armadura?\" \/>\n<meta name=\"robots\" content=\"index, follow, max-snippet:-1, max-image-preview:large, max-video-preview:-1\" \/>\n<link rel=\"canonical\" href=\"https:\/\/joyadearte.com\/es\/product\/brazalete-cangrejo-plata\/\" \/>\n<meta property=\"og:locale\" content=\"es_ES\" \/>\n<meta property=\"og:type\" content=\"article\" \/>\n<meta property=\"og:title\" content=\"BRAZALETE CANGREJO PLATA - Joya de Arte\" \/>\n<meta property=\"og:description\" content=\"\u00bfPlata o criatura viva? Brazalete Cangrejo de Joya de Arte. Un dise\u00f1o que cuestiona: \u00bfPuede el lujo ser tu propia armadura?\" \/>\n<meta property=\"og:url\" content=\"https:\/\/joyadearte.com\/es\/product\/brazalete-cangrejo-plata\/\" \/>\n<meta property=\"og:site_name\" content=\"Joya de Arte\" \/>\n<meta property=\"article:publisher\" content=\"https:\/\/www.facebook.com\/SandraCepedajoyadearte\/\" \/>\n<meta property=\"article:modified_time\" content=\"2026-04-01T22:32:13+00:00\" \/>\n<meta property=\"og:image\" content=\"https:\/\/joyadearte.com\/wp-content\/uploads\/2021\/01\/DSC2554-2-scaled.jpg\" \/>\n\t<meta property=\"og:image:width\" content=\"2560\" \/>\n\t<meta property=\"og:image:height\" content=\"1707\" \/>\n\t<meta property=\"og:image:type\" content=\"image\/jpeg\" \/>\n<meta name=\"twitter:card\" content=\"summary_large_image\" \/>\n<meta name=\"twitter:label1\" content=\"Tiempo de lectura\" \/>\n\t<meta name=\"twitter:data1\" content=\"1 minuto\" \/>\n<script type=\"application\/ld+json\" class=\"yoast-schema-graph\">{\"@context\":\"https:\/\/schema.org\",\"@graph\":[{\"@type\":\"WebPage\",\"@id\":\"https:\/\/joyadearte.com\/product\/brazalete-cangrejo-plata\/\",\"url\":\"https:\/\/joyadearte.com\/product\/brazalete-cangrejo-plata\/\",\"name\":\"BRAZALETE CANGREJO PLATA - Joya de Arte\",\"isPartOf\":{\"@id\":\"https:\/\/joyadearte.com\/en\/#website\"},\"primaryImageOfPage\":{\"@id\":\"https:\/\/joyadearte.com\/product\/brazalete-cangrejo-plata\/#primaryimage\"},\"image\":{\"@id\":\"https:\/\/joyadearte.com\/product\/brazalete-cangrejo-plata\/#primaryimage\"},\"thumbnailUrl\":\"https:\/\/joyadearte.com\/wp-content\/uploads\/2021\/01\/DSC2554-2-scaled.jpg\",\"datePublished\":\"2021-01-13T00:39:22+00:00\",\"dateModified\":\"2026-04-01T22:32:13+00:00\",\"description\":\"\u00bfPlata o criatura viva? Brazalete Cangrejo de Joya de Arte. Un dise\u00f1o que cuestiona: \u00bfPuede el lujo ser tu propia armadura?\",\"breadcrumb\":{\"@id\":\"https:\/\/joyadearte.com\/product\/brazalete-cangrejo-plata\/#breadcrumb\"},\"inLanguage\":\"es\",\"potentialAction\":[{\"@type\":\"ReadAction\",\"target\":[\"https:\/\/joyadearte.com\/product\/brazalete-cangrejo-plata\/\"]}]},{\"@type\":\"ImageObject\",\"inLanguage\":\"es\",\"@id\":\"https:\/\/joyadearte.com\/product\/brazalete-cangrejo-plata\/#primaryimage\",\"url\":\"https:\/\/joyadearte.com\/wp-content\/uploads\/2021\/01\/DSC2554-2-scaled.jpg\",\"contentUrl\":\"https:\/\/joyadearte.com\/wp-content\/uploads\/2021\/01\/DSC2554-2-scaled.jpg\",\"width\":2560,\"height\":1707,\"caption\":\"\u00bfPlata o criatura viva? Brazalete Cangrejo de Joya de Arte. Un dise\u00f1o que cuestiona: \u00bfPuede el lujo ser tu propia armadura?\"},{\"@type\":\"BreadcrumbList\",\"@id\":\"https:\/\/joyadearte.com\/product\/brazalete-cangrejo-plata\/#breadcrumb\",\"itemListElement\":[{\"@type\":\"ListItem\",\"position\":1,\"name\":\"Portada\",\"item\":\"https:\/\/joyadearte.com\/\"},{\"@type\":\"ListItem\",\"position\":2,\"name\":\"Tienda\",\"item\":\"https:\/\/joyadearte.com\/tienda\/\"},{\"@type\":\"ListItem\",\"position\":3,\"name\":\"BRAZALETE CANGREJO PLATA\"}]},{\"@type\":\"WebSite\",\"@id\":\"https:\/\/joyadearte.com\/en\/#website\",\"url\":\"https:\/\/joyadearte.com\/en\/\",\"name\":\"Joya de Arte\",\"description\":\"Joya de Arte by Sandra Cepeda\",\"publisher\":{\"@id\":\"https:\/\/joyadearte.com\/en\/#organization\"},\"potentialAction\":[{\"@type\":\"SearchAction\",\"target\":{\"@type\":\"EntryPoint\",\"urlTemplate\":\"https:\/\/joyadearte.com\/en\/?s={search_term_string}\"},\"query-input\":{\"@type\":\"PropertyValueSpecification\",\"valueRequired\":true,\"valueName\":\"search_term_string\"}}],\"inLanguage\":\"es\"},{\"@type\":\"Organization\",\"@id\":\"https:\/\/joyadearte.com\/en\/#organization\",\"name\":\"Joya de Arte\",\"url\":\"https:\/\/joyadearte.com\/en\/\",\"logo\":{\"@type\":\"ImageObject\",\"inLanguage\":\"es\",\"@id\":\"https:\/\/joyadearte.com\/en\/#\/schema\/logo\/image\/\",\"url\":\"https:\/\/joyadearte.com\/wp-content\/uploads\/2020\/08\/WhatsApp-Image-2020-08-13-at-8.15.09-PM.jpeg\",\"contentUrl\":\"https:\/\/joyadearte.com\/wp-content\/uploads\/2020\/08\/WhatsApp-Image-2020-08-13-at-8.15.09-PM.jpeg\",\"width\":1280,\"height\":1280,\"caption\":\"Joya de Arte\"},\"image\":{\"@id\":\"https:\/\/joyadearte.com\/en\/#\/schema\/logo\/image\/\"},\"sameAs\":[\"https:\/\/www.facebook.com\/SandraCepedajoyadearte\/\",\"https:\/\/www.instagram.com\/joyadearte_sandracepeda\/\",\"https:\/\/es.wikipedia.org\/wiki\/Sandra_Cepeda\"]}]}<\/script>\n<!-- \/ Yoast SEO plugin. -->","yoast_head_json":{"title":"BRAZALETE CANGREJO PLATA - Joya de Arte","description":"\u00bfPlata o criatura viva? Brazalete Cangrejo de Joya de Arte. Un dise\u00f1o que cuestiona: \u00bfPuede el lujo ser tu propia armadura?","robots":{"index":"index","follow":"follow","max-snippet":"max-snippet:-1","max-image-preview":"max-image-preview:large","max-video-preview":"max-video-preview:-1"},"canonical":"https:\/\/joyadearte.com\/es\/product\/brazalete-cangrejo-plata\/","og_locale":"es_ES","og_type":"article","og_title":"BRAZALETE CANGREJO PLATA - Joya de Arte","og_description":"\u00bfPlata o criatura viva? Brazalete Cangrejo de Joya de Arte. Un dise\u00f1o que cuestiona: \u00bfPuede el lujo ser tu propia armadura?","og_url":"https:\/\/joyadearte.com\/es\/product\/brazalete-cangrejo-plata\/","og_site_name":"Joya de Arte","article_publisher":"https:\/\/www.facebook.com\/SandraCepedajoyadearte\/","article_modified_time":"2026-04-01T22:32:13+00:00","og_image":[{"width":2560,"height":1707,"url":"https:\/\/joyadearte.com\/wp-content\/uploads\/2021\/01\/DSC2554-2-scaled.jpg","type":"image\/jpeg"}],"twitter_card":"summary_large_image","twitter_misc":{"Tiempo de lectura":"1 minuto"},"schema":{"@context":"https:\/\/schema.org","@graph":[{"@type":"WebPage","@id":"https:\/\/joyadearte.com\/product\/brazalete-cangrejo-plata\/","url":"https:\/\/joyadearte.com\/product\/brazalete-cangrejo-plata\/","name":"BRAZALETE CANGREJO PLATA - Joya de Arte","isPartOf":{"@id":"https:\/\/joyadearte.com\/en\/#website"},"primaryImageOfPage":{"@id":"https:\/\/joyadearte.com\/product\/brazalete-cangrejo-plata\/#primaryimage"},"image":{"@id":"https:\/\/joyadearte.com\/product\/brazalete-cangrejo-plata\/#primaryimage"},"thumbnailUrl":"https:\/\/joyadearte.com\/wp-content\/uploads\/2021\/01\/DSC2554-2-scaled.jpg","datePublished":"2021-01-13T00:39:22+00:00","dateModified":"2026-04-01T22:32:13+00:00","description":"\u00bfPlata o criatura viva? Brazalete Cangrejo de Joya de Arte. Un dise\u00f1o que cuestiona: \u00bfPuede el lujo ser tu propia armadura?","breadcrumb":{"@id":"https:\/\/joyadearte.com\/product\/brazalete-cangrejo-plata\/#breadcrumb"},"inLanguage":"es","potentialAction":[{"@type":"ReadAction","target":["https:\/\/joyadearte.com\/product\/brazalete-cangrejo-plata\/"]}]},{"@type":"ImageObject","inLanguage":"es","@id":"https:\/\/joyadearte.com\/product\/brazalete-cangrejo-plata\/#primaryimage","url":"https:\/\/joyadearte.com\/wp-content\/uploads\/2021\/01\/DSC2554-2-scaled.jpg","contentUrl":"https:\/\/joyadearte.com\/wp-content\/uploads\/2021\/01\/DSC2554-2-scaled.jpg","width":2560,"height":1707,"caption":"\u00bfPlata o criatura viva? Brazalete Cangrejo de Joya de Arte. Un dise\u00f1o que cuestiona: \u00bfPuede el lujo ser tu propia armadura?"},{"@type":"BreadcrumbList","@id":"https:\/\/joyadearte.com\/product\/brazalete-cangrejo-plata\/#breadcrumb","itemListElement":[{"@type":"ListItem","position":1,"name":"Portada","item":"https:\/\/joyadearte.com\/"},{"@type":"ListItem","position":2,"name":"Tienda","item":"https:\/\/joyadearte.com\/tienda\/"},{"@type":"ListItem","position":3,"name":"BRAZALETE CANGREJO PLATA"}]},{"@type":"WebSite","@id":"https:\/\/joyadearte.com\/en\/#website","url":"https:\/\/joyadearte.com\/en\/","name":"Joya de Arte","description":"Joya de Arte by Sandra Cepeda","publisher":{"@id":"https:\/\/joyadearte.com\/en\/#organization"},"potentialAction":[{"@type":"SearchAction","target":{"@type":"EntryPoint","urlTemplate":"https:\/\/joyadearte.com\/en\/?s={search_term_string}"},"query-input":{"@type":"PropertyValueSpecification","valueRequired":true,"valueName":"search_term_string"}}],"inLanguage":"es"},{"@type":"Organization","@id":"https:\/\/joyadearte.com\/en\/#organization","name":"Joya de Arte","url":"https:\/\/joyadearte.com\/en\/","logo":{"@type":"ImageObject","inLanguage":"es","@id":"https:\/\/joyadearte.com\/en\/#\/schema\/logo\/image\/","url":"https:\/\/joyadearte.com\/wp-content\/uploads\/2020\/08\/WhatsApp-Image-2020-08-13-at-8.15.09-PM.jpeg","contentUrl":"https:\/\/joyadearte.com\/wp-content\/uploads\/2020\/08\/WhatsApp-Image-2020-08-13-at-8.15.09-PM.jpeg","width":1280,"height":1280,"caption":"Joya de Arte"},"image":{"@id":"https:\/\/joyadearte.com\/en\/#\/schema\/logo\/image\/"},"sameAs":["https:\/\/www.facebook.com\/SandraCepedajoyadearte\/","https:\/\/www.instagram.com\/joyadearte_sandracepeda\/","https:\/\/es.wikipedia.org\/wiki\/Sandra_Cepeda"]}]}},"jetpack_sharing_enabled":true,"_links":{"self":[{"href":"https:\/\/joyadearte.com\/es\/wp-json\/wp\/v2\/product\/1991","targetHints":{"allow":["GET"]}}],"collection":[{"href":"https:\/\/joyadearte.com\/es\/wp-json\/wp\/v2\/product"}],"about":[{"href":"https:\/\/joyadearte.com\/es\/wp-json\/wp\/v2\/types\/product"}],"replies":[{"embeddable":true,"href":"https:\/\/joyadearte.com\/es\/wp-json\/wp\/v2\/comments?post=1991"}],"wp:featuredmedia":[{"embeddable":true,"href":"https:\/\/joyadearte.com\/es\/wp-json\/wp\/v2\/media\/1995"}],"wp:attachment":[{"href":"https:\/\/joyadearte.com\/es\/wp-json\/wp\/v2\/media?parent=1991"}],"wp:term":[{"taxonomy":"product_brand","embeddable":true,"href":"https:\/\/joyadearte.com\/es\/wp-json\/wp\/v2\/product_brand?post=1991"},{"taxonomy":"product_cat","embeddable":true,"href":"https:\/\/joyadearte.com\/es\/wp-json\/wp\/v2\/product_cat?post=1991"},{"taxonomy":"product_tag","embeddable":true,"href":"https:\/\/joyadearte.com\/es\/wp-json\/wp\/v2\/product_tag?post=1991"}],"curies":[{"name":"wp","href":"https:\/\/api.w.org\/{rel}","templated":true}]}}