{"id":1983,"date":"2021-01-13T01:30:53","date_gmt":"2021-01-13T00:30:53","guid":{"rendered":"https:\/\/joyadearte.com\/?post_type=product&#038;p=1983"},"modified":"2026-04-04T01:12:14","modified_gmt":"2026-04-03T23:12:14","slug":"brazalete-jardin-de-rousseau-plata-2","status":"publish","type":"product","link":"https:\/\/joyadearte.com\/es\/product\/brazalete-jardin-de-rousseau-plata-2\/","title":{"rendered":"BRAZALETE JARD\u00cdN DE ROUUSEAU PLATA"},"content":{"rendered":"<p>\u200b\u00bfC\u00f3mo pudo Henri Rousseau pintar el para\u00edso sin salir de su ciudad? Esta pieza de Joya de Arte cuestiona los l\u00edmites de la realidad al transformar la selva imaginaria del \u00abAduanero\u00bb en un relieve de plata pura. \u00bfEs posible que una joya contenga un mundo que solo existi\u00f3 en la mente del artista?<\/p>\n<p>\u200bAl portar este brazalete, vistes el misterio del estilo na\u00eff: hojas exuberantes y texturas salvajes que desaf\u00edan la joyer\u00eda tradicional. La pregunta es inevitable: \u00bfEs tu mu\u00f1eca un accesorio o el lienzo de un sue\u00f1o bot\u00e1nico? Descubre c\u00f3mo el lujo de Joya de Arte rinde tributo a quien encontr\u00f3 el infinito en un jard\u00edn parisino.<\/p>\n<p>Brazaletes AJUSTABLES<\/p>\n","protected":false},"excerpt":{"rendered":"<p>Material: Plata .950<\/p>\n<p><b>Tama\u00f1o:<\/b><\/p>\n<p>Medium: Ideal para mujer<\/p>\n<p>Large: Ideal para caballero<\/p>\n<p>En caso de querer una medida especial escr\u00edbenos<\/p>\n","protected":false},"featured_media":1986,"comment_status":"open","ping_status":"closed","template":"","meta":{"_monsterinsights_skip_tracking":false,"_monsterinsights_sitenote_active":false,"_monsterinsights_sitenote_note":"","_monsterinsights_sitenote_category":0},"product_brand":[],"product_cat":[17,29,18,117,49],"product_tag":[114],"class_list":{"0":"post-1983","1":"product","2":"type-product","3":"status-publish","4":"has-post-thumbnail","6":"product_cat-colecciones","7":"product_cat-muralistas","8":"product_cat-piezas","9":"product_cat-plata-925","10":"product_cat-brazaletes","11":"product_tag-nodiscount","13":"first","14":"instock","15":"shipping-taxable","16":"purchasable","17":"product-type-simple","18":"add-to-wishlist-after_add_to_cart"},"yoast_head":"<!-- This site is optimized with the Yoast SEO plugin v25.6 - https:\/\/yoast.com\/wordpress\/plugins\/seo\/ -->\n<title>BRAZALETE JARD\u00cdN DE ROUUSEAU PLATA - Joya de Arte<\/title>\n<meta name=\"description\" content=\"\u00bfQu\u00e9 so\u00f1aba Rousseau? Joya de Arte captura su selva en plata. \u00bfEs arte o imaginaci\u00f3n? Luce el misterio del Aduanero.\" \/>\n<meta name=\"robots\" content=\"index, follow, max-snippet:-1, max-image-preview:large, max-video-preview:-1\" \/>\n<link rel=\"canonical\" href=\"https:\/\/joyadearte.com\/es\/product\/brazalete-jardin-de-rousseau-plata-2\/\" \/>\n<meta property=\"og:locale\" content=\"es_ES\" \/>\n<meta property=\"og:type\" content=\"article\" \/>\n<meta property=\"og:title\" content=\"BRAZALETE JARD\u00cdN DE ROUUSEAU PLATA - Joya de Arte\" \/>\n<meta property=\"og:description\" content=\"\u00bfQu\u00e9 so\u00f1aba Rousseau? Joya de Arte captura su selva en plata. \u00bfEs arte o imaginaci\u00f3n? Luce el misterio del Aduanero.\" \/>\n<meta property=\"og:url\" content=\"https:\/\/joyadearte.com\/es\/product\/brazalete-jardin-de-rousseau-plata-2\/\" \/>\n<meta property=\"og:site_name\" content=\"Joya de Arte\" \/>\n<meta property=\"article:publisher\" content=\"https:\/\/www.facebook.com\/SandraCepedajoyadearte\/\" \/>\n<meta property=\"article:modified_time\" content=\"2026-04-03T23:12:14+00:00\" \/>\n<meta property=\"og:image\" content=\"https:\/\/joyadearte.com\/wp-content\/uploads\/2021\/01\/DSC2547-scaled.jpg\" \/>\n\t<meta property=\"og:image:width\" content=\"2560\" \/>\n\t<meta property=\"og:image:height\" content=\"1422\" \/>\n\t<meta property=\"og:image:type\" content=\"image\/jpeg\" \/>\n<meta name=\"twitter:card\" content=\"summary_large_image\" \/>\n<meta name=\"twitter:label1\" content=\"Tiempo de lectura\" \/>\n\t<meta name=\"twitter:data1\" content=\"1 minuto\" \/>\n<script type=\"application\/ld+json\" class=\"yoast-schema-graph\">{\"@context\":\"https:\/\/schema.org\",\"@graph\":[{\"@type\":\"WebPage\",\"@id\":\"https:\/\/joyadearte.com\/product\/brazalete-jardin-de-rousseau-plata-2\/\",\"url\":\"https:\/\/joyadearte.com\/product\/brazalete-jardin-de-rousseau-plata-2\/\",\"name\":\"BRAZALETE JARD\u00cdN DE ROUUSEAU PLATA - Joya de Arte\",\"isPartOf\":{\"@id\":\"https:\/\/joyadearte.com\/en\/#website\"},\"primaryImageOfPage\":{\"@id\":\"https:\/\/joyadearte.com\/product\/brazalete-jardin-de-rousseau-plata-2\/#primaryimage\"},\"image\":{\"@id\":\"https:\/\/joyadearte.com\/product\/brazalete-jardin-de-rousseau-plata-2\/#primaryimage\"},\"thumbnailUrl\":\"https:\/\/joyadearte.com\/wp-content\/uploads\/2021\/01\/DSC2547-scaled.jpg\",\"datePublished\":\"2021-01-13T00:30:53+00:00\",\"dateModified\":\"2026-04-03T23:12:14+00:00\",\"description\":\"\u00bfQu\u00e9 so\u00f1aba Rousseau? Joya de Arte captura su selva en plata. \u00bfEs arte o imaginaci\u00f3n? Luce el misterio del Aduanero.\",\"breadcrumb\":{\"@id\":\"https:\/\/joyadearte.com\/product\/brazalete-jardin-de-rousseau-plata-2\/#breadcrumb\"},\"inLanguage\":\"es\",\"potentialAction\":[{\"@type\":\"ReadAction\",\"target\":[\"https:\/\/joyadearte.com\/product\/brazalete-jardin-de-rousseau-plata-2\/\"]}]},{\"@type\":\"ImageObject\",\"inLanguage\":\"es\",\"@id\":\"https:\/\/joyadearte.com\/product\/brazalete-jardin-de-rousseau-plata-2\/#primaryimage\",\"url\":\"https:\/\/joyadearte.com\/wp-content\/uploads\/2021\/01\/DSC2547-scaled.jpg\",\"contentUrl\":\"https:\/\/joyadearte.com\/wp-content\/uploads\/2021\/01\/DSC2547-scaled.jpg\",\"width\":2560,\"height\":1422,\"caption\":\"\u00bfQu\u00e9 so\u00f1aba Rousseau? Joya de Arte captura su selva en plata. \u00bfEs arte o imaginaci\u00f3n? Luce el misterio del Aduanero.\"},{\"@type\":\"BreadcrumbList\",\"@id\":\"https:\/\/joyadearte.com\/product\/brazalete-jardin-de-rousseau-plata-2\/#breadcrumb\",\"itemListElement\":[{\"@type\":\"ListItem\",\"position\":1,\"name\":\"Portada\",\"item\":\"https:\/\/joyadearte.com\/\"},{\"@type\":\"ListItem\",\"position\":2,\"name\":\"Tienda\",\"item\":\"https:\/\/joyadearte.com\/tienda\/\"},{\"@type\":\"ListItem\",\"position\":3,\"name\":\"BRAZALETE JARD\u00cdN DE ROUUSEAU PLATA\"}]},{\"@type\":\"WebSite\",\"@id\":\"https:\/\/joyadearte.com\/en\/#website\",\"url\":\"https:\/\/joyadearte.com\/en\/\",\"name\":\"Joya de Arte\",\"description\":\"Joya de Arte by Sandra Cepeda\",\"publisher\":{\"@id\":\"https:\/\/joyadearte.com\/en\/#organization\"},\"potentialAction\":[{\"@type\":\"SearchAction\",\"target\":{\"@type\":\"EntryPoint\",\"urlTemplate\":\"https:\/\/joyadearte.com\/en\/?s={search_term_string}\"},\"query-input\":{\"@type\":\"PropertyValueSpecification\",\"valueRequired\":true,\"valueName\":\"search_term_string\"}}],\"inLanguage\":\"es\"},{\"@type\":\"Organization\",\"@id\":\"https:\/\/joyadearte.com\/en\/#organization\",\"name\":\"Joya de Arte\",\"url\":\"https:\/\/joyadearte.com\/en\/\",\"logo\":{\"@type\":\"ImageObject\",\"inLanguage\":\"es\",\"@id\":\"https:\/\/joyadearte.com\/en\/#\/schema\/logo\/image\/\",\"url\":\"https:\/\/joyadearte.com\/wp-content\/uploads\/2020\/08\/WhatsApp-Image-2020-08-13-at-8.15.09-PM.jpeg\",\"contentUrl\":\"https:\/\/joyadearte.com\/wp-content\/uploads\/2020\/08\/WhatsApp-Image-2020-08-13-at-8.15.09-PM.jpeg\",\"width\":1280,\"height\":1280,\"caption\":\"Joya de Arte\"},\"image\":{\"@id\":\"https:\/\/joyadearte.com\/en\/#\/schema\/logo\/image\/\"},\"sameAs\":[\"https:\/\/www.facebook.com\/SandraCepedajoyadearte\/\",\"https:\/\/www.instagram.com\/joyadearte_sandracepeda\/\",\"https:\/\/es.wikipedia.org\/wiki\/Sandra_Cepeda\"]}]}<\/script>\n<!-- \/ Yoast SEO plugin. -->","yoast_head_json":{"title":"BRAZALETE JARD\u00cdN DE ROUUSEAU PLATA - Joya de Arte","description":"\u00bfQu\u00e9 so\u00f1aba Rousseau? Joya de Arte captura su selva en plata. \u00bfEs arte o imaginaci\u00f3n? Luce el misterio del Aduanero.","robots":{"index":"index","follow":"follow","max-snippet":"max-snippet:-1","max-image-preview":"max-image-preview:large","max-video-preview":"max-video-preview:-1"},"canonical":"https:\/\/joyadearte.com\/es\/product\/brazalete-jardin-de-rousseau-plata-2\/","og_locale":"es_ES","og_type":"article","og_title":"BRAZALETE JARD\u00cdN DE ROUUSEAU PLATA - Joya de Arte","og_description":"\u00bfQu\u00e9 so\u00f1aba Rousseau? Joya de Arte captura su selva en plata. \u00bfEs arte o imaginaci\u00f3n? Luce el misterio del Aduanero.","og_url":"https:\/\/joyadearte.com\/es\/product\/brazalete-jardin-de-rousseau-plata-2\/","og_site_name":"Joya de Arte","article_publisher":"https:\/\/www.facebook.com\/SandraCepedajoyadearte\/","article_modified_time":"2026-04-03T23:12:14+00:00","og_image":[{"width":2560,"height":1422,"url":"https:\/\/joyadearte.com\/wp-content\/uploads\/2021\/01\/DSC2547-scaled.jpg","type":"image\/jpeg"}],"twitter_card":"summary_large_image","twitter_misc":{"Tiempo de lectura":"1 minuto"},"schema":{"@context":"https:\/\/schema.org","@graph":[{"@type":"WebPage","@id":"https:\/\/joyadearte.com\/product\/brazalete-jardin-de-rousseau-plata-2\/","url":"https:\/\/joyadearte.com\/product\/brazalete-jardin-de-rousseau-plata-2\/","name":"BRAZALETE JARD\u00cdN DE ROUUSEAU PLATA - Joya de Arte","isPartOf":{"@id":"https:\/\/joyadearte.com\/en\/#website"},"primaryImageOfPage":{"@id":"https:\/\/joyadearte.com\/product\/brazalete-jardin-de-rousseau-plata-2\/#primaryimage"},"image":{"@id":"https:\/\/joyadearte.com\/product\/brazalete-jardin-de-rousseau-plata-2\/#primaryimage"},"thumbnailUrl":"https:\/\/joyadearte.com\/wp-content\/uploads\/2021\/01\/DSC2547-scaled.jpg","datePublished":"2021-01-13T00:30:53+00:00","dateModified":"2026-04-03T23:12:14+00:00","description":"\u00bfQu\u00e9 so\u00f1aba Rousseau? Joya de Arte captura su selva en plata. \u00bfEs arte o imaginaci\u00f3n? Luce el misterio del Aduanero.","breadcrumb":{"@id":"https:\/\/joyadearte.com\/product\/brazalete-jardin-de-rousseau-plata-2\/#breadcrumb"},"inLanguage":"es","potentialAction":[{"@type":"ReadAction","target":["https:\/\/joyadearte.com\/product\/brazalete-jardin-de-rousseau-plata-2\/"]}]},{"@type":"ImageObject","inLanguage":"es","@id":"https:\/\/joyadearte.com\/product\/brazalete-jardin-de-rousseau-plata-2\/#primaryimage","url":"https:\/\/joyadearte.com\/wp-content\/uploads\/2021\/01\/DSC2547-scaled.jpg","contentUrl":"https:\/\/joyadearte.com\/wp-content\/uploads\/2021\/01\/DSC2547-scaled.jpg","width":2560,"height":1422,"caption":"\u00bfQu\u00e9 so\u00f1aba Rousseau? Joya de Arte captura su selva en plata. \u00bfEs arte o imaginaci\u00f3n? Luce el misterio del Aduanero."},{"@type":"BreadcrumbList","@id":"https:\/\/joyadearte.com\/product\/brazalete-jardin-de-rousseau-plata-2\/#breadcrumb","itemListElement":[{"@type":"ListItem","position":1,"name":"Portada","item":"https:\/\/joyadearte.com\/"},{"@type":"ListItem","position":2,"name":"Tienda","item":"https:\/\/joyadearte.com\/tienda\/"},{"@type":"ListItem","position":3,"name":"BRAZALETE JARD\u00cdN DE ROUUSEAU PLATA"}]},{"@type":"WebSite","@id":"https:\/\/joyadearte.com\/en\/#website","url":"https:\/\/joyadearte.com\/en\/","name":"Joya de Arte","description":"Joya de Arte by Sandra Cepeda","publisher":{"@id":"https:\/\/joyadearte.com\/en\/#organization"},"potentialAction":[{"@type":"SearchAction","target":{"@type":"EntryPoint","urlTemplate":"https:\/\/joyadearte.com\/en\/?s={search_term_string}"},"query-input":{"@type":"PropertyValueSpecification","valueRequired":true,"valueName":"search_term_string"}}],"inLanguage":"es"},{"@type":"Organization","@id":"https:\/\/joyadearte.com\/en\/#organization","name":"Joya de Arte","url":"https:\/\/joyadearte.com\/en\/","logo":{"@type":"ImageObject","inLanguage":"es","@id":"https:\/\/joyadearte.com\/en\/#\/schema\/logo\/image\/","url":"https:\/\/joyadearte.com\/wp-content\/uploads\/2020\/08\/WhatsApp-Image-2020-08-13-at-8.15.09-PM.jpeg","contentUrl":"https:\/\/joyadearte.com\/wp-content\/uploads\/2020\/08\/WhatsApp-Image-2020-08-13-at-8.15.09-PM.jpeg","width":1280,"height":1280,"caption":"Joya de Arte"},"image":{"@id":"https:\/\/joyadearte.com\/en\/#\/schema\/logo\/image\/"},"sameAs":["https:\/\/www.facebook.com\/SandraCepedajoyadearte\/","https:\/\/www.instagram.com\/joyadearte_sandracepeda\/","https:\/\/es.wikipedia.org\/wiki\/Sandra_Cepeda"]}]}},"jetpack_sharing_enabled":true,"_links":{"self":[{"href":"https:\/\/joyadearte.com\/es\/wp-json\/wp\/v2\/product\/1983","targetHints":{"allow":["GET"]}}],"collection":[{"href":"https:\/\/joyadearte.com\/es\/wp-json\/wp\/v2\/product"}],"about":[{"href":"https:\/\/joyadearte.com\/es\/wp-json\/wp\/v2\/types\/product"}],"replies":[{"embeddable":true,"href":"https:\/\/joyadearte.com\/es\/wp-json\/wp\/v2\/comments?post=1983"}],"wp:featuredmedia":[{"embeddable":true,"href":"https:\/\/joyadearte.com\/es\/wp-json\/wp\/v2\/media\/1986"}],"wp:attachment":[{"href":"https:\/\/joyadearte.com\/es\/wp-json\/wp\/v2\/media?parent=1983"}],"wp:term":[{"taxonomy":"product_brand","embeddable":true,"href":"https:\/\/joyadearte.com\/es\/wp-json\/wp\/v2\/product_brand?post=1983"},{"taxonomy":"product_cat","embeddable":true,"href":"https:\/\/joyadearte.com\/es\/wp-json\/wp\/v2\/product_cat?post=1983"},{"taxonomy":"product_tag","embeddable":true,"href":"https:\/\/joyadearte.com\/es\/wp-json\/wp\/v2\/product_tag?post=1983"}],"curies":[{"name":"wp","href":"https:\/\/api.w.org\/{rel}","templated":true}]}}