{"id":1560,"date":"2020-05-24T00:54:41","date_gmt":"2020-05-23T22:54:41","guid":{"rendered":"https:\/\/joyadearte.com\/?post_type=product&#038;p=1560"},"modified":"2026-04-04T01:42:46","modified_gmt":"2026-04-03T23:42:46","slug":"anillo-columna","status":"publish","type":"product","link":"https:\/\/joyadearte.com\/es\/product\/anillo-columna\/","title":{"rendered":"ANILLO COLUMNA"},"content":{"rendered":"<p>Eje de tu Fortaleza<\/p>\n<p>\u200bLa elegancia que sostiene tu esencia. El Anillo Columna de Joya de Arte es un tributo a la estructura, el equilibrio y la resiliencia humana. Su dise\u00f1o arquitect\u00f3nico y vanguardista simboliza el soporte interno que nos mantiene firmes ante cualquier desaf\u00edo.<\/p>\n<p>\u200bGracias a su dise\u00f1o ajustable, esta pieza se adapta con precisi\u00f3n a tu dedo, ofreciendo una comodidad excepcional sin sacrificar su presencia imponente. Una joya para quienes reconocen que su mayor fuerza nace desde su propio centro. \u00bfEst\u00e1s listo para portar el s\u00edmbolo de tu inquebrantable determinaci\u00f3n?<\/p>\n<p>Material: Plata .925 con chapa de oro de 10k o Plata .950<\/p>\n","protected":false},"excerpt":{"rendered":"<p>Material: Plata .925 con chapa de oro de 10k o Plata .950<\/p>\n<p>Anillo ajustable medida de 4 a 8<\/p>\n<p>&nbsp;<\/p>\n","protected":false},"featured_media":1561,"comment_status":"open","ping_status":"closed","template":"","meta":{"_monsterinsights_skip_tracking":false,"_monsterinsights_sitenote_active":false,"_monsterinsights_sitenote_note":"","_monsterinsights_sitenote_category":0},"product_brand":[],"product_cat":[17,24,18,118,32],"product_tag":[78],"class_list":{"0":"post-1560","1":"product","2":"type-product","3":"status-publish","4":"has-post-thumbnail","6":"product_cat-colecciones","7":"product_cat-bones","8":"product_cat-piezas","9":"product_cat-oro-10k","10":"product_cat-anillos","11":"product_tag-descuento","13":"first","14":"onbackorder","15":"sale","16":"shipping-taxable","17":"purchasable","18":"product-type-variable","19":"add-to-wishlist-after_add_to_cart"},"yoast_head":"<!-- This site is optimized with the Yoast SEO plugin v25.6 - https:\/\/yoast.com\/wordpress\/plugins\/seo\/ -->\n<title>ANILLO COLUMNA - Joya de Arte<\/title>\n<meta name=\"description\" content=\"Anillo Columna. Dise\u00f1o arquitect\u00f3nico y ajustable que simboliza tu fuerza interior y equilibrio.\" \/>\n<meta name=\"robots\" content=\"index, follow, max-snippet:-1, max-image-preview:large, max-video-preview:-1\" \/>\n<link rel=\"canonical\" href=\"https:\/\/joyadearte.com\/es\/product\/anillo-columna\/\" \/>\n<meta property=\"og:locale\" content=\"es_ES\" \/>\n<meta property=\"og:type\" content=\"article\" \/>\n<meta property=\"og:title\" content=\"ANILLO COLUMNA - Joya de Arte\" \/>\n<meta property=\"og:description\" content=\"Anillo Columna. Dise\u00f1o arquitect\u00f3nico y ajustable que simboliza tu fuerza interior y equilibrio.\" \/>\n<meta property=\"og:url\" content=\"https:\/\/joyadearte.com\/es\/product\/anillo-columna\/\" \/>\n<meta property=\"og:site_name\" content=\"Joya de Arte\" \/>\n<meta property=\"article:publisher\" content=\"https:\/\/www.facebook.com\/SandraCepedajoyadearte\/\" \/>\n<meta property=\"article:modified_time\" content=\"2026-04-03T23:42:46+00:00\" \/>\n<meta property=\"og:image\" content=\"https:\/\/joyadearte.com\/wp-content\/uploads\/2020\/05\/2DSC9838-scaled.jpg\" \/>\n\t<meta property=\"og:image:width\" content=\"2560\" \/>\n\t<meta property=\"og:image:height\" content=\"1707\" \/>\n\t<meta property=\"og:image:type\" content=\"image\/jpeg\" \/>\n<meta name=\"twitter:card\" content=\"summary_large_image\" \/>\n<meta name=\"twitter:label1\" content=\"Tiempo de lectura\" \/>\n\t<meta name=\"twitter:data1\" content=\"1 minuto\" \/>\n<script type=\"application\/ld+json\" class=\"yoast-schema-graph\">{\"@context\":\"https:\/\/schema.org\",\"@graph\":[{\"@type\":\"WebPage\",\"@id\":\"https:\/\/joyadearte.com\/product\/anillo-columna\/\",\"url\":\"https:\/\/joyadearte.com\/product\/anillo-columna\/\",\"name\":\"ANILLO COLUMNA - Joya de Arte\",\"isPartOf\":{\"@id\":\"https:\/\/joyadearte.com\/en\/#website\"},\"primaryImageOfPage\":{\"@id\":\"https:\/\/joyadearte.com\/product\/anillo-columna\/#primaryimage\"},\"image\":{\"@id\":\"https:\/\/joyadearte.com\/product\/anillo-columna\/#primaryimage\"},\"thumbnailUrl\":\"https:\/\/joyadearte.com\/wp-content\/uploads\/2020\/05\/2DSC9838-scaled.jpg\",\"datePublished\":\"2020-05-23T22:54:41+00:00\",\"dateModified\":\"2026-04-03T23:42:46+00:00\",\"description\":\"Anillo Columna. Dise\u00f1o arquitect\u00f3nico y ajustable que simboliza tu fuerza interior y equilibrio.\",\"breadcrumb\":{\"@id\":\"https:\/\/joyadearte.com\/product\/anillo-columna\/#breadcrumb\"},\"inLanguage\":\"es\",\"potentialAction\":[{\"@type\":\"ReadAction\",\"target\":[\"https:\/\/joyadearte.com\/product\/anillo-columna\/\"]}]},{\"@type\":\"ImageObject\",\"inLanguage\":\"es\",\"@id\":\"https:\/\/joyadearte.com\/product\/anillo-columna\/#primaryimage\",\"url\":\"https:\/\/joyadearte.com\/wp-content\/uploads\/2020\/05\/2DSC9838-scaled.jpg\",\"contentUrl\":\"https:\/\/joyadearte.com\/wp-content\/uploads\/2020\/05\/2DSC9838-scaled.jpg\",\"width\":2560,\"height\":1707,\"caption\":\"Anillo Columna\"},{\"@type\":\"BreadcrumbList\",\"@id\":\"https:\/\/joyadearte.com\/product\/anillo-columna\/#breadcrumb\",\"itemListElement\":[{\"@type\":\"ListItem\",\"position\":1,\"name\":\"Portada\",\"item\":\"https:\/\/joyadearte.com\/\"},{\"@type\":\"ListItem\",\"position\":2,\"name\":\"Tienda\",\"item\":\"https:\/\/joyadearte.com\/tienda\/\"},{\"@type\":\"ListItem\",\"position\":3,\"name\":\"ANILLO COLUMNA\"}]},{\"@type\":\"WebSite\",\"@id\":\"https:\/\/joyadearte.com\/en\/#website\",\"url\":\"https:\/\/joyadearte.com\/en\/\",\"name\":\"Joya de Arte\",\"description\":\"Joya de Arte by Sandra Cepeda\",\"publisher\":{\"@id\":\"https:\/\/joyadearte.com\/en\/#organization\"},\"potentialAction\":[{\"@type\":\"SearchAction\",\"target\":{\"@type\":\"EntryPoint\",\"urlTemplate\":\"https:\/\/joyadearte.com\/en\/?s={search_term_string}\"},\"query-input\":{\"@type\":\"PropertyValueSpecification\",\"valueRequired\":true,\"valueName\":\"search_term_string\"}}],\"inLanguage\":\"es\"},{\"@type\":\"Organization\",\"@id\":\"https:\/\/joyadearte.com\/en\/#organization\",\"name\":\"Joya de Arte\",\"url\":\"https:\/\/joyadearte.com\/en\/\",\"logo\":{\"@type\":\"ImageObject\",\"inLanguage\":\"es\",\"@id\":\"https:\/\/joyadearte.com\/en\/#\/schema\/logo\/image\/\",\"url\":\"https:\/\/joyadearte.com\/wp-content\/uploads\/2020\/08\/WhatsApp-Image-2020-08-13-at-8.15.09-PM.jpeg\",\"contentUrl\":\"https:\/\/joyadearte.com\/wp-content\/uploads\/2020\/08\/WhatsApp-Image-2020-08-13-at-8.15.09-PM.jpeg\",\"width\":1280,\"height\":1280,\"caption\":\"Joya de Arte\"},\"image\":{\"@id\":\"https:\/\/joyadearte.com\/en\/#\/schema\/logo\/image\/\"},\"sameAs\":[\"https:\/\/www.facebook.com\/SandraCepedajoyadearte\/\",\"https:\/\/www.instagram.com\/joyadearte_sandracepeda\/\",\"https:\/\/es.wikipedia.org\/wiki\/Sandra_Cepeda\"]}]}<\/script>\n<!-- \/ Yoast SEO plugin. -->","yoast_head_json":{"title":"ANILLO COLUMNA - Joya de Arte","description":"Anillo Columna. Dise\u00f1o arquitect\u00f3nico y ajustable que simboliza tu fuerza interior y equilibrio.","robots":{"index":"index","follow":"follow","max-snippet":"max-snippet:-1","max-image-preview":"max-image-preview:large","max-video-preview":"max-video-preview:-1"},"canonical":"https:\/\/joyadearte.com\/es\/product\/anillo-columna\/","og_locale":"es_ES","og_type":"article","og_title":"ANILLO COLUMNA - Joya de Arte","og_description":"Anillo Columna. Dise\u00f1o arquitect\u00f3nico y ajustable que simboliza tu fuerza interior y equilibrio.","og_url":"https:\/\/joyadearte.com\/es\/product\/anillo-columna\/","og_site_name":"Joya de Arte","article_publisher":"https:\/\/www.facebook.com\/SandraCepedajoyadearte\/","article_modified_time":"2026-04-03T23:42:46+00:00","og_image":[{"width":2560,"height":1707,"url":"https:\/\/joyadearte.com\/wp-content\/uploads\/2020\/05\/2DSC9838-scaled.jpg","type":"image\/jpeg"}],"twitter_card":"summary_large_image","twitter_misc":{"Tiempo de lectura":"1 minuto"},"schema":{"@context":"https:\/\/schema.org","@graph":[{"@type":"WebPage","@id":"https:\/\/joyadearte.com\/product\/anillo-columna\/","url":"https:\/\/joyadearte.com\/product\/anillo-columna\/","name":"ANILLO COLUMNA - Joya de Arte","isPartOf":{"@id":"https:\/\/joyadearte.com\/en\/#website"},"primaryImageOfPage":{"@id":"https:\/\/joyadearte.com\/product\/anillo-columna\/#primaryimage"},"image":{"@id":"https:\/\/joyadearte.com\/product\/anillo-columna\/#primaryimage"},"thumbnailUrl":"https:\/\/joyadearte.com\/wp-content\/uploads\/2020\/05\/2DSC9838-scaled.jpg","datePublished":"2020-05-23T22:54:41+00:00","dateModified":"2026-04-03T23:42:46+00:00","description":"Anillo Columna. Dise\u00f1o arquitect\u00f3nico y ajustable que simboliza tu fuerza interior y equilibrio.","breadcrumb":{"@id":"https:\/\/joyadearte.com\/product\/anillo-columna\/#breadcrumb"},"inLanguage":"es","potentialAction":[{"@type":"ReadAction","target":["https:\/\/joyadearte.com\/product\/anillo-columna\/"]}]},{"@type":"ImageObject","inLanguage":"es","@id":"https:\/\/joyadearte.com\/product\/anillo-columna\/#primaryimage","url":"https:\/\/joyadearte.com\/wp-content\/uploads\/2020\/05\/2DSC9838-scaled.jpg","contentUrl":"https:\/\/joyadearte.com\/wp-content\/uploads\/2020\/05\/2DSC9838-scaled.jpg","width":2560,"height":1707,"caption":"Anillo Columna"},{"@type":"BreadcrumbList","@id":"https:\/\/joyadearte.com\/product\/anillo-columna\/#breadcrumb","itemListElement":[{"@type":"ListItem","position":1,"name":"Portada","item":"https:\/\/joyadearte.com\/"},{"@type":"ListItem","position":2,"name":"Tienda","item":"https:\/\/joyadearte.com\/tienda\/"},{"@type":"ListItem","position":3,"name":"ANILLO COLUMNA"}]},{"@type":"WebSite","@id":"https:\/\/joyadearte.com\/en\/#website","url":"https:\/\/joyadearte.com\/en\/","name":"Joya de Arte","description":"Joya de Arte by Sandra Cepeda","publisher":{"@id":"https:\/\/joyadearte.com\/en\/#organization"},"potentialAction":[{"@type":"SearchAction","target":{"@type":"EntryPoint","urlTemplate":"https:\/\/joyadearte.com\/en\/?s={search_term_string}"},"query-input":{"@type":"PropertyValueSpecification","valueRequired":true,"valueName":"search_term_string"}}],"inLanguage":"es"},{"@type":"Organization","@id":"https:\/\/joyadearte.com\/en\/#organization","name":"Joya de Arte","url":"https:\/\/joyadearte.com\/en\/","logo":{"@type":"ImageObject","inLanguage":"es","@id":"https:\/\/joyadearte.com\/en\/#\/schema\/logo\/image\/","url":"https:\/\/joyadearte.com\/wp-content\/uploads\/2020\/08\/WhatsApp-Image-2020-08-13-at-8.15.09-PM.jpeg","contentUrl":"https:\/\/joyadearte.com\/wp-content\/uploads\/2020\/08\/WhatsApp-Image-2020-08-13-at-8.15.09-PM.jpeg","width":1280,"height":1280,"caption":"Joya de Arte"},"image":{"@id":"https:\/\/joyadearte.com\/en\/#\/schema\/logo\/image\/"},"sameAs":["https:\/\/www.facebook.com\/SandraCepedajoyadearte\/","https:\/\/www.instagram.com\/joyadearte_sandracepeda\/","https:\/\/es.wikipedia.org\/wiki\/Sandra_Cepeda"]}]}},"jetpack_sharing_enabled":true,"_links":{"self":[{"href":"https:\/\/joyadearte.com\/es\/wp-json\/wp\/v2\/product\/1560","targetHints":{"allow":["GET"]}}],"collection":[{"href":"https:\/\/joyadearte.com\/es\/wp-json\/wp\/v2\/product"}],"about":[{"href":"https:\/\/joyadearte.com\/es\/wp-json\/wp\/v2\/types\/product"}],"replies":[{"embeddable":true,"href":"https:\/\/joyadearte.com\/es\/wp-json\/wp\/v2\/comments?post=1560"}],"wp:featuredmedia":[{"embeddable":true,"href":"https:\/\/joyadearte.com\/es\/wp-json\/wp\/v2\/media\/1561"}],"wp:attachment":[{"href":"https:\/\/joyadearte.com\/es\/wp-json\/wp\/v2\/media?parent=1560"}],"wp:term":[{"taxonomy":"product_brand","embeddable":true,"href":"https:\/\/joyadearte.com\/es\/wp-json\/wp\/v2\/product_brand?post=1560"},{"taxonomy":"product_cat","embeddable":true,"href":"https:\/\/joyadearte.com\/es\/wp-json\/wp\/v2\/product_cat?post=1560"},{"taxonomy":"product_tag","embeddable":true,"href":"https:\/\/joyadearte.com\/es\/wp-json\/wp\/v2\/product_tag?post=1560"}],"curies":[{"name":"wp","href":"https:\/\/api.w.org\/{rel}","templated":true}]}}