{"id":1554,"date":"2020-05-24T18:38:30","date_gmt":"2020-05-24T16:38:30","guid":{"rendered":"https:\/\/joyadearte.com\/?post_type=product&#038;p=1554"},"modified":"2026-04-04T01:36:34","modified_gmt":"2026-04-03T23:36:34","slug":"dije-de-fauno","status":"publish","type":"product","link":"https:\/\/joyadearte.com\/es\/product\/dije-de-fauno\/","title":{"rendered":"DIJE DE FAUNO"},"content":{"rendered":"<p>\u00bfQuieres un accesorio inspirado en la mitolog\u00eda que tenga un toque oscuro y seductor? El Dije de Fauno es una invitaci\u00f3n directa al hedonismo. Mitad hombre, mitad naturaleza, es la pieza para quienes bailan al ritmo de su propia flauta. Si te has preguntado \u00bfqu\u00e9 joya simboliza la libertad y el lado salvaje?, este fauno es el esp\u00edritu de la fiesta y el deseo. Tiene ese aire de misterio prohibido que transforma cualquier look b\u00e1sico en una declaraci\u00f3n de rebeld\u00eda intelectual y picard\u00eda mitol\u00f3gica.<\/p>\n<p><strong>Material:<\/strong> Plata .925 con chapa de oro de 10k y Plata .950<\/p>\n<p>Incluye cadena de 40 cm con l\u00ednea de ajuste.<\/p>\n","protected":false},"excerpt":{"rendered":"<p>Material: Plata .925 con chapa de oro de 10k y Plata .950<\/p>\n","protected":false},"featured_media":2883,"comment_status":"open","ping_status":"closed","template":"","meta":{"_monsterinsights_skip_tracking":false,"_monsterinsights_sitenote_active":false,"_monsterinsights_sitenote_note":"","_monsterinsights_sitenote_category":0},"product_brand":[],"product_cat":[18,118,117,31],"product_tag":[114],"class_list":{"0":"post-1554","1":"product","2":"type-product","3":"status-publish","4":"has-post-thumbnail","6":"product_cat-piezas","7":"product_cat-oro-10k","8":"product_cat-plata-925","9":"product_cat-dijes-y-collares","10":"product_tag-nodiscount","12":"first","13":"instock","14":"shipping-taxable","15":"purchasable","16":"product-type-variable","17":"add-to-wishlist-after_add_to_cart"},"yoast_head":"<!-- This site is optimized with the Yoast SEO plugin v25.6 - https:\/\/yoast.com\/wordpress\/plugins\/seo\/ -->\n<title>DIJE DE FAUNO - Joya de Arte<\/title>\n<meta name=\"description\" content=\"Dije de Fauno en Joyas de Arte: misticismo, naturaleza y deseo. La joya mitol\u00f3gica perfecta para quienes viven bajo sus propias reglas y deseos.\" \/>\n<meta name=\"robots\" content=\"index, follow, max-snippet:-1, max-image-preview:large, max-video-preview:-1\" \/>\n<link rel=\"canonical\" href=\"https:\/\/joyadearte.com\/es\/product\/dije-de-fauno\/\" \/>\n<meta property=\"og:locale\" content=\"es_ES\" \/>\n<meta property=\"og:type\" content=\"article\" \/>\n<meta property=\"og:title\" content=\"DIJE DE FAUNO - Joya de Arte\" \/>\n<meta property=\"og:description\" content=\"Dije de Fauno en Joyas de Arte: misticismo, naturaleza y deseo. La joya mitol\u00f3gica perfecta para quienes viven bajo sus propias reglas y deseos.\" \/>\n<meta property=\"og:url\" content=\"https:\/\/joyadearte.com\/es\/product\/dije-de-fauno\/\" \/>\n<meta property=\"og:site_name\" content=\"Joya de Arte\" \/>\n<meta property=\"article:publisher\" content=\"https:\/\/www.facebook.com\/SandraCepedajoyadearte\/\" \/>\n<meta property=\"article:modified_time\" content=\"2026-04-03T23:36:34+00:00\" \/>\n<meta property=\"og:image\" content=\"https:\/\/joyadearte.com\/wp-content\/uploads\/2020\/05\/dije-del-fauno.jpg\" \/>\n\t<meta property=\"og:image:width\" content=\"1200\" \/>\n\t<meta property=\"og:image:height\" content=\"800\" \/>\n\t<meta property=\"og:image:type\" content=\"image\/jpeg\" \/>\n<meta name=\"twitter:card\" content=\"summary_large_image\" \/>\n<meta name=\"twitter:label1\" content=\"Tiempo de lectura\" \/>\n\t<meta name=\"twitter:data1\" content=\"1 minuto\" \/>\n<script type=\"application\/ld+json\" class=\"yoast-schema-graph\">{\"@context\":\"https:\/\/schema.org\",\"@graph\":[{\"@type\":\"WebPage\",\"@id\":\"https:\/\/joyadearte.com\/product\/dije-de-fauno\/\",\"url\":\"https:\/\/joyadearte.com\/product\/dije-de-fauno\/\",\"name\":\"DIJE DE FAUNO - Joya de Arte\",\"isPartOf\":{\"@id\":\"https:\/\/joyadearte.com\/en\/#website\"},\"primaryImageOfPage\":{\"@id\":\"https:\/\/joyadearte.com\/product\/dije-de-fauno\/#primaryimage\"},\"image\":{\"@id\":\"https:\/\/joyadearte.com\/product\/dije-de-fauno\/#primaryimage\"},\"thumbnailUrl\":\"https:\/\/joyadearte.com\/wp-content\/uploads\/2020\/05\/dije-del-fauno.jpg\",\"datePublished\":\"2020-05-24T16:38:30+00:00\",\"dateModified\":\"2026-04-03T23:36:34+00:00\",\"description\":\"Dije de Fauno en Joyas de Arte: misticismo, naturaleza y deseo. La joya mitol\u00f3gica perfecta para quienes viven bajo sus propias reglas y deseos.\",\"breadcrumb\":{\"@id\":\"https:\/\/joyadearte.com\/product\/dije-de-fauno\/#breadcrumb\"},\"inLanguage\":\"es\",\"potentialAction\":[{\"@type\":\"ReadAction\",\"target\":[\"https:\/\/joyadearte.com\/product\/dije-de-fauno\/\"]}]},{\"@type\":\"ImageObject\",\"inLanguage\":\"es\",\"@id\":\"https:\/\/joyadearte.com\/product\/dije-de-fauno\/#primaryimage\",\"url\":\"https:\/\/joyadearte.com\/wp-content\/uploads\/2020\/05\/dije-del-fauno.jpg\",\"contentUrl\":\"https:\/\/joyadearte.com\/wp-content\/uploads\/2020\/05\/dije-del-fauno.jpg\",\"width\":1200,\"height\":800,\"caption\":\"Dije de Fauno en Joyas de Arte: misticismo, naturaleza y deseo. La joya mitol\u00f3gica perfecta para quienes viven bajo sus propias reglas y deseos.\"},{\"@type\":\"BreadcrumbList\",\"@id\":\"https:\/\/joyadearte.com\/product\/dije-de-fauno\/#breadcrumb\",\"itemListElement\":[{\"@type\":\"ListItem\",\"position\":1,\"name\":\"Portada\",\"item\":\"https:\/\/joyadearte.com\/\"},{\"@type\":\"ListItem\",\"position\":2,\"name\":\"Tienda\",\"item\":\"https:\/\/joyadearte.com\/tienda\/\"},{\"@type\":\"ListItem\",\"position\":3,\"name\":\"DIJE DE FAUNO\"}]},{\"@type\":\"WebSite\",\"@id\":\"https:\/\/joyadearte.com\/en\/#website\",\"url\":\"https:\/\/joyadearte.com\/en\/\",\"name\":\"Joya de Arte\",\"description\":\"Joya de Arte by Sandra Cepeda\",\"publisher\":{\"@id\":\"https:\/\/joyadearte.com\/en\/#organization\"},\"potentialAction\":[{\"@type\":\"SearchAction\",\"target\":{\"@type\":\"EntryPoint\",\"urlTemplate\":\"https:\/\/joyadearte.com\/en\/?s={search_term_string}\"},\"query-input\":{\"@type\":\"PropertyValueSpecification\",\"valueRequired\":true,\"valueName\":\"search_term_string\"}}],\"inLanguage\":\"es\"},{\"@type\":\"Organization\",\"@id\":\"https:\/\/joyadearte.com\/en\/#organization\",\"name\":\"Joya de Arte\",\"url\":\"https:\/\/joyadearte.com\/en\/\",\"logo\":{\"@type\":\"ImageObject\",\"inLanguage\":\"es\",\"@id\":\"https:\/\/joyadearte.com\/en\/#\/schema\/logo\/image\/\",\"url\":\"https:\/\/joyadearte.com\/wp-content\/uploads\/2020\/08\/WhatsApp-Image-2020-08-13-at-8.15.09-PM.jpeg\",\"contentUrl\":\"https:\/\/joyadearte.com\/wp-content\/uploads\/2020\/08\/WhatsApp-Image-2020-08-13-at-8.15.09-PM.jpeg\",\"width\":1280,\"height\":1280,\"caption\":\"Joya de Arte\"},\"image\":{\"@id\":\"https:\/\/joyadearte.com\/en\/#\/schema\/logo\/image\/\"},\"sameAs\":[\"https:\/\/www.facebook.com\/SandraCepedajoyadearte\/\",\"https:\/\/www.instagram.com\/joyadearte_sandracepeda\/\",\"https:\/\/es.wikipedia.org\/wiki\/Sandra_Cepeda\"]}]}<\/script>\n<!-- \/ Yoast SEO plugin. -->","yoast_head_json":{"title":"DIJE DE FAUNO - Joya de Arte","description":"Dije de Fauno en Joyas de Arte: misticismo, naturaleza y deseo. La joya mitol\u00f3gica perfecta para quienes viven bajo sus propias reglas y deseos.","robots":{"index":"index","follow":"follow","max-snippet":"max-snippet:-1","max-image-preview":"max-image-preview:large","max-video-preview":"max-video-preview:-1"},"canonical":"https:\/\/joyadearte.com\/es\/product\/dije-de-fauno\/","og_locale":"es_ES","og_type":"article","og_title":"DIJE DE FAUNO - Joya de Arte","og_description":"Dije de Fauno en Joyas de Arte: misticismo, naturaleza y deseo. La joya mitol\u00f3gica perfecta para quienes viven bajo sus propias reglas y deseos.","og_url":"https:\/\/joyadearte.com\/es\/product\/dije-de-fauno\/","og_site_name":"Joya de Arte","article_publisher":"https:\/\/www.facebook.com\/SandraCepedajoyadearte\/","article_modified_time":"2026-04-03T23:36:34+00:00","og_image":[{"width":1200,"height":800,"url":"https:\/\/joyadearte.com\/wp-content\/uploads\/2020\/05\/dije-del-fauno.jpg","type":"image\/jpeg"}],"twitter_card":"summary_large_image","twitter_misc":{"Tiempo de lectura":"1 minuto"},"schema":{"@context":"https:\/\/schema.org","@graph":[{"@type":"WebPage","@id":"https:\/\/joyadearte.com\/product\/dije-de-fauno\/","url":"https:\/\/joyadearte.com\/product\/dije-de-fauno\/","name":"DIJE DE FAUNO - Joya de Arte","isPartOf":{"@id":"https:\/\/joyadearte.com\/en\/#website"},"primaryImageOfPage":{"@id":"https:\/\/joyadearte.com\/product\/dije-de-fauno\/#primaryimage"},"image":{"@id":"https:\/\/joyadearte.com\/product\/dije-de-fauno\/#primaryimage"},"thumbnailUrl":"https:\/\/joyadearte.com\/wp-content\/uploads\/2020\/05\/dije-del-fauno.jpg","datePublished":"2020-05-24T16:38:30+00:00","dateModified":"2026-04-03T23:36:34+00:00","description":"Dije de Fauno en Joyas de Arte: misticismo, naturaleza y deseo. La joya mitol\u00f3gica perfecta para quienes viven bajo sus propias reglas y deseos.","breadcrumb":{"@id":"https:\/\/joyadearte.com\/product\/dije-de-fauno\/#breadcrumb"},"inLanguage":"es","potentialAction":[{"@type":"ReadAction","target":["https:\/\/joyadearte.com\/product\/dije-de-fauno\/"]}]},{"@type":"ImageObject","inLanguage":"es","@id":"https:\/\/joyadearte.com\/product\/dije-de-fauno\/#primaryimage","url":"https:\/\/joyadearte.com\/wp-content\/uploads\/2020\/05\/dije-del-fauno.jpg","contentUrl":"https:\/\/joyadearte.com\/wp-content\/uploads\/2020\/05\/dije-del-fauno.jpg","width":1200,"height":800,"caption":"Dije de Fauno en Joyas de Arte: misticismo, naturaleza y deseo. La joya mitol\u00f3gica perfecta para quienes viven bajo sus propias reglas y deseos."},{"@type":"BreadcrumbList","@id":"https:\/\/joyadearte.com\/product\/dije-de-fauno\/#breadcrumb","itemListElement":[{"@type":"ListItem","position":1,"name":"Portada","item":"https:\/\/joyadearte.com\/"},{"@type":"ListItem","position":2,"name":"Tienda","item":"https:\/\/joyadearte.com\/tienda\/"},{"@type":"ListItem","position":3,"name":"DIJE DE FAUNO"}]},{"@type":"WebSite","@id":"https:\/\/joyadearte.com\/en\/#website","url":"https:\/\/joyadearte.com\/en\/","name":"Joya de Arte","description":"Joya de Arte by Sandra Cepeda","publisher":{"@id":"https:\/\/joyadearte.com\/en\/#organization"},"potentialAction":[{"@type":"SearchAction","target":{"@type":"EntryPoint","urlTemplate":"https:\/\/joyadearte.com\/en\/?s={search_term_string}"},"query-input":{"@type":"PropertyValueSpecification","valueRequired":true,"valueName":"search_term_string"}}],"inLanguage":"es"},{"@type":"Organization","@id":"https:\/\/joyadearte.com\/en\/#organization","name":"Joya de Arte","url":"https:\/\/joyadearte.com\/en\/","logo":{"@type":"ImageObject","inLanguage":"es","@id":"https:\/\/joyadearte.com\/en\/#\/schema\/logo\/image\/","url":"https:\/\/joyadearte.com\/wp-content\/uploads\/2020\/08\/WhatsApp-Image-2020-08-13-at-8.15.09-PM.jpeg","contentUrl":"https:\/\/joyadearte.com\/wp-content\/uploads\/2020\/08\/WhatsApp-Image-2020-08-13-at-8.15.09-PM.jpeg","width":1280,"height":1280,"caption":"Joya de Arte"},"image":{"@id":"https:\/\/joyadearte.com\/en\/#\/schema\/logo\/image\/"},"sameAs":["https:\/\/www.facebook.com\/SandraCepedajoyadearte\/","https:\/\/www.instagram.com\/joyadearte_sandracepeda\/","https:\/\/es.wikipedia.org\/wiki\/Sandra_Cepeda"]}]}},"jetpack_sharing_enabled":true,"_links":{"self":[{"href":"https:\/\/joyadearte.com\/es\/wp-json\/wp\/v2\/product\/1554","targetHints":{"allow":["GET"]}}],"collection":[{"href":"https:\/\/joyadearte.com\/es\/wp-json\/wp\/v2\/product"}],"about":[{"href":"https:\/\/joyadearte.com\/es\/wp-json\/wp\/v2\/types\/product"}],"replies":[{"embeddable":true,"href":"https:\/\/joyadearte.com\/es\/wp-json\/wp\/v2\/comments?post=1554"}],"wp:featuredmedia":[{"embeddable":true,"href":"https:\/\/joyadearte.com\/es\/wp-json\/wp\/v2\/media\/2883"}],"wp:attachment":[{"href":"https:\/\/joyadearte.com\/es\/wp-json\/wp\/v2\/media?parent=1554"}],"wp:term":[{"taxonomy":"product_brand","embeddable":true,"href":"https:\/\/joyadearte.com\/es\/wp-json\/wp\/v2\/product_brand?post=1554"},{"taxonomy":"product_cat","embeddable":true,"href":"https:\/\/joyadearte.com\/es\/wp-json\/wp\/v2\/product_cat?post=1554"},{"taxonomy":"product_tag","embeddable":true,"href":"https:\/\/joyadearte.com\/es\/wp-json\/wp\/v2\/product_tag?post=1554"}],"curies":[{"name":"wp","href":"https:\/\/api.w.org\/{rel}","templated":true}]}}