{"id":1453,"date":"2020-05-25T03:26:51","date_gmt":"2020-05-25T01:26:51","guid":{"rendered":"https:\/\/joyadearte.com\/?post_type=product&#038;p=1453"},"modified":"2026-04-04T01:22:12","modified_gmt":"2026-04-03T23:22:12","slug":"brazalete-insignia","status":"publish","type":"product","link":"https:\/\/joyadearte.com\/es\/product\/brazalete-insignia\/","title":{"rendered":"BRAZALETE INSIGNIA"},"content":{"rendered":"<p>D\u00e9jate seducir por el pulso de una pieza que convierte el sentimiento en un grito de estilo. El Brazalete Insignia de Joya de Arte es la uni\u00f3n alqu\u00edmica entre un coraz\u00f3n que late con pasi\u00f3n y un meg\u00e1fono que amplifica tu presencia ante el mundo. Esta joya esculpe nuestra esencia en una estructura s\u00f3lida y vibrante, dise\u00f1ada para quienes eligen proyectar su voz interior con una elegancia m\u00edstica. Al portarlo, envuelves tu mu\u00f1eca en un aura de sofisticaci\u00f3n donde cada relieve irradia la fuerza de un mensaje que nace del alma y resuena con distinci\u00f3n absoluta. \u00bfEst\u00e1s listo para dejar que la magia de este latido visual sea la declaraci\u00f3n m\u00e1s poderosa de tu identidad?<\/p>\n<p>Material: Plata .925 con chapa de oro de 10k<\/p>\n<p>Brazaletes AJUSTABLES<\/p>\n<p>&nbsp;<\/p>\n","protected":false},"excerpt":{"rendered":"<p>Material: Plata .925 con chapa de oro de 10k<\/p>\n","protected":false},"featured_media":1950,"comment_status":"open","ping_status":"closed","template":"","meta":{"_monsterinsights_skip_tracking":false,"_monsterinsights_sitenote_active":false,"_monsterinsights_sitenote_note":"","_monsterinsights_sitenote_category":0},"product_brand":[],"product_cat":[17,76,18,118,49],"product_tag":[114],"class_list":{"0":"post-1453","1":"product","2":"type-product","3":"status-publish","4":"has-post-thumbnail","6":"product_cat-colecciones","7":"product_cat-insignias-camafeos-corazones","8":"product_cat-piezas","9":"product_cat-oro-10k","10":"product_cat-brazaletes","11":"product_tag-nodiscount","13":"first","14":"instock","15":"shipping-taxable","16":"purchasable","17":"product-type-variable","18":"add-to-wishlist-after_add_to_cart"},"yoast_head":"<!-- This site is optimized with the Yoast SEO plugin v25.6 - https:\/\/yoast.com\/wordpress\/plugins\/seo\/ -->\n<title>BRAZALETE INSIGNIA - Joya de Arte<\/title>\n<meta name=\"description\" content=\"Brazalete Insignia. La magia del coraz\u00f3n y el eco del meg\u00e1fono fundidos en una pieza de lujo que amplifica tu esencia.\" \/>\n<meta name=\"robots\" content=\"index, follow, max-snippet:-1, max-image-preview:large, max-video-preview:-1\" \/>\n<link rel=\"canonical\" href=\"https:\/\/joyadearte.com\/es\/product\/brazalete-insignia\/\" \/>\n<meta property=\"og:locale\" content=\"es_ES\" \/>\n<meta property=\"og:type\" content=\"article\" \/>\n<meta property=\"og:title\" content=\"BRAZALETE INSIGNIA - Joya de Arte\" \/>\n<meta property=\"og:description\" content=\"Brazalete Insignia. La magia del coraz\u00f3n y el eco del meg\u00e1fono fundidos en una pieza de lujo que amplifica tu esencia.\" \/>\n<meta property=\"og:url\" content=\"https:\/\/joyadearte.com\/es\/product\/brazalete-insignia\/\" \/>\n<meta property=\"og:site_name\" content=\"Joya de Arte\" \/>\n<meta property=\"article:publisher\" content=\"https:\/\/www.facebook.com\/SandraCepedajoyadearte\/\" \/>\n<meta property=\"article:modified_time\" content=\"2026-04-03T23:22:12+00:00\" \/>\n<meta property=\"og:image\" content=\"https:\/\/joyadearte.com\/wp-content\/uploads\/2020\/05\/ry-e1595291181231.png\" \/>\n\t<meta property=\"og:image:width\" content=\"446\" \/>\n\t<meta property=\"og:image:height\" content=\"430\" \/>\n\t<meta property=\"og:image:type\" content=\"image\/png\" \/>\n<meta name=\"twitter:card\" content=\"summary_large_image\" \/>\n<meta name=\"twitter:label1\" content=\"Tiempo de lectura\" \/>\n\t<meta name=\"twitter:data1\" content=\"1 minuto\" \/>\n<script type=\"application\/ld+json\" class=\"yoast-schema-graph\">{\"@context\":\"https:\/\/schema.org\",\"@graph\":[{\"@type\":\"WebPage\",\"@id\":\"https:\/\/joyadearte.com\/product\/brazalete-insignia\/\",\"url\":\"https:\/\/joyadearte.com\/product\/brazalete-insignia\/\",\"name\":\"BRAZALETE INSIGNIA - Joya de Arte\",\"isPartOf\":{\"@id\":\"https:\/\/joyadearte.com\/en\/#website\"},\"primaryImageOfPage\":{\"@id\":\"https:\/\/joyadearte.com\/product\/brazalete-insignia\/#primaryimage\"},\"image\":{\"@id\":\"https:\/\/joyadearte.com\/product\/brazalete-insignia\/#primaryimage\"},\"thumbnailUrl\":\"https:\/\/joyadearte.com\/wp-content\/uploads\/2020\/05\/ry-e1595291181231.png\",\"datePublished\":\"2020-05-25T01:26:51+00:00\",\"dateModified\":\"2026-04-03T23:22:12+00:00\",\"description\":\"Brazalete Insignia. La magia del coraz\u00f3n y el eco del meg\u00e1fono fundidos en una pieza de lujo que amplifica tu esencia.\",\"breadcrumb\":{\"@id\":\"https:\/\/joyadearte.com\/product\/brazalete-insignia\/#breadcrumb\"},\"inLanguage\":\"es\",\"potentialAction\":[{\"@type\":\"ReadAction\",\"target\":[\"https:\/\/joyadearte.com\/product\/brazalete-insignia\/\"]}]},{\"@type\":\"ImageObject\",\"inLanguage\":\"es\",\"@id\":\"https:\/\/joyadearte.com\/product\/brazalete-insignia\/#primaryimage\",\"url\":\"https:\/\/joyadearte.com\/wp-content\/uploads\/2020\/05\/ry-e1595291181231.png\",\"contentUrl\":\"https:\/\/joyadearte.com\/wp-content\/uploads\/2020\/05\/ry-e1595291181231.png\",\"width\":446,\"height\":430,\"caption\":\"Brazalete Insignia. La magia del coraz\u00f3n y el eco del meg\u00e1fono fundidos en una pieza de lujo que amplifica tu esencia.\"},{\"@type\":\"BreadcrumbList\",\"@id\":\"https:\/\/joyadearte.com\/product\/brazalete-insignia\/#breadcrumb\",\"itemListElement\":[{\"@type\":\"ListItem\",\"position\":1,\"name\":\"Portada\",\"item\":\"https:\/\/joyadearte.com\/\"},{\"@type\":\"ListItem\",\"position\":2,\"name\":\"Tienda\",\"item\":\"https:\/\/joyadearte.com\/tienda\/\"},{\"@type\":\"ListItem\",\"position\":3,\"name\":\"BRAZALETE INSIGNIA\"}]},{\"@type\":\"WebSite\",\"@id\":\"https:\/\/joyadearte.com\/en\/#website\",\"url\":\"https:\/\/joyadearte.com\/en\/\",\"name\":\"Joya de Arte\",\"description\":\"Joya de Arte by Sandra Cepeda\",\"publisher\":{\"@id\":\"https:\/\/joyadearte.com\/en\/#organization\"},\"potentialAction\":[{\"@type\":\"SearchAction\",\"target\":{\"@type\":\"EntryPoint\",\"urlTemplate\":\"https:\/\/joyadearte.com\/en\/?s={search_term_string}\"},\"query-input\":{\"@type\":\"PropertyValueSpecification\",\"valueRequired\":true,\"valueName\":\"search_term_string\"}}],\"inLanguage\":\"es\"},{\"@type\":\"Organization\",\"@id\":\"https:\/\/joyadearte.com\/en\/#organization\",\"name\":\"Joya de Arte\",\"url\":\"https:\/\/joyadearte.com\/en\/\",\"logo\":{\"@type\":\"ImageObject\",\"inLanguage\":\"es\",\"@id\":\"https:\/\/joyadearte.com\/en\/#\/schema\/logo\/image\/\",\"url\":\"https:\/\/joyadearte.com\/wp-content\/uploads\/2020\/08\/WhatsApp-Image-2020-08-13-at-8.15.09-PM.jpeg\",\"contentUrl\":\"https:\/\/joyadearte.com\/wp-content\/uploads\/2020\/08\/WhatsApp-Image-2020-08-13-at-8.15.09-PM.jpeg\",\"width\":1280,\"height\":1280,\"caption\":\"Joya de Arte\"},\"image\":{\"@id\":\"https:\/\/joyadearte.com\/en\/#\/schema\/logo\/image\/\"},\"sameAs\":[\"https:\/\/www.facebook.com\/SandraCepedajoyadearte\/\",\"https:\/\/www.instagram.com\/joyadearte_sandracepeda\/\",\"https:\/\/es.wikipedia.org\/wiki\/Sandra_Cepeda\"]}]}<\/script>\n<!-- \/ Yoast SEO plugin. -->","yoast_head_json":{"title":"BRAZALETE INSIGNIA - Joya de Arte","description":"Brazalete Insignia. La magia del coraz\u00f3n y el eco del meg\u00e1fono fundidos en una pieza de lujo que amplifica tu esencia.","robots":{"index":"index","follow":"follow","max-snippet":"max-snippet:-1","max-image-preview":"max-image-preview:large","max-video-preview":"max-video-preview:-1"},"canonical":"https:\/\/joyadearte.com\/es\/product\/brazalete-insignia\/","og_locale":"es_ES","og_type":"article","og_title":"BRAZALETE INSIGNIA - Joya de Arte","og_description":"Brazalete Insignia. La magia del coraz\u00f3n y el eco del meg\u00e1fono fundidos en una pieza de lujo que amplifica tu esencia.","og_url":"https:\/\/joyadearte.com\/es\/product\/brazalete-insignia\/","og_site_name":"Joya de Arte","article_publisher":"https:\/\/www.facebook.com\/SandraCepedajoyadearte\/","article_modified_time":"2026-04-03T23:22:12+00:00","og_image":[{"width":446,"height":430,"url":"https:\/\/joyadearte.com\/wp-content\/uploads\/2020\/05\/ry-e1595291181231.png","type":"image\/png"}],"twitter_card":"summary_large_image","twitter_misc":{"Tiempo de lectura":"1 minuto"},"schema":{"@context":"https:\/\/schema.org","@graph":[{"@type":"WebPage","@id":"https:\/\/joyadearte.com\/product\/brazalete-insignia\/","url":"https:\/\/joyadearte.com\/product\/brazalete-insignia\/","name":"BRAZALETE INSIGNIA - Joya de Arte","isPartOf":{"@id":"https:\/\/joyadearte.com\/en\/#website"},"primaryImageOfPage":{"@id":"https:\/\/joyadearte.com\/product\/brazalete-insignia\/#primaryimage"},"image":{"@id":"https:\/\/joyadearte.com\/product\/brazalete-insignia\/#primaryimage"},"thumbnailUrl":"https:\/\/joyadearte.com\/wp-content\/uploads\/2020\/05\/ry-e1595291181231.png","datePublished":"2020-05-25T01:26:51+00:00","dateModified":"2026-04-03T23:22:12+00:00","description":"Brazalete Insignia. La magia del coraz\u00f3n y el eco del meg\u00e1fono fundidos en una pieza de lujo que amplifica tu esencia.","breadcrumb":{"@id":"https:\/\/joyadearte.com\/product\/brazalete-insignia\/#breadcrumb"},"inLanguage":"es","potentialAction":[{"@type":"ReadAction","target":["https:\/\/joyadearte.com\/product\/brazalete-insignia\/"]}]},{"@type":"ImageObject","inLanguage":"es","@id":"https:\/\/joyadearte.com\/product\/brazalete-insignia\/#primaryimage","url":"https:\/\/joyadearte.com\/wp-content\/uploads\/2020\/05\/ry-e1595291181231.png","contentUrl":"https:\/\/joyadearte.com\/wp-content\/uploads\/2020\/05\/ry-e1595291181231.png","width":446,"height":430,"caption":"Brazalete Insignia. La magia del coraz\u00f3n y el eco del meg\u00e1fono fundidos en una pieza de lujo que amplifica tu esencia."},{"@type":"BreadcrumbList","@id":"https:\/\/joyadearte.com\/product\/brazalete-insignia\/#breadcrumb","itemListElement":[{"@type":"ListItem","position":1,"name":"Portada","item":"https:\/\/joyadearte.com\/"},{"@type":"ListItem","position":2,"name":"Tienda","item":"https:\/\/joyadearte.com\/tienda\/"},{"@type":"ListItem","position":3,"name":"BRAZALETE INSIGNIA"}]},{"@type":"WebSite","@id":"https:\/\/joyadearte.com\/en\/#website","url":"https:\/\/joyadearte.com\/en\/","name":"Joya de Arte","description":"Joya de Arte by Sandra Cepeda","publisher":{"@id":"https:\/\/joyadearte.com\/en\/#organization"},"potentialAction":[{"@type":"SearchAction","target":{"@type":"EntryPoint","urlTemplate":"https:\/\/joyadearte.com\/en\/?s={search_term_string}"},"query-input":{"@type":"PropertyValueSpecification","valueRequired":true,"valueName":"search_term_string"}}],"inLanguage":"es"},{"@type":"Organization","@id":"https:\/\/joyadearte.com\/en\/#organization","name":"Joya de Arte","url":"https:\/\/joyadearte.com\/en\/","logo":{"@type":"ImageObject","inLanguage":"es","@id":"https:\/\/joyadearte.com\/en\/#\/schema\/logo\/image\/","url":"https:\/\/joyadearte.com\/wp-content\/uploads\/2020\/08\/WhatsApp-Image-2020-08-13-at-8.15.09-PM.jpeg","contentUrl":"https:\/\/joyadearte.com\/wp-content\/uploads\/2020\/08\/WhatsApp-Image-2020-08-13-at-8.15.09-PM.jpeg","width":1280,"height":1280,"caption":"Joya de Arte"},"image":{"@id":"https:\/\/joyadearte.com\/en\/#\/schema\/logo\/image\/"},"sameAs":["https:\/\/www.facebook.com\/SandraCepedajoyadearte\/","https:\/\/www.instagram.com\/joyadearte_sandracepeda\/","https:\/\/es.wikipedia.org\/wiki\/Sandra_Cepeda"]}]}},"jetpack_sharing_enabled":true,"_links":{"self":[{"href":"https:\/\/joyadearte.com\/es\/wp-json\/wp\/v2\/product\/1453","targetHints":{"allow":["GET"]}}],"collection":[{"href":"https:\/\/joyadearte.com\/es\/wp-json\/wp\/v2\/product"}],"about":[{"href":"https:\/\/joyadearte.com\/es\/wp-json\/wp\/v2\/types\/product"}],"replies":[{"embeddable":true,"href":"https:\/\/joyadearte.com\/es\/wp-json\/wp\/v2\/comments?post=1453"}],"wp:featuredmedia":[{"embeddable":true,"href":"https:\/\/joyadearte.com\/es\/wp-json\/wp\/v2\/media\/1950"}],"wp:attachment":[{"href":"https:\/\/joyadearte.com\/es\/wp-json\/wp\/v2\/media?parent=1453"}],"wp:term":[{"taxonomy":"product_brand","embeddable":true,"href":"https:\/\/joyadearte.com\/es\/wp-json\/wp\/v2\/product_brand?post=1453"},{"taxonomy":"product_cat","embeddable":true,"href":"https:\/\/joyadearte.com\/es\/wp-json\/wp\/v2\/product_cat?post=1453"},{"taxonomy":"product_tag","embeddable":true,"href":"https:\/\/joyadearte.com\/es\/wp-json\/wp\/v2\/product_tag?post=1453"}],"curies":[{"name":"wp","href":"https:\/\/api.w.org\/{rel}","templated":true}]}}