{"id":1438,"date":"2020-05-25T05:22:05","date_gmt":"2020-05-25T03:22:05","guid":{"rendered":"https:\/\/joyadearte.com\/?post_type=product&#038;p=1438"},"modified":"2026-04-04T01:19:03","modified_gmt":"2026-04-03T23:19:03","slug":"aretes-palmeritas","status":"publish","type":"product","link":"https:\/\/joyadearte.com\/es\/product\/aretes-palmeritas\/","title":{"rendered":"ARETES PALMERITAS"},"content":{"rendered":"<p>Oasis de plata, \u200bLos Aretes Palmeritas celebran la estructura perfecta de la naturaleza y su presencia en la arquitectura tropical. Su dise\u00f1o se inspira en la geometr\u00eda de las palmas, s\u00edmbolos de resiliencia y victoria que logran mantenerse firmes y flexibles ante cualquier viento.<\/p>\n<p>\u200bRealizados en chapa de oro, esta pieza captura la delicadeza de cada fronda con una precisi\u00f3n que resalta su silueta org\u00e1nica. Es un accesorio que evoca la serenidad de los paisajes costeros y la elegancia de las formas naturales, ideal para quienes buscan un dise\u00f1o ligero, sofisticado y lleno de frescura.<\/p>\n<p>Material: Plata .925 con chapa de oro de 10k<\/p>\n<p>&nbsp;<\/p>\n","protected":false},"excerpt":{"rendered":"<p>Material: Plata .925 con chapa de oro de 10k<\/p>\n","protected":false},"featured_media":1439,"comment_status":"open","ping_status":"closed","template":"","meta":{"_monsterinsights_skip_tracking":false,"_monsterinsights_sitenote_active":false,"_monsterinsights_sitenote_note":"","_monsterinsights_sitenote_category":0},"product_brand":[],"product_cat":[17,90,18,118,30],"product_tag":[114],"class_list":{"0":"post-1438","1":"product","2":"type-product","3":"status-publish","4":"has-post-thumbnail","6":"product_cat-colecciones","7":"product_cat-animal-spirit","8":"product_cat-piezas","9":"product_cat-oro-10k","10":"product_cat-aretes","11":"product_tag-nodiscount","13":"first","14":"instock","15":"shipping-taxable","16":"purchasable","17":"product-type-simple","18":"add-to-wishlist-after_add_to_cart"},"yoast_head":"<!-- This site is optimized with the Yoast SEO plugin v25.6 - https:\/\/yoast.com\/wordpress\/plugins\/seo\/ -->\n<title>ARETES PALMERITAS - Joya de Arte<\/title>\n<meta name=\"description\" content=\"Aretes Palmeritas en chapa de oro. Un dise\u00f1o de geometr\u00eda org\u00e1nica inspirado en la resiliencia y frescura natural.\" \/>\n<meta name=\"robots\" content=\"index, follow, max-snippet:-1, max-image-preview:large, max-video-preview:-1\" \/>\n<link rel=\"canonical\" href=\"https:\/\/joyadearte.com\/es\/product\/aretes-palmeritas\/\" \/>\n<meta property=\"og:locale\" content=\"es_ES\" \/>\n<meta property=\"og:type\" content=\"article\" \/>\n<meta property=\"og:title\" content=\"ARETES PALMERITAS - Joya de Arte\" \/>\n<meta property=\"og:description\" content=\"Aretes Palmeritas en chapa de oro. Un dise\u00f1o de geometr\u00eda org\u00e1nica inspirado en la resiliencia y frescura natural.\" \/>\n<meta property=\"og:url\" content=\"https:\/\/joyadearte.com\/es\/product\/aretes-palmeritas\/\" \/>\n<meta property=\"og:site_name\" content=\"Joya de Arte\" \/>\n<meta property=\"article:publisher\" content=\"https:\/\/www.facebook.com\/SandraCepedajoyadearte\/\" \/>\n<meta property=\"article:modified_time\" content=\"2026-04-03T23:19:03+00:00\" \/>\n<meta property=\"og:image\" content=\"https:\/\/joyadearte.com\/wp-content\/uploads\/2020\/04\/DSC9517a-scaled.jpg\" \/>\n\t<meta property=\"og:image:width\" content=\"2560\" \/>\n\t<meta property=\"og:image:height\" content=\"1707\" \/>\n\t<meta property=\"og:image:type\" content=\"image\/jpeg\" \/>\n<meta name=\"twitter:card\" content=\"summary_large_image\" \/>\n<meta name=\"twitter:label1\" content=\"Tiempo de lectura\" \/>\n\t<meta name=\"twitter:data1\" content=\"1 minuto\" \/>\n<script type=\"application\/ld+json\" class=\"yoast-schema-graph\">{\"@context\":\"https:\/\/schema.org\",\"@graph\":[{\"@type\":\"WebPage\",\"@id\":\"https:\/\/joyadearte.com\/product\/aretes-palmeritas\/\",\"url\":\"https:\/\/joyadearte.com\/product\/aretes-palmeritas\/\",\"name\":\"ARETES PALMERITAS - Joya de Arte\",\"isPartOf\":{\"@id\":\"https:\/\/joyadearte.com\/en\/#website\"},\"primaryImageOfPage\":{\"@id\":\"https:\/\/joyadearte.com\/product\/aretes-palmeritas\/#primaryimage\"},\"image\":{\"@id\":\"https:\/\/joyadearte.com\/product\/aretes-palmeritas\/#primaryimage\"},\"thumbnailUrl\":\"https:\/\/joyadearte.com\/wp-content\/uploads\/2020\/04\/DSC9517a-scaled.jpg\",\"datePublished\":\"2020-05-25T03:22:05+00:00\",\"dateModified\":\"2026-04-03T23:19:03+00:00\",\"description\":\"Aretes Palmeritas en chapa de oro. Un dise\u00f1o de geometr\u00eda org\u00e1nica inspirado en la resiliencia y frescura natural.\",\"breadcrumb\":{\"@id\":\"https:\/\/joyadearte.com\/product\/aretes-palmeritas\/#breadcrumb\"},\"inLanguage\":\"es\",\"potentialAction\":[{\"@type\":\"ReadAction\",\"target\":[\"https:\/\/joyadearte.com\/product\/aretes-palmeritas\/\"]}]},{\"@type\":\"ImageObject\",\"inLanguage\":\"es\",\"@id\":\"https:\/\/joyadearte.com\/product\/aretes-palmeritas\/#primaryimage\",\"url\":\"https:\/\/joyadearte.com\/wp-content\/uploads\/2020\/04\/DSC9517a-scaled.jpg\",\"contentUrl\":\"https:\/\/joyadearte.com\/wp-content\/uploads\/2020\/04\/DSC9517a-scaled.jpg\",\"width\":2560,\"height\":1707,\"caption\":\"Aretes Palmeritas en chapa de oro. Un dise\u00f1o de geometr\u00eda org\u00e1nica inspirado en la resiliencia y frescura natural.\"},{\"@type\":\"BreadcrumbList\",\"@id\":\"https:\/\/joyadearte.com\/product\/aretes-palmeritas\/#breadcrumb\",\"itemListElement\":[{\"@type\":\"ListItem\",\"position\":1,\"name\":\"Portada\",\"item\":\"https:\/\/joyadearte.com\/\"},{\"@type\":\"ListItem\",\"position\":2,\"name\":\"Tienda\",\"item\":\"https:\/\/joyadearte.com\/tienda\/\"},{\"@type\":\"ListItem\",\"position\":3,\"name\":\"ARETES PALMERITAS\"}]},{\"@type\":\"WebSite\",\"@id\":\"https:\/\/joyadearte.com\/en\/#website\",\"url\":\"https:\/\/joyadearte.com\/en\/\",\"name\":\"Joya de Arte\",\"description\":\"Joya de Arte by Sandra Cepeda\",\"publisher\":{\"@id\":\"https:\/\/joyadearte.com\/en\/#organization\"},\"potentialAction\":[{\"@type\":\"SearchAction\",\"target\":{\"@type\":\"EntryPoint\",\"urlTemplate\":\"https:\/\/joyadearte.com\/en\/?s={search_term_string}\"},\"query-input\":{\"@type\":\"PropertyValueSpecification\",\"valueRequired\":true,\"valueName\":\"search_term_string\"}}],\"inLanguage\":\"es\"},{\"@type\":\"Organization\",\"@id\":\"https:\/\/joyadearte.com\/en\/#organization\",\"name\":\"Joya de Arte\",\"url\":\"https:\/\/joyadearte.com\/en\/\",\"logo\":{\"@type\":\"ImageObject\",\"inLanguage\":\"es\",\"@id\":\"https:\/\/joyadearte.com\/en\/#\/schema\/logo\/image\/\",\"url\":\"https:\/\/joyadearte.com\/wp-content\/uploads\/2020\/08\/WhatsApp-Image-2020-08-13-at-8.15.09-PM.jpeg\",\"contentUrl\":\"https:\/\/joyadearte.com\/wp-content\/uploads\/2020\/08\/WhatsApp-Image-2020-08-13-at-8.15.09-PM.jpeg\",\"width\":1280,\"height\":1280,\"caption\":\"Joya de Arte\"},\"image\":{\"@id\":\"https:\/\/joyadearte.com\/en\/#\/schema\/logo\/image\/\"},\"sameAs\":[\"https:\/\/www.facebook.com\/SandraCepedajoyadearte\/\",\"https:\/\/www.instagram.com\/joyadearte_sandracepeda\/\",\"https:\/\/es.wikipedia.org\/wiki\/Sandra_Cepeda\"]}]}<\/script>\n<!-- \/ Yoast SEO plugin. -->","yoast_head_json":{"title":"ARETES PALMERITAS - Joya de Arte","description":"Aretes Palmeritas en chapa de oro. Un dise\u00f1o de geometr\u00eda org\u00e1nica inspirado en la resiliencia y frescura natural.","robots":{"index":"index","follow":"follow","max-snippet":"max-snippet:-1","max-image-preview":"max-image-preview:large","max-video-preview":"max-video-preview:-1"},"canonical":"https:\/\/joyadearte.com\/es\/product\/aretes-palmeritas\/","og_locale":"es_ES","og_type":"article","og_title":"ARETES PALMERITAS - Joya de Arte","og_description":"Aretes Palmeritas en chapa de oro. Un dise\u00f1o de geometr\u00eda org\u00e1nica inspirado en la resiliencia y frescura natural.","og_url":"https:\/\/joyadearte.com\/es\/product\/aretes-palmeritas\/","og_site_name":"Joya de Arte","article_publisher":"https:\/\/www.facebook.com\/SandraCepedajoyadearte\/","article_modified_time":"2026-04-03T23:19:03+00:00","og_image":[{"width":2560,"height":1707,"url":"https:\/\/joyadearte.com\/wp-content\/uploads\/2020\/04\/DSC9517a-scaled.jpg","type":"image\/jpeg"}],"twitter_card":"summary_large_image","twitter_misc":{"Tiempo de lectura":"1 minuto"},"schema":{"@context":"https:\/\/schema.org","@graph":[{"@type":"WebPage","@id":"https:\/\/joyadearte.com\/product\/aretes-palmeritas\/","url":"https:\/\/joyadearte.com\/product\/aretes-palmeritas\/","name":"ARETES PALMERITAS - Joya de Arte","isPartOf":{"@id":"https:\/\/joyadearte.com\/en\/#website"},"primaryImageOfPage":{"@id":"https:\/\/joyadearte.com\/product\/aretes-palmeritas\/#primaryimage"},"image":{"@id":"https:\/\/joyadearte.com\/product\/aretes-palmeritas\/#primaryimage"},"thumbnailUrl":"https:\/\/joyadearte.com\/wp-content\/uploads\/2020\/04\/DSC9517a-scaled.jpg","datePublished":"2020-05-25T03:22:05+00:00","dateModified":"2026-04-03T23:19:03+00:00","description":"Aretes Palmeritas en chapa de oro. Un dise\u00f1o de geometr\u00eda org\u00e1nica inspirado en la resiliencia y frescura natural.","breadcrumb":{"@id":"https:\/\/joyadearte.com\/product\/aretes-palmeritas\/#breadcrumb"},"inLanguage":"es","potentialAction":[{"@type":"ReadAction","target":["https:\/\/joyadearte.com\/product\/aretes-palmeritas\/"]}]},{"@type":"ImageObject","inLanguage":"es","@id":"https:\/\/joyadearte.com\/product\/aretes-palmeritas\/#primaryimage","url":"https:\/\/joyadearte.com\/wp-content\/uploads\/2020\/04\/DSC9517a-scaled.jpg","contentUrl":"https:\/\/joyadearte.com\/wp-content\/uploads\/2020\/04\/DSC9517a-scaled.jpg","width":2560,"height":1707,"caption":"Aretes Palmeritas en chapa de oro. Un dise\u00f1o de geometr\u00eda org\u00e1nica inspirado en la resiliencia y frescura natural."},{"@type":"BreadcrumbList","@id":"https:\/\/joyadearte.com\/product\/aretes-palmeritas\/#breadcrumb","itemListElement":[{"@type":"ListItem","position":1,"name":"Portada","item":"https:\/\/joyadearte.com\/"},{"@type":"ListItem","position":2,"name":"Tienda","item":"https:\/\/joyadearte.com\/tienda\/"},{"@type":"ListItem","position":3,"name":"ARETES PALMERITAS"}]},{"@type":"WebSite","@id":"https:\/\/joyadearte.com\/en\/#website","url":"https:\/\/joyadearte.com\/en\/","name":"Joya de Arte","description":"Joya de Arte by Sandra Cepeda","publisher":{"@id":"https:\/\/joyadearte.com\/en\/#organization"},"potentialAction":[{"@type":"SearchAction","target":{"@type":"EntryPoint","urlTemplate":"https:\/\/joyadearte.com\/en\/?s={search_term_string}"},"query-input":{"@type":"PropertyValueSpecification","valueRequired":true,"valueName":"search_term_string"}}],"inLanguage":"es"},{"@type":"Organization","@id":"https:\/\/joyadearte.com\/en\/#organization","name":"Joya de Arte","url":"https:\/\/joyadearte.com\/en\/","logo":{"@type":"ImageObject","inLanguage":"es","@id":"https:\/\/joyadearte.com\/en\/#\/schema\/logo\/image\/","url":"https:\/\/joyadearte.com\/wp-content\/uploads\/2020\/08\/WhatsApp-Image-2020-08-13-at-8.15.09-PM.jpeg","contentUrl":"https:\/\/joyadearte.com\/wp-content\/uploads\/2020\/08\/WhatsApp-Image-2020-08-13-at-8.15.09-PM.jpeg","width":1280,"height":1280,"caption":"Joya de Arte"},"image":{"@id":"https:\/\/joyadearte.com\/en\/#\/schema\/logo\/image\/"},"sameAs":["https:\/\/www.facebook.com\/SandraCepedajoyadearte\/","https:\/\/www.instagram.com\/joyadearte_sandracepeda\/","https:\/\/es.wikipedia.org\/wiki\/Sandra_Cepeda"]}]}},"jetpack_sharing_enabled":true,"_links":{"self":[{"href":"https:\/\/joyadearte.com\/es\/wp-json\/wp\/v2\/product\/1438","targetHints":{"allow":["GET"]}}],"collection":[{"href":"https:\/\/joyadearte.com\/es\/wp-json\/wp\/v2\/product"}],"about":[{"href":"https:\/\/joyadearte.com\/es\/wp-json\/wp\/v2\/types\/product"}],"replies":[{"embeddable":true,"href":"https:\/\/joyadearte.com\/es\/wp-json\/wp\/v2\/comments?post=1438"}],"wp:featuredmedia":[{"embeddable":true,"href":"https:\/\/joyadearte.com\/es\/wp-json\/wp\/v2\/media\/1439"}],"wp:attachment":[{"href":"https:\/\/joyadearte.com\/es\/wp-json\/wp\/v2\/media?parent=1438"}],"wp:term":[{"taxonomy":"product_brand","embeddable":true,"href":"https:\/\/joyadearte.com\/es\/wp-json\/wp\/v2\/product_brand?post=1438"},{"taxonomy":"product_cat","embeddable":true,"href":"https:\/\/joyadearte.com\/es\/wp-json\/wp\/v2\/product_cat?post=1438"},{"taxonomy":"product_tag","embeddable":true,"href":"https:\/\/joyadearte.com\/es\/wp-json\/wp\/v2\/product_tag?post=1438"}],"curies":[{"name":"wp","href":"https:\/\/api.w.org\/{rel}","templated":true}]}}