{"id":2091,"date":"2021-04-29T04:24:36","date_gmt":"2021-04-29T02:24:36","guid":{"rendered":"https:\/\/joyadearte.com\/?page_id=2091"},"modified":"2021-04-29T04:42:43","modified_gmt":"2021-04-29T02:42:43","slug":"politicas-de-envio-editado","status":"publish","type":"page","link":"https:\/\/joyadearte.com\/es\/politicas-de-envio-editado\/","title":{"rendered":"Pol\u00edticas de env\u00edo editado"},"content":{"rendered":"\n<h2 class=\"has-text-align-center my-5 font-sans-serif text-darkish text-uppercase spacing wp-block-heading\">Pol\u00edticas de env\u00edo<\/h2>\n\n\n\n<h3 class=\"wp-block-heading\">\u00bfA qu\u00e9 pa\u00edses env\u00edan?<\/h3>\n\n\n\n<p>Actualmente, Joya de Arte vende a las siguientes zonas (en orden alfab\u00e9tico): Asia, Estados Unidos, Europa, Latinoam\u00e9rica y M\u00e9xico.<\/p>\n\n\n\n<p>Es posible que en el futuro se a\u00f1adan nuevos pa\u00edses, as\u00ed que date una vuelta pronto.<\/p>\n\n\n\n<h3 class=\"wp-block-heading\" id=\"pais\">Si mi pa\u00eds no est\u00e1 en la lista, \u00bfpuedo comprar?<\/h3>\n\n\n\n<p>Siempre que el env\u00edo sea hacia alguno de los pa\u00edses de la lista, s\u00ed puedes. Si lo que requieres es que la pieza se env\u00ede a tu pa\u00eds y no se encuentra en la lista, <a href=\"https:\/\/joyadearte.com\/contacto\/\">comun\u00edcate con nosotras<\/a> y vemos c\u00f3mo hacerte llegar la pieza.<\/p>\n\n\n\n<h3 class=\"wp-block-heading\">\u00bfCu\u00e1nto cuesta el env\u00edo?<\/h3>\n\n\n\n<p>Nuestra base de operaciones se encuentra en M\u00e9xico. De ah\u00ed se efect\u00faan los env\u00edos de acuerdo a la siguiente tabla:<\/p>\n\n\n\n<ul class=\"wp-block-list\"><li>M\u00e9xico: MXN $150 a todo el pa\u00eds<\/li><li>Estados Unidos de Am\u00e9rica: MXN $650<\/li><li>Latinoam\u00e9rica: MXN $800<\/li><li>Europa: MXN $800<\/li><li>Asia: MXN $1,300<\/li><\/ul>\n\n\n\n<p>Los env\u00edos se realizan a trav\u00e9s de DHL.<\/p>\n\n\n\n<p>Al pagar con moneda extranjera, se aplicar\u00e1 el tipo de cambio vigente.<\/p>\n\n\n\n<h3 class=\"wp-block-heading\" id=\"factura\">Impuestos y tasas<\/h3>\n\n\n\n<p>Incluimos en tu pedido el costo del impuesto al valor agregado (IVA) y los aranceles, por lo que no tendr\u00e1s que pagar tarifas adicionales si te encuentras en cualquiera de las siguientes ubicaciones: <br><br>Asia, Estados Unidos, Europa, Latinoam\u00e9rica y M\u00e9xico. <br><br>Si est\u00e1s comprando desde un pa\u00eds o regi\u00f3n que forma parte de tu territorio aduanero, los impuestos de aduana no ser\u00e1n aplicados; sin embargo, tendr\u00e1s que pagar el IVA o tributos locales e impuestos sobre el uso. Para el Reino Unido y los Estados Unidos, estos est\u00e1n incluidos en el pedido. <br><br>Si un destino DAP (entrega en el lugar, seg\u00fan sus siglas en ingl\u00e9s) es seleccionado, las tasas de aduana no est\u00e1n incluidas en el precio total mostrado en el resumen del pedido en la web. En este caso, como destinatario del pedido, deber\u00e1s pagar estas tasas e impuestos directamente a nuestro transportista para liberar tu pedido de la aduana. Te recomendamos que te pongas en contacto con tu oficina aduanera o autoridad fiscal local antes de realizar un pedido para saber el importe exacto. <br><br>ENV\u00cdOS A EE.UU. <br><br>Para pedidos internacionales enviados a clientes en los EE. UU., es posible que la aduana de EE. UU. solicite tu n\u00famero de IRS, EIN o SSN antes de habilitar la entrega a tu direcci\u00f3n. Por lo general, tendr\u00e1s una semana para proporcionar esta informaci\u00f3n antes de que se devuelva tu pedido al partner de Joya de Arte para un reembolso. <br><br>Si tienes cualquier pregunta, por favor, haz clic <a href=\"https:\/\/joyadearte.com\/contacto\/\">aqu\u00ed<\/a> para contactarnos. <\/p>\n\n\n\n<h3 class=\"wp-block-heading\" id=\"factura\">Necesito una factura o comprobante fiscal<\/h3>\n\n\n\n<p>Nuestra empresa est\u00e1 radicada en M\u00e9xico, por lo que emitimos Comprobante Fiscal Digital por Internet (CFDI) a quien nos lo solicite. Si requieres un CFDI, <a href=\"https:\/\/joyadearte.com\/contacto\/\">comun\u00edcate con nosotras<\/a>, y haznos llegar tus datos fiscales.<\/p>\n","protected":false},"excerpt":{"rendered":"<p>Pol\u00edticas de env\u00edo \u00bfA qu\u00e9 pa\u00edses env\u00edan? Actualmente, Joya de Arte vende a las siguientes zonas (en orden alfab\u00e9tico): Asia, Estados Unidos, Europa, Latinoam\u00e9rica y M\u00e9xico. Es posible que en el futuro se a\u00f1adan nuevos pa\u00edses, as\u00ed que date una vuelta pronto. Si mi pa\u00eds no est\u00e1 en la lista, \u00bfpuedo comprar? Siempre que el [&hellip;]<\/p>\n","protected":false},"author":2,"featured_media":0,"parent":0,"menu_order":18,"comment_status":"closed","ping_status":"closed","template":"","meta":{"_monsterinsights_skip_tracking":false,"_monsterinsights_sitenote_active":false,"_monsterinsights_sitenote_note":"","_monsterinsights_sitenote_category":0,"footnotes":""},"class_list":["post-2091","page","type-page","status-publish","hentry"],"yoast_head":"<!-- This site is optimized with the Yoast SEO plugin v25.6 - https:\/\/yoast.com\/wordpress\/plugins\/seo\/ -->\n<title>Pol\u00edticas de env\u00edo editado - Joya de Arte<\/title>\n<meta name=\"robots\" content=\"index, follow, max-snippet:-1, max-image-preview:large, max-video-preview:-1\" \/>\n<link rel=\"canonical\" href=\"https:\/\/joyadearte.com\/es\/politicas-de-envio-editado\/\" \/>\n<meta property=\"og:locale\" content=\"es_ES\" \/>\n<meta property=\"og:type\" content=\"article\" \/>\n<meta property=\"og:title\" content=\"Pol\u00edticas de env\u00edo editado - Joya de Arte\" \/>\n<meta property=\"og:description\" content=\"Pol\u00edticas de env\u00edo \u00bfA qu\u00e9 pa\u00edses env\u00edan? Actualmente, Joya de Arte vende a las siguientes zonas (en orden alfab\u00e9tico): Asia, Estados Unidos, Europa, Latinoam\u00e9rica y M\u00e9xico. Es posible que en el futuro se a\u00f1adan nuevos pa\u00edses, as\u00ed que date una vuelta pronto. Si mi pa\u00eds no est\u00e1 en la lista, \u00bfpuedo comprar? Siempre que el [&hellip;]\" \/>\n<meta property=\"og:url\" content=\"https:\/\/joyadearte.com\/es\/politicas-de-envio-editado\/\" \/>\n<meta property=\"og:site_name\" content=\"Joya de Arte\" \/>\n<meta property=\"article:publisher\" content=\"https:\/\/www.facebook.com\/SandraCepedajoyadearte\/\" \/>\n<meta property=\"article:modified_time\" content=\"2021-04-29T02:42:43+00:00\" \/>\n<meta name=\"twitter:card\" content=\"summary_large_image\" \/>\n<meta name=\"twitter:label1\" content=\"Tiempo de lectura\" \/>\n\t<meta name=\"twitter:data1\" content=\"2 minutos\" \/>\n<script type=\"application\/ld+json\" class=\"yoast-schema-graph\">{\"@context\":\"https:\/\/schema.org\",\"@graph\":[{\"@type\":\"WebPage\",\"@id\":\"https:\/\/joyadearte.com\/politicas-de-envio-editado\/\",\"url\":\"https:\/\/joyadearte.com\/politicas-de-envio-editado\/\",\"name\":\"Pol\u00edticas de env\u00edo editado - Joya de Arte\",\"isPartOf\":{\"@id\":\"https:\/\/joyadearte.com\/en\/#website\"},\"datePublished\":\"2021-04-29T02:24:36+00:00\",\"dateModified\":\"2021-04-29T02:42:43+00:00\",\"breadcrumb\":{\"@id\":\"https:\/\/joyadearte.com\/politicas-de-envio-editado\/#breadcrumb\"},\"inLanguage\":\"es\",\"potentialAction\":[{\"@type\":\"ReadAction\",\"target\":[\"https:\/\/joyadearte.com\/politicas-de-envio-editado\/\"]}]},{\"@type\":\"BreadcrumbList\",\"@id\":\"https:\/\/joyadearte.com\/politicas-de-envio-editado\/#breadcrumb\",\"itemListElement\":[{\"@type\":\"ListItem\",\"position\":1,\"name\":\"Portada\",\"item\":\"https:\/\/joyadearte.com\/\"},{\"@type\":\"ListItem\",\"position\":2,\"name\":\"Pol\u00edticas de env\u00edo editado\"}]},{\"@type\":\"WebSite\",\"@id\":\"https:\/\/joyadearte.com\/en\/#website\",\"url\":\"https:\/\/joyadearte.com\/en\/\",\"name\":\"Joya de Arte\",\"description\":\"Joya de Arte by Sandra Cepeda\",\"publisher\":{\"@id\":\"https:\/\/joyadearte.com\/en\/#organization\"},\"potentialAction\":[{\"@type\":\"SearchAction\",\"target\":{\"@type\":\"EntryPoint\",\"urlTemplate\":\"https:\/\/joyadearte.com\/en\/?s={search_term_string}\"},\"query-input\":{\"@type\":\"PropertyValueSpecification\",\"valueRequired\":true,\"valueName\":\"search_term_string\"}}],\"inLanguage\":\"es\"},{\"@type\":\"Organization\",\"@id\":\"https:\/\/joyadearte.com\/en\/#organization\",\"name\":\"Joya de Arte\",\"url\":\"https:\/\/joyadearte.com\/en\/\",\"logo\":{\"@type\":\"ImageObject\",\"inLanguage\":\"es\",\"@id\":\"https:\/\/joyadearte.com\/en\/#\/schema\/logo\/image\/\",\"url\":\"https:\/\/joyadearte.com\/wp-content\/uploads\/2020\/08\/WhatsApp-Image-2020-08-13-at-8.15.09-PM.jpeg\",\"contentUrl\":\"https:\/\/joyadearte.com\/wp-content\/uploads\/2020\/08\/WhatsApp-Image-2020-08-13-at-8.15.09-PM.jpeg\",\"width\":1280,\"height\":1280,\"caption\":\"Joya de Arte\"},\"image\":{\"@id\":\"https:\/\/joyadearte.com\/en\/#\/schema\/logo\/image\/\"},\"sameAs\":[\"https:\/\/www.facebook.com\/SandraCepedajoyadearte\/\",\"https:\/\/www.instagram.com\/joyadearte_sandracepeda\/\",\"https:\/\/es.wikipedia.org\/wiki\/Sandra_Cepeda\"]}]}<\/script>\n<!-- \/ Yoast SEO plugin. -->","yoast_head_json":{"title":"Pol\u00edticas de env\u00edo editado - Joya de Arte","robots":{"index":"index","follow":"follow","max-snippet":"max-snippet:-1","max-image-preview":"max-image-preview:large","max-video-preview":"max-video-preview:-1"},"canonical":"https:\/\/joyadearte.com\/es\/politicas-de-envio-editado\/","og_locale":"es_ES","og_type":"article","og_title":"Pol\u00edticas de env\u00edo editado - Joya de Arte","og_description":"Pol\u00edticas de env\u00edo \u00bfA qu\u00e9 pa\u00edses env\u00edan? Actualmente, Joya de Arte vende a las siguientes zonas (en orden alfab\u00e9tico): Asia, Estados Unidos, Europa, Latinoam\u00e9rica y M\u00e9xico. Es posible que en el futuro se a\u00f1adan nuevos pa\u00edses, as\u00ed que date una vuelta pronto. Si mi pa\u00eds no est\u00e1 en la lista, \u00bfpuedo comprar? Siempre que el [&hellip;]","og_url":"https:\/\/joyadearte.com\/es\/politicas-de-envio-editado\/","og_site_name":"Joya de Arte","article_publisher":"https:\/\/www.facebook.com\/SandraCepedajoyadearte\/","article_modified_time":"2021-04-29T02:42:43+00:00","twitter_card":"summary_large_image","twitter_misc":{"Tiempo de lectura":"2 minutos"},"schema":{"@context":"https:\/\/schema.org","@graph":[{"@type":"WebPage","@id":"https:\/\/joyadearte.com\/politicas-de-envio-editado\/","url":"https:\/\/joyadearte.com\/politicas-de-envio-editado\/","name":"Pol\u00edticas de env\u00edo editado - Joya de Arte","isPartOf":{"@id":"https:\/\/joyadearte.com\/en\/#website"},"datePublished":"2021-04-29T02:24:36+00:00","dateModified":"2021-04-29T02:42:43+00:00","breadcrumb":{"@id":"https:\/\/joyadearte.com\/politicas-de-envio-editado\/#breadcrumb"},"inLanguage":"es","potentialAction":[{"@type":"ReadAction","target":["https:\/\/joyadearte.com\/politicas-de-envio-editado\/"]}]},{"@type":"BreadcrumbList","@id":"https:\/\/joyadearte.com\/politicas-de-envio-editado\/#breadcrumb","itemListElement":[{"@type":"ListItem","position":1,"name":"Portada","item":"https:\/\/joyadearte.com\/"},{"@type":"ListItem","position":2,"name":"Pol\u00edticas de env\u00edo editado"}]},{"@type":"WebSite","@id":"https:\/\/joyadearte.com\/en\/#website","url":"https:\/\/joyadearte.com\/en\/","name":"Joya de Arte","description":"Joya de Arte by Sandra Cepeda","publisher":{"@id":"https:\/\/joyadearte.com\/en\/#organization"},"potentialAction":[{"@type":"SearchAction","target":{"@type":"EntryPoint","urlTemplate":"https:\/\/joyadearte.com\/en\/?s={search_term_string}"},"query-input":{"@type":"PropertyValueSpecification","valueRequired":true,"valueName":"search_term_string"}}],"inLanguage":"es"},{"@type":"Organization","@id":"https:\/\/joyadearte.com\/en\/#organization","name":"Joya de Arte","url":"https:\/\/joyadearte.com\/en\/","logo":{"@type":"ImageObject","inLanguage":"es","@id":"https:\/\/joyadearte.com\/en\/#\/schema\/logo\/image\/","url":"https:\/\/joyadearte.com\/wp-content\/uploads\/2020\/08\/WhatsApp-Image-2020-08-13-at-8.15.09-PM.jpeg","contentUrl":"https:\/\/joyadearte.com\/wp-content\/uploads\/2020\/08\/WhatsApp-Image-2020-08-13-at-8.15.09-PM.jpeg","width":1280,"height":1280,"caption":"Joya de Arte"},"image":{"@id":"https:\/\/joyadearte.com\/en\/#\/schema\/logo\/image\/"},"sameAs":["https:\/\/www.facebook.com\/SandraCepedajoyadearte\/","https:\/\/www.instagram.com\/joyadearte_sandracepeda\/","https:\/\/es.wikipedia.org\/wiki\/Sandra_Cepeda"]}]}},"jetpack_sharing_enabled":true,"_links":{"self":[{"href":"https:\/\/joyadearte.com\/es\/wp-json\/wp\/v2\/pages\/2091","targetHints":{"allow":["GET"]}}],"collection":[{"href":"https:\/\/joyadearte.com\/es\/wp-json\/wp\/v2\/pages"}],"about":[{"href":"https:\/\/joyadearte.com\/es\/wp-json\/wp\/v2\/types\/page"}],"author":[{"embeddable":true,"href":"https:\/\/joyadearte.com\/es\/wp-json\/wp\/v2\/users\/2"}],"replies":[{"embeddable":true,"href":"https:\/\/joyadearte.com\/es\/wp-json\/wp\/v2\/comments?post=2091"}],"version-history":[{"count":4,"href":"https:\/\/joyadearte.com\/es\/wp-json\/wp\/v2\/pages\/2091\/revisions"}],"predecessor-version":[{"id":2096,"href":"https:\/\/joyadearte.com\/es\/wp-json\/wp\/v2\/pages\/2091\/revisions\/2096"}],"wp:attachment":[{"href":"https:\/\/joyadearte.com\/es\/wp-json\/wp\/v2\/media?parent=2091"}],"curies":[{"name":"wp","href":"https:\/\/api.w.org\/{rel}","templated":true}]}}