{"id":714,"date":"2019-06-29T22:08:19","date_gmt":"2019-06-29T20:08:19","guid":{"rendered":"http:\/\/joyadearte.com\/product\/mancuernilla-5\/"},"modified":"2026-04-04T01:49:15","modified_gmt":"2026-04-03T23:49:15","slug":"mancuernillas-flor-abierta","status":"publish","type":"product","link":"https:\/\/joyadearte.com\/en\/product\/mancuernillas-flor-abierta\/","title":{"rendered":"Open Flower Cufflinks"},"content":{"rendered":"<p>Carry with you the magic of eternal blossoming. The Open Flower Cufflinks by Joya de Arte are an invitation to wear the vitality of nature in a solid design that captures the very moment of expansion.<\/p>\n<p>Every detail celebrates openness and growth, wrapping your cuffs in an organic sophistication that radiates freshness and confidence. Are you ready to let your style bloom with mystical and unforgettable distinction?<\/p>","protected":false},"excerpt":{"rendered":"<p>Material: Silver .950<\/p>\n<p>&nbsp;<\/p>","protected":false},"featured_media":228,"comment_status":"open","ping_status":"closed","template":"","meta":{"_monsterinsights_skip_tracking":false,"_monsterinsights_sitenote_active":false,"_monsterinsights_sitenote_note":"","_monsterinsights_sitenote_category":0},"product_brand":[],"product_cat":[17,25,18,117,33],"product_tag":[78,56],"class_list":{"0":"post-714","1":"product","2":"type-product","3":"status-publish","4":"has-post-thumbnail","6":"product_cat-colecciones","7":"product_cat-hombres-de-mi-vida","8":"product_cat-piezas","9":"product_cat-plata-925","10":"product_cat-mancuernillas-y-llaveros","11":"product_tag-descuento","12":"product_tag-hombres","14":"first","15":"instock","16":"sale","17":"shipping-taxable","18":"purchasable","19":"product-type-simple","20":"add-to-wishlist-after_add_to_cart"},"yoast_head":"<!-- This site is optimized with the Yoast SEO plugin v25.6 - https:\/\/yoast.com\/wordpress\/plugins\/seo\/ -->\n<title>MANCUERNILLAS FLOR ABIERTA - Joya de Arte<\/title>\n<meta name=\"description\" content=\"Las Mancuernillas Flor Abierta de Joya de Arte son una invitaci\u00f3n a portar la vitalidad de la naturaleza en un dise\u00f1o s\u00f3lido que captura el instante de la expansi\u00f3n.\" \/>\n<meta name=\"robots\" content=\"index, follow, max-snippet:-1, max-image-preview:large, max-video-preview:-1\" \/>\n<link rel=\"canonical\" href=\"https:\/\/joyadearte.com\/en\/product\/mancuernillas-flor-abierta\/\" \/>\n<meta property=\"og:locale\" content=\"en_US\" \/>\n<meta property=\"og:type\" content=\"article\" \/>\n<meta property=\"og:title\" content=\"MANCUERNILLAS FLOR ABIERTA - Joya de Arte\" \/>\n<meta property=\"og:description\" content=\"Las Mancuernillas Flor Abierta de Joya de Arte son una invitaci\u00f3n a portar la vitalidad de la naturaleza en un dise\u00f1o s\u00f3lido que captura el instante de la expansi\u00f3n.\" \/>\n<meta property=\"og:url\" content=\"https:\/\/joyadearte.com\/en\/product\/mancuernillas-flor-abierta\/\" \/>\n<meta property=\"og:site_name\" content=\"Joya de Arte\" \/>\n<meta property=\"article:publisher\" content=\"https:\/\/www.facebook.com\/SandraCepedajoyadearte\/\" \/>\n<meta property=\"article:modified_time\" content=\"2026-04-03T23:49:15+00:00\" \/>\n<meta property=\"og:image\" content=\"https:\/\/joyadearte.com\/wp-content\/uploads\/2019\/06\/mancuernillas_DSC6269a.jpg\" \/>\n\t<meta property=\"og:image:width\" content=\"1620\" \/>\n\t<meta property=\"og:image:height\" content=\"1080\" \/>\n\t<meta property=\"og:image:type\" content=\"image\/jpeg\" \/>\n<meta name=\"twitter:card\" content=\"summary_large_image\" \/>\n<meta name=\"twitter:label1\" content=\"Est. reading time\" \/>\n\t<meta name=\"twitter:data1\" content=\"1 minute\" \/>\n<script type=\"application\/ld+json\" class=\"yoast-schema-graph\">{\"@context\":\"https:\/\/schema.org\",\"@graph\":[{\"@type\":\"WebPage\",\"@id\":\"https:\/\/joyadearte.com\/product\/mancuernillas-flor-abierta\/\",\"url\":\"https:\/\/joyadearte.com\/product\/mancuernillas-flor-abierta\/\",\"name\":\"MANCUERNILLAS FLOR ABIERTA - Joya de Arte\",\"isPartOf\":{\"@id\":\"https:\/\/joyadearte.com\/en\/#website\"},\"primaryImageOfPage\":{\"@id\":\"https:\/\/joyadearte.com\/product\/mancuernillas-flor-abierta\/#primaryimage\"},\"image\":{\"@id\":\"https:\/\/joyadearte.com\/product\/mancuernillas-flor-abierta\/#primaryimage\"},\"thumbnailUrl\":\"https:\/\/joyadearte.com\/wp-content\/uploads\/2019\/06\/mancuernillas_DSC6269a.jpg\",\"datePublished\":\"2019-06-29T20:08:19+00:00\",\"dateModified\":\"2026-04-03T23:49:15+00:00\",\"description\":\"Las Mancuernillas Flor Abierta de Joya de Arte son una invitaci\u00f3n a portar la vitalidad de la naturaleza en un dise\u00f1o s\u00f3lido que captura el instante de la expansi\u00f3n.\",\"breadcrumb\":{\"@id\":\"https:\/\/joyadearte.com\/product\/mancuernillas-flor-abierta\/#breadcrumb\"},\"inLanguage\":\"en-US\",\"potentialAction\":[{\"@type\":\"ReadAction\",\"target\":[\"https:\/\/joyadearte.com\/product\/mancuernillas-flor-abierta\/\"]}]},{\"@type\":\"ImageObject\",\"inLanguage\":\"en-US\",\"@id\":\"https:\/\/joyadearte.com\/product\/mancuernillas-flor-abierta\/#primaryimage\",\"url\":\"https:\/\/joyadearte.com\/wp-content\/uploads\/2019\/06\/mancuernillas_DSC6269a.jpg\",\"contentUrl\":\"https:\/\/joyadearte.com\/wp-content\/uploads\/2019\/06\/mancuernillas_DSC6269a.jpg\",\"width\":1620,\"height\":1080,\"caption\":\"Las Mancuernillas Flor Abierta de Joya de Arte son una invitaci\u00f3n a portar la vitalidad de la naturaleza en un dise\u00f1o s\u00f3lido que captura el instante de la expansi\u00f3n.\"},{\"@type\":\"BreadcrumbList\",\"@id\":\"https:\/\/joyadearte.com\/product\/mancuernillas-flor-abierta\/#breadcrumb\",\"itemListElement\":[{\"@type\":\"ListItem\",\"position\":1,\"name\":\"Portada\",\"item\":\"https:\/\/joyadearte.com\/\"},{\"@type\":\"ListItem\",\"position\":2,\"name\":\"Tienda\",\"item\":\"https:\/\/joyadearte.com\/tienda\/\"},{\"@type\":\"ListItem\",\"position\":3,\"name\":\"MANCUERNILLAS FLOR ABIERTA\"}]},{\"@type\":\"WebSite\",\"@id\":\"https:\/\/joyadearte.com\/en\/#website\",\"url\":\"https:\/\/joyadearte.com\/en\/\",\"name\":\"Joya de Arte\",\"description\":\"Joya de Arte by Sandra Cepeda\",\"publisher\":{\"@id\":\"https:\/\/joyadearte.com\/en\/#organization\"},\"potentialAction\":[{\"@type\":\"SearchAction\",\"target\":{\"@type\":\"EntryPoint\",\"urlTemplate\":\"https:\/\/joyadearte.com\/en\/?s={search_term_string}\"},\"query-input\":{\"@type\":\"PropertyValueSpecification\",\"valueRequired\":true,\"valueName\":\"search_term_string\"}}],\"inLanguage\":\"en-US\"},{\"@type\":\"Organization\",\"@id\":\"https:\/\/joyadearte.com\/en\/#organization\",\"name\":\"Joya de Arte\",\"url\":\"https:\/\/joyadearte.com\/en\/\",\"logo\":{\"@type\":\"ImageObject\",\"inLanguage\":\"en-US\",\"@id\":\"https:\/\/joyadearte.com\/en\/#\/schema\/logo\/image\/\",\"url\":\"https:\/\/joyadearte.com\/wp-content\/uploads\/2020\/08\/WhatsApp-Image-2020-08-13-at-8.15.09-PM.jpeg\",\"contentUrl\":\"https:\/\/joyadearte.com\/wp-content\/uploads\/2020\/08\/WhatsApp-Image-2020-08-13-at-8.15.09-PM.jpeg\",\"width\":1280,\"height\":1280,\"caption\":\"Joya de Arte\"},\"image\":{\"@id\":\"https:\/\/joyadearte.com\/en\/#\/schema\/logo\/image\/\"},\"sameAs\":[\"https:\/\/www.facebook.com\/SandraCepedajoyadearte\/\",\"https:\/\/www.instagram.com\/joyadearte_sandracepeda\/\",\"https:\/\/es.wikipedia.org\/wiki\/Sandra_Cepeda\"]}]}<\/script>\n<!-- \/ Yoast SEO plugin. -->","yoast_head_json":{"title":"MANCUERNILLAS FLOR ABIERTA - Joya de Arte","description":"Las Mancuernillas Flor Abierta de Joya de Arte son una invitaci\u00f3n a portar la vitalidad de la naturaleza en un dise\u00f1o s\u00f3lido que captura el instante de la expansi\u00f3n.","robots":{"index":"index","follow":"follow","max-snippet":"max-snippet:-1","max-image-preview":"max-image-preview:large","max-video-preview":"max-video-preview:-1"},"canonical":"https:\/\/joyadearte.com\/en\/product\/mancuernillas-flor-abierta\/","og_locale":"en_US","og_type":"article","og_title":"MANCUERNILLAS FLOR ABIERTA - Joya de Arte","og_description":"Las Mancuernillas Flor Abierta de Joya de Arte son una invitaci\u00f3n a portar la vitalidad de la naturaleza en un dise\u00f1o s\u00f3lido que captura el instante de la expansi\u00f3n.","og_url":"https:\/\/joyadearte.com\/en\/product\/mancuernillas-flor-abierta\/","og_site_name":"Joya de Arte","article_publisher":"https:\/\/www.facebook.com\/SandraCepedajoyadearte\/","article_modified_time":"2026-04-03T23:49:15+00:00","og_image":[{"width":1620,"height":1080,"url":"https:\/\/joyadearte.com\/wp-content\/uploads\/2019\/06\/mancuernillas_DSC6269a.jpg","type":"image\/jpeg"}],"twitter_card":"summary_large_image","twitter_misc":{"Est. reading time":"1 minute"},"schema":{"@context":"https:\/\/schema.org","@graph":[{"@type":"WebPage","@id":"https:\/\/joyadearte.com\/product\/mancuernillas-flor-abierta\/","url":"https:\/\/joyadearte.com\/product\/mancuernillas-flor-abierta\/","name":"MANCUERNILLAS FLOR ABIERTA - Joya de Arte","isPartOf":{"@id":"https:\/\/joyadearte.com\/en\/#website"},"primaryImageOfPage":{"@id":"https:\/\/joyadearte.com\/product\/mancuernillas-flor-abierta\/#primaryimage"},"image":{"@id":"https:\/\/joyadearte.com\/product\/mancuernillas-flor-abierta\/#primaryimage"},"thumbnailUrl":"https:\/\/joyadearte.com\/wp-content\/uploads\/2019\/06\/mancuernillas_DSC6269a.jpg","datePublished":"2019-06-29T20:08:19+00:00","dateModified":"2026-04-03T23:49:15+00:00","description":"Las Mancuernillas Flor Abierta de Joya de Arte son una invitaci\u00f3n a portar la vitalidad de la naturaleza en un dise\u00f1o s\u00f3lido que captura el instante de la expansi\u00f3n.","breadcrumb":{"@id":"https:\/\/joyadearte.com\/product\/mancuernillas-flor-abierta\/#breadcrumb"},"inLanguage":"en-US","potentialAction":[{"@type":"ReadAction","target":["https:\/\/joyadearte.com\/product\/mancuernillas-flor-abierta\/"]}]},{"@type":"ImageObject","inLanguage":"en-US","@id":"https:\/\/joyadearte.com\/product\/mancuernillas-flor-abierta\/#primaryimage","url":"https:\/\/joyadearte.com\/wp-content\/uploads\/2019\/06\/mancuernillas_DSC6269a.jpg","contentUrl":"https:\/\/joyadearte.com\/wp-content\/uploads\/2019\/06\/mancuernillas_DSC6269a.jpg","width":1620,"height":1080,"caption":"Las Mancuernillas Flor Abierta de Joya de Arte son una invitaci\u00f3n a portar la vitalidad de la naturaleza en un dise\u00f1o s\u00f3lido que captura el instante de la expansi\u00f3n."},{"@type":"BreadcrumbList","@id":"https:\/\/joyadearte.com\/product\/mancuernillas-flor-abierta\/#breadcrumb","itemListElement":[{"@type":"ListItem","position":1,"name":"Portada","item":"https:\/\/joyadearte.com\/"},{"@type":"ListItem","position":2,"name":"Tienda","item":"https:\/\/joyadearte.com\/tienda\/"},{"@type":"ListItem","position":3,"name":"MANCUERNILLAS FLOR ABIERTA"}]},{"@type":"WebSite","@id":"https:\/\/joyadearte.com\/en\/#website","url":"https:\/\/joyadearte.com\/en\/","name":"Jewel of Art","description":"Jewel of Art by Sandra Cepeda","publisher":{"@id":"https:\/\/joyadearte.com\/en\/#organization"},"potentialAction":[{"@type":"SearchAction","target":{"@type":"EntryPoint","urlTemplate":"https:\/\/joyadearte.com\/en\/?s={search_term_string}"},"query-input":{"@type":"PropertyValueSpecification","valueRequired":true,"valueName":"search_term_string"}}],"inLanguage":"en-US"},{"@type":"Organization","@id":"https:\/\/joyadearte.com\/en\/#organization","name":"Jewel of Art","url":"https:\/\/joyadearte.com\/en\/","logo":{"@type":"ImageObject","inLanguage":"en-US","@id":"https:\/\/joyadearte.com\/en\/#\/schema\/logo\/image\/","url":"https:\/\/joyadearte.com\/wp-content\/uploads\/2020\/08\/WhatsApp-Image-2020-08-13-at-8.15.09-PM.jpeg","contentUrl":"https:\/\/joyadearte.com\/wp-content\/uploads\/2020\/08\/WhatsApp-Image-2020-08-13-at-8.15.09-PM.jpeg","width":1280,"height":1280,"caption":"Joya de Arte"},"image":{"@id":"https:\/\/joyadearte.com\/en\/#\/schema\/logo\/image\/"},"sameAs":["https:\/\/www.facebook.com\/SandraCepedajoyadearte\/","https:\/\/www.instagram.com\/joyadearte_sandracepeda\/","https:\/\/es.wikipedia.org\/wiki\/Sandra_Cepeda"]}]}},"jetpack_sharing_enabled":true,"_links":{"self":[{"href":"https:\/\/joyadearte.com\/en\/wp-json\/wp\/v2\/product\/714","targetHints":{"allow":["GET"]}}],"collection":[{"href":"https:\/\/joyadearte.com\/en\/wp-json\/wp\/v2\/product"}],"about":[{"href":"https:\/\/joyadearte.com\/en\/wp-json\/wp\/v2\/types\/product"}],"replies":[{"embeddable":true,"href":"https:\/\/joyadearte.com\/en\/wp-json\/wp\/v2\/comments?post=714"}],"wp:featuredmedia":[{"embeddable":true,"href":"https:\/\/joyadearte.com\/en\/wp-json\/wp\/v2\/media\/228"}],"wp:attachment":[{"href":"https:\/\/joyadearte.com\/en\/wp-json\/wp\/v2\/media?parent=714"}],"wp:term":[{"taxonomy":"product_brand","embeddable":true,"href":"https:\/\/joyadearte.com\/en\/wp-json\/wp\/v2\/product_brand?post=714"},{"taxonomy":"product_cat","embeddable":true,"href":"https:\/\/joyadearte.com\/en\/wp-json\/wp\/v2\/product_cat?post=714"},{"taxonomy":"product_tag","embeddable":true,"href":"https:\/\/joyadearte.com\/en\/wp-json\/wp\/v2\/product_tag?post=714"}],"curies":[{"name":"wp","href":"https:\/\/api.w.org\/{rel}","templated":true}]}}