{"id":692,"date":"2019-06-29T22:08:14","date_gmt":"2019-06-29T20:08:14","guid":{"rendered":"http:\/\/joyadearte.com\/product\/choker-9\/"},"modified":"2026-04-04T02:09:34","modified_gmt":"2026-04-04T00:09:34","slug":"choker-infinito-oro","status":"publish","type":"product","link":"https:\/\/joyadearte.com\/en\/product\/choker-infinito-oro\/","title":{"rendered":"INFINITE GOLDEN CHOKER"},"content":{"rendered":"<p>The perfect balance between two worlds. This choker represents eternity through the union of silver and gold.<\/p>\n<p>The infinity symbol is reinvented in a piece that embraces the duality of light and shadow, day and night.<\/p>\n<p>It pairs beautifully with any other accessory in your collection.<\/p>\n<p><strong>Premium Finish:<\/strong> 14k gold plating over a .925 sterling silver base.<\/p>\n<p>\u200b<strong>Meaning:<\/strong> The union of the human with the eternal.<\/p>\n<p>Infinite beauty, infinite connection. A piece designed to last forever.<\/p>","protected":false},"excerpt":{"rendered":"<p>Material: Gold plated 10k on silver .925<\/p>","protected":false},"featured_media":2837,"comment_status":"open","ping_status":"closed","template":"","meta":{"_monsterinsights_skip_tracking":false,"_monsterinsights_sitenote_active":false,"_monsterinsights_sitenote_note":"","_monsterinsights_sitenote_category":0},"product_brand":[],"product_cat":[17,42,18,118,31],"product_tag":[114],"class_list":{"0":"post-692","1":"product","2":"type-product","3":"status-publish","4":"has-post-thumbnail","6":"product_cat-colecciones","7":"product_cat-mudras","8":"product_cat-piezas","9":"product_cat-oro-10k","10":"product_cat-dijes-y-collares","11":"product_tag-nodiscount","13":"first","14":"instock","15":"sale","16":"shipping-taxable","17":"purchasable","18":"product-type-simple","19":"add-to-wishlist-after_add_to_cart"},"yoast_head":"<!-- This site is optimized with the Yoast SEO plugin v25.6 - https:\/\/yoast.com\/wordpress\/plugins\/seo\/ -->\n<title>CHOKER INFINITO ORO - Joya de Arte<\/title>\n<meta name=\"description\" content=\"Dualidad y eternidad: Choker Infinito en Plata .925 y Oro 14k. La pieza bicolor que combina con todo. Joyer\u00eda de autor hecha en M\u00e9xico con env\u00edo a domicilio.\" \/>\n<meta name=\"robots\" content=\"index, follow, max-snippet:-1, max-image-preview:large, max-video-preview:-1\" \/>\n<link rel=\"canonical\" href=\"https:\/\/joyadearte.com\/en\/product\/choker-infinito-oro\/\" \/>\n<meta property=\"og:locale\" content=\"en_US\" \/>\n<meta property=\"og:type\" content=\"article\" \/>\n<meta property=\"og:title\" content=\"CHOKER INFINITO ORO - Joya de Arte\" \/>\n<meta property=\"og:description\" content=\"Dualidad y eternidad: Choker Infinito en Plata .925 y Oro 14k. La pieza bicolor que combina con todo. Joyer\u00eda de autor hecha en M\u00e9xico con env\u00edo a domicilio.\" \/>\n<meta property=\"og:url\" content=\"https:\/\/joyadearte.com\/en\/product\/choker-infinito-oro\/\" \/>\n<meta property=\"og:site_name\" content=\"Joya de Arte\" \/>\n<meta property=\"article:publisher\" content=\"https:\/\/www.facebook.com\/SandraCepedajoyadearte\/\" \/>\n<meta property=\"article:modified_time\" content=\"2026-04-04T00:09:34+00:00\" \/>\n<meta property=\"og:image\" content=\"https:\/\/joyadearte.com\/wp-content\/uploads\/2019\/06\/c2.jpg\" \/>\n\t<meta property=\"og:image:width\" content=\"1600\" \/>\n\t<meta property=\"og:image:height\" content=\"800\" \/>\n\t<meta property=\"og:image:type\" content=\"image\/jpeg\" \/>\n<meta name=\"twitter:card\" content=\"summary_large_image\" \/>\n<meta name=\"twitter:label1\" content=\"Est. reading time\" \/>\n\t<meta name=\"twitter:data1\" content=\"1 minute\" \/>\n<script type=\"application\/ld+json\" class=\"yoast-schema-graph\">{\"@context\":\"https:\/\/schema.org\",\"@graph\":[{\"@type\":\"WebPage\",\"@id\":\"https:\/\/joyadearte.com\/product\/choker-infinito-oro\/\",\"url\":\"https:\/\/joyadearte.com\/product\/choker-infinito-oro\/\",\"name\":\"CHOKER INFINITO ORO - Joya de Arte\",\"isPartOf\":{\"@id\":\"https:\/\/joyadearte.com\/en\/#website\"},\"primaryImageOfPage\":{\"@id\":\"https:\/\/joyadearte.com\/product\/choker-infinito-oro\/#primaryimage\"},\"image\":{\"@id\":\"https:\/\/joyadearte.com\/product\/choker-infinito-oro\/#primaryimage\"},\"thumbnailUrl\":\"https:\/\/joyadearte.com\/wp-content\/uploads\/2019\/06\/c2.jpg\",\"datePublished\":\"2019-06-29T20:08:14+00:00\",\"dateModified\":\"2026-04-04T00:09:34+00:00\",\"description\":\"Dualidad y eternidad: Choker Infinito en Plata .925 y Oro 14k. La pieza bicolor que combina con todo. Joyer\u00eda de autor hecha en M\u00e9xico con env\u00edo a domicilio.\",\"breadcrumb\":{\"@id\":\"https:\/\/joyadearte.com\/product\/choker-infinito-oro\/#breadcrumb\"},\"inLanguage\":\"en-US\",\"potentialAction\":[{\"@type\":\"ReadAction\",\"target\":[\"https:\/\/joyadearte.com\/product\/choker-infinito-oro\/\"]}]},{\"@type\":\"ImageObject\",\"inLanguage\":\"en-US\",\"@id\":\"https:\/\/joyadearte.com\/product\/choker-infinito-oro\/#primaryimage\",\"url\":\"https:\/\/joyadearte.com\/wp-content\/uploads\/2019\/06\/c2.jpg\",\"contentUrl\":\"https:\/\/joyadearte.com\/wp-content\/uploads\/2019\/06\/c2.jpg\",\"width\":1600,\"height\":800,\"caption\":\"Dualidad y eternidad: Choker Infinito en Plata .925 y Oro 14k. La pieza bicolor que combina con todo. Joyer\u00eda de autor hecha en M\u00e9xico con env\u00edo a domicilio.\"},{\"@type\":\"BreadcrumbList\",\"@id\":\"https:\/\/joyadearte.com\/product\/choker-infinito-oro\/#breadcrumb\",\"itemListElement\":[{\"@type\":\"ListItem\",\"position\":1,\"name\":\"Portada\",\"item\":\"https:\/\/joyadearte.com\/\"},{\"@type\":\"ListItem\",\"position\":2,\"name\":\"Tienda\",\"item\":\"https:\/\/joyadearte.com\/tienda\/\"},{\"@type\":\"ListItem\",\"position\":3,\"name\":\"CHOKER INFINITO ORO\"}]},{\"@type\":\"WebSite\",\"@id\":\"https:\/\/joyadearte.com\/en\/#website\",\"url\":\"https:\/\/joyadearte.com\/en\/\",\"name\":\"Joya de Arte\",\"description\":\"Joya de Arte by Sandra Cepeda\",\"publisher\":{\"@id\":\"https:\/\/joyadearte.com\/en\/#organization\"},\"potentialAction\":[{\"@type\":\"SearchAction\",\"target\":{\"@type\":\"EntryPoint\",\"urlTemplate\":\"https:\/\/joyadearte.com\/en\/?s={search_term_string}\"},\"query-input\":{\"@type\":\"PropertyValueSpecification\",\"valueRequired\":true,\"valueName\":\"search_term_string\"}}],\"inLanguage\":\"en-US\"},{\"@type\":\"Organization\",\"@id\":\"https:\/\/joyadearte.com\/en\/#organization\",\"name\":\"Joya de Arte\",\"url\":\"https:\/\/joyadearte.com\/en\/\",\"logo\":{\"@type\":\"ImageObject\",\"inLanguage\":\"en-US\",\"@id\":\"https:\/\/joyadearte.com\/en\/#\/schema\/logo\/image\/\",\"url\":\"https:\/\/joyadearte.com\/wp-content\/uploads\/2020\/08\/WhatsApp-Image-2020-08-13-at-8.15.09-PM.jpeg\",\"contentUrl\":\"https:\/\/joyadearte.com\/wp-content\/uploads\/2020\/08\/WhatsApp-Image-2020-08-13-at-8.15.09-PM.jpeg\",\"width\":1280,\"height\":1280,\"caption\":\"Joya de Arte\"},\"image\":{\"@id\":\"https:\/\/joyadearte.com\/en\/#\/schema\/logo\/image\/\"},\"sameAs\":[\"https:\/\/www.facebook.com\/SandraCepedajoyadearte\/\",\"https:\/\/www.instagram.com\/joyadearte_sandracepeda\/\",\"https:\/\/es.wikipedia.org\/wiki\/Sandra_Cepeda\"]}]}<\/script>\n<!-- \/ Yoast SEO plugin. -->","yoast_head_json":{"title":"CHOKER INFINITO ORO - Joya de Arte","description":"Dualidad y eternidad: Choker Infinito en Plata .925 y Oro 14k. La pieza bicolor que combina con todo. Joyer\u00eda de autor hecha en M\u00e9xico con env\u00edo a domicilio.","robots":{"index":"index","follow":"follow","max-snippet":"max-snippet:-1","max-image-preview":"max-image-preview:large","max-video-preview":"max-video-preview:-1"},"canonical":"https:\/\/joyadearte.com\/en\/product\/choker-infinito-oro\/","og_locale":"en_US","og_type":"article","og_title":"CHOKER INFINITO ORO - Joya de Arte","og_description":"Dualidad y eternidad: Choker Infinito en Plata .925 y Oro 14k. La pieza bicolor que combina con todo. Joyer\u00eda de autor hecha en M\u00e9xico con env\u00edo a domicilio.","og_url":"https:\/\/joyadearte.com\/en\/product\/choker-infinito-oro\/","og_site_name":"Joya de Arte","article_publisher":"https:\/\/www.facebook.com\/SandraCepedajoyadearte\/","article_modified_time":"2026-04-04T00:09:34+00:00","og_image":[{"width":1600,"height":800,"url":"https:\/\/joyadearte.com\/wp-content\/uploads\/2019\/06\/c2.jpg","type":"image\/jpeg"}],"twitter_card":"summary_large_image","twitter_misc":{"Est. reading time":"1 minute"},"schema":{"@context":"https:\/\/schema.org","@graph":[{"@type":"WebPage","@id":"https:\/\/joyadearte.com\/product\/choker-infinito-oro\/","url":"https:\/\/joyadearte.com\/product\/choker-infinito-oro\/","name":"CHOKER INFINITO ORO - Joya de Arte","isPartOf":{"@id":"https:\/\/joyadearte.com\/en\/#website"},"primaryImageOfPage":{"@id":"https:\/\/joyadearte.com\/product\/choker-infinito-oro\/#primaryimage"},"image":{"@id":"https:\/\/joyadearte.com\/product\/choker-infinito-oro\/#primaryimage"},"thumbnailUrl":"https:\/\/joyadearte.com\/wp-content\/uploads\/2019\/06\/c2.jpg","datePublished":"2019-06-29T20:08:14+00:00","dateModified":"2026-04-04T00:09:34+00:00","description":"Dualidad y eternidad: Choker Infinito en Plata .925 y Oro 14k. La pieza bicolor que combina con todo. Joyer\u00eda de autor hecha en M\u00e9xico con env\u00edo a domicilio.","breadcrumb":{"@id":"https:\/\/joyadearte.com\/product\/choker-infinito-oro\/#breadcrumb"},"inLanguage":"en-US","potentialAction":[{"@type":"ReadAction","target":["https:\/\/joyadearte.com\/product\/choker-infinito-oro\/"]}]},{"@type":"ImageObject","inLanguage":"en-US","@id":"https:\/\/joyadearte.com\/product\/choker-infinito-oro\/#primaryimage","url":"https:\/\/joyadearte.com\/wp-content\/uploads\/2019\/06\/c2.jpg","contentUrl":"https:\/\/joyadearte.com\/wp-content\/uploads\/2019\/06\/c2.jpg","width":1600,"height":800,"caption":"Dualidad y eternidad: Choker Infinito en Plata .925 y Oro 14k. La pieza bicolor que combina con todo. Joyer\u00eda de autor hecha en M\u00e9xico con env\u00edo a domicilio."},{"@type":"BreadcrumbList","@id":"https:\/\/joyadearte.com\/product\/choker-infinito-oro\/#breadcrumb","itemListElement":[{"@type":"ListItem","position":1,"name":"Portada","item":"https:\/\/joyadearte.com\/"},{"@type":"ListItem","position":2,"name":"Tienda","item":"https:\/\/joyadearte.com\/tienda\/"},{"@type":"ListItem","position":3,"name":"CHOKER INFINITO ORO"}]},{"@type":"WebSite","@id":"https:\/\/joyadearte.com\/en\/#website","url":"https:\/\/joyadearte.com\/en\/","name":"Jewel of Art","description":"Jewel of Art by Sandra Cepeda","publisher":{"@id":"https:\/\/joyadearte.com\/en\/#organization"},"potentialAction":[{"@type":"SearchAction","target":{"@type":"EntryPoint","urlTemplate":"https:\/\/joyadearte.com\/en\/?s={search_term_string}"},"query-input":{"@type":"PropertyValueSpecification","valueRequired":true,"valueName":"search_term_string"}}],"inLanguage":"en-US"},{"@type":"Organization","@id":"https:\/\/joyadearte.com\/en\/#organization","name":"Jewel of Art","url":"https:\/\/joyadearte.com\/en\/","logo":{"@type":"ImageObject","inLanguage":"en-US","@id":"https:\/\/joyadearte.com\/en\/#\/schema\/logo\/image\/","url":"https:\/\/joyadearte.com\/wp-content\/uploads\/2020\/08\/WhatsApp-Image-2020-08-13-at-8.15.09-PM.jpeg","contentUrl":"https:\/\/joyadearte.com\/wp-content\/uploads\/2020\/08\/WhatsApp-Image-2020-08-13-at-8.15.09-PM.jpeg","width":1280,"height":1280,"caption":"Joya de Arte"},"image":{"@id":"https:\/\/joyadearte.com\/en\/#\/schema\/logo\/image\/"},"sameAs":["https:\/\/www.facebook.com\/SandraCepedajoyadearte\/","https:\/\/www.instagram.com\/joyadearte_sandracepeda\/","https:\/\/es.wikipedia.org\/wiki\/Sandra_Cepeda"]}]}},"jetpack_sharing_enabled":true,"_links":{"self":[{"href":"https:\/\/joyadearte.com\/en\/wp-json\/wp\/v2\/product\/692","targetHints":{"allow":["GET"]}}],"collection":[{"href":"https:\/\/joyadearte.com\/en\/wp-json\/wp\/v2\/product"}],"about":[{"href":"https:\/\/joyadearte.com\/en\/wp-json\/wp\/v2\/types\/product"}],"replies":[{"embeddable":true,"href":"https:\/\/joyadearte.com\/en\/wp-json\/wp\/v2\/comments?post=692"}],"wp:featuredmedia":[{"embeddable":true,"href":"https:\/\/joyadearte.com\/en\/wp-json\/wp\/v2\/media\/2837"}],"wp:attachment":[{"href":"https:\/\/joyadearte.com\/en\/wp-json\/wp\/v2\/media?parent=692"}],"wp:term":[{"taxonomy":"product_brand","embeddable":true,"href":"https:\/\/joyadearte.com\/en\/wp-json\/wp\/v2\/product_brand?post=692"},{"taxonomy":"product_cat","embeddable":true,"href":"https:\/\/joyadearte.com\/en\/wp-json\/wp\/v2\/product_cat?post=692"},{"taxonomy":"product_tag","embeddable":true,"href":"https:\/\/joyadearte.com\/en\/wp-json\/wp\/v2\/product_tag?post=692"}],"curies":[{"name":"wp","href":"https:\/\/api.w.org\/{rel}","templated":true}]}}