{"id":682,"date":"2019-06-29T22:08:10","date_gmt":"2019-06-29T20:08:10","guid":{"rendered":"http:\/\/joyadearte.com\/product\/brazalete-23\/"},"modified":"2026-04-04T02:16:15","modified_gmt":"2026-04-04T00:16:15","slug":"brazalete-cana-de-azucar","status":"publish","type":"product","link":"https:\/\/joyadearte.com\/en\/product\/brazalete-cana-de-azucar\/","title":{"rendered":"SILVER SUGAR CANE BRACELET"},"content":{"rendered":"<p>Joya de Arte Sugar Cane Art Bracelet: Muralism Made Jewelry<\/p>\n<p>Can a luxury object be, at the same time, a historical manifesto?<\/p>\n<p>The Sugar Cane Bracelet, a Joya de Arte signature piece, was born from the challenge of transferring Diego Rivera's monumentality to the delicacy of signature jewelry. This piece not only adorns; it questions. It is based on the visual rhythm of the sugar cane fields that Rivera immortalized in his murals, where the plant was not only agriculture, but a symbol of the identity and strength of a nation.<\/p>\n<p>Usable Anthropology: How to transform the sweat and dirt of a harvest into a structure of supreme sophistication? Joya de Arte achieves this metamorphosis by capturing the organic lines and vertical strength of the cane.<\/p>\n<p>ADJUSTABLE bracelets<\/p>","protected":false},"excerpt":{"rendered":"<p>Material: Silver .950<\/p>\n<p><b>Size<\/b><\/p>\n<p>Medium: Ideal for women<\/p>\n<p>Medium: Ideal for men<\/p>\n<p>In case you want a special size, write us.<\/p>","protected":false},"featured_media":273,"comment_status":"open","ping_status":"closed","template":"","meta":{"_monsterinsights_skip_tracking":false,"_monsterinsights_sitenote_active":false,"_monsterinsights_sitenote_note":"","_monsterinsights_sitenote_category":0},"product_brand":[],"product_cat":[17,29,18,117,49],"product_tag":[114],"class_list":{"0":"post-682","1":"product","2":"type-product","3":"status-publish","4":"has-post-thumbnail","6":"product_cat-colecciones","7":"product_cat-muralistas","8":"product_cat-piezas","9":"product_cat-plata-925","10":"product_cat-brazaletes","11":"product_tag-nodiscount","13":"first","14":"instock","15":"shipping-taxable","16":"purchasable","17":"product-type-variable","18":"add-to-wishlist-after_add_to_cart"},"yoast_head":"<!-- This site is optimized with the Yoast SEO plugin v25.6 - https:\/\/yoast.com\/wordpress\/plugins\/seo\/ -->\n<title>BRAZALETE CA\u00d1A DE AZUCAR - Joya de Arte<\/title>\n<meta name=\"description\" content=\"\u00bfEs arte, historia o joyer\u00eda? El Brazalete Ca\u00f1a de Az\u00facar de Joya de Arte redefine el lujo. Inspirado en los murales de Diego Rivera, esta pieza cuestiona los l\u00edmites del dise\u00f1o. \u00bfC\u00f3mo se siente portar un mural hist\u00f3rico? Descubre la joya que transforma la herencia de Rivera en una declaraci\u00f3n de estilo eterno.\" \/>\n<meta name=\"robots\" content=\"index, follow, max-snippet:-1, max-image-preview:large, max-video-preview:-1\" \/>\n<link rel=\"canonical\" href=\"https:\/\/joyadearte.com\/en\/product\/brazalete-cana-de-azucar\/\" \/>\n<meta property=\"og:locale\" content=\"en_US\" \/>\n<meta property=\"og:type\" content=\"article\" \/>\n<meta property=\"og:title\" content=\"BRAZALETE CA\u00d1A DE AZUCAR - Joya de Arte\" \/>\n<meta property=\"og:description\" content=\"\u00bfEs arte, historia o joyer\u00eda? El Brazalete Ca\u00f1a de Az\u00facar de Joya de Arte redefine el lujo. Inspirado en los murales de Diego Rivera, esta pieza cuestiona los l\u00edmites del dise\u00f1o. \u00bfC\u00f3mo se siente portar un mural hist\u00f3rico? Descubre la joya que transforma la herencia de Rivera en una declaraci\u00f3n de estilo eterno.\" \/>\n<meta property=\"og:url\" content=\"https:\/\/joyadearte.com\/en\/product\/brazalete-cana-de-azucar\/\" \/>\n<meta property=\"og:site_name\" content=\"Joya de Arte\" \/>\n<meta property=\"article:publisher\" content=\"https:\/\/www.facebook.com\/SandraCepedajoyadearte\/\" \/>\n<meta property=\"article:modified_time\" content=\"2026-04-04T00:16:15+00:00\" \/>\n<meta property=\"og:image\" content=\"https:\/\/joyadearte.com\/wp-content\/uploads\/2019\/06\/brazaletes_DSC7045.jpg\" \/>\n\t<meta property=\"og:image:width\" content=\"1620\" \/>\n\t<meta property=\"og:image:height\" content=\"1080\" \/>\n\t<meta property=\"og:image:type\" content=\"image\/jpeg\" \/>\n<meta name=\"twitter:card\" content=\"summary_large_image\" \/>\n<meta name=\"twitter:label1\" content=\"Est. reading time\" \/>\n\t<meta name=\"twitter:data1\" content=\"1 minute\" \/>\n<script type=\"application\/ld+json\" class=\"yoast-schema-graph\">{\"@context\":\"https:\/\/schema.org\",\"@graph\":[{\"@type\":\"WebPage\",\"@id\":\"https:\/\/joyadearte.com\/product\/brazalete-cana-de-azucar\/\",\"url\":\"https:\/\/joyadearte.com\/product\/brazalete-cana-de-azucar\/\",\"name\":\"BRAZALETE CA\u00d1A DE AZUCAR - Joya de Arte\",\"isPartOf\":{\"@id\":\"https:\/\/joyadearte.com\/en\/#website\"},\"primaryImageOfPage\":{\"@id\":\"https:\/\/joyadearte.com\/product\/brazalete-cana-de-azucar\/#primaryimage\"},\"image\":{\"@id\":\"https:\/\/joyadearte.com\/product\/brazalete-cana-de-azucar\/#primaryimage\"},\"thumbnailUrl\":\"https:\/\/joyadearte.com\/wp-content\/uploads\/2019\/06\/brazaletes_DSC7045.jpg\",\"datePublished\":\"2019-06-29T20:08:10+00:00\",\"dateModified\":\"2026-04-04T00:16:15+00:00\",\"description\":\"\u00bfEs arte, historia o joyer\u00eda? El Brazalete Ca\u00f1a de Az\u00facar de Joya de Arte redefine el lujo. Inspirado en los murales de Diego Rivera, esta pieza cuestiona los l\u00edmites del dise\u00f1o. \u00bfC\u00f3mo se siente portar un mural hist\u00f3rico? Descubre la joya que transforma la herencia de Rivera en una declaraci\u00f3n de estilo eterno.\",\"breadcrumb\":{\"@id\":\"https:\/\/joyadearte.com\/product\/brazalete-cana-de-azucar\/#breadcrumb\"},\"inLanguage\":\"en-US\",\"potentialAction\":[{\"@type\":\"ReadAction\",\"target\":[\"https:\/\/joyadearte.com\/product\/brazalete-cana-de-azucar\/\"]}]},{\"@type\":\"ImageObject\",\"inLanguage\":\"en-US\",\"@id\":\"https:\/\/joyadearte.com\/product\/brazalete-cana-de-azucar\/#primaryimage\",\"url\":\"https:\/\/joyadearte.com\/wp-content\/uploads\/2019\/06\/brazaletes_DSC7045.jpg\",\"contentUrl\":\"https:\/\/joyadearte.com\/wp-content\/uploads\/2019\/06\/brazaletes_DSC7045.jpg\",\"width\":1620,\"height\":1080,\"caption\":\"\u00bfEs arte, historia o joyer\u00eda? El Brazalete Ca\u00f1a de Az\u00facar de Joya de Arte redefine el lujo. Inspirado en los murales de Diego Rivera, esta pieza cuestiona los l\u00edmites del dise\u00f1o. \u00bfC\u00f3mo se siente portar un mural hist\u00f3rico? Descubre la joya que transforma la herencia de Rivera en una declaraci\u00f3n de estilo eterno.\"},{\"@type\":\"BreadcrumbList\",\"@id\":\"https:\/\/joyadearte.com\/product\/brazalete-cana-de-azucar\/#breadcrumb\",\"itemListElement\":[{\"@type\":\"ListItem\",\"position\":1,\"name\":\"Portada\",\"item\":\"https:\/\/joyadearte.com\/\"},{\"@type\":\"ListItem\",\"position\":2,\"name\":\"Tienda\",\"item\":\"https:\/\/joyadearte.com\/tienda\/\"},{\"@type\":\"ListItem\",\"position\":3,\"name\":\"BRAZALETE CA\u00d1A DE AZUCAR\"}]},{\"@type\":\"WebSite\",\"@id\":\"https:\/\/joyadearte.com\/en\/#website\",\"url\":\"https:\/\/joyadearte.com\/en\/\",\"name\":\"Joya de Arte\",\"description\":\"Joya de Arte by Sandra Cepeda\",\"publisher\":{\"@id\":\"https:\/\/joyadearte.com\/en\/#organization\"},\"potentialAction\":[{\"@type\":\"SearchAction\",\"target\":{\"@type\":\"EntryPoint\",\"urlTemplate\":\"https:\/\/joyadearte.com\/en\/?s={search_term_string}\"},\"query-input\":{\"@type\":\"PropertyValueSpecification\",\"valueRequired\":true,\"valueName\":\"search_term_string\"}}],\"inLanguage\":\"en-US\"},{\"@type\":\"Organization\",\"@id\":\"https:\/\/joyadearte.com\/en\/#organization\",\"name\":\"Joya de Arte\",\"url\":\"https:\/\/joyadearte.com\/en\/\",\"logo\":{\"@type\":\"ImageObject\",\"inLanguage\":\"en-US\",\"@id\":\"https:\/\/joyadearte.com\/en\/#\/schema\/logo\/image\/\",\"url\":\"https:\/\/joyadearte.com\/wp-content\/uploads\/2020\/08\/WhatsApp-Image-2020-08-13-at-8.15.09-PM.jpeg\",\"contentUrl\":\"https:\/\/joyadearte.com\/wp-content\/uploads\/2020\/08\/WhatsApp-Image-2020-08-13-at-8.15.09-PM.jpeg\",\"width\":1280,\"height\":1280,\"caption\":\"Joya de Arte\"},\"image\":{\"@id\":\"https:\/\/joyadearte.com\/en\/#\/schema\/logo\/image\/\"},\"sameAs\":[\"https:\/\/www.facebook.com\/SandraCepedajoyadearte\/\",\"https:\/\/www.instagram.com\/joyadearte_sandracepeda\/\",\"https:\/\/es.wikipedia.org\/wiki\/Sandra_Cepeda\"]}]}<\/script>\n<!-- \/ Yoast SEO plugin. -->","yoast_head_json":{"title":"BRAZALETE CA\u00d1A DE AZUCAR - Joya de Arte","description":"\u00bfEs arte, historia o joyer\u00eda? El Brazalete Ca\u00f1a de Az\u00facar de Joya de Arte redefine el lujo. Inspirado en los murales de Diego Rivera, esta pieza cuestiona los l\u00edmites del dise\u00f1o. \u00bfC\u00f3mo se siente portar un mural hist\u00f3rico? Descubre la joya que transforma la herencia de Rivera en una declaraci\u00f3n de estilo eterno.","robots":{"index":"index","follow":"follow","max-snippet":"max-snippet:-1","max-image-preview":"max-image-preview:large","max-video-preview":"max-video-preview:-1"},"canonical":"https:\/\/joyadearte.com\/en\/product\/brazalete-cana-de-azucar\/","og_locale":"en_US","og_type":"article","og_title":"BRAZALETE CA\u00d1A DE AZUCAR - Joya de Arte","og_description":"\u00bfEs arte, historia o joyer\u00eda? El Brazalete Ca\u00f1a de Az\u00facar de Joya de Arte redefine el lujo. Inspirado en los murales de Diego Rivera, esta pieza cuestiona los l\u00edmites del dise\u00f1o. \u00bfC\u00f3mo se siente portar un mural hist\u00f3rico? Descubre la joya que transforma la herencia de Rivera en una declaraci\u00f3n de estilo eterno.","og_url":"https:\/\/joyadearte.com\/en\/product\/brazalete-cana-de-azucar\/","og_site_name":"Joya de Arte","article_publisher":"https:\/\/www.facebook.com\/SandraCepedajoyadearte\/","article_modified_time":"2026-04-04T00:16:15+00:00","og_image":[{"width":1620,"height":1080,"url":"https:\/\/joyadearte.com\/wp-content\/uploads\/2019\/06\/brazaletes_DSC7045.jpg","type":"image\/jpeg"}],"twitter_card":"summary_large_image","twitter_misc":{"Est. reading time":"1 minute"},"schema":{"@context":"https:\/\/schema.org","@graph":[{"@type":"WebPage","@id":"https:\/\/joyadearte.com\/product\/brazalete-cana-de-azucar\/","url":"https:\/\/joyadearte.com\/product\/brazalete-cana-de-azucar\/","name":"BRAZALETE CA\u00d1A DE AZUCAR - Joya de Arte","isPartOf":{"@id":"https:\/\/joyadearte.com\/en\/#website"},"primaryImageOfPage":{"@id":"https:\/\/joyadearte.com\/product\/brazalete-cana-de-azucar\/#primaryimage"},"image":{"@id":"https:\/\/joyadearte.com\/product\/brazalete-cana-de-azucar\/#primaryimage"},"thumbnailUrl":"https:\/\/joyadearte.com\/wp-content\/uploads\/2019\/06\/brazaletes_DSC7045.jpg","datePublished":"2019-06-29T20:08:10+00:00","dateModified":"2026-04-04T00:16:15+00:00","description":"\u00bfEs arte, historia o joyer\u00eda? El Brazalete Ca\u00f1a de Az\u00facar de Joya de Arte redefine el lujo. Inspirado en los murales de Diego Rivera, esta pieza cuestiona los l\u00edmites del dise\u00f1o. \u00bfC\u00f3mo se siente portar un mural hist\u00f3rico? Descubre la joya que transforma la herencia de Rivera en una declaraci\u00f3n de estilo eterno.","breadcrumb":{"@id":"https:\/\/joyadearte.com\/product\/brazalete-cana-de-azucar\/#breadcrumb"},"inLanguage":"en-US","potentialAction":[{"@type":"ReadAction","target":["https:\/\/joyadearte.com\/product\/brazalete-cana-de-azucar\/"]}]},{"@type":"ImageObject","inLanguage":"en-US","@id":"https:\/\/joyadearte.com\/product\/brazalete-cana-de-azucar\/#primaryimage","url":"https:\/\/joyadearte.com\/wp-content\/uploads\/2019\/06\/brazaletes_DSC7045.jpg","contentUrl":"https:\/\/joyadearte.com\/wp-content\/uploads\/2019\/06\/brazaletes_DSC7045.jpg","width":1620,"height":1080,"caption":"\u00bfEs arte, historia o joyer\u00eda? El Brazalete Ca\u00f1a de Az\u00facar de Joya de Arte redefine el lujo. Inspirado en los murales de Diego Rivera, esta pieza cuestiona los l\u00edmites del dise\u00f1o. \u00bfC\u00f3mo se siente portar un mural hist\u00f3rico? Descubre la joya que transforma la herencia de Rivera en una declaraci\u00f3n de estilo eterno."},{"@type":"BreadcrumbList","@id":"https:\/\/joyadearte.com\/product\/brazalete-cana-de-azucar\/#breadcrumb","itemListElement":[{"@type":"ListItem","position":1,"name":"Portada","item":"https:\/\/joyadearte.com\/"},{"@type":"ListItem","position":2,"name":"Tienda","item":"https:\/\/joyadearte.com\/tienda\/"},{"@type":"ListItem","position":3,"name":"BRAZALETE CA\u00d1A DE AZUCAR"}]},{"@type":"WebSite","@id":"https:\/\/joyadearte.com\/en\/#website","url":"https:\/\/joyadearte.com\/en\/","name":"Jewel of Art","description":"Jewel of Art by Sandra Cepeda","publisher":{"@id":"https:\/\/joyadearte.com\/en\/#organization"},"potentialAction":[{"@type":"SearchAction","target":{"@type":"EntryPoint","urlTemplate":"https:\/\/joyadearte.com\/en\/?s={search_term_string}"},"query-input":{"@type":"PropertyValueSpecification","valueRequired":true,"valueName":"search_term_string"}}],"inLanguage":"en-US"},{"@type":"Organization","@id":"https:\/\/joyadearte.com\/en\/#organization","name":"Jewel of Art","url":"https:\/\/joyadearte.com\/en\/","logo":{"@type":"ImageObject","inLanguage":"en-US","@id":"https:\/\/joyadearte.com\/en\/#\/schema\/logo\/image\/","url":"https:\/\/joyadearte.com\/wp-content\/uploads\/2020\/08\/WhatsApp-Image-2020-08-13-at-8.15.09-PM.jpeg","contentUrl":"https:\/\/joyadearte.com\/wp-content\/uploads\/2020\/08\/WhatsApp-Image-2020-08-13-at-8.15.09-PM.jpeg","width":1280,"height":1280,"caption":"Joya de Arte"},"image":{"@id":"https:\/\/joyadearte.com\/en\/#\/schema\/logo\/image\/"},"sameAs":["https:\/\/www.facebook.com\/SandraCepedajoyadearte\/","https:\/\/www.instagram.com\/joyadearte_sandracepeda\/","https:\/\/es.wikipedia.org\/wiki\/Sandra_Cepeda"]}]}},"jetpack_sharing_enabled":true,"_links":{"self":[{"href":"https:\/\/joyadearte.com\/en\/wp-json\/wp\/v2\/product\/682","targetHints":{"allow":["GET"]}}],"collection":[{"href":"https:\/\/joyadearte.com\/en\/wp-json\/wp\/v2\/product"}],"about":[{"href":"https:\/\/joyadearte.com\/en\/wp-json\/wp\/v2\/types\/product"}],"replies":[{"embeddable":true,"href":"https:\/\/joyadearte.com\/en\/wp-json\/wp\/v2\/comments?post=682"}],"wp:featuredmedia":[{"embeddable":true,"href":"https:\/\/joyadearte.com\/en\/wp-json\/wp\/v2\/media\/273"}],"wp:attachment":[{"href":"https:\/\/joyadearte.com\/en\/wp-json\/wp\/v2\/media?parent=682"}],"wp:term":[{"taxonomy":"product_brand","embeddable":true,"href":"https:\/\/joyadearte.com\/en\/wp-json\/wp\/v2\/product_brand?post=682"},{"taxonomy":"product_cat","embeddable":true,"href":"https:\/\/joyadearte.com\/en\/wp-json\/wp\/v2\/product_cat?post=682"},{"taxonomy":"product_tag","embeddable":true,"href":"https:\/\/joyadearte.com\/en\/wp-json\/wp\/v2\/product_tag?post=682"}],"curies":[{"name":"wp","href":"https:\/\/api.w.org\/{rel}","templated":true}]}}