{"id":663,"date":"2019-06-29T22:08:06","date_gmt":"2019-06-29T20:08:06","guid":{"rendered":"http:\/\/joyadearte.com\/product\/brazalete-4\/"},"modified":"2026-04-04T02:24:45","modified_gmt":"2026-04-04T00:24:45","slug":"panal-mudra-brazalete","status":"publish","type":"product","link":"https:\/\/joyadearte.com\/en\/product\/panal-mudra-brazalete\/","title":{"rendered":"MUDRA HONEYCOMB BRACELET"},"content":{"rendered":"<p>Do you aspire to wear the map of the cosmos?\n\nThe Panal Mudra Bracelet by Joya de Arte is a piece of divine engineering that pays tribute to the perfect architecture of bees and the mystical language of sacred geometry. It is created for those who see in every hexagon a portal to absolute harmony. Its design channels the energy of the universal hive and the serenity of an ancient mudra, transforming your wrist into an amulet of vibrant sophistication\u2014seemingly dictated by nature itself.\n\nAre you ready to let the gold of creation rest upon your skin and turn your style into a ritual of balance and eternal power?<\/p>\n<p>ADJUSTABLE bracelets<\/p>","protected":false},"excerpt":{"rendered":"<p>Standard size adjustable for wrists from 14 cm to 18 cm,<\/p>\n<p>Material: Gold plated 10k on silver .925 or Silver .950<\/p>","protected":false},"featured_media":278,"comment_status":"open","ping_status":"closed","template":"","meta":{"_monsterinsights_skip_tracking":false,"_monsterinsights_sitenote_active":false,"_monsterinsights_sitenote_note":"","_monsterinsights_sitenote_category":0},"product_brand":[],"product_cat":[17,77,42,18,93,118,49],"product_tag":[114],"class_list":{"0":"post-663","1":"product","2":"type-product","3":"status-publish","4":"has-post-thumbnail","6":"product_cat-colecciones","7":"product_cat-panales","8":"product_cat-mudras","9":"product_cat-piezas","10":"product_cat-best-sellers","11":"product_cat-oro-10k","12":"product_cat-brazaletes","13":"product_tag-nodiscount","15":"first","16":"instock","17":"shipping-taxable","18":"purchasable","19":"product-type-variable","20":"add-to-wishlist-after_add_to_cart"},"yoast_head":"<!-- This site is optimized with the Yoast SEO plugin v25.6 - https:\/\/yoast.com\/wordpress\/plugins\/seo\/ -->\n<title>PANAL MUDRA BRAZALETE - Joya de Arte<\/title>\n<meta name=\"description\" content=\"Brazalete Panal Mudra de Joya de Arte. Geometr\u00eda sagrada y el esp\u00edritu de la colmena en una pieza de lujo m\u00edstico.\" \/>\n<meta name=\"robots\" content=\"index, follow, max-snippet:-1, max-image-preview:large, max-video-preview:-1\" \/>\n<link rel=\"canonical\" href=\"https:\/\/joyadearte.com\/en\/product\/panal-mudra-brazalete\/\" \/>\n<meta property=\"og:locale\" content=\"en_US\" \/>\n<meta property=\"og:type\" content=\"article\" \/>\n<meta property=\"og:title\" content=\"PANAL MUDRA BRAZALETE - Joya de Arte\" \/>\n<meta property=\"og:description\" content=\"Brazalete Panal Mudra de Joya de Arte. Geometr\u00eda sagrada y el esp\u00edritu de la colmena en una pieza de lujo m\u00edstico.\" \/>\n<meta property=\"og:url\" content=\"https:\/\/joyadearte.com\/en\/product\/panal-mudra-brazalete\/\" \/>\n<meta property=\"og:site_name\" content=\"Joya de Arte\" \/>\n<meta property=\"article:publisher\" content=\"https:\/\/www.facebook.com\/SandraCepedajoyadearte\/\" \/>\n<meta property=\"article:modified_time\" content=\"2026-04-04T00:24:45+00:00\" \/>\n<meta property=\"og:image\" content=\"https:\/\/joyadearte.com\/wp-content\/uploads\/2019\/06\/brazaletes_DSC6242a.jpg\" \/>\n\t<meta property=\"og:image:width\" content=\"1620\" \/>\n\t<meta property=\"og:image:height\" content=\"1080\" \/>\n\t<meta property=\"og:image:type\" content=\"image\/jpeg\" \/>\n<meta name=\"twitter:card\" content=\"summary_large_image\" \/>\n<meta name=\"twitter:label1\" content=\"Est. reading time\" \/>\n\t<meta name=\"twitter:data1\" content=\"1 minute\" \/>\n<script type=\"application\/ld+json\" class=\"yoast-schema-graph\">{\"@context\":\"https:\/\/schema.org\",\"@graph\":[{\"@type\":\"WebPage\",\"@id\":\"https:\/\/joyadearte.com\/product\/panal-mudra-brazalete\/\",\"url\":\"https:\/\/joyadearte.com\/product\/panal-mudra-brazalete\/\",\"name\":\"PANAL MUDRA BRAZALETE - Joya de Arte\",\"isPartOf\":{\"@id\":\"https:\/\/joyadearte.com\/en\/#website\"},\"primaryImageOfPage\":{\"@id\":\"https:\/\/joyadearte.com\/product\/panal-mudra-brazalete\/#primaryimage\"},\"image\":{\"@id\":\"https:\/\/joyadearte.com\/product\/panal-mudra-brazalete\/#primaryimage\"},\"thumbnailUrl\":\"https:\/\/joyadearte.com\/wp-content\/uploads\/2019\/06\/brazaletes_DSC6242a.jpg\",\"datePublished\":\"2019-06-29T20:08:06+00:00\",\"dateModified\":\"2026-04-04T00:24:45+00:00\",\"description\":\"Brazalete Panal Mudra de Joya de Arte. Geometr\u00eda sagrada y el esp\u00edritu de la colmena en una pieza de lujo m\u00edstico.\",\"breadcrumb\":{\"@id\":\"https:\/\/joyadearte.com\/product\/panal-mudra-brazalete\/#breadcrumb\"},\"inLanguage\":\"en-US\",\"potentialAction\":[{\"@type\":\"ReadAction\",\"target\":[\"https:\/\/joyadearte.com\/product\/panal-mudra-brazalete\/\"]}]},{\"@type\":\"ImageObject\",\"inLanguage\":\"en-US\",\"@id\":\"https:\/\/joyadearte.com\/product\/panal-mudra-brazalete\/#primaryimage\",\"url\":\"https:\/\/joyadearte.com\/wp-content\/uploads\/2019\/06\/brazaletes_DSC6242a.jpg\",\"contentUrl\":\"https:\/\/joyadearte.com\/wp-content\/uploads\/2019\/06\/brazaletes_DSC6242a.jpg\",\"width\":1620,\"height\":1080,\"caption\":\"Brazalete Panal Mudra de Joya de Arte. Geometr\u00eda sagrada y el esp\u00edritu de la colmena en una pieza de lujo m\u00edstico.\"},{\"@type\":\"BreadcrumbList\",\"@id\":\"https:\/\/joyadearte.com\/product\/panal-mudra-brazalete\/#breadcrumb\",\"itemListElement\":[{\"@type\":\"ListItem\",\"position\":1,\"name\":\"Portada\",\"item\":\"https:\/\/joyadearte.com\/\"},{\"@type\":\"ListItem\",\"position\":2,\"name\":\"Tienda\",\"item\":\"https:\/\/joyadearte.com\/tienda\/\"},{\"@type\":\"ListItem\",\"position\":3,\"name\":\"PANAL MUDRA BRAZALETE\"}]},{\"@type\":\"WebSite\",\"@id\":\"https:\/\/joyadearte.com\/en\/#website\",\"url\":\"https:\/\/joyadearte.com\/en\/\",\"name\":\"Joya de Arte\",\"description\":\"Joya de Arte by Sandra Cepeda\",\"publisher\":{\"@id\":\"https:\/\/joyadearte.com\/en\/#organization\"},\"potentialAction\":[{\"@type\":\"SearchAction\",\"target\":{\"@type\":\"EntryPoint\",\"urlTemplate\":\"https:\/\/joyadearte.com\/en\/?s={search_term_string}\"},\"query-input\":{\"@type\":\"PropertyValueSpecification\",\"valueRequired\":true,\"valueName\":\"search_term_string\"}}],\"inLanguage\":\"en-US\"},{\"@type\":\"Organization\",\"@id\":\"https:\/\/joyadearte.com\/en\/#organization\",\"name\":\"Joya de Arte\",\"url\":\"https:\/\/joyadearte.com\/en\/\",\"logo\":{\"@type\":\"ImageObject\",\"inLanguage\":\"en-US\",\"@id\":\"https:\/\/joyadearte.com\/en\/#\/schema\/logo\/image\/\",\"url\":\"https:\/\/joyadearte.com\/wp-content\/uploads\/2020\/08\/WhatsApp-Image-2020-08-13-at-8.15.09-PM.jpeg\",\"contentUrl\":\"https:\/\/joyadearte.com\/wp-content\/uploads\/2020\/08\/WhatsApp-Image-2020-08-13-at-8.15.09-PM.jpeg\",\"width\":1280,\"height\":1280,\"caption\":\"Joya de Arte\"},\"image\":{\"@id\":\"https:\/\/joyadearte.com\/en\/#\/schema\/logo\/image\/\"},\"sameAs\":[\"https:\/\/www.facebook.com\/SandraCepedajoyadearte\/\",\"https:\/\/www.instagram.com\/joyadearte_sandracepeda\/\",\"https:\/\/es.wikipedia.org\/wiki\/Sandra_Cepeda\"]}]}<\/script>\n<!-- \/ Yoast SEO plugin. -->","yoast_head_json":{"title":"PANAL MUDRA BRAZALETE - Joya de Arte","description":"Brazalete Panal Mudra de Joya de Arte. Geometr\u00eda sagrada y el esp\u00edritu de la colmena en una pieza de lujo m\u00edstico.","robots":{"index":"index","follow":"follow","max-snippet":"max-snippet:-1","max-image-preview":"max-image-preview:large","max-video-preview":"max-video-preview:-1"},"canonical":"https:\/\/joyadearte.com\/en\/product\/panal-mudra-brazalete\/","og_locale":"en_US","og_type":"article","og_title":"PANAL MUDRA BRAZALETE - Joya de Arte","og_description":"Brazalete Panal Mudra de Joya de Arte. Geometr\u00eda sagrada y el esp\u00edritu de la colmena en una pieza de lujo m\u00edstico.","og_url":"https:\/\/joyadearte.com\/en\/product\/panal-mudra-brazalete\/","og_site_name":"Joya de Arte","article_publisher":"https:\/\/www.facebook.com\/SandraCepedajoyadearte\/","article_modified_time":"2026-04-04T00:24:45+00:00","og_image":[{"width":1620,"height":1080,"url":"https:\/\/joyadearte.com\/wp-content\/uploads\/2019\/06\/brazaletes_DSC6242a.jpg","type":"image\/jpeg"}],"twitter_card":"summary_large_image","twitter_misc":{"Est. reading time":"1 minute"},"schema":{"@context":"https:\/\/schema.org","@graph":[{"@type":"WebPage","@id":"https:\/\/joyadearte.com\/product\/panal-mudra-brazalete\/","url":"https:\/\/joyadearte.com\/product\/panal-mudra-brazalete\/","name":"PANAL MUDRA BRAZALETE - Joya de Arte","isPartOf":{"@id":"https:\/\/joyadearte.com\/en\/#website"},"primaryImageOfPage":{"@id":"https:\/\/joyadearte.com\/product\/panal-mudra-brazalete\/#primaryimage"},"image":{"@id":"https:\/\/joyadearte.com\/product\/panal-mudra-brazalete\/#primaryimage"},"thumbnailUrl":"https:\/\/joyadearte.com\/wp-content\/uploads\/2019\/06\/brazaletes_DSC6242a.jpg","datePublished":"2019-06-29T20:08:06+00:00","dateModified":"2026-04-04T00:24:45+00:00","description":"Brazalete Panal Mudra de Joya de Arte. Geometr\u00eda sagrada y el esp\u00edritu de la colmena en una pieza de lujo m\u00edstico.","breadcrumb":{"@id":"https:\/\/joyadearte.com\/product\/panal-mudra-brazalete\/#breadcrumb"},"inLanguage":"en-US","potentialAction":[{"@type":"ReadAction","target":["https:\/\/joyadearte.com\/product\/panal-mudra-brazalete\/"]}]},{"@type":"ImageObject","inLanguage":"en-US","@id":"https:\/\/joyadearte.com\/product\/panal-mudra-brazalete\/#primaryimage","url":"https:\/\/joyadearte.com\/wp-content\/uploads\/2019\/06\/brazaletes_DSC6242a.jpg","contentUrl":"https:\/\/joyadearte.com\/wp-content\/uploads\/2019\/06\/brazaletes_DSC6242a.jpg","width":1620,"height":1080,"caption":"Brazalete Panal Mudra de Joya de Arte. Geometr\u00eda sagrada y el esp\u00edritu de la colmena en una pieza de lujo m\u00edstico."},{"@type":"BreadcrumbList","@id":"https:\/\/joyadearte.com\/product\/panal-mudra-brazalete\/#breadcrumb","itemListElement":[{"@type":"ListItem","position":1,"name":"Portada","item":"https:\/\/joyadearte.com\/"},{"@type":"ListItem","position":2,"name":"Tienda","item":"https:\/\/joyadearte.com\/tienda\/"},{"@type":"ListItem","position":3,"name":"PANAL MUDRA BRAZALETE"}]},{"@type":"WebSite","@id":"https:\/\/joyadearte.com\/en\/#website","url":"https:\/\/joyadearte.com\/en\/","name":"Jewel of Art","description":"Jewel of Art by Sandra Cepeda","publisher":{"@id":"https:\/\/joyadearte.com\/en\/#organization"},"potentialAction":[{"@type":"SearchAction","target":{"@type":"EntryPoint","urlTemplate":"https:\/\/joyadearte.com\/en\/?s={search_term_string}"},"query-input":{"@type":"PropertyValueSpecification","valueRequired":true,"valueName":"search_term_string"}}],"inLanguage":"en-US"},{"@type":"Organization","@id":"https:\/\/joyadearte.com\/en\/#organization","name":"Jewel of Art","url":"https:\/\/joyadearte.com\/en\/","logo":{"@type":"ImageObject","inLanguage":"en-US","@id":"https:\/\/joyadearte.com\/en\/#\/schema\/logo\/image\/","url":"https:\/\/joyadearte.com\/wp-content\/uploads\/2020\/08\/WhatsApp-Image-2020-08-13-at-8.15.09-PM.jpeg","contentUrl":"https:\/\/joyadearte.com\/wp-content\/uploads\/2020\/08\/WhatsApp-Image-2020-08-13-at-8.15.09-PM.jpeg","width":1280,"height":1280,"caption":"Joya de Arte"},"image":{"@id":"https:\/\/joyadearte.com\/en\/#\/schema\/logo\/image\/"},"sameAs":["https:\/\/www.facebook.com\/SandraCepedajoyadearte\/","https:\/\/www.instagram.com\/joyadearte_sandracepeda\/","https:\/\/es.wikipedia.org\/wiki\/Sandra_Cepeda"]}]}},"jetpack_sharing_enabled":true,"_links":{"self":[{"href":"https:\/\/joyadearte.com\/en\/wp-json\/wp\/v2\/product\/663","targetHints":{"allow":["GET"]}}],"collection":[{"href":"https:\/\/joyadearte.com\/en\/wp-json\/wp\/v2\/product"}],"about":[{"href":"https:\/\/joyadearte.com\/en\/wp-json\/wp\/v2\/types\/product"}],"replies":[{"embeddable":true,"href":"https:\/\/joyadearte.com\/en\/wp-json\/wp\/v2\/comments?post=663"}],"wp:featuredmedia":[{"embeddable":true,"href":"https:\/\/joyadearte.com\/en\/wp-json\/wp\/v2\/media\/278"}],"wp:attachment":[{"href":"https:\/\/joyadearte.com\/en\/wp-json\/wp\/v2\/media?parent=663"}],"wp:term":[{"taxonomy":"product_brand","embeddable":true,"href":"https:\/\/joyadearte.com\/en\/wp-json\/wp\/v2\/product_brand?post=663"},{"taxonomy":"product_cat","embeddable":true,"href":"https:\/\/joyadearte.com\/en\/wp-json\/wp\/v2\/product_cat?post=663"},{"taxonomy":"product_tag","embeddable":true,"href":"https:\/\/joyadearte.com\/en\/wp-json\/wp\/v2\/product_tag?post=663"}],"curies":[{"name":"wp","href":"https:\/\/api.w.org\/{rel}","templated":true}]}}