{"id":653,"date":"2019-06-29T22:08:01","date_gmt":"2019-06-29T20:08:01","guid":{"rendered":"http:\/\/joyadearte.com\/product\/arete-19\/"},"modified":"2026-04-04T02:36:00","modified_gmt":"2026-04-04T00:36:00","slug":"mascaras-de-venecia","status":"publish","type":"product","link":"https:\/\/joyadearte.com\/en\/product\/mascaras-de-venecia\/","title":{"rendered":"MASKS OF VENICE"},"content":{"rendered":"<p>Inspired by the elegance of the Venetian Carnival, these earrings capture the enigma and sophistication of the 18th-century festivities. At Joya de Arte, we reinterpret this symbol of freedom and anonymity, transforming it into a piece that celebrates duality and the allure of the unseen.<\/p>\n<p>Gold-plated and intricately detailed, their design evokes the theatrical spirit of Venice. They are the perfect jewel for the woman who delights in subtle drama and seeks an accessory that tells a story of romance, intrigue, and timeless elegance.<\/p>","protected":false},"excerpt":{"rendered":"<p>Material: Gold plated 10k on silver .925<\/p>","protected":false},"featured_media":294,"comment_status":"open","ping_status":"closed","template":"","meta":{"_monsterinsights_skip_tracking":false,"_monsterinsights_sitenote_active":false,"_monsterinsights_sitenote_note":"","_monsterinsights_sitenote_category":0},"product_brand":[],"product_cat":[17,90,18,118,30],"product_tag":[114],"class_list":{"0":"post-653","1":"product","2":"type-product","3":"status-publish","4":"has-post-thumbnail","6":"product_cat-colecciones","7":"product_cat-animal-spirit","8":"product_cat-piezas","9":"product_cat-oro-10k","10":"product_cat-aretes","11":"product_tag-nodiscount","13":"first","14":"instock","15":"sale","16":"shipping-taxable","17":"purchasable","18":"product-type-simple","19":"add-to-wishlist-after_add_to_cart"},"yoast_head":"<!-- This site is optimized with the Yoast SEO plugin v25.6 - https:\/\/yoast.com\/wordpress\/plugins\/seo\/ -->\n<title>M\u00c1SCARAS DE VENECIA - Joya de Arte<\/title>\n<meta name=\"description\" content=\"Aretes M\u00e1scaras de Venecia | Joya de Arte. Pendientes en chapa de oro inspirados en el Carnaval de Venecia. Un dise\u00f1o art\u00edstico que fusiona misterio, historia y elegancia europea.\" \/>\n<meta name=\"robots\" content=\"index, follow, max-snippet:-1, max-image-preview:large, max-video-preview:-1\" \/>\n<link rel=\"canonical\" href=\"https:\/\/joyadearte.com\/en\/product\/mascaras-de-venecia\/\" \/>\n<meta property=\"og:locale\" content=\"en_US\" \/>\n<meta property=\"og:type\" content=\"article\" \/>\n<meta property=\"og:title\" content=\"M\u00c1SCARAS DE VENECIA - Joya de Arte\" \/>\n<meta property=\"og:description\" content=\"Aretes M\u00e1scaras de Venecia | Joya de Arte. Pendientes en chapa de oro inspirados en el Carnaval de Venecia. Un dise\u00f1o art\u00edstico que fusiona misterio, historia y elegancia europea.\" \/>\n<meta property=\"og:url\" content=\"https:\/\/joyadearte.com\/en\/product\/mascaras-de-venecia\/\" \/>\n<meta property=\"og:site_name\" content=\"Joya de Arte\" \/>\n<meta property=\"article:publisher\" content=\"https:\/\/www.facebook.com\/SandraCepedajoyadearte\/\" \/>\n<meta property=\"article:modified_time\" content=\"2026-04-04T00:36:00+00:00\" \/>\n<meta property=\"og:image\" content=\"https:\/\/joyadearte.com\/wp-content\/uploads\/2019\/06\/aretes_DSC6963.jpg\" \/>\n\t<meta property=\"og:image:width\" content=\"1620\" \/>\n\t<meta property=\"og:image:height\" content=\"1080\" \/>\n\t<meta property=\"og:image:type\" content=\"image\/jpeg\" \/>\n<meta name=\"twitter:card\" content=\"summary_large_image\" \/>\n<meta name=\"twitter:label1\" content=\"Est. reading time\" \/>\n\t<meta name=\"twitter:data1\" content=\"1 minute\" \/>\n<script type=\"application\/ld+json\" class=\"yoast-schema-graph\">{\"@context\":\"https:\/\/schema.org\",\"@graph\":[{\"@type\":\"WebPage\",\"@id\":\"https:\/\/joyadearte.com\/product\/mascaras-de-venecia\/\",\"url\":\"https:\/\/joyadearte.com\/product\/mascaras-de-venecia\/\",\"name\":\"M\u00c1SCARAS DE VENECIA - Joya de Arte\",\"isPartOf\":{\"@id\":\"https:\/\/joyadearte.com\/en\/#website\"},\"primaryImageOfPage\":{\"@id\":\"https:\/\/joyadearte.com\/product\/mascaras-de-venecia\/#primaryimage\"},\"image\":{\"@id\":\"https:\/\/joyadearte.com\/product\/mascaras-de-venecia\/#primaryimage\"},\"thumbnailUrl\":\"https:\/\/joyadearte.com\/wp-content\/uploads\/2019\/06\/aretes_DSC6963.jpg\",\"datePublished\":\"2019-06-29T20:08:01+00:00\",\"dateModified\":\"2026-04-04T00:36:00+00:00\",\"description\":\"Aretes M\u00e1scaras de Venecia | Joya de Arte. Pendientes en chapa de oro inspirados en el Carnaval de Venecia. Un dise\u00f1o art\u00edstico que fusiona misterio, historia y elegancia europea.\",\"breadcrumb\":{\"@id\":\"https:\/\/joyadearte.com\/product\/mascaras-de-venecia\/#breadcrumb\"},\"inLanguage\":\"en-US\",\"potentialAction\":[{\"@type\":\"ReadAction\",\"target\":[\"https:\/\/joyadearte.com\/product\/mascaras-de-venecia\/\"]}]},{\"@type\":\"ImageObject\",\"inLanguage\":\"en-US\",\"@id\":\"https:\/\/joyadearte.com\/product\/mascaras-de-venecia\/#primaryimage\",\"url\":\"https:\/\/joyadearte.com\/wp-content\/uploads\/2019\/06\/aretes_DSC6963.jpg\",\"contentUrl\":\"https:\/\/joyadearte.com\/wp-content\/uploads\/2019\/06\/aretes_DSC6963.jpg\",\"width\":1620,\"height\":1080,\"caption\":\"Aretes M\u00e1scaras de Venecia | Joya de Arte. Pendientes en chapa de oro inspirados en el Carnaval de Venecia. Un dise\u00f1o art\u00edstico que fusiona misterio, historia y elegancia europea.\"},{\"@type\":\"BreadcrumbList\",\"@id\":\"https:\/\/joyadearte.com\/product\/mascaras-de-venecia\/#breadcrumb\",\"itemListElement\":[{\"@type\":\"ListItem\",\"position\":1,\"name\":\"Portada\",\"item\":\"https:\/\/joyadearte.com\/\"},{\"@type\":\"ListItem\",\"position\":2,\"name\":\"Tienda\",\"item\":\"https:\/\/joyadearte.com\/tienda\/\"},{\"@type\":\"ListItem\",\"position\":3,\"name\":\"M\u00c1SCARAS DE VENECIA\"}]},{\"@type\":\"WebSite\",\"@id\":\"https:\/\/joyadearte.com\/en\/#website\",\"url\":\"https:\/\/joyadearte.com\/en\/\",\"name\":\"Joya de Arte\",\"description\":\"Joya de Arte by Sandra Cepeda\",\"publisher\":{\"@id\":\"https:\/\/joyadearte.com\/en\/#organization\"},\"potentialAction\":[{\"@type\":\"SearchAction\",\"target\":{\"@type\":\"EntryPoint\",\"urlTemplate\":\"https:\/\/joyadearte.com\/en\/?s={search_term_string}\"},\"query-input\":{\"@type\":\"PropertyValueSpecification\",\"valueRequired\":true,\"valueName\":\"search_term_string\"}}],\"inLanguage\":\"en-US\"},{\"@type\":\"Organization\",\"@id\":\"https:\/\/joyadearte.com\/en\/#organization\",\"name\":\"Joya de Arte\",\"url\":\"https:\/\/joyadearte.com\/en\/\",\"logo\":{\"@type\":\"ImageObject\",\"inLanguage\":\"en-US\",\"@id\":\"https:\/\/joyadearte.com\/en\/#\/schema\/logo\/image\/\",\"url\":\"https:\/\/joyadearte.com\/wp-content\/uploads\/2020\/08\/WhatsApp-Image-2020-08-13-at-8.15.09-PM.jpeg\",\"contentUrl\":\"https:\/\/joyadearte.com\/wp-content\/uploads\/2020\/08\/WhatsApp-Image-2020-08-13-at-8.15.09-PM.jpeg\",\"width\":1280,\"height\":1280,\"caption\":\"Joya de Arte\"},\"image\":{\"@id\":\"https:\/\/joyadearte.com\/en\/#\/schema\/logo\/image\/\"},\"sameAs\":[\"https:\/\/www.facebook.com\/SandraCepedajoyadearte\/\",\"https:\/\/www.instagram.com\/joyadearte_sandracepeda\/\",\"https:\/\/es.wikipedia.org\/wiki\/Sandra_Cepeda\"]}]}<\/script>\n<!-- \/ Yoast SEO plugin. -->","yoast_head_json":{"title":"M\u00c1SCARAS DE VENECIA - Joya de Arte","description":"Aretes M\u00e1scaras de Venecia | Joya de Arte. Pendientes en chapa de oro inspirados en el Carnaval de Venecia. Un dise\u00f1o art\u00edstico que fusiona misterio, historia y elegancia europea.","robots":{"index":"index","follow":"follow","max-snippet":"max-snippet:-1","max-image-preview":"max-image-preview:large","max-video-preview":"max-video-preview:-1"},"canonical":"https:\/\/joyadearte.com\/en\/product\/mascaras-de-venecia\/","og_locale":"en_US","og_type":"article","og_title":"M\u00c1SCARAS DE VENECIA - Joya de Arte","og_description":"Aretes M\u00e1scaras de Venecia | Joya de Arte. Pendientes en chapa de oro inspirados en el Carnaval de Venecia. Un dise\u00f1o art\u00edstico que fusiona misterio, historia y elegancia europea.","og_url":"https:\/\/joyadearte.com\/en\/product\/mascaras-de-venecia\/","og_site_name":"Joya de Arte","article_publisher":"https:\/\/www.facebook.com\/SandraCepedajoyadearte\/","article_modified_time":"2026-04-04T00:36:00+00:00","og_image":[{"width":1620,"height":1080,"url":"https:\/\/joyadearte.com\/wp-content\/uploads\/2019\/06\/aretes_DSC6963.jpg","type":"image\/jpeg"}],"twitter_card":"summary_large_image","twitter_misc":{"Est. reading time":"1 minute"},"schema":{"@context":"https:\/\/schema.org","@graph":[{"@type":"WebPage","@id":"https:\/\/joyadearte.com\/product\/mascaras-de-venecia\/","url":"https:\/\/joyadearte.com\/product\/mascaras-de-venecia\/","name":"M\u00c1SCARAS DE VENECIA - Joya de Arte","isPartOf":{"@id":"https:\/\/joyadearte.com\/en\/#website"},"primaryImageOfPage":{"@id":"https:\/\/joyadearte.com\/product\/mascaras-de-venecia\/#primaryimage"},"image":{"@id":"https:\/\/joyadearte.com\/product\/mascaras-de-venecia\/#primaryimage"},"thumbnailUrl":"https:\/\/joyadearte.com\/wp-content\/uploads\/2019\/06\/aretes_DSC6963.jpg","datePublished":"2019-06-29T20:08:01+00:00","dateModified":"2026-04-04T00:36:00+00:00","description":"Aretes M\u00e1scaras de Venecia | Joya de Arte. Pendientes en chapa de oro inspirados en el Carnaval de Venecia. Un dise\u00f1o art\u00edstico que fusiona misterio, historia y elegancia europea.","breadcrumb":{"@id":"https:\/\/joyadearte.com\/product\/mascaras-de-venecia\/#breadcrumb"},"inLanguage":"en-US","potentialAction":[{"@type":"ReadAction","target":["https:\/\/joyadearte.com\/product\/mascaras-de-venecia\/"]}]},{"@type":"ImageObject","inLanguage":"en-US","@id":"https:\/\/joyadearte.com\/product\/mascaras-de-venecia\/#primaryimage","url":"https:\/\/joyadearte.com\/wp-content\/uploads\/2019\/06\/aretes_DSC6963.jpg","contentUrl":"https:\/\/joyadearte.com\/wp-content\/uploads\/2019\/06\/aretes_DSC6963.jpg","width":1620,"height":1080,"caption":"Aretes M\u00e1scaras de Venecia | Joya de Arte. Pendientes en chapa de oro inspirados en el Carnaval de Venecia. Un dise\u00f1o art\u00edstico que fusiona misterio, historia y elegancia europea."},{"@type":"BreadcrumbList","@id":"https:\/\/joyadearte.com\/product\/mascaras-de-venecia\/#breadcrumb","itemListElement":[{"@type":"ListItem","position":1,"name":"Portada","item":"https:\/\/joyadearte.com\/"},{"@type":"ListItem","position":2,"name":"Tienda","item":"https:\/\/joyadearte.com\/tienda\/"},{"@type":"ListItem","position":3,"name":"M\u00c1SCARAS DE VENECIA"}]},{"@type":"WebSite","@id":"https:\/\/joyadearte.com\/en\/#website","url":"https:\/\/joyadearte.com\/en\/","name":"Jewel of Art","description":"Jewel of Art by Sandra Cepeda","publisher":{"@id":"https:\/\/joyadearte.com\/en\/#organization"},"potentialAction":[{"@type":"SearchAction","target":{"@type":"EntryPoint","urlTemplate":"https:\/\/joyadearte.com\/en\/?s={search_term_string}"},"query-input":{"@type":"PropertyValueSpecification","valueRequired":true,"valueName":"search_term_string"}}],"inLanguage":"en-US"},{"@type":"Organization","@id":"https:\/\/joyadearte.com\/en\/#organization","name":"Jewel of Art","url":"https:\/\/joyadearte.com\/en\/","logo":{"@type":"ImageObject","inLanguage":"en-US","@id":"https:\/\/joyadearte.com\/en\/#\/schema\/logo\/image\/","url":"https:\/\/joyadearte.com\/wp-content\/uploads\/2020\/08\/WhatsApp-Image-2020-08-13-at-8.15.09-PM.jpeg","contentUrl":"https:\/\/joyadearte.com\/wp-content\/uploads\/2020\/08\/WhatsApp-Image-2020-08-13-at-8.15.09-PM.jpeg","width":1280,"height":1280,"caption":"Joya de Arte"},"image":{"@id":"https:\/\/joyadearte.com\/en\/#\/schema\/logo\/image\/"},"sameAs":["https:\/\/www.facebook.com\/SandraCepedajoyadearte\/","https:\/\/www.instagram.com\/joyadearte_sandracepeda\/","https:\/\/es.wikipedia.org\/wiki\/Sandra_Cepeda"]}]}},"jetpack_sharing_enabled":true,"_links":{"self":[{"href":"https:\/\/joyadearte.com\/en\/wp-json\/wp\/v2\/product\/653","targetHints":{"allow":["GET"]}}],"collection":[{"href":"https:\/\/joyadearte.com\/en\/wp-json\/wp\/v2\/product"}],"about":[{"href":"https:\/\/joyadearte.com\/en\/wp-json\/wp\/v2\/types\/product"}],"replies":[{"embeddable":true,"href":"https:\/\/joyadearte.com\/en\/wp-json\/wp\/v2\/comments?post=653"}],"wp:featuredmedia":[{"embeddable":true,"href":"https:\/\/joyadearte.com\/en\/wp-json\/wp\/v2\/media\/294"}],"wp:attachment":[{"href":"https:\/\/joyadearte.com\/en\/wp-json\/wp\/v2\/media?parent=653"}],"wp:term":[{"taxonomy":"product_brand","embeddable":true,"href":"https:\/\/joyadearte.com\/en\/wp-json\/wp\/v2\/product_brand?post=653"},{"taxonomy":"product_cat","embeddable":true,"href":"https:\/\/joyadearte.com\/en\/wp-json\/wp\/v2\/product_cat?post=653"},{"taxonomy":"product_tag","embeddable":true,"href":"https:\/\/joyadearte.com\/en\/wp-json\/wp\/v2\/product_tag?post=653"}],"curies":[{"name":"wp","href":"https:\/\/api.w.org\/{rel}","templated":true}]}}