{"id":629,"date":"2019-06-29T22:07:56","date_gmt":"2019-06-29T20:07:56","guid":{"rendered":"http:\/\/joyadearte.com\/product\/anillo-34\/"},"modified":"2026-04-04T02:49:25","modified_gmt":"2026-04-04T00:49:25","slug":"anillo-divina-comedia","status":"publish","type":"product","link":"https:\/\/joyadearte.com\/en\/product\/anillo-divina-comedia\/","title":{"rendered":"DIVINE COMEDY RING"},"content":{"rendered":"<p>The Eternal Ascent<\/p>\n<p>Inspired by Dante\u2019s epic journey, this ring captures the passage from shadow to light. Its adjustable design features reliefs that evoke the circles of the eternal journey, blending literary mysticism with sophistication. A signature piece created for souls who see jewelry as a symbol of their own evolution and wisdom.<\/p>","protected":false},"excerpt":{"rendered":"<p>Material: Gold plated 10k on silver .925<\/p>\n<p>Adjustable ring size 4 to 8<\/p>","protected":false},"featured_media":333,"comment_status":"open","ping_status":"closed","template":"","meta":{"_monsterinsights_skip_tracking":false,"_monsterinsights_sitenote_active":false,"_monsterinsights_sitenote_note":"","_monsterinsights_sitenote_category":0},"product_brand":[],"product_cat":[17,29,18,118,32],"product_tag":[72,78],"class_list":{"0":"post-629","1":"product","2":"type-product","3":"status-publish","4":"has-post-thumbnail","6":"product_cat-colecciones","7":"product_cat-muralistas","8":"product_cat-piezas","9":"product_cat-oro-10k","10":"product_cat-anillos","11":"product_tag-anillos","12":"product_tag-descuento","14":"first","15":"instock","16":"sale","17":"shipping-taxable","18":"purchasable","19":"product-type-simple","20":"add-to-wishlist-after_add_to_cart"},"yoast_head":"<!-- This site is optimized with the Yoast SEO plugin v25.6 - https:\/\/yoast.com\/wordpress\/plugins\/seo\/ -->\n<title>DIVINA COMEDIA ANILLO - Joya de Arte<\/title>\n<meta name=\"description\" content=\"Anillo Divina Comedia. Dise\u00f1o ajustable inspirado en la obra de Dante. Un s\u00edmbolo de evoluci\u00f3n y m\u00edstica literaria para almas profundas.\" \/>\n<meta name=\"robots\" content=\"index, follow, max-snippet:-1, max-image-preview:large, max-video-preview:-1\" \/>\n<link rel=\"canonical\" href=\"https:\/\/joyadearte.com\/en\/product\/anillo-divina-comedia\/\" \/>\n<meta property=\"og:locale\" content=\"en_US\" \/>\n<meta property=\"og:type\" content=\"article\" \/>\n<meta property=\"og:title\" content=\"DIVINA COMEDIA ANILLO - Joya de Arte\" \/>\n<meta property=\"og:description\" content=\"Anillo Divina Comedia. Dise\u00f1o ajustable inspirado en la obra de Dante. Un s\u00edmbolo de evoluci\u00f3n y m\u00edstica literaria para almas profundas.\" \/>\n<meta property=\"og:url\" content=\"https:\/\/joyadearte.com\/en\/product\/anillo-divina-comedia\/\" \/>\n<meta property=\"og:site_name\" content=\"Joya de Arte\" \/>\n<meta property=\"article:publisher\" content=\"https:\/\/www.facebook.com\/SandraCepedajoyadearte\/\" \/>\n<meta property=\"article:modified_time\" content=\"2026-04-04T00:49:25+00:00\" \/>\n<meta property=\"og:image\" content=\"https:\/\/joyadearte.com\/wp-content\/uploads\/2019\/06\/anillos_DSC6964.jpg\" \/>\n\t<meta property=\"og:image:width\" content=\"1620\" \/>\n\t<meta property=\"og:image:height\" content=\"1080\" \/>\n\t<meta property=\"og:image:type\" content=\"image\/jpeg\" \/>\n<meta name=\"twitter:card\" content=\"summary_large_image\" \/>\n<meta name=\"twitter:label1\" content=\"Est. reading time\" \/>\n\t<meta name=\"twitter:data1\" content=\"1 minute\" \/>\n<script type=\"application\/ld+json\" class=\"yoast-schema-graph\">{\"@context\":\"https:\/\/schema.org\",\"@graph\":[{\"@type\":\"WebPage\",\"@id\":\"https:\/\/joyadearte.com\/product\/anillo-divina-comedia\/\",\"url\":\"https:\/\/joyadearte.com\/product\/anillo-divina-comedia\/\",\"name\":\"DIVINA COMEDIA ANILLO - Joya de Arte\",\"isPartOf\":{\"@id\":\"https:\/\/joyadearte.com\/en\/#website\"},\"primaryImageOfPage\":{\"@id\":\"https:\/\/joyadearte.com\/product\/anillo-divina-comedia\/#primaryimage\"},\"image\":{\"@id\":\"https:\/\/joyadearte.com\/product\/anillo-divina-comedia\/#primaryimage\"},\"thumbnailUrl\":\"https:\/\/joyadearte.com\/wp-content\/uploads\/2019\/06\/anillos_DSC6964.jpg\",\"datePublished\":\"2019-06-29T20:07:56+00:00\",\"dateModified\":\"2026-04-04T00:49:25+00:00\",\"description\":\"Anillo Divina Comedia. Dise\u00f1o ajustable inspirado en la obra de Dante. Un s\u00edmbolo de evoluci\u00f3n y m\u00edstica literaria para almas profundas.\",\"breadcrumb\":{\"@id\":\"https:\/\/joyadearte.com\/product\/anillo-divina-comedia\/#breadcrumb\"},\"inLanguage\":\"en-US\",\"potentialAction\":[{\"@type\":\"ReadAction\",\"target\":[\"https:\/\/joyadearte.com\/product\/anillo-divina-comedia\/\"]}]},{\"@type\":\"ImageObject\",\"inLanguage\":\"en-US\",\"@id\":\"https:\/\/joyadearte.com\/product\/anillo-divina-comedia\/#primaryimage\",\"url\":\"https:\/\/joyadearte.com\/wp-content\/uploads\/2019\/06\/anillos_DSC6964.jpg\",\"contentUrl\":\"https:\/\/joyadearte.com\/wp-content\/uploads\/2019\/06\/anillos_DSC6964.jpg\",\"width\":1620,\"height\":1080,\"caption\":\"Anillo Divina Comedia. Dise\u00f1o ajustable inspirado en la obra de Dante. Un s\u00edmbolo de evoluci\u00f3n y m\u00edstica literaria para almas profundas.\"},{\"@type\":\"BreadcrumbList\",\"@id\":\"https:\/\/joyadearte.com\/product\/anillo-divina-comedia\/#breadcrumb\",\"itemListElement\":[{\"@type\":\"ListItem\",\"position\":1,\"name\":\"Portada\",\"item\":\"https:\/\/joyadearte.com\/\"},{\"@type\":\"ListItem\",\"position\":2,\"name\":\"Tienda\",\"item\":\"https:\/\/joyadearte.com\/tienda\/\"},{\"@type\":\"ListItem\",\"position\":3,\"name\":\"DIVINA COMEDIA ANILLO\"}]},{\"@type\":\"WebSite\",\"@id\":\"https:\/\/joyadearte.com\/en\/#website\",\"url\":\"https:\/\/joyadearte.com\/en\/\",\"name\":\"Joya de Arte\",\"description\":\"Joya de Arte by Sandra Cepeda\",\"publisher\":{\"@id\":\"https:\/\/joyadearte.com\/en\/#organization\"},\"potentialAction\":[{\"@type\":\"SearchAction\",\"target\":{\"@type\":\"EntryPoint\",\"urlTemplate\":\"https:\/\/joyadearte.com\/en\/?s={search_term_string}\"},\"query-input\":{\"@type\":\"PropertyValueSpecification\",\"valueRequired\":true,\"valueName\":\"search_term_string\"}}],\"inLanguage\":\"en-US\"},{\"@type\":\"Organization\",\"@id\":\"https:\/\/joyadearte.com\/en\/#organization\",\"name\":\"Joya de Arte\",\"url\":\"https:\/\/joyadearte.com\/en\/\",\"logo\":{\"@type\":\"ImageObject\",\"inLanguage\":\"en-US\",\"@id\":\"https:\/\/joyadearte.com\/en\/#\/schema\/logo\/image\/\",\"url\":\"https:\/\/joyadearte.com\/wp-content\/uploads\/2020\/08\/WhatsApp-Image-2020-08-13-at-8.15.09-PM.jpeg\",\"contentUrl\":\"https:\/\/joyadearte.com\/wp-content\/uploads\/2020\/08\/WhatsApp-Image-2020-08-13-at-8.15.09-PM.jpeg\",\"width\":1280,\"height\":1280,\"caption\":\"Joya de Arte\"},\"image\":{\"@id\":\"https:\/\/joyadearte.com\/en\/#\/schema\/logo\/image\/\"},\"sameAs\":[\"https:\/\/www.facebook.com\/SandraCepedajoyadearte\/\",\"https:\/\/www.instagram.com\/joyadearte_sandracepeda\/\",\"https:\/\/es.wikipedia.org\/wiki\/Sandra_Cepeda\"]}]}<\/script>\n<!-- \/ Yoast SEO plugin. -->","yoast_head_json":{"title":"DIVINA COMEDIA ANILLO - Joya de Arte","description":"Anillo Divina Comedia. Dise\u00f1o ajustable inspirado en la obra de Dante. Un s\u00edmbolo de evoluci\u00f3n y m\u00edstica literaria para almas profundas.","robots":{"index":"index","follow":"follow","max-snippet":"max-snippet:-1","max-image-preview":"max-image-preview:large","max-video-preview":"max-video-preview:-1"},"canonical":"https:\/\/joyadearte.com\/en\/product\/anillo-divina-comedia\/","og_locale":"en_US","og_type":"article","og_title":"DIVINA COMEDIA ANILLO - Joya de Arte","og_description":"Anillo Divina Comedia. Dise\u00f1o ajustable inspirado en la obra de Dante. Un s\u00edmbolo de evoluci\u00f3n y m\u00edstica literaria para almas profundas.","og_url":"https:\/\/joyadearte.com\/en\/product\/anillo-divina-comedia\/","og_site_name":"Joya de Arte","article_publisher":"https:\/\/www.facebook.com\/SandraCepedajoyadearte\/","article_modified_time":"2026-04-04T00:49:25+00:00","og_image":[{"width":1620,"height":1080,"url":"https:\/\/joyadearte.com\/wp-content\/uploads\/2019\/06\/anillos_DSC6964.jpg","type":"image\/jpeg"}],"twitter_card":"summary_large_image","twitter_misc":{"Est. reading time":"1 minute"},"schema":{"@context":"https:\/\/schema.org","@graph":[{"@type":"WebPage","@id":"https:\/\/joyadearte.com\/product\/anillo-divina-comedia\/","url":"https:\/\/joyadearte.com\/product\/anillo-divina-comedia\/","name":"DIVINA COMEDIA ANILLO - Joya de Arte","isPartOf":{"@id":"https:\/\/joyadearte.com\/en\/#website"},"primaryImageOfPage":{"@id":"https:\/\/joyadearte.com\/product\/anillo-divina-comedia\/#primaryimage"},"image":{"@id":"https:\/\/joyadearte.com\/product\/anillo-divina-comedia\/#primaryimage"},"thumbnailUrl":"https:\/\/joyadearte.com\/wp-content\/uploads\/2019\/06\/anillos_DSC6964.jpg","datePublished":"2019-06-29T20:07:56+00:00","dateModified":"2026-04-04T00:49:25+00:00","description":"Anillo Divina Comedia. Dise\u00f1o ajustable inspirado en la obra de Dante. Un s\u00edmbolo de evoluci\u00f3n y m\u00edstica literaria para almas profundas.","breadcrumb":{"@id":"https:\/\/joyadearte.com\/product\/anillo-divina-comedia\/#breadcrumb"},"inLanguage":"en-US","potentialAction":[{"@type":"ReadAction","target":["https:\/\/joyadearte.com\/product\/anillo-divina-comedia\/"]}]},{"@type":"ImageObject","inLanguage":"en-US","@id":"https:\/\/joyadearte.com\/product\/anillo-divina-comedia\/#primaryimage","url":"https:\/\/joyadearte.com\/wp-content\/uploads\/2019\/06\/anillos_DSC6964.jpg","contentUrl":"https:\/\/joyadearte.com\/wp-content\/uploads\/2019\/06\/anillos_DSC6964.jpg","width":1620,"height":1080,"caption":"Anillo Divina Comedia. Dise\u00f1o ajustable inspirado en la obra de Dante. Un s\u00edmbolo de evoluci\u00f3n y m\u00edstica literaria para almas profundas."},{"@type":"BreadcrumbList","@id":"https:\/\/joyadearte.com\/product\/anillo-divina-comedia\/#breadcrumb","itemListElement":[{"@type":"ListItem","position":1,"name":"Portada","item":"https:\/\/joyadearte.com\/"},{"@type":"ListItem","position":2,"name":"Tienda","item":"https:\/\/joyadearte.com\/tienda\/"},{"@type":"ListItem","position":3,"name":"DIVINA COMEDIA ANILLO"}]},{"@type":"WebSite","@id":"https:\/\/joyadearte.com\/en\/#website","url":"https:\/\/joyadearte.com\/en\/","name":"Jewel of Art","description":"Jewel of Art by Sandra Cepeda","publisher":{"@id":"https:\/\/joyadearte.com\/en\/#organization"},"potentialAction":[{"@type":"SearchAction","target":{"@type":"EntryPoint","urlTemplate":"https:\/\/joyadearte.com\/en\/?s={search_term_string}"},"query-input":{"@type":"PropertyValueSpecification","valueRequired":true,"valueName":"search_term_string"}}],"inLanguage":"en-US"},{"@type":"Organization","@id":"https:\/\/joyadearte.com\/en\/#organization","name":"Jewel of Art","url":"https:\/\/joyadearte.com\/en\/","logo":{"@type":"ImageObject","inLanguage":"en-US","@id":"https:\/\/joyadearte.com\/en\/#\/schema\/logo\/image\/","url":"https:\/\/joyadearte.com\/wp-content\/uploads\/2020\/08\/WhatsApp-Image-2020-08-13-at-8.15.09-PM.jpeg","contentUrl":"https:\/\/joyadearte.com\/wp-content\/uploads\/2020\/08\/WhatsApp-Image-2020-08-13-at-8.15.09-PM.jpeg","width":1280,"height":1280,"caption":"Joya de Arte"},"image":{"@id":"https:\/\/joyadearte.com\/en\/#\/schema\/logo\/image\/"},"sameAs":["https:\/\/www.facebook.com\/SandraCepedajoyadearte\/","https:\/\/www.instagram.com\/joyadearte_sandracepeda\/","https:\/\/es.wikipedia.org\/wiki\/Sandra_Cepeda"]}]}},"jetpack_sharing_enabled":true,"_links":{"self":[{"href":"https:\/\/joyadearte.com\/en\/wp-json\/wp\/v2\/product\/629","targetHints":{"allow":["GET"]}}],"collection":[{"href":"https:\/\/joyadearte.com\/en\/wp-json\/wp\/v2\/product"}],"about":[{"href":"https:\/\/joyadearte.com\/en\/wp-json\/wp\/v2\/types\/product"}],"replies":[{"embeddable":true,"href":"https:\/\/joyadearte.com\/en\/wp-json\/wp\/v2\/comments?post=629"}],"wp:featuredmedia":[{"embeddable":true,"href":"https:\/\/joyadearte.com\/en\/wp-json\/wp\/v2\/media\/333"}],"wp:attachment":[{"href":"https:\/\/joyadearte.com\/en\/wp-json\/wp\/v2\/media?parent=629"}],"wp:term":[{"taxonomy":"product_brand","embeddable":true,"href":"https:\/\/joyadearte.com\/en\/wp-json\/wp\/v2\/product_brand?post=629"},{"taxonomy":"product_cat","embeddable":true,"href":"https:\/\/joyadearte.com\/en\/wp-json\/wp\/v2\/product_cat?post=629"},{"taxonomy":"product_tag","embeddable":true,"href":"https:\/\/joyadearte.com\/en\/wp-json\/wp\/v2\/product_tag?post=629"}],"curies":[{"name":"wp","href":"https:\/\/api.w.org\/{rel}","templated":true}]}}