{"id":608,"date":"2019-06-29T22:07:48","date_gmt":"2019-06-29T20:07:48","guid":{"rendered":"http:\/\/joyadearte.com\/product\/anillo-13\/"},"modified":"2026-04-04T02:56:09","modified_gmt":"2026-04-04T00:56:09","slug":"anillo-divina-comedia-plata","status":"publish","type":"product","link":"https:\/\/joyadearte.com\/en\/product\/anillo-divina-comedia-plata\/","title":{"rendered":"SILVER DIVINE COMEDY RING"},"content":{"rendered":"<p>The Inner Odyssey<\/p>\n<p>Forged in silver, this ring symbolizes the hero\u2019s journey: the existential struggle between shadow and light. Inspired by Dante\u2019s mysticism, its reliefs evoke the soul\u2019s ascent and the overcoming of internal battles. An adjustable signature piece, designed for those who wear their own evolution and transformation as a badge of wisdom and courage.<\/p>","protected":false},"excerpt":{"rendered":"<p>Material: Silver .950<\/p>\n<p>Adjustable ring size 4 to 8<\/p>","protected":false},"featured_media":312,"comment_status":"open","ping_status":"closed","template":"","meta":{"_monsterinsights_skip_tracking":false,"_monsterinsights_sitenote_active":false,"_monsterinsights_sitenote_note":"","_monsterinsights_sitenote_category":0},"product_brand":[],"product_cat":[17,29,18,117,93,32],"product_tag":[78],"class_list":{"0":"post-608","1":"product","2":"type-product","3":"status-publish","4":"has-post-thumbnail","6":"product_cat-colecciones","7":"product_cat-muralistas","8":"product_cat-piezas","9":"product_cat-plata-925","10":"product_cat-best-sellers","11":"product_cat-anillos","12":"product_tag-descuento","14":"first","15":"instock","16":"sale","17":"shipping-taxable","18":"purchasable","19":"product-type-simple","20":"add-to-wishlist-after_add_to_cart"},"yoast_head":"<!-- This site is optimized with the Yoast SEO plugin v25.6 - https:\/\/yoast.com\/wordpress\/plugins\/seo\/ -->\n<title>LA DIVINA COMEDIA PLATA - Joya de Arte<\/title>\n<meta name=\"description\" content=\"Anillo Divina Comedia Plata ley. Una joya que representa el viaje del h\u00e9roe y la lucha por la luz. Dise\u00f1o ajustable para almas en evoluci\u00f3n.\u00bfTe gustar\u00eda que redactara la descripci\u00f3n de alguna pieza complementaria como el Anillo Infierno o el Dije Para\u00edso?\" \/>\n<meta name=\"robots\" content=\"index, follow, max-snippet:-1, max-image-preview:large, max-video-preview:-1\" \/>\n<link rel=\"canonical\" href=\"https:\/\/joyadearte.com\/en\/product\/anillo-divina-comedia-plata\/\" \/>\n<meta property=\"og:locale\" content=\"en_US\" \/>\n<meta property=\"og:type\" content=\"article\" \/>\n<meta property=\"og:title\" content=\"LA DIVINA COMEDIA PLATA - Joya de Arte\" \/>\n<meta property=\"og:description\" content=\"Anillo Divina Comedia Plata ley. Una joya que representa el viaje del h\u00e9roe y la lucha por la luz. Dise\u00f1o ajustable para almas en evoluci\u00f3n.\u00bfTe gustar\u00eda que redactara la descripci\u00f3n de alguna pieza complementaria como el Anillo Infierno o el Dije Para\u00edso?\" \/>\n<meta property=\"og:url\" content=\"https:\/\/joyadearte.com\/en\/product\/anillo-divina-comedia-plata\/\" \/>\n<meta property=\"og:site_name\" content=\"Joya de Arte\" \/>\n<meta property=\"article:publisher\" content=\"https:\/\/www.facebook.com\/SandraCepedajoyadearte\/\" \/>\n<meta property=\"article:modified_time\" content=\"2026-04-04T00:56:09+00:00\" \/>\n<meta property=\"og:image\" content=\"https:\/\/joyadearte.com\/wp-content\/uploads\/2019\/06\/anillos_DSC6852.jpg\" \/>\n\t<meta property=\"og:image:width\" content=\"1620\" \/>\n\t<meta property=\"og:image:height\" content=\"1080\" \/>\n\t<meta property=\"og:image:type\" content=\"image\/jpeg\" \/>\n<meta name=\"twitter:card\" content=\"summary_large_image\" \/>\n<meta name=\"twitter:label1\" content=\"Est. reading time\" \/>\n\t<meta name=\"twitter:data1\" content=\"1 minute\" \/>\n<script type=\"application\/ld+json\" class=\"yoast-schema-graph\">{\"@context\":\"https:\/\/schema.org\",\"@graph\":[{\"@type\":\"WebPage\",\"@id\":\"https:\/\/joyadearte.com\/product\/anillo-divina-comedia-plata\/\",\"url\":\"https:\/\/joyadearte.com\/product\/anillo-divina-comedia-plata\/\",\"name\":\"LA DIVINA COMEDIA PLATA - Joya de Arte\",\"isPartOf\":{\"@id\":\"https:\/\/joyadearte.com\/en\/#website\"},\"primaryImageOfPage\":{\"@id\":\"https:\/\/joyadearte.com\/product\/anillo-divina-comedia-plata\/#primaryimage\"},\"image\":{\"@id\":\"https:\/\/joyadearte.com\/product\/anillo-divina-comedia-plata\/#primaryimage\"},\"thumbnailUrl\":\"https:\/\/joyadearte.com\/wp-content\/uploads\/2019\/06\/anillos_DSC6852.jpg\",\"datePublished\":\"2019-06-29T20:07:48+00:00\",\"dateModified\":\"2026-04-04T00:56:09+00:00\",\"description\":\"Anillo Divina Comedia Plata ley. Una joya que representa el viaje del h\u00e9roe y la lucha por la luz. Dise\u00f1o ajustable para almas en evoluci\u00f3n.\u00bfTe gustar\u00eda que redactara la descripci\u00f3n de alguna pieza complementaria como el Anillo Infierno o el Dije Para\u00edso?\",\"breadcrumb\":{\"@id\":\"https:\/\/joyadearte.com\/product\/anillo-divina-comedia-plata\/#breadcrumb\"},\"inLanguage\":\"en-US\",\"potentialAction\":[{\"@type\":\"ReadAction\",\"target\":[\"https:\/\/joyadearte.com\/product\/anillo-divina-comedia-plata\/\"]}]},{\"@type\":\"ImageObject\",\"inLanguage\":\"en-US\",\"@id\":\"https:\/\/joyadearte.com\/product\/anillo-divina-comedia-plata\/#primaryimage\",\"url\":\"https:\/\/joyadearte.com\/wp-content\/uploads\/2019\/06\/anillos_DSC6852.jpg\",\"contentUrl\":\"https:\/\/joyadearte.com\/wp-content\/uploads\/2019\/06\/anillos_DSC6852.jpg\",\"width\":1620,\"height\":1080,\"caption\":\"Anillo Divina Comedia Plata\"},{\"@type\":\"BreadcrumbList\",\"@id\":\"https:\/\/joyadearte.com\/product\/anillo-divina-comedia-plata\/#breadcrumb\",\"itemListElement\":[{\"@type\":\"ListItem\",\"position\":1,\"name\":\"Portada\",\"item\":\"https:\/\/joyadearte.com\/\"},{\"@type\":\"ListItem\",\"position\":2,\"name\":\"Tienda\",\"item\":\"https:\/\/joyadearte.com\/tienda\/\"},{\"@type\":\"ListItem\",\"position\":3,\"name\":\"LA DIVINA COMEDIA PLATA\"}]},{\"@type\":\"WebSite\",\"@id\":\"https:\/\/joyadearte.com\/en\/#website\",\"url\":\"https:\/\/joyadearte.com\/en\/\",\"name\":\"Joya de Arte\",\"description\":\"Joya de Arte by Sandra Cepeda\",\"publisher\":{\"@id\":\"https:\/\/joyadearte.com\/en\/#organization\"},\"potentialAction\":[{\"@type\":\"SearchAction\",\"target\":{\"@type\":\"EntryPoint\",\"urlTemplate\":\"https:\/\/joyadearte.com\/en\/?s={search_term_string}\"},\"query-input\":{\"@type\":\"PropertyValueSpecification\",\"valueRequired\":true,\"valueName\":\"search_term_string\"}}],\"inLanguage\":\"en-US\"},{\"@type\":\"Organization\",\"@id\":\"https:\/\/joyadearte.com\/en\/#organization\",\"name\":\"Joya de Arte\",\"url\":\"https:\/\/joyadearte.com\/en\/\",\"logo\":{\"@type\":\"ImageObject\",\"inLanguage\":\"en-US\",\"@id\":\"https:\/\/joyadearte.com\/en\/#\/schema\/logo\/image\/\",\"url\":\"https:\/\/joyadearte.com\/wp-content\/uploads\/2020\/08\/WhatsApp-Image-2020-08-13-at-8.15.09-PM.jpeg\",\"contentUrl\":\"https:\/\/joyadearte.com\/wp-content\/uploads\/2020\/08\/WhatsApp-Image-2020-08-13-at-8.15.09-PM.jpeg\",\"width\":1280,\"height\":1280,\"caption\":\"Joya de Arte\"},\"image\":{\"@id\":\"https:\/\/joyadearte.com\/en\/#\/schema\/logo\/image\/\"},\"sameAs\":[\"https:\/\/www.facebook.com\/SandraCepedajoyadearte\/\",\"https:\/\/www.instagram.com\/joyadearte_sandracepeda\/\",\"https:\/\/es.wikipedia.org\/wiki\/Sandra_Cepeda\"]}]}<\/script>\n<!-- \/ Yoast SEO plugin. -->","yoast_head_json":{"title":"LA DIVINA COMEDIA PLATA - Joya de Arte","description":"Anillo Divina Comedia Plata ley. Una joya que representa el viaje del h\u00e9roe y la lucha por la luz. Dise\u00f1o ajustable para almas en evoluci\u00f3n.\u00bfTe gustar\u00eda que redactara la descripci\u00f3n de alguna pieza complementaria como el Anillo Infierno o el Dije Para\u00edso?","robots":{"index":"index","follow":"follow","max-snippet":"max-snippet:-1","max-image-preview":"max-image-preview:large","max-video-preview":"max-video-preview:-1"},"canonical":"https:\/\/joyadearte.com\/en\/product\/anillo-divina-comedia-plata\/","og_locale":"en_US","og_type":"article","og_title":"LA DIVINA COMEDIA PLATA - Joya de Arte","og_description":"Anillo Divina Comedia Plata ley. Una joya que representa el viaje del h\u00e9roe y la lucha por la luz. Dise\u00f1o ajustable para almas en evoluci\u00f3n.\u00bfTe gustar\u00eda que redactara la descripci\u00f3n de alguna pieza complementaria como el Anillo Infierno o el Dije Para\u00edso?","og_url":"https:\/\/joyadearte.com\/en\/product\/anillo-divina-comedia-plata\/","og_site_name":"Joya de Arte","article_publisher":"https:\/\/www.facebook.com\/SandraCepedajoyadearte\/","article_modified_time":"2026-04-04T00:56:09+00:00","og_image":[{"width":1620,"height":1080,"url":"https:\/\/joyadearte.com\/wp-content\/uploads\/2019\/06\/anillos_DSC6852.jpg","type":"image\/jpeg"}],"twitter_card":"summary_large_image","twitter_misc":{"Est. reading time":"1 minute"},"schema":{"@context":"https:\/\/schema.org","@graph":[{"@type":"WebPage","@id":"https:\/\/joyadearte.com\/product\/anillo-divina-comedia-plata\/","url":"https:\/\/joyadearte.com\/product\/anillo-divina-comedia-plata\/","name":"LA DIVINA COMEDIA PLATA - Joya de Arte","isPartOf":{"@id":"https:\/\/joyadearte.com\/en\/#website"},"primaryImageOfPage":{"@id":"https:\/\/joyadearte.com\/product\/anillo-divina-comedia-plata\/#primaryimage"},"image":{"@id":"https:\/\/joyadearte.com\/product\/anillo-divina-comedia-plata\/#primaryimage"},"thumbnailUrl":"https:\/\/joyadearte.com\/wp-content\/uploads\/2019\/06\/anillos_DSC6852.jpg","datePublished":"2019-06-29T20:07:48+00:00","dateModified":"2026-04-04T00:56:09+00:00","description":"Anillo Divina Comedia Plata ley. Una joya que representa el viaje del h\u00e9roe y la lucha por la luz. Dise\u00f1o ajustable para almas en evoluci\u00f3n.\u00bfTe gustar\u00eda que redactara la descripci\u00f3n de alguna pieza complementaria como el Anillo Infierno o el Dije Para\u00edso?","breadcrumb":{"@id":"https:\/\/joyadearte.com\/product\/anillo-divina-comedia-plata\/#breadcrumb"},"inLanguage":"en-US","potentialAction":[{"@type":"ReadAction","target":["https:\/\/joyadearte.com\/product\/anillo-divina-comedia-plata\/"]}]},{"@type":"ImageObject","inLanguage":"en-US","@id":"https:\/\/joyadearte.com\/product\/anillo-divina-comedia-plata\/#primaryimage","url":"https:\/\/joyadearte.com\/wp-content\/uploads\/2019\/06\/anillos_DSC6852.jpg","contentUrl":"https:\/\/joyadearte.com\/wp-content\/uploads\/2019\/06\/anillos_DSC6852.jpg","width":1620,"height":1080,"caption":"Anillo Divina Comedia Plata"},{"@type":"BreadcrumbList","@id":"https:\/\/joyadearte.com\/product\/anillo-divina-comedia-plata\/#breadcrumb","itemListElement":[{"@type":"ListItem","position":1,"name":"Portada","item":"https:\/\/joyadearte.com\/"},{"@type":"ListItem","position":2,"name":"Tienda","item":"https:\/\/joyadearte.com\/tienda\/"},{"@type":"ListItem","position":3,"name":"LA DIVINA COMEDIA PLATA"}]},{"@type":"WebSite","@id":"https:\/\/joyadearte.com\/en\/#website","url":"https:\/\/joyadearte.com\/en\/","name":"Jewel of Art","description":"Jewel of Art by Sandra Cepeda","publisher":{"@id":"https:\/\/joyadearte.com\/en\/#organization"},"potentialAction":[{"@type":"SearchAction","target":{"@type":"EntryPoint","urlTemplate":"https:\/\/joyadearte.com\/en\/?s={search_term_string}"},"query-input":{"@type":"PropertyValueSpecification","valueRequired":true,"valueName":"search_term_string"}}],"inLanguage":"en-US"},{"@type":"Organization","@id":"https:\/\/joyadearte.com\/en\/#organization","name":"Jewel of Art","url":"https:\/\/joyadearte.com\/en\/","logo":{"@type":"ImageObject","inLanguage":"en-US","@id":"https:\/\/joyadearte.com\/en\/#\/schema\/logo\/image\/","url":"https:\/\/joyadearte.com\/wp-content\/uploads\/2020\/08\/WhatsApp-Image-2020-08-13-at-8.15.09-PM.jpeg","contentUrl":"https:\/\/joyadearte.com\/wp-content\/uploads\/2020\/08\/WhatsApp-Image-2020-08-13-at-8.15.09-PM.jpeg","width":1280,"height":1280,"caption":"Joya de Arte"},"image":{"@id":"https:\/\/joyadearte.com\/en\/#\/schema\/logo\/image\/"},"sameAs":["https:\/\/www.facebook.com\/SandraCepedajoyadearte\/","https:\/\/www.instagram.com\/joyadearte_sandracepeda\/","https:\/\/es.wikipedia.org\/wiki\/Sandra_Cepeda"]}]}},"jetpack_sharing_enabled":true,"_links":{"self":[{"href":"https:\/\/joyadearte.com\/en\/wp-json\/wp\/v2\/product\/608","targetHints":{"allow":["GET"]}}],"collection":[{"href":"https:\/\/joyadearte.com\/en\/wp-json\/wp\/v2\/product"}],"about":[{"href":"https:\/\/joyadearte.com\/en\/wp-json\/wp\/v2\/types\/product"}],"replies":[{"embeddable":true,"href":"https:\/\/joyadearte.com\/en\/wp-json\/wp\/v2\/comments?post=608"}],"wp:featuredmedia":[{"embeddable":true,"href":"https:\/\/joyadearte.com\/en\/wp-json\/wp\/v2\/media\/312"}],"wp:attachment":[{"href":"https:\/\/joyadearte.com\/en\/wp-json\/wp\/v2\/media?parent=608"}],"wp:term":[{"taxonomy":"product_brand","embeddable":true,"href":"https:\/\/joyadearte.com\/en\/wp-json\/wp\/v2\/product_brand?post=608"},{"taxonomy":"product_cat","embeddable":true,"href":"https:\/\/joyadearte.com\/en\/wp-json\/wp\/v2\/product_cat?post=608"},{"taxonomy":"product_tag","embeddable":true,"href":"https:\/\/joyadearte.com\/en\/wp-json\/wp\/v2\/product_tag?post=608"}],"curies":[{"name":"wp","href":"https:\/\/api.w.org\/{rel}","templated":true}]}}