{"id":601,"date":"2019-06-29T22:07:46","date_gmt":"2019-06-29T20:07:46","guid":{"rendered":"http:\/\/joyadearte.com\/product\/anillo-6\/"},"modified":"2026-04-04T03:00:58","modified_gmt":"2026-04-04T01:00:58","slug":"mandragora-69","status":"publish","type":"product","link":"https:\/\/joyadearte.com\/en\/product\/mandragora-69\/","title":{"rendered":"MANDRAKE 69"},"content":{"rendered":"<p>Root of Mystery<\/p>\n<p>Awaken the power of the hidden. This ring captures the essence of the Mandrake, the quintessential mystical plant, renowned in alchemy for its human-like shape and magical properties. How can you wear an ancestral secret? Its adjustable design features organic reliefs that evoke the roots of the earth and the duality between life and mysticism. A signature piece created for souls who resonate with the esoteric, transforming a botanical legend into a symbol of protection and connection with the unknown.<\/p>\n<p>Adjustable size from 4 to 8.<\/p>","protected":false},"excerpt":{"rendered":"<p>Material: Gold plated 10k on silver .925 or Silver .950<\/p>\n<p>Adjustable ring size 4 to 8<\/p>","protected":false},"featured_media":344,"comment_status":"open","ping_status":"closed","template":"","meta":{"_monsterinsights_skip_tracking":false,"_monsterinsights_sitenote_active":false,"_monsterinsights_sitenote_note":"","_monsterinsights_sitenote_category":0},"product_brand":[],"product_cat":[17,26,18,118,32],"product_tag":[78],"class_list":{"0":"post-601","1":"product","2":"type-product","3":"status-publish","4":"has-post-thumbnail","6":"product_cat-colecciones","7":"product_cat-mandragora","8":"product_cat-piezas","9":"product_cat-oro-10k","10":"product_cat-anillos","11":"product_tag-descuento","13":"first","14":"instock","15":"sale","16":"shipping-taxable","17":"purchasable","18":"product-type-variable","19":"add-to-wishlist-after_add_to_cart"},"yoast_head":"<!-- This site is optimized with the Yoast SEO plugin v25.6 - https:\/\/yoast.com\/wordpress\/plugins\/seo\/ -->\n<title>MANDR\u00c1GORA 69 - Joya de Arte<\/title>\n<meta name=\"description\" content=\"Anillo Mandr\u00e1gora 69. Dise\u00f1o ajustable inspirado en la alquimia y la bot\u00e1nica oculta. Una joya m\u00edstica para quienes conectan con lo ancestral.\" \/>\n<meta name=\"robots\" content=\"index, follow, max-snippet:-1, max-image-preview:large, max-video-preview:-1\" \/>\n<link rel=\"canonical\" href=\"https:\/\/joyadearte.com\/en\/product\/mandragora-69\/\" \/>\n<meta property=\"og:locale\" content=\"en_US\" \/>\n<meta property=\"og:type\" content=\"article\" \/>\n<meta property=\"og:title\" content=\"MANDR\u00c1GORA 69 - Joya de Arte\" \/>\n<meta property=\"og:description\" content=\"Anillo Mandr\u00e1gora 69. Dise\u00f1o ajustable inspirado en la alquimia y la bot\u00e1nica oculta. Una joya m\u00edstica para quienes conectan con lo ancestral.\" \/>\n<meta property=\"og:url\" content=\"https:\/\/joyadearte.com\/en\/product\/mandragora-69\/\" \/>\n<meta property=\"og:site_name\" content=\"Joya de Arte\" \/>\n<meta property=\"article:publisher\" content=\"https:\/\/www.facebook.com\/SandraCepedajoyadearte\/\" \/>\n<meta property=\"article:modified_time\" content=\"2026-04-04T01:00:58+00:00\" \/>\n<meta property=\"og:image\" content=\"https:\/\/joyadearte.com\/wp-content\/uploads\/2019\/06\/anillos_DSC6207.jpg\" \/>\n\t<meta property=\"og:image:width\" content=\"1620\" \/>\n\t<meta property=\"og:image:height\" content=\"1080\" \/>\n\t<meta property=\"og:image:type\" content=\"image\/jpeg\" \/>\n<meta name=\"twitter:card\" content=\"summary_large_image\" \/>\n<meta name=\"twitter:label1\" content=\"Est. reading time\" \/>\n\t<meta name=\"twitter:data1\" content=\"1 minute\" \/>\n<script type=\"application\/ld+json\" class=\"yoast-schema-graph\">{\"@context\":\"https:\/\/schema.org\",\"@graph\":[{\"@type\":\"WebPage\",\"@id\":\"https:\/\/joyadearte.com\/product\/mandragora-69\/\",\"url\":\"https:\/\/joyadearte.com\/product\/mandragora-69\/\",\"name\":\"MANDR\u00c1GORA 69 - Joya de Arte\",\"isPartOf\":{\"@id\":\"https:\/\/joyadearte.com\/en\/#website\"},\"primaryImageOfPage\":{\"@id\":\"https:\/\/joyadearte.com\/product\/mandragora-69\/#primaryimage\"},\"image\":{\"@id\":\"https:\/\/joyadearte.com\/product\/mandragora-69\/#primaryimage\"},\"thumbnailUrl\":\"https:\/\/joyadearte.com\/wp-content\/uploads\/2019\/06\/anillos_DSC6207.jpg\",\"datePublished\":\"2019-06-29T20:07:46+00:00\",\"dateModified\":\"2026-04-04T01:00:58+00:00\",\"description\":\"Anillo Mandr\u00e1gora 69. Dise\u00f1o ajustable inspirado en la alquimia y la bot\u00e1nica oculta. Una joya m\u00edstica para quienes conectan con lo ancestral.\",\"breadcrumb\":{\"@id\":\"https:\/\/joyadearte.com\/product\/mandragora-69\/#breadcrumb\"},\"inLanguage\":\"en-US\",\"potentialAction\":[{\"@type\":\"ReadAction\",\"target\":[\"https:\/\/joyadearte.com\/product\/mandragora-69\/\"]}]},{\"@type\":\"ImageObject\",\"inLanguage\":\"en-US\",\"@id\":\"https:\/\/joyadearte.com\/product\/mandragora-69\/#primaryimage\",\"url\":\"https:\/\/joyadearte.com\/wp-content\/uploads\/2019\/06\/anillos_DSC6207.jpg\",\"contentUrl\":\"https:\/\/joyadearte.com\/wp-content\/uploads\/2019\/06\/anillos_DSC6207.jpg\",\"width\":1620,\"height\":1080,\"caption\":\"Anillo Mandr\u00e1gora 69\"},{\"@type\":\"BreadcrumbList\",\"@id\":\"https:\/\/joyadearte.com\/product\/mandragora-69\/#breadcrumb\",\"itemListElement\":[{\"@type\":\"ListItem\",\"position\":1,\"name\":\"Portada\",\"item\":\"https:\/\/joyadearte.com\/\"},{\"@type\":\"ListItem\",\"position\":2,\"name\":\"Tienda\",\"item\":\"https:\/\/joyadearte.com\/tienda\/\"},{\"@type\":\"ListItem\",\"position\":3,\"name\":\"MANDR\u00c1GORA 69\"}]},{\"@type\":\"WebSite\",\"@id\":\"https:\/\/joyadearte.com\/en\/#website\",\"url\":\"https:\/\/joyadearte.com\/en\/\",\"name\":\"Joya de Arte\",\"description\":\"Joya de Arte by Sandra Cepeda\",\"publisher\":{\"@id\":\"https:\/\/joyadearte.com\/en\/#organization\"},\"potentialAction\":[{\"@type\":\"SearchAction\",\"target\":{\"@type\":\"EntryPoint\",\"urlTemplate\":\"https:\/\/joyadearte.com\/en\/?s={search_term_string}\"},\"query-input\":{\"@type\":\"PropertyValueSpecification\",\"valueRequired\":true,\"valueName\":\"search_term_string\"}}],\"inLanguage\":\"en-US\"},{\"@type\":\"Organization\",\"@id\":\"https:\/\/joyadearte.com\/en\/#organization\",\"name\":\"Joya de Arte\",\"url\":\"https:\/\/joyadearte.com\/en\/\",\"logo\":{\"@type\":\"ImageObject\",\"inLanguage\":\"en-US\",\"@id\":\"https:\/\/joyadearte.com\/en\/#\/schema\/logo\/image\/\",\"url\":\"https:\/\/joyadearte.com\/wp-content\/uploads\/2020\/08\/WhatsApp-Image-2020-08-13-at-8.15.09-PM.jpeg\",\"contentUrl\":\"https:\/\/joyadearte.com\/wp-content\/uploads\/2020\/08\/WhatsApp-Image-2020-08-13-at-8.15.09-PM.jpeg\",\"width\":1280,\"height\":1280,\"caption\":\"Joya de Arte\"},\"image\":{\"@id\":\"https:\/\/joyadearte.com\/en\/#\/schema\/logo\/image\/\"},\"sameAs\":[\"https:\/\/www.facebook.com\/SandraCepedajoyadearte\/\",\"https:\/\/www.instagram.com\/joyadearte_sandracepeda\/\",\"https:\/\/es.wikipedia.org\/wiki\/Sandra_Cepeda\"]}]}<\/script>\n<!-- \/ Yoast SEO plugin. -->","yoast_head_json":{"title":"MANDR\u00c1GORA 69 - Joya de Arte","description":"Anillo Mandr\u00e1gora 69. Dise\u00f1o ajustable inspirado en la alquimia y la bot\u00e1nica oculta. Una joya m\u00edstica para quienes conectan con lo ancestral.","robots":{"index":"index","follow":"follow","max-snippet":"max-snippet:-1","max-image-preview":"max-image-preview:large","max-video-preview":"max-video-preview:-1"},"canonical":"https:\/\/joyadearte.com\/en\/product\/mandragora-69\/","og_locale":"en_US","og_type":"article","og_title":"MANDR\u00c1GORA 69 - Joya de Arte","og_description":"Anillo Mandr\u00e1gora 69. Dise\u00f1o ajustable inspirado en la alquimia y la bot\u00e1nica oculta. Una joya m\u00edstica para quienes conectan con lo ancestral.","og_url":"https:\/\/joyadearte.com\/en\/product\/mandragora-69\/","og_site_name":"Joya de Arte","article_publisher":"https:\/\/www.facebook.com\/SandraCepedajoyadearte\/","article_modified_time":"2026-04-04T01:00:58+00:00","og_image":[{"width":1620,"height":1080,"url":"https:\/\/joyadearte.com\/wp-content\/uploads\/2019\/06\/anillos_DSC6207.jpg","type":"image\/jpeg"}],"twitter_card":"summary_large_image","twitter_misc":{"Est. reading time":"1 minute"},"schema":{"@context":"https:\/\/schema.org","@graph":[{"@type":"WebPage","@id":"https:\/\/joyadearte.com\/product\/mandragora-69\/","url":"https:\/\/joyadearte.com\/product\/mandragora-69\/","name":"MANDR\u00c1GORA 69 - Joya de Arte","isPartOf":{"@id":"https:\/\/joyadearte.com\/en\/#website"},"primaryImageOfPage":{"@id":"https:\/\/joyadearte.com\/product\/mandragora-69\/#primaryimage"},"image":{"@id":"https:\/\/joyadearte.com\/product\/mandragora-69\/#primaryimage"},"thumbnailUrl":"https:\/\/joyadearte.com\/wp-content\/uploads\/2019\/06\/anillos_DSC6207.jpg","datePublished":"2019-06-29T20:07:46+00:00","dateModified":"2026-04-04T01:00:58+00:00","description":"Anillo Mandr\u00e1gora 69. Dise\u00f1o ajustable inspirado en la alquimia y la bot\u00e1nica oculta. Una joya m\u00edstica para quienes conectan con lo ancestral.","breadcrumb":{"@id":"https:\/\/joyadearte.com\/product\/mandragora-69\/#breadcrumb"},"inLanguage":"en-US","potentialAction":[{"@type":"ReadAction","target":["https:\/\/joyadearte.com\/product\/mandragora-69\/"]}]},{"@type":"ImageObject","inLanguage":"en-US","@id":"https:\/\/joyadearte.com\/product\/mandragora-69\/#primaryimage","url":"https:\/\/joyadearte.com\/wp-content\/uploads\/2019\/06\/anillos_DSC6207.jpg","contentUrl":"https:\/\/joyadearte.com\/wp-content\/uploads\/2019\/06\/anillos_DSC6207.jpg","width":1620,"height":1080,"caption":"Anillo Mandr\u00e1gora 69"},{"@type":"BreadcrumbList","@id":"https:\/\/joyadearte.com\/product\/mandragora-69\/#breadcrumb","itemListElement":[{"@type":"ListItem","position":1,"name":"Portada","item":"https:\/\/joyadearte.com\/"},{"@type":"ListItem","position":2,"name":"Tienda","item":"https:\/\/joyadearte.com\/tienda\/"},{"@type":"ListItem","position":3,"name":"MANDR\u00c1GORA 69"}]},{"@type":"WebSite","@id":"https:\/\/joyadearte.com\/en\/#website","url":"https:\/\/joyadearte.com\/en\/","name":"Jewel of Art","description":"Jewel of Art by Sandra Cepeda","publisher":{"@id":"https:\/\/joyadearte.com\/en\/#organization"},"potentialAction":[{"@type":"SearchAction","target":{"@type":"EntryPoint","urlTemplate":"https:\/\/joyadearte.com\/en\/?s={search_term_string}"},"query-input":{"@type":"PropertyValueSpecification","valueRequired":true,"valueName":"search_term_string"}}],"inLanguage":"en-US"},{"@type":"Organization","@id":"https:\/\/joyadearte.com\/en\/#organization","name":"Jewel of Art","url":"https:\/\/joyadearte.com\/en\/","logo":{"@type":"ImageObject","inLanguage":"en-US","@id":"https:\/\/joyadearte.com\/en\/#\/schema\/logo\/image\/","url":"https:\/\/joyadearte.com\/wp-content\/uploads\/2020\/08\/WhatsApp-Image-2020-08-13-at-8.15.09-PM.jpeg","contentUrl":"https:\/\/joyadearte.com\/wp-content\/uploads\/2020\/08\/WhatsApp-Image-2020-08-13-at-8.15.09-PM.jpeg","width":1280,"height":1280,"caption":"Joya de Arte"},"image":{"@id":"https:\/\/joyadearte.com\/en\/#\/schema\/logo\/image\/"},"sameAs":["https:\/\/www.facebook.com\/SandraCepedajoyadearte\/","https:\/\/www.instagram.com\/joyadearte_sandracepeda\/","https:\/\/es.wikipedia.org\/wiki\/Sandra_Cepeda"]}]}},"jetpack_sharing_enabled":true,"_links":{"self":[{"href":"https:\/\/joyadearte.com\/en\/wp-json\/wp\/v2\/product\/601","targetHints":{"allow":["GET"]}}],"collection":[{"href":"https:\/\/joyadearte.com\/en\/wp-json\/wp\/v2\/product"}],"about":[{"href":"https:\/\/joyadearte.com\/en\/wp-json\/wp\/v2\/types\/product"}],"replies":[{"embeddable":true,"href":"https:\/\/joyadearte.com\/en\/wp-json\/wp\/v2\/comments?post=601"}],"wp:featuredmedia":[{"embeddable":true,"href":"https:\/\/joyadearte.com\/en\/wp-json\/wp\/v2\/media\/344"}],"wp:attachment":[{"href":"https:\/\/joyadearte.com\/en\/wp-json\/wp\/v2\/media?parent=601"}],"wp:term":[{"taxonomy":"product_brand","embeddable":true,"href":"https:\/\/joyadearte.com\/en\/wp-json\/wp\/v2\/product_brand?post=601"},{"taxonomy":"product_cat","embeddable":true,"href":"https:\/\/joyadearte.com\/en\/wp-json\/wp\/v2\/product_cat?post=601"},{"taxonomy":"product_tag","embeddable":true,"href":"https:\/\/joyadearte.com\/en\/wp-json\/wp\/v2\/product_tag?post=601"}],"curies":[{"name":"wp","href":"https:\/\/api.w.org\/{rel}","templated":true}]}}