{"id":2956,"date":"2025-10-11T02:43:21","date_gmt":"2025-10-11T00:43:21","guid":{"rendered":"https:\/\/joyadearte.com\/?post_type=product&#038;p=2956"},"modified":"2026-04-03T00:34:57","modified_gmt":"2026-04-02T22:34:57","slug":"gatitos-cosmicos-plata","status":"publish","type":"product","link":"https:\/\/joyadearte.com\/en\/product\/gatitos-cosmicos-plata\/","title":{"rendered":"SILVER COSMIC CATS"},"content":{"rendered":"<p>The Amulet of Instinct<\/p>\n<p>Cats do not dwell in a single plane; they walk between the visible and the sacred. These totems are fragments of a distant constellation, designed to rest upon your skin and awaken your deepest intuition. It is jewelry for the woman who does not fear her own mystery. A declaration of independence that fuses feline curiosity with the expansion of the cosmos. It is not merely an accessory \u2014 it is your most mystical reflection.<\/p>\n<p>Includes two pairs of earrings.<\/p>","protected":false},"excerpt":{"rendered":"<p>Material: Gold plated 10k on silver .925 or Silver .950<\/p>","protected":false},"featured_media":2957,"comment_status":"open","ping_status":"closed","template":"","meta":{"_monsterinsights_skip_tracking":false,"_monsterinsights_sitenote_active":false,"_monsterinsights_sitenote_note":"","_monsterinsights_sitenote_category":0},"product_brand":[],"product_cat":[17,113,117,30],"product_tag":[114],"class_list":{"0":"post-2956","1":"product","2":"type-product","3":"status-publish","4":"has-post-thumbnail","6":"product_cat-colecciones","7":"product_cat-dreamers","8":"product_cat-plata-925","9":"product_cat-aretes","10":"product_tag-nodiscount","12":"first","13":"instock","14":"shipping-taxable","15":"purchasable","16":"product-type-variable","17":"add-to-wishlist-after_add_to_cart"},"yoast_head":"<!-- This site is optimized with the Yoast SEO plugin v25.6 - https:\/\/yoast.com\/wordpress\/plugins\/seo\/ -->\n<title>GATITOS C\u00d3SMICOS PLATA - Joya de Arte<\/title>\n<meta name=\"description\" content=\"Es joyer\u00eda para la mujer que no teme a su propio misterio. Una declaraci\u00f3n de independencia que fusiona la curiosidad del felino con la expansi\u00f3n del cosmos. No es solo un accesorio, es tu reflejo m\u00e1s m\u00edstico.\" \/>\n<meta name=\"robots\" content=\"index, follow, max-snippet:-1, max-image-preview:large, max-video-preview:-1\" \/>\n<link rel=\"canonical\" href=\"https:\/\/joyadearte.com\/en\/product\/gatitos-cosmicos-plata\/\" \/>\n<meta property=\"og:locale\" content=\"en_US\" \/>\n<meta property=\"og:type\" content=\"article\" \/>\n<meta property=\"og:title\" content=\"GATITOS C\u00d3SMICOS PLATA - Joya de Arte\" \/>\n<meta property=\"og:description\" content=\"Es joyer\u00eda para la mujer que no teme a su propio misterio. Una declaraci\u00f3n de independencia que fusiona la curiosidad del felino con la expansi\u00f3n del cosmos. No es solo un accesorio, es tu reflejo m\u00e1s m\u00edstico.\" \/>\n<meta property=\"og:url\" content=\"https:\/\/joyadearte.com\/en\/product\/gatitos-cosmicos-plata\/\" \/>\n<meta property=\"og:site_name\" content=\"Joya de Arte\" \/>\n<meta property=\"article:publisher\" content=\"https:\/\/www.facebook.com\/SandraCepedajoyadearte\/\" \/>\n<meta property=\"article:modified_time\" content=\"2026-04-02T22:34:57+00:00\" \/>\n<meta property=\"og:image\" content=\"https:\/\/joyadearte.com\/wp-content\/uploads\/2025\/10\/JA_Aretes_Gato1.jpg\" \/>\n\t<meta property=\"og:image:width\" content=\"1200\" \/>\n\t<meta property=\"og:image:height\" content=\"900\" \/>\n\t<meta property=\"og:image:type\" content=\"image\/jpeg\" \/>\n<meta name=\"twitter:card\" content=\"summary_large_image\" \/>\n<meta name=\"twitter:label1\" content=\"Est. reading time\" \/>\n\t<meta name=\"twitter:data1\" content=\"1 minute\" \/>\n<script type=\"application\/ld+json\" class=\"yoast-schema-graph\">{\"@context\":\"https:\/\/schema.org\",\"@graph\":[{\"@type\":\"WebPage\",\"@id\":\"https:\/\/joyadearte.com\/product\/gatitos-cosmicos-plata\/\",\"url\":\"https:\/\/joyadearte.com\/product\/gatitos-cosmicos-plata\/\",\"name\":\"GATITOS C\u00d3SMICOS PLATA - Joya de Arte\",\"isPartOf\":{\"@id\":\"https:\/\/joyadearte.com\/en\/#website\"},\"primaryImageOfPage\":{\"@id\":\"https:\/\/joyadearte.com\/product\/gatitos-cosmicos-plata\/#primaryimage\"},\"image\":{\"@id\":\"https:\/\/joyadearte.com\/product\/gatitos-cosmicos-plata\/#primaryimage\"},\"thumbnailUrl\":\"https:\/\/joyadearte.com\/wp-content\/uploads\/2025\/10\/JA_Aretes_Gato1.jpg\",\"datePublished\":\"2025-10-11T00:43:21+00:00\",\"dateModified\":\"2026-04-02T22:34:57+00:00\",\"description\":\"Es joyer\u00eda para la mujer que no teme a su propio misterio. Una declaraci\u00f3n de independencia que fusiona la curiosidad del felino con la expansi\u00f3n del cosmos. No es solo un accesorio, es tu reflejo m\u00e1s m\u00edstico.\",\"breadcrumb\":{\"@id\":\"https:\/\/joyadearte.com\/product\/gatitos-cosmicos-plata\/#breadcrumb\"},\"inLanguage\":\"en-US\",\"potentialAction\":[{\"@type\":\"ReadAction\",\"target\":[\"https:\/\/joyadearte.com\/product\/gatitos-cosmicos-plata\/\"]}]},{\"@type\":\"ImageObject\",\"inLanguage\":\"en-US\",\"@id\":\"https:\/\/joyadearte.com\/product\/gatitos-cosmicos-plata\/#primaryimage\",\"url\":\"https:\/\/joyadearte.com\/wp-content\/uploads\/2025\/10\/JA_Aretes_Gato1.jpg\",\"contentUrl\":\"https:\/\/joyadearte.com\/wp-content\/uploads\/2025\/10\/JA_Aretes_Gato1.jpg\",\"width\":1200,\"height\":900,\"caption\":\"Es joyer\u00eda para la mujer que no teme a su propio misterio. Una declaraci\u00f3n de independencia que fusiona la curiosidad del felino con la expansi\u00f3n del cosmos. No es solo un accesorio, es tu reflejo m\u00e1s m\u00edstico.\"},{\"@type\":\"BreadcrumbList\",\"@id\":\"https:\/\/joyadearte.com\/product\/gatitos-cosmicos-plata\/#breadcrumb\",\"itemListElement\":[{\"@type\":\"ListItem\",\"position\":1,\"name\":\"Portada\",\"item\":\"https:\/\/joyadearte.com\/\"},{\"@type\":\"ListItem\",\"position\":2,\"name\":\"Tienda\",\"item\":\"https:\/\/joyadearte.com\/tienda\/\"},{\"@type\":\"ListItem\",\"position\":3,\"name\":\"GATITOS C\u00d3SMICOS PLATA\"}]},{\"@type\":\"WebSite\",\"@id\":\"https:\/\/joyadearte.com\/en\/#website\",\"url\":\"https:\/\/joyadearte.com\/en\/\",\"name\":\"Joya de Arte\",\"description\":\"Joya de Arte by Sandra Cepeda\",\"publisher\":{\"@id\":\"https:\/\/joyadearte.com\/en\/#organization\"},\"potentialAction\":[{\"@type\":\"SearchAction\",\"target\":{\"@type\":\"EntryPoint\",\"urlTemplate\":\"https:\/\/joyadearte.com\/en\/?s={search_term_string}\"},\"query-input\":{\"@type\":\"PropertyValueSpecification\",\"valueRequired\":true,\"valueName\":\"search_term_string\"}}],\"inLanguage\":\"en-US\"},{\"@type\":\"Organization\",\"@id\":\"https:\/\/joyadearte.com\/en\/#organization\",\"name\":\"Joya de Arte\",\"url\":\"https:\/\/joyadearte.com\/en\/\",\"logo\":{\"@type\":\"ImageObject\",\"inLanguage\":\"en-US\",\"@id\":\"https:\/\/joyadearte.com\/en\/#\/schema\/logo\/image\/\",\"url\":\"https:\/\/joyadearte.com\/wp-content\/uploads\/2020\/08\/WhatsApp-Image-2020-08-13-at-8.15.09-PM.jpeg\",\"contentUrl\":\"https:\/\/joyadearte.com\/wp-content\/uploads\/2020\/08\/WhatsApp-Image-2020-08-13-at-8.15.09-PM.jpeg\",\"width\":1280,\"height\":1280,\"caption\":\"Joya de Arte\"},\"image\":{\"@id\":\"https:\/\/joyadearte.com\/en\/#\/schema\/logo\/image\/\"},\"sameAs\":[\"https:\/\/www.facebook.com\/SandraCepedajoyadearte\/\",\"https:\/\/www.instagram.com\/joyadearte_sandracepeda\/\",\"https:\/\/es.wikipedia.org\/wiki\/Sandra_Cepeda\"]}]}<\/script>\n<!-- \/ Yoast SEO plugin. -->","yoast_head_json":{"title":"GATITOS C\u00d3SMICOS PLATA - Joya de Arte","description":"Es joyer\u00eda para la mujer que no teme a su propio misterio. Una declaraci\u00f3n de independencia que fusiona la curiosidad del felino con la expansi\u00f3n del cosmos. No es solo un accesorio, es tu reflejo m\u00e1s m\u00edstico.","robots":{"index":"index","follow":"follow","max-snippet":"max-snippet:-1","max-image-preview":"max-image-preview:large","max-video-preview":"max-video-preview:-1"},"canonical":"https:\/\/joyadearte.com\/en\/product\/gatitos-cosmicos-plata\/","og_locale":"en_US","og_type":"article","og_title":"GATITOS C\u00d3SMICOS PLATA - Joya de Arte","og_description":"Es joyer\u00eda para la mujer que no teme a su propio misterio. Una declaraci\u00f3n de independencia que fusiona la curiosidad del felino con la expansi\u00f3n del cosmos. No es solo un accesorio, es tu reflejo m\u00e1s m\u00edstico.","og_url":"https:\/\/joyadearte.com\/en\/product\/gatitos-cosmicos-plata\/","og_site_name":"Joya de Arte","article_publisher":"https:\/\/www.facebook.com\/SandraCepedajoyadearte\/","article_modified_time":"2026-04-02T22:34:57+00:00","og_image":[{"width":1200,"height":900,"url":"https:\/\/joyadearte.com\/wp-content\/uploads\/2025\/10\/JA_Aretes_Gato1.jpg","type":"image\/jpeg"}],"twitter_card":"summary_large_image","twitter_misc":{"Est. reading time":"1 minute"},"schema":{"@context":"https:\/\/schema.org","@graph":[{"@type":"WebPage","@id":"https:\/\/joyadearte.com\/product\/gatitos-cosmicos-plata\/","url":"https:\/\/joyadearte.com\/product\/gatitos-cosmicos-plata\/","name":"GATITOS C\u00d3SMICOS PLATA - Joya de Arte","isPartOf":{"@id":"https:\/\/joyadearte.com\/en\/#website"},"primaryImageOfPage":{"@id":"https:\/\/joyadearte.com\/product\/gatitos-cosmicos-plata\/#primaryimage"},"image":{"@id":"https:\/\/joyadearte.com\/product\/gatitos-cosmicos-plata\/#primaryimage"},"thumbnailUrl":"https:\/\/joyadearte.com\/wp-content\/uploads\/2025\/10\/JA_Aretes_Gato1.jpg","datePublished":"2025-10-11T00:43:21+00:00","dateModified":"2026-04-02T22:34:57+00:00","description":"Es joyer\u00eda para la mujer que no teme a su propio misterio. Una declaraci\u00f3n de independencia que fusiona la curiosidad del felino con la expansi\u00f3n del cosmos. No es solo un accesorio, es tu reflejo m\u00e1s m\u00edstico.","breadcrumb":{"@id":"https:\/\/joyadearte.com\/product\/gatitos-cosmicos-plata\/#breadcrumb"},"inLanguage":"en-US","potentialAction":[{"@type":"ReadAction","target":["https:\/\/joyadearte.com\/product\/gatitos-cosmicos-plata\/"]}]},{"@type":"ImageObject","inLanguage":"en-US","@id":"https:\/\/joyadearte.com\/product\/gatitos-cosmicos-plata\/#primaryimage","url":"https:\/\/joyadearte.com\/wp-content\/uploads\/2025\/10\/JA_Aretes_Gato1.jpg","contentUrl":"https:\/\/joyadearte.com\/wp-content\/uploads\/2025\/10\/JA_Aretes_Gato1.jpg","width":1200,"height":900,"caption":"Es joyer\u00eda para la mujer que no teme a su propio misterio. Una declaraci\u00f3n de independencia que fusiona la curiosidad del felino con la expansi\u00f3n del cosmos. No es solo un accesorio, es tu reflejo m\u00e1s m\u00edstico."},{"@type":"BreadcrumbList","@id":"https:\/\/joyadearte.com\/product\/gatitos-cosmicos-plata\/#breadcrumb","itemListElement":[{"@type":"ListItem","position":1,"name":"Portada","item":"https:\/\/joyadearte.com\/"},{"@type":"ListItem","position":2,"name":"Tienda","item":"https:\/\/joyadearte.com\/tienda\/"},{"@type":"ListItem","position":3,"name":"GATITOS C\u00d3SMICOS PLATA"}]},{"@type":"WebSite","@id":"https:\/\/joyadearte.com\/en\/#website","url":"https:\/\/joyadearte.com\/en\/","name":"Jewel of Art","description":"Jewel of Art by Sandra Cepeda","publisher":{"@id":"https:\/\/joyadearte.com\/en\/#organization"},"potentialAction":[{"@type":"SearchAction","target":{"@type":"EntryPoint","urlTemplate":"https:\/\/joyadearte.com\/en\/?s={search_term_string}"},"query-input":{"@type":"PropertyValueSpecification","valueRequired":true,"valueName":"search_term_string"}}],"inLanguage":"en-US"},{"@type":"Organization","@id":"https:\/\/joyadearte.com\/en\/#organization","name":"Jewel of Art","url":"https:\/\/joyadearte.com\/en\/","logo":{"@type":"ImageObject","inLanguage":"en-US","@id":"https:\/\/joyadearte.com\/en\/#\/schema\/logo\/image\/","url":"https:\/\/joyadearte.com\/wp-content\/uploads\/2020\/08\/WhatsApp-Image-2020-08-13-at-8.15.09-PM.jpeg","contentUrl":"https:\/\/joyadearte.com\/wp-content\/uploads\/2020\/08\/WhatsApp-Image-2020-08-13-at-8.15.09-PM.jpeg","width":1280,"height":1280,"caption":"Joya de Arte"},"image":{"@id":"https:\/\/joyadearte.com\/en\/#\/schema\/logo\/image\/"},"sameAs":["https:\/\/www.facebook.com\/SandraCepedajoyadearte\/","https:\/\/www.instagram.com\/joyadearte_sandracepeda\/","https:\/\/es.wikipedia.org\/wiki\/Sandra_Cepeda"]}]}},"jetpack_sharing_enabled":true,"_links":{"self":[{"href":"https:\/\/joyadearte.com\/en\/wp-json\/wp\/v2\/product\/2956","targetHints":{"allow":["GET"]}}],"collection":[{"href":"https:\/\/joyadearte.com\/en\/wp-json\/wp\/v2\/product"}],"about":[{"href":"https:\/\/joyadearte.com\/en\/wp-json\/wp\/v2\/types\/product"}],"replies":[{"embeddable":true,"href":"https:\/\/joyadearte.com\/en\/wp-json\/wp\/v2\/comments?post=2956"}],"wp:featuredmedia":[{"embeddable":true,"href":"https:\/\/joyadearte.com\/en\/wp-json\/wp\/v2\/media\/2957"}],"wp:attachment":[{"href":"https:\/\/joyadearte.com\/en\/wp-json\/wp\/v2\/media?parent=2956"}],"wp:term":[{"taxonomy":"product_brand","embeddable":true,"href":"https:\/\/joyadearte.com\/en\/wp-json\/wp\/v2\/product_brand?post=2956"},{"taxonomy":"product_cat","embeddable":true,"href":"https:\/\/joyadearte.com\/en\/wp-json\/wp\/v2\/product_cat?post=2956"},{"taxonomy":"product_tag","embeddable":true,"href":"https:\/\/joyadearte.com\/en\/wp-json\/wp\/v2\/product_tag?post=2956"}],"curies":[{"name":"wp","href":"https:\/\/api.w.org\/{rel}","templated":true}]}}