{"id":2636,"date":"2023-05-26T22:10:04","date_gmt":"2023-05-26T20:10:04","guid":{"rendered":"https:\/\/joyadearte.com\/?post_type=product&#038;p=2636"},"modified":"2026-04-08T04:56:01","modified_gmt":"2026-04-08T02:56:01","slug":"anillo-nopal-plata","status":"publish","type":"product","link":"https:\/\/joyadearte.com\/en\/product\/anillo-nopal-plata\/","title":{"rendered":"Nopal Silver Ring"},"content":{"rendered":"<p>Pulse of the Earth<\/p>\n<p>Carry with you the ultimate symbol of Mexican resilience. Forged in silver, the Nopal Beat Ring fuses the strength of our roots with a bold, contemporary aesthetic. How can you wear the essence of Mexico with distinction and style? This piece answers with an adjustable design that adapts to your personality, celebrating the ability to flourish with determination.\n\nIt is the ideal tribute for those seeking meaningful signature jewelry\u2014a silver legacy that beats between tradition and avant-garde.<\/p>\n<p>Material: Silver .950<\/p>\n<p>Adjustable size from 5 to 10<\/p>","protected":false},"excerpt":{"rendered":"<p>Material: Silver .950<\/p>\n<p>Adjustable ring size 5 to 10<\/p>","protected":false},"featured_media":2637,"comment_status":"open","ping_status":"closed","template":"","meta":{"_monsterinsights_skip_tracking":false,"_monsterinsights_sitenote_active":false,"_monsterinsights_sitenote_note":"","_monsterinsights_sitenote_category":0},"product_brand":[],"product_cat":[90,18,117,32],"product_tag":[78],"class_list":{"0":"post-2636","1":"product","2":"type-product","3":"status-publish","4":"has-post-thumbnail","6":"product_cat-animal-spirit","7":"product_cat-piezas","8":"product_cat-plata-925","9":"product_cat-anillos","10":"product_tag-descuento","12":"first","13":"instock","14":"sale","15":"shipping-taxable","16":"purchasable","17":"product-type-simple","18":"add-to-wishlist-after_add_to_cart"},"yoast_head":"<!-- This site is optimized with the Yoast SEO plugin v25.6 - https:\/\/yoast.com\/wordpress\/plugins\/seo\/ -->\n<title>Anillo Nopal Plata - Joya de Arte<\/title>\n<meta name=\"description\" content=\"Anillo Nopal Beat Plata. Joyer\u00eda de plata ajustable con un estilo \u00fanico. Un dise\u00f1o sofisticado y org\u00e1nico inspirado en la resiliencia y la fuerza de M\u00e9xico.\" \/>\n<meta name=\"robots\" content=\"index, follow, max-snippet:-1, max-image-preview:large, max-video-preview:-1\" \/>\n<link rel=\"canonical\" href=\"https:\/\/joyadearte.com\/en\/product\/anillo-nopal-plata\/\" \/>\n<meta property=\"og:locale\" content=\"en_US\" \/>\n<meta property=\"og:type\" content=\"article\" \/>\n<meta property=\"og:title\" content=\"Anillo Nopal Plata - Joya de Arte\" \/>\n<meta property=\"og:description\" content=\"Anillo Nopal Beat Plata. Joyer\u00eda de plata ajustable con un estilo \u00fanico. Un dise\u00f1o sofisticado y org\u00e1nico inspirado en la resiliencia y la fuerza de M\u00e9xico.\" \/>\n<meta property=\"og:url\" content=\"https:\/\/joyadearte.com\/en\/product\/anillo-nopal-plata\/\" \/>\n<meta property=\"og:site_name\" content=\"Joya de Arte\" \/>\n<meta property=\"article:publisher\" content=\"https:\/\/www.facebook.com\/SandraCepedajoyadearte\/\" \/>\n<meta property=\"article:modified_time\" content=\"2026-04-08T02:56:01+00:00\" \/>\n<meta property=\"og:image\" content=\"https:\/\/joyadearte.com\/wp-content\/uploads\/2023\/05\/DSC5105-ok-scaled.jpg\" \/>\n\t<meta property=\"og:image:width\" content=\"2560\" \/>\n\t<meta property=\"og:image:height\" content=\"1707\" \/>\n\t<meta property=\"og:image:type\" content=\"image\/jpeg\" \/>\n<meta name=\"twitter:card\" content=\"summary_large_image\" \/>\n<meta name=\"twitter:label1\" content=\"Est. reading time\" \/>\n\t<meta name=\"twitter:data1\" content=\"1 minute\" \/>\n<script type=\"application\/ld+json\" class=\"yoast-schema-graph\">{\"@context\":\"https:\/\/schema.org\",\"@graph\":[{\"@type\":\"WebPage\",\"@id\":\"https:\/\/joyadearte.com\/product\/anillo-nopal-plata\/\",\"url\":\"https:\/\/joyadearte.com\/product\/anillo-nopal-plata\/\",\"name\":\"Anillo Nopal Plata - Joya de Arte\",\"isPartOf\":{\"@id\":\"https:\/\/joyadearte.com\/en\/#website\"},\"primaryImageOfPage\":{\"@id\":\"https:\/\/joyadearte.com\/product\/anillo-nopal-plata\/#primaryimage\"},\"image\":{\"@id\":\"https:\/\/joyadearte.com\/product\/anillo-nopal-plata\/#primaryimage\"},\"thumbnailUrl\":\"https:\/\/joyadearte.com\/wp-content\/uploads\/2023\/05\/DSC5105-ok-scaled.jpg\",\"datePublished\":\"2023-05-26T20:10:04+00:00\",\"dateModified\":\"2026-04-08T02:56:01+00:00\",\"description\":\"Anillo Nopal Beat Plata. Joyer\u00eda de plata ajustable con un estilo \u00fanico. Un dise\u00f1o sofisticado y org\u00e1nico inspirado en la resiliencia y la fuerza de M\u00e9xico.\",\"breadcrumb\":{\"@id\":\"https:\/\/joyadearte.com\/product\/anillo-nopal-plata\/#breadcrumb\"},\"inLanguage\":\"en-US\",\"potentialAction\":[{\"@type\":\"ReadAction\",\"target\":[\"https:\/\/joyadearte.com\/product\/anillo-nopal-plata\/\"]}]},{\"@type\":\"ImageObject\",\"inLanguage\":\"en-US\",\"@id\":\"https:\/\/joyadearte.com\/product\/anillo-nopal-plata\/#primaryimage\",\"url\":\"https:\/\/joyadearte.com\/wp-content\/uploads\/2023\/05\/DSC5105-ok-scaled.jpg\",\"contentUrl\":\"https:\/\/joyadearte.com\/wp-content\/uploads\/2023\/05\/DSC5105-ok-scaled.jpg\",\"width\":2560,\"height\":1707,\"caption\":\"Anillo Nopal Beat. Joyer\u00eda de plata ajustable con un estilo \u00fanico. Un dise\u00f1o sofisticado y org\u00e1nico inspirado en la resiliencia y la fuerza de M\u00e9xico.\"},{\"@type\":\"BreadcrumbList\",\"@id\":\"https:\/\/joyadearte.com\/product\/anillo-nopal-plata\/#breadcrumb\",\"itemListElement\":[{\"@type\":\"ListItem\",\"position\":1,\"name\":\"Portada\",\"item\":\"https:\/\/joyadearte.com\/\"},{\"@type\":\"ListItem\",\"position\":2,\"name\":\"Tienda\",\"item\":\"https:\/\/joyadearte.com\/tienda\/\"},{\"@type\":\"ListItem\",\"position\":3,\"name\":\"Anillo Nopal Plata\"}]},{\"@type\":\"WebSite\",\"@id\":\"https:\/\/joyadearte.com\/en\/#website\",\"url\":\"https:\/\/joyadearte.com\/en\/\",\"name\":\"Joya de Arte\",\"description\":\"Joya de Arte by Sandra Cepeda\",\"publisher\":{\"@id\":\"https:\/\/joyadearte.com\/en\/#organization\"},\"potentialAction\":[{\"@type\":\"SearchAction\",\"target\":{\"@type\":\"EntryPoint\",\"urlTemplate\":\"https:\/\/joyadearte.com\/en\/?s={search_term_string}\"},\"query-input\":{\"@type\":\"PropertyValueSpecification\",\"valueRequired\":true,\"valueName\":\"search_term_string\"}}],\"inLanguage\":\"en-US\"},{\"@type\":\"Organization\",\"@id\":\"https:\/\/joyadearte.com\/en\/#organization\",\"name\":\"Joya de Arte\",\"url\":\"https:\/\/joyadearte.com\/en\/\",\"logo\":{\"@type\":\"ImageObject\",\"inLanguage\":\"en-US\",\"@id\":\"https:\/\/joyadearte.com\/en\/#\/schema\/logo\/image\/\",\"url\":\"https:\/\/joyadearte.com\/wp-content\/uploads\/2020\/08\/WhatsApp-Image-2020-08-13-at-8.15.09-PM.jpeg\",\"contentUrl\":\"https:\/\/joyadearte.com\/wp-content\/uploads\/2020\/08\/WhatsApp-Image-2020-08-13-at-8.15.09-PM.jpeg\",\"width\":1280,\"height\":1280,\"caption\":\"Joya de Arte\"},\"image\":{\"@id\":\"https:\/\/joyadearte.com\/en\/#\/schema\/logo\/image\/\"},\"sameAs\":[\"https:\/\/www.facebook.com\/SandraCepedajoyadearte\/\",\"https:\/\/www.instagram.com\/joyadearte_sandracepeda\/\",\"https:\/\/es.wikipedia.org\/wiki\/Sandra_Cepeda\"]}]}<\/script>\n<!-- \/ Yoast SEO plugin. -->","yoast_head_json":{"title":"Anillo Nopal Plata - Joya de Arte","description":"Anillo Nopal Beat Plata. Joyer\u00eda de plata ajustable con un estilo \u00fanico. Un dise\u00f1o sofisticado y org\u00e1nico inspirado en la resiliencia y la fuerza de M\u00e9xico.","robots":{"index":"index","follow":"follow","max-snippet":"max-snippet:-1","max-image-preview":"max-image-preview:large","max-video-preview":"max-video-preview:-1"},"canonical":"https:\/\/joyadearte.com\/en\/product\/anillo-nopal-plata\/","og_locale":"en_US","og_type":"article","og_title":"Anillo Nopal Plata - Joya de Arte","og_description":"Anillo Nopal Beat Plata. Joyer\u00eda de plata ajustable con un estilo \u00fanico. Un dise\u00f1o sofisticado y org\u00e1nico inspirado en la resiliencia y la fuerza de M\u00e9xico.","og_url":"https:\/\/joyadearte.com\/en\/product\/anillo-nopal-plata\/","og_site_name":"Joya de Arte","article_publisher":"https:\/\/www.facebook.com\/SandraCepedajoyadearte\/","article_modified_time":"2026-04-08T02:56:01+00:00","og_image":[{"width":2560,"height":1707,"url":"https:\/\/joyadearte.com\/wp-content\/uploads\/2023\/05\/DSC5105-ok-scaled.jpg","type":"image\/jpeg"}],"twitter_card":"summary_large_image","twitter_misc":{"Est. reading time":"1 minute"},"schema":{"@context":"https:\/\/schema.org","@graph":[{"@type":"WebPage","@id":"https:\/\/joyadearte.com\/product\/anillo-nopal-plata\/","url":"https:\/\/joyadearte.com\/product\/anillo-nopal-plata\/","name":"Anillo Nopal Plata - Joya de Arte","isPartOf":{"@id":"https:\/\/joyadearte.com\/en\/#website"},"primaryImageOfPage":{"@id":"https:\/\/joyadearte.com\/product\/anillo-nopal-plata\/#primaryimage"},"image":{"@id":"https:\/\/joyadearte.com\/product\/anillo-nopal-plata\/#primaryimage"},"thumbnailUrl":"https:\/\/joyadearte.com\/wp-content\/uploads\/2023\/05\/DSC5105-ok-scaled.jpg","datePublished":"2023-05-26T20:10:04+00:00","dateModified":"2026-04-08T02:56:01+00:00","description":"Anillo Nopal Beat Plata. Joyer\u00eda de plata ajustable con un estilo \u00fanico. Un dise\u00f1o sofisticado y org\u00e1nico inspirado en la resiliencia y la fuerza de M\u00e9xico.","breadcrumb":{"@id":"https:\/\/joyadearte.com\/product\/anillo-nopal-plata\/#breadcrumb"},"inLanguage":"en-US","potentialAction":[{"@type":"ReadAction","target":["https:\/\/joyadearte.com\/product\/anillo-nopal-plata\/"]}]},{"@type":"ImageObject","inLanguage":"en-US","@id":"https:\/\/joyadearte.com\/product\/anillo-nopal-plata\/#primaryimage","url":"https:\/\/joyadearte.com\/wp-content\/uploads\/2023\/05\/DSC5105-ok-scaled.jpg","contentUrl":"https:\/\/joyadearte.com\/wp-content\/uploads\/2023\/05\/DSC5105-ok-scaled.jpg","width":2560,"height":1707,"caption":"Anillo Nopal Beat. Joyer\u00eda de plata ajustable con un estilo \u00fanico. Un dise\u00f1o sofisticado y org\u00e1nico inspirado en la resiliencia y la fuerza de M\u00e9xico."},{"@type":"BreadcrumbList","@id":"https:\/\/joyadearte.com\/product\/anillo-nopal-plata\/#breadcrumb","itemListElement":[{"@type":"ListItem","position":1,"name":"Portada","item":"https:\/\/joyadearte.com\/"},{"@type":"ListItem","position":2,"name":"Tienda","item":"https:\/\/joyadearte.com\/tienda\/"},{"@type":"ListItem","position":3,"name":"Anillo Nopal Plata"}]},{"@type":"WebSite","@id":"https:\/\/joyadearte.com\/en\/#website","url":"https:\/\/joyadearte.com\/en\/","name":"Jewel of Art","description":"Jewel of Art by Sandra Cepeda","publisher":{"@id":"https:\/\/joyadearte.com\/en\/#organization"},"potentialAction":[{"@type":"SearchAction","target":{"@type":"EntryPoint","urlTemplate":"https:\/\/joyadearte.com\/en\/?s={search_term_string}"},"query-input":{"@type":"PropertyValueSpecification","valueRequired":true,"valueName":"search_term_string"}}],"inLanguage":"en-US"},{"@type":"Organization","@id":"https:\/\/joyadearte.com\/en\/#organization","name":"Jewel of Art","url":"https:\/\/joyadearte.com\/en\/","logo":{"@type":"ImageObject","inLanguage":"en-US","@id":"https:\/\/joyadearte.com\/en\/#\/schema\/logo\/image\/","url":"https:\/\/joyadearte.com\/wp-content\/uploads\/2020\/08\/WhatsApp-Image-2020-08-13-at-8.15.09-PM.jpeg","contentUrl":"https:\/\/joyadearte.com\/wp-content\/uploads\/2020\/08\/WhatsApp-Image-2020-08-13-at-8.15.09-PM.jpeg","width":1280,"height":1280,"caption":"Joya de Arte"},"image":{"@id":"https:\/\/joyadearte.com\/en\/#\/schema\/logo\/image\/"},"sameAs":["https:\/\/www.facebook.com\/SandraCepedajoyadearte\/","https:\/\/www.instagram.com\/joyadearte_sandracepeda\/","https:\/\/es.wikipedia.org\/wiki\/Sandra_Cepeda"]}]}},"jetpack_sharing_enabled":true,"_links":{"self":[{"href":"https:\/\/joyadearte.com\/en\/wp-json\/wp\/v2\/product\/2636","targetHints":{"allow":["GET"]}}],"collection":[{"href":"https:\/\/joyadearte.com\/en\/wp-json\/wp\/v2\/product"}],"about":[{"href":"https:\/\/joyadearte.com\/en\/wp-json\/wp\/v2\/types\/product"}],"replies":[{"embeddable":true,"href":"https:\/\/joyadearte.com\/en\/wp-json\/wp\/v2\/comments?post=2636"}],"wp:featuredmedia":[{"embeddable":true,"href":"https:\/\/joyadearte.com\/en\/wp-json\/wp\/v2\/media\/2637"}],"wp:attachment":[{"href":"https:\/\/joyadearte.com\/en\/wp-json\/wp\/v2\/media?parent=2636"}],"wp:term":[{"taxonomy":"product_brand","embeddable":true,"href":"https:\/\/joyadearte.com\/en\/wp-json\/wp\/v2\/product_brand?post=2636"},{"taxonomy":"product_cat","embeddable":true,"href":"https:\/\/joyadearte.com\/en\/wp-json\/wp\/v2\/product_cat?post=2636"},{"taxonomy":"product_tag","embeddable":true,"href":"https:\/\/joyadearte.com\/en\/wp-json\/wp\/v2\/product_tag?post=2636"}],"curies":[{"name":"wp","href":"https:\/\/api.w.org\/{rel}","templated":true}]}}