{"id":2253,"date":"2021-12-25T01:15:10","date_gmt":"2021-12-25T00:15:10","guid":{"rendered":"https:\/\/joyadearte.com\/?post_type=product&#038;p=2253"},"modified":"2026-04-04T00:41:45","modified_gmt":"2026-04-03T22:41:45","slug":"aretes-dorica-y-jonica","status":"publish","type":"product","link":"https:\/\/joyadearte.com\/en\/product\/aretes-dorica-y-jonica\/","title":{"rendered":"Doric and Ionic Earrings."},"content":{"rendered":"<p>The Legacy of Stone: Doric and Ionic<\/p>\n<p>This set of earrings is a journey through the history of classical architecture. While the Doric Column represents ancestral strength, stability, and the purity of the earliest Greek structures, the Ionic Column embodies the elegance of knowledge, recognized by its volutes that symbolize wisdom and balance.<\/p>\n<p>From these historic structures hangs the Mudra, integrating a spiritual dimension that transforms the jewel into an amulet of peace. It is a signature piece in gold plating that celebrates duality: the solidity of what builds us and the subtlety of the energy that moves us. Ideal for those who walk with the firmness of history and the lightness of the soul.<\/p>\n<p>Gold plated 10k on silver .925<\/p>","protected":false},"excerpt":{"rendered":"<p>Material: Gold plated 10k on silver .925<\/p>","protected":false},"featured_media":2254,"comment_status":"open","ping_status":"closed","template":"","meta":{"_monsterinsights_skip_tracking":false,"_monsterinsights_sitenote_active":false,"_monsterinsights_sitenote_note":"","_monsterinsights_sitenote_category":0},"product_brand":[],"product_cat":[17,42,18,118,30],"product_tag":[114],"class_list":{"0":"post-2253","1":"product","2":"type-product","3":"status-publish","4":"has-post-thumbnail","6":"product_cat-colecciones","7":"product_cat-mudras","8":"product_cat-piezas","9":"product_cat-oro-10k","10":"product_cat-aretes","11":"product_tag-nodiscount","13":"first","14":"instock","15":"sale","16":"shipping-taxable","17":"purchasable","18":"product-type-simple","19":"add-to-wishlist-after_add_to_cart"},"yoast_head":"<!-- This site is optimized with the Yoast SEO plugin v25.6 - https:\/\/yoast.com\/wordpress\/plugins\/seo\/ -->\n<title>ARETES DORICA Y JONICA - Joya de Arte<\/title>\n<meta name=\"description\" content=\"Aretes D\u00f3rica y J\u00f3nica. Joya de autor que une arquitectura griega y mudras. Fuerza, sabidur\u00eda y paz en un dise\u00f1o \u00fanico.\" \/>\n<meta name=\"robots\" content=\"index, follow, max-snippet:-1, max-image-preview:large, max-video-preview:-1\" \/>\n<link rel=\"canonical\" href=\"https:\/\/joyadearte.com\/en\/product\/aretes-dorica-y-jonica\/\" \/>\n<meta property=\"og:locale\" content=\"en_US\" \/>\n<meta property=\"og:type\" content=\"article\" \/>\n<meta property=\"og:title\" content=\"ARETES DORICA Y JONICA - Joya de Arte\" \/>\n<meta property=\"og:description\" content=\"Aretes D\u00f3rica y J\u00f3nica. Joya de autor que une arquitectura griega y mudras. Fuerza, sabidur\u00eda y paz en un dise\u00f1o \u00fanico.\" \/>\n<meta property=\"og:url\" content=\"https:\/\/joyadearte.com\/en\/product\/aretes-dorica-y-jonica\/\" \/>\n<meta property=\"og:site_name\" content=\"Joya de Arte\" \/>\n<meta property=\"article:publisher\" content=\"https:\/\/www.facebook.com\/SandraCepedajoyadearte\/\" \/>\n<meta property=\"article:modified_time\" content=\"2026-04-03T22:41:45+00:00\" \/>\n<meta property=\"og:image\" content=\"https:\/\/joyadearte.com\/wp-content\/uploads\/2021\/12\/Copia-de-_DSC0135-lista-4-scaled.jpg\" \/>\n\t<meta property=\"og:image:width\" content=\"2560\" \/>\n\t<meta property=\"og:image:height\" content=\"1707\" \/>\n\t<meta property=\"og:image:type\" content=\"image\/jpeg\" \/>\n<meta name=\"twitter:card\" content=\"summary_large_image\" \/>\n<meta name=\"twitter:label1\" content=\"Est. reading time\" \/>\n\t<meta name=\"twitter:data1\" content=\"1 minute\" \/>\n<script type=\"application\/ld+json\" class=\"yoast-schema-graph\">{\"@context\":\"https:\/\/schema.org\",\"@graph\":[{\"@type\":\"WebPage\",\"@id\":\"https:\/\/joyadearte.com\/product\/aretes-dorica-y-jonica\/\",\"url\":\"https:\/\/joyadearte.com\/product\/aretes-dorica-y-jonica\/\",\"name\":\"ARETES DORICA Y JONICA - Joya de Arte\",\"isPartOf\":{\"@id\":\"https:\/\/joyadearte.com\/en\/#website\"},\"primaryImageOfPage\":{\"@id\":\"https:\/\/joyadearte.com\/product\/aretes-dorica-y-jonica\/#primaryimage\"},\"image\":{\"@id\":\"https:\/\/joyadearte.com\/product\/aretes-dorica-y-jonica\/#primaryimage\"},\"thumbnailUrl\":\"https:\/\/joyadearte.com\/wp-content\/uploads\/2021\/12\/Copia-de-_DSC0135-lista-4-scaled.jpg\",\"datePublished\":\"2021-12-25T00:15:10+00:00\",\"dateModified\":\"2026-04-03T22:41:45+00:00\",\"description\":\"Aretes D\u00f3rica y J\u00f3nica. Joya de autor que une arquitectura griega y mudras. Fuerza, sabidur\u00eda y paz en un dise\u00f1o \u00fanico.\",\"breadcrumb\":{\"@id\":\"https:\/\/joyadearte.com\/product\/aretes-dorica-y-jonica\/#breadcrumb\"},\"inLanguage\":\"en-US\",\"potentialAction\":[{\"@type\":\"ReadAction\",\"target\":[\"https:\/\/joyadearte.com\/product\/aretes-dorica-y-jonica\/\"]}]},{\"@type\":\"ImageObject\",\"inLanguage\":\"en-US\",\"@id\":\"https:\/\/joyadearte.com\/product\/aretes-dorica-y-jonica\/#primaryimage\",\"url\":\"https:\/\/joyadearte.com\/wp-content\/uploads\/2021\/12\/Copia-de-_DSC0135-lista-4-scaled.jpg\",\"contentUrl\":\"https:\/\/joyadearte.com\/wp-content\/uploads\/2021\/12\/Copia-de-_DSC0135-lista-4-scaled.jpg\",\"width\":2560,\"height\":1707,\"caption\":\"Aretes D\u00f3rica y J\u00f3nica. Joya de autor que une arquitectura griega y mudras. Fuerza, sabidur\u00eda y paz en un dise\u00f1o \u00fanico.\"},{\"@type\":\"BreadcrumbList\",\"@id\":\"https:\/\/joyadearte.com\/product\/aretes-dorica-y-jonica\/#breadcrumb\",\"itemListElement\":[{\"@type\":\"ListItem\",\"position\":1,\"name\":\"Portada\",\"item\":\"https:\/\/joyadearte.com\/\"},{\"@type\":\"ListItem\",\"position\":2,\"name\":\"Tienda\",\"item\":\"https:\/\/joyadearte.com\/tienda\/\"},{\"@type\":\"ListItem\",\"position\":3,\"name\":\"ARETES DORICA Y JONICA\"}]},{\"@type\":\"WebSite\",\"@id\":\"https:\/\/joyadearte.com\/en\/#website\",\"url\":\"https:\/\/joyadearte.com\/en\/\",\"name\":\"Joya de Arte\",\"description\":\"Joya de Arte by Sandra Cepeda\",\"publisher\":{\"@id\":\"https:\/\/joyadearte.com\/en\/#organization\"},\"potentialAction\":[{\"@type\":\"SearchAction\",\"target\":{\"@type\":\"EntryPoint\",\"urlTemplate\":\"https:\/\/joyadearte.com\/en\/?s={search_term_string}\"},\"query-input\":{\"@type\":\"PropertyValueSpecification\",\"valueRequired\":true,\"valueName\":\"search_term_string\"}}],\"inLanguage\":\"en-US\"},{\"@type\":\"Organization\",\"@id\":\"https:\/\/joyadearte.com\/en\/#organization\",\"name\":\"Joya de Arte\",\"url\":\"https:\/\/joyadearte.com\/en\/\",\"logo\":{\"@type\":\"ImageObject\",\"inLanguage\":\"en-US\",\"@id\":\"https:\/\/joyadearte.com\/en\/#\/schema\/logo\/image\/\",\"url\":\"https:\/\/joyadearte.com\/wp-content\/uploads\/2020\/08\/WhatsApp-Image-2020-08-13-at-8.15.09-PM.jpeg\",\"contentUrl\":\"https:\/\/joyadearte.com\/wp-content\/uploads\/2020\/08\/WhatsApp-Image-2020-08-13-at-8.15.09-PM.jpeg\",\"width\":1280,\"height\":1280,\"caption\":\"Joya de Arte\"},\"image\":{\"@id\":\"https:\/\/joyadearte.com\/en\/#\/schema\/logo\/image\/\"},\"sameAs\":[\"https:\/\/www.facebook.com\/SandraCepedajoyadearte\/\",\"https:\/\/www.instagram.com\/joyadearte_sandracepeda\/\",\"https:\/\/es.wikipedia.org\/wiki\/Sandra_Cepeda\"]}]}<\/script>\n<!-- \/ Yoast SEO plugin. -->","yoast_head_json":{"title":"ARETES DORICA Y JONICA - Joya de Arte","description":"Aretes D\u00f3rica y J\u00f3nica. Joya de autor que une arquitectura griega y mudras. Fuerza, sabidur\u00eda y paz en un dise\u00f1o \u00fanico.","robots":{"index":"index","follow":"follow","max-snippet":"max-snippet:-1","max-image-preview":"max-image-preview:large","max-video-preview":"max-video-preview:-1"},"canonical":"https:\/\/joyadearte.com\/en\/product\/aretes-dorica-y-jonica\/","og_locale":"en_US","og_type":"article","og_title":"ARETES DORICA Y JONICA - Joya de Arte","og_description":"Aretes D\u00f3rica y J\u00f3nica. Joya de autor que une arquitectura griega y mudras. Fuerza, sabidur\u00eda y paz en un dise\u00f1o \u00fanico.","og_url":"https:\/\/joyadearte.com\/en\/product\/aretes-dorica-y-jonica\/","og_site_name":"Joya de Arte","article_publisher":"https:\/\/www.facebook.com\/SandraCepedajoyadearte\/","article_modified_time":"2026-04-03T22:41:45+00:00","og_image":[{"width":2560,"height":1707,"url":"https:\/\/joyadearte.com\/wp-content\/uploads\/2021\/12\/Copia-de-_DSC0135-lista-4-scaled.jpg","type":"image\/jpeg"}],"twitter_card":"summary_large_image","twitter_misc":{"Est. reading time":"1 minute"},"schema":{"@context":"https:\/\/schema.org","@graph":[{"@type":"WebPage","@id":"https:\/\/joyadearte.com\/product\/aretes-dorica-y-jonica\/","url":"https:\/\/joyadearte.com\/product\/aretes-dorica-y-jonica\/","name":"ARETES DORICA Y JONICA - Joya de Arte","isPartOf":{"@id":"https:\/\/joyadearte.com\/en\/#website"},"primaryImageOfPage":{"@id":"https:\/\/joyadearte.com\/product\/aretes-dorica-y-jonica\/#primaryimage"},"image":{"@id":"https:\/\/joyadearte.com\/product\/aretes-dorica-y-jonica\/#primaryimage"},"thumbnailUrl":"https:\/\/joyadearte.com\/wp-content\/uploads\/2021\/12\/Copia-de-_DSC0135-lista-4-scaled.jpg","datePublished":"2021-12-25T00:15:10+00:00","dateModified":"2026-04-03T22:41:45+00:00","description":"Aretes D\u00f3rica y J\u00f3nica. Joya de autor que une arquitectura griega y mudras. Fuerza, sabidur\u00eda y paz en un dise\u00f1o \u00fanico.","breadcrumb":{"@id":"https:\/\/joyadearte.com\/product\/aretes-dorica-y-jonica\/#breadcrumb"},"inLanguage":"en-US","potentialAction":[{"@type":"ReadAction","target":["https:\/\/joyadearte.com\/product\/aretes-dorica-y-jonica\/"]}]},{"@type":"ImageObject","inLanguage":"en-US","@id":"https:\/\/joyadearte.com\/product\/aretes-dorica-y-jonica\/#primaryimage","url":"https:\/\/joyadearte.com\/wp-content\/uploads\/2021\/12\/Copia-de-_DSC0135-lista-4-scaled.jpg","contentUrl":"https:\/\/joyadearte.com\/wp-content\/uploads\/2021\/12\/Copia-de-_DSC0135-lista-4-scaled.jpg","width":2560,"height":1707,"caption":"Aretes D\u00f3rica y J\u00f3nica. Joya de autor que une arquitectura griega y mudras. Fuerza, sabidur\u00eda y paz en un dise\u00f1o \u00fanico."},{"@type":"BreadcrumbList","@id":"https:\/\/joyadearte.com\/product\/aretes-dorica-y-jonica\/#breadcrumb","itemListElement":[{"@type":"ListItem","position":1,"name":"Portada","item":"https:\/\/joyadearte.com\/"},{"@type":"ListItem","position":2,"name":"Tienda","item":"https:\/\/joyadearte.com\/tienda\/"},{"@type":"ListItem","position":3,"name":"ARETES DORICA Y JONICA"}]},{"@type":"WebSite","@id":"https:\/\/joyadearte.com\/en\/#website","url":"https:\/\/joyadearte.com\/en\/","name":"Jewel of Art","description":"Jewel of Art by Sandra Cepeda","publisher":{"@id":"https:\/\/joyadearte.com\/en\/#organization"},"potentialAction":[{"@type":"SearchAction","target":{"@type":"EntryPoint","urlTemplate":"https:\/\/joyadearte.com\/en\/?s={search_term_string}"},"query-input":{"@type":"PropertyValueSpecification","valueRequired":true,"valueName":"search_term_string"}}],"inLanguage":"en-US"},{"@type":"Organization","@id":"https:\/\/joyadearte.com\/en\/#organization","name":"Jewel of Art","url":"https:\/\/joyadearte.com\/en\/","logo":{"@type":"ImageObject","inLanguage":"en-US","@id":"https:\/\/joyadearte.com\/en\/#\/schema\/logo\/image\/","url":"https:\/\/joyadearte.com\/wp-content\/uploads\/2020\/08\/WhatsApp-Image-2020-08-13-at-8.15.09-PM.jpeg","contentUrl":"https:\/\/joyadearte.com\/wp-content\/uploads\/2020\/08\/WhatsApp-Image-2020-08-13-at-8.15.09-PM.jpeg","width":1280,"height":1280,"caption":"Joya de Arte"},"image":{"@id":"https:\/\/joyadearte.com\/en\/#\/schema\/logo\/image\/"},"sameAs":["https:\/\/www.facebook.com\/SandraCepedajoyadearte\/","https:\/\/www.instagram.com\/joyadearte_sandracepeda\/","https:\/\/es.wikipedia.org\/wiki\/Sandra_Cepeda"]}]}},"jetpack_sharing_enabled":true,"_links":{"self":[{"href":"https:\/\/joyadearte.com\/en\/wp-json\/wp\/v2\/product\/2253","targetHints":{"allow":["GET"]}}],"collection":[{"href":"https:\/\/joyadearte.com\/en\/wp-json\/wp\/v2\/product"}],"about":[{"href":"https:\/\/joyadearte.com\/en\/wp-json\/wp\/v2\/types\/product"}],"replies":[{"embeddable":true,"href":"https:\/\/joyadearte.com\/en\/wp-json\/wp\/v2\/comments?post=2253"}],"wp:featuredmedia":[{"embeddable":true,"href":"https:\/\/joyadearte.com\/en\/wp-json\/wp\/v2\/media\/2254"}],"wp:attachment":[{"href":"https:\/\/joyadearte.com\/en\/wp-json\/wp\/v2\/media?parent=2253"}],"wp:term":[{"taxonomy":"product_brand","embeddable":true,"href":"https:\/\/joyadearte.com\/en\/wp-json\/wp\/v2\/product_brand?post=2253"},{"taxonomy":"product_cat","embeddable":true,"href":"https:\/\/joyadearte.com\/en\/wp-json\/wp\/v2\/product_cat?post=2253"},{"taxonomy":"product_tag","embeddable":true,"href":"https:\/\/joyadearte.com\/en\/wp-json\/wp\/v2\/product_tag?post=2253"}],"curies":[{"name":"wp","href":"https:\/\/api.w.org\/{rel}","templated":true}]}}