{"id":2068,"date":"2021-01-25T05:27:14","date_gmt":"2021-01-25T04:27:14","guid":{"rendered":"https:\/\/joyadearte.com\/?post_type=product&#038;p=2068"},"modified":"2026-04-04T01:02:57","modified_gmt":"2026-04-03T23:02:57","slug":"aretes-infinito-plata","status":"publish","type":"product","link":"https:\/\/joyadearte.com\/en\/product\/aretes-infinito-plata\/","title":{"rendered":"INFINITY SILVER EARRINGS"},"content":{"rendered":"<p>Quantum Reality in Silver<\/p>\n<p>Forget straight lines. The Infinity Silver Earrings are a nod to quantum physics and to those parallel universes where you always look incredible. Their design represents the eternal loop of energy, reminding you that in the world of particles and style, possibilities have no end.<\/p>\n<p>They\u2019re designer jewelry with a touch of science and plenty of personality. A minimalist piece crafted in sterling silver for those who know that time is relative\u2014but a great accessory is forever.<\/p>","protected":false},"excerpt":{"rendered":"<p>Material: Silver .950<\/p>","protected":false},"featured_media":2069,"comment_status":"open","ping_status":"closed","template":"","meta":{"_monsterinsights_skip_tracking":false,"_monsterinsights_sitenote_active":false,"_monsterinsights_sitenote_note":"","_monsterinsights_sitenote_category":0},"product_brand":[],"product_cat":[17,24,18,117,30],"product_tag":[114],"class_list":{"0":"post-2068","1":"product","2":"type-product","3":"status-publish","4":"has-post-thumbnail","6":"product_cat-colecciones","7":"product_cat-bones","8":"product_cat-piezas","9":"product_cat-plata-925","10":"product_cat-aretes","11":"product_tag-nodiscount","13":"first","14":"instock","15":"sale","16":"shipping-taxable","17":"purchasable","18":"product-type-simple","19":"add-to-wishlist-after_add_to_cart"},"yoast_head":"<!-- This site is optimized with the Yoast SEO plugin v25.6 - https:\/\/yoast.com\/wordpress\/plugins\/seo\/ -->\n<title>ARETES INFINITO PLATA - Joya de Arte<\/title>\n<meta name=\"description\" content=\"Aretes Infinito en Plata. Inspirados en la f\u00edsica cu\u00e1ntica y la energ\u00eda eterna. Joya de autor para un estilo sin l\u00edmites.\" \/>\n<meta name=\"robots\" content=\"index, follow, max-snippet:-1, max-image-preview:large, max-video-preview:-1\" \/>\n<link rel=\"canonical\" href=\"https:\/\/joyadearte.com\/en\/product\/aretes-infinito-plata\/\" \/>\n<meta property=\"og:locale\" content=\"en_US\" \/>\n<meta property=\"og:type\" content=\"article\" \/>\n<meta property=\"og:title\" content=\"ARETES INFINITO PLATA - Joya de Arte\" \/>\n<meta property=\"og:description\" content=\"Aretes Infinito en Plata. Inspirados en la f\u00edsica cu\u00e1ntica y la energ\u00eda eterna. Joya de autor para un estilo sin l\u00edmites.\" \/>\n<meta property=\"og:url\" content=\"https:\/\/joyadearte.com\/en\/product\/aretes-infinito-plata\/\" \/>\n<meta property=\"og:site_name\" content=\"Joya de Arte\" \/>\n<meta property=\"article:publisher\" content=\"https:\/\/www.facebook.com\/SandraCepedajoyadearte\/\" \/>\n<meta property=\"article:modified_time\" content=\"2026-04-03T23:02:57+00:00\" \/>\n<meta property=\"og:image\" content=\"https:\/\/joyadearte.com\/wp-content\/uploads\/2021\/01\/DSC2740-scaled.jpg\" \/>\n\t<meta property=\"og:image:width\" content=\"2560\" \/>\n\t<meta property=\"og:image:height\" content=\"1706\" \/>\n\t<meta property=\"og:image:type\" content=\"image\/jpeg\" \/>\n<meta name=\"twitter:card\" content=\"summary_large_image\" \/>\n<meta name=\"twitter:label1\" content=\"Est. reading time\" \/>\n\t<meta name=\"twitter:data1\" content=\"1 minute\" \/>\n<script type=\"application\/ld+json\" class=\"yoast-schema-graph\">{\"@context\":\"https:\/\/schema.org\",\"@graph\":[{\"@type\":\"WebPage\",\"@id\":\"https:\/\/joyadearte.com\/product\/aretes-infinito-plata\/\",\"url\":\"https:\/\/joyadearte.com\/product\/aretes-infinito-plata\/\",\"name\":\"ARETES INFINITO PLATA - Joya de Arte\",\"isPartOf\":{\"@id\":\"https:\/\/joyadearte.com\/en\/#website\"},\"primaryImageOfPage\":{\"@id\":\"https:\/\/joyadearte.com\/product\/aretes-infinito-plata\/#primaryimage\"},\"image\":{\"@id\":\"https:\/\/joyadearte.com\/product\/aretes-infinito-plata\/#primaryimage\"},\"thumbnailUrl\":\"https:\/\/joyadearte.com\/wp-content\/uploads\/2021\/01\/DSC2740-scaled.jpg\",\"datePublished\":\"2021-01-25T04:27:14+00:00\",\"dateModified\":\"2026-04-03T23:02:57+00:00\",\"description\":\"Aretes Infinito en Plata. Inspirados en la f\u00edsica cu\u00e1ntica y la energ\u00eda eterna. Joya de autor para un estilo sin l\u00edmites.\",\"breadcrumb\":{\"@id\":\"https:\/\/joyadearte.com\/product\/aretes-infinito-plata\/#breadcrumb\"},\"inLanguage\":\"en-US\",\"potentialAction\":[{\"@type\":\"ReadAction\",\"target\":[\"https:\/\/joyadearte.com\/product\/aretes-infinito-plata\/\"]}]},{\"@type\":\"ImageObject\",\"inLanguage\":\"en-US\",\"@id\":\"https:\/\/joyadearte.com\/product\/aretes-infinito-plata\/#primaryimage\",\"url\":\"https:\/\/joyadearte.com\/wp-content\/uploads\/2021\/01\/DSC2740-scaled.jpg\",\"contentUrl\":\"https:\/\/joyadearte.com\/wp-content\/uploads\/2021\/01\/DSC2740-scaled.jpg\",\"width\":2560,\"height\":1706,\"caption\":\"Aretes Infinito en Plata. Inspirados en la f\u00edsica cu\u00e1ntica y la energ\u00eda eterna. Joya de autor para un estilo sin l\u00edmites.\"},{\"@type\":\"BreadcrumbList\",\"@id\":\"https:\/\/joyadearte.com\/product\/aretes-infinito-plata\/#breadcrumb\",\"itemListElement\":[{\"@type\":\"ListItem\",\"position\":1,\"name\":\"Portada\",\"item\":\"https:\/\/joyadearte.com\/\"},{\"@type\":\"ListItem\",\"position\":2,\"name\":\"Tienda\",\"item\":\"https:\/\/joyadearte.com\/tienda\/\"},{\"@type\":\"ListItem\",\"position\":3,\"name\":\"ARETES INFINITO PLATA\"}]},{\"@type\":\"WebSite\",\"@id\":\"https:\/\/joyadearte.com\/en\/#website\",\"url\":\"https:\/\/joyadearte.com\/en\/\",\"name\":\"Joya de Arte\",\"description\":\"Joya de Arte by Sandra Cepeda\",\"publisher\":{\"@id\":\"https:\/\/joyadearte.com\/en\/#organization\"},\"potentialAction\":[{\"@type\":\"SearchAction\",\"target\":{\"@type\":\"EntryPoint\",\"urlTemplate\":\"https:\/\/joyadearte.com\/en\/?s={search_term_string}\"},\"query-input\":{\"@type\":\"PropertyValueSpecification\",\"valueRequired\":true,\"valueName\":\"search_term_string\"}}],\"inLanguage\":\"en-US\"},{\"@type\":\"Organization\",\"@id\":\"https:\/\/joyadearte.com\/en\/#organization\",\"name\":\"Joya de Arte\",\"url\":\"https:\/\/joyadearte.com\/en\/\",\"logo\":{\"@type\":\"ImageObject\",\"inLanguage\":\"en-US\",\"@id\":\"https:\/\/joyadearte.com\/en\/#\/schema\/logo\/image\/\",\"url\":\"https:\/\/joyadearte.com\/wp-content\/uploads\/2020\/08\/WhatsApp-Image-2020-08-13-at-8.15.09-PM.jpeg\",\"contentUrl\":\"https:\/\/joyadearte.com\/wp-content\/uploads\/2020\/08\/WhatsApp-Image-2020-08-13-at-8.15.09-PM.jpeg\",\"width\":1280,\"height\":1280,\"caption\":\"Joya de Arte\"},\"image\":{\"@id\":\"https:\/\/joyadearte.com\/en\/#\/schema\/logo\/image\/\"},\"sameAs\":[\"https:\/\/www.facebook.com\/SandraCepedajoyadearte\/\",\"https:\/\/www.instagram.com\/joyadearte_sandracepeda\/\",\"https:\/\/es.wikipedia.org\/wiki\/Sandra_Cepeda\"]}]}<\/script>\n<!-- \/ Yoast SEO plugin. -->","yoast_head_json":{"title":"ARETES INFINITO PLATA - Joya de Arte","description":"Aretes Infinito en Plata. Inspirados en la f\u00edsica cu\u00e1ntica y la energ\u00eda eterna. Joya de autor para un estilo sin l\u00edmites.","robots":{"index":"index","follow":"follow","max-snippet":"max-snippet:-1","max-image-preview":"max-image-preview:large","max-video-preview":"max-video-preview:-1"},"canonical":"https:\/\/joyadearte.com\/en\/product\/aretes-infinito-plata\/","og_locale":"en_US","og_type":"article","og_title":"ARETES INFINITO PLATA - Joya de Arte","og_description":"Aretes Infinito en Plata. Inspirados en la f\u00edsica cu\u00e1ntica y la energ\u00eda eterna. Joya de autor para un estilo sin l\u00edmites.","og_url":"https:\/\/joyadearte.com\/en\/product\/aretes-infinito-plata\/","og_site_name":"Joya de Arte","article_publisher":"https:\/\/www.facebook.com\/SandraCepedajoyadearte\/","article_modified_time":"2026-04-03T23:02:57+00:00","og_image":[{"width":2560,"height":1706,"url":"https:\/\/joyadearte.com\/wp-content\/uploads\/2021\/01\/DSC2740-scaled.jpg","type":"image\/jpeg"}],"twitter_card":"summary_large_image","twitter_misc":{"Est. reading time":"1 minute"},"schema":{"@context":"https:\/\/schema.org","@graph":[{"@type":"WebPage","@id":"https:\/\/joyadearte.com\/product\/aretes-infinito-plata\/","url":"https:\/\/joyadearte.com\/product\/aretes-infinito-plata\/","name":"ARETES INFINITO PLATA - Joya de Arte","isPartOf":{"@id":"https:\/\/joyadearte.com\/en\/#website"},"primaryImageOfPage":{"@id":"https:\/\/joyadearte.com\/product\/aretes-infinito-plata\/#primaryimage"},"image":{"@id":"https:\/\/joyadearte.com\/product\/aretes-infinito-plata\/#primaryimage"},"thumbnailUrl":"https:\/\/joyadearte.com\/wp-content\/uploads\/2021\/01\/DSC2740-scaled.jpg","datePublished":"2021-01-25T04:27:14+00:00","dateModified":"2026-04-03T23:02:57+00:00","description":"Aretes Infinito en Plata. Inspirados en la f\u00edsica cu\u00e1ntica y la energ\u00eda eterna. Joya de autor para un estilo sin l\u00edmites.","breadcrumb":{"@id":"https:\/\/joyadearte.com\/product\/aretes-infinito-plata\/#breadcrumb"},"inLanguage":"en-US","potentialAction":[{"@type":"ReadAction","target":["https:\/\/joyadearte.com\/product\/aretes-infinito-plata\/"]}]},{"@type":"ImageObject","inLanguage":"en-US","@id":"https:\/\/joyadearte.com\/product\/aretes-infinito-plata\/#primaryimage","url":"https:\/\/joyadearte.com\/wp-content\/uploads\/2021\/01\/DSC2740-scaled.jpg","contentUrl":"https:\/\/joyadearte.com\/wp-content\/uploads\/2021\/01\/DSC2740-scaled.jpg","width":2560,"height":1706,"caption":"Aretes Infinito en Plata. Inspirados en la f\u00edsica cu\u00e1ntica y la energ\u00eda eterna. Joya de autor para un estilo sin l\u00edmites."},{"@type":"BreadcrumbList","@id":"https:\/\/joyadearte.com\/product\/aretes-infinito-plata\/#breadcrumb","itemListElement":[{"@type":"ListItem","position":1,"name":"Portada","item":"https:\/\/joyadearte.com\/"},{"@type":"ListItem","position":2,"name":"Tienda","item":"https:\/\/joyadearte.com\/tienda\/"},{"@type":"ListItem","position":3,"name":"ARETES INFINITO PLATA"}]},{"@type":"WebSite","@id":"https:\/\/joyadearte.com\/en\/#website","url":"https:\/\/joyadearte.com\/en\/","name":"Jewel of Art","description":"Jewel of Art by Sandra Cepeda","publisher":{"@id":"https:\/\/joyadearte.com\/en\/#organization"},"potentialAction":[{"@type":"SearchAction","target":{"@type":"EntryPoint","urlTemplate":"https:\/\/joyadearte.com\/en\/?s={search_term_string}"},"query-input":{"@type":"PropertyValueSpecification","valueRequired":true,"valueName":"search_term_string"}}],"inLanguage":"en-US"},{"@type":"Organization","@id":"https:\/\/joyadearte.com\/en\/#organization","name":"Jewel of Art","url":"https:\/\/joyadearte.com\/en\/","logo":{"@type":"ImageObject","inLanguage":"en-US","@id":"https:\/\/joyadearte.com\/en\/#\/schema\/logo\/image\/","url":"https:\/\/joyadearte.com\/wp-content\/uploads\/2020\/08\/WhatsApp-Image-2020-08-13-at-8.15.09-PM.jpeg","contentUrl":"https:\/\/joyadearte.com\/wp-content\/uploads\/2020\/08\/WhatsApp-Image-2020-08-13-at-8.15.09-PM.jpeg","width":1280,"height":1280,"caption":"Joya de Arte"},"image":{"@id":"https:\/\/joyadearte.com\/en\/#\/schema\/logo\/image\/"},"sameAs":["https:\/\/www.facebook.com\/SandraCepedajoyadearte\/","https:\/\/www.instagram.com\/joyadearte_sandracepeda\/","https:\/\/es.wikipedia.org\/wiki\/Sandra_Cepeda"]}]}},"jetpack_sharing_enabled":true,"_links":{"self":[{"href":"https:\/\/joyadearte.com\/en\/wp-json\/wp\/v2\/product\/2068","targetHints":{"allow":["GET"]}}],"collection":[{"href":"https:\/\/joyadearte.com\/en\/wp-json\/wp\/v2\/product"}],"about":[{"href":"https:\/\/joyadearte.com\/en\/wp-json\/wp\/v2\/types\/product"}],"replies":[{"embeddable":true,"href":"https:\/\/joyadearte.com\/en\/wp-json\/wp\/v2\/comments?post=2068"}],"wp:featuredmedia":[{"embeddable":true,"href":"https:\/\/joyadearte.com\/en\/wp-json\/wp\/v2\/media\/2069"}],"wp:attachment":[{"href":"https:\/\/joyadearte.com\/en\/wp-json\/wp\/v2\/media?parent=2068"}],"wp:term":[{"taxonomy":"product_brand","embeddable":true,"href":"https:\/\/joyadearte.com\/en\/wp-json\/wp\/v2\/product_brand?post=2068"},{"taxonomy":"product_cat","embeddable":true,"href":"https:\/\/joyadearte.com\/en\/wp-json\/wp\/v2\/product_cat?post=2068"},{"taxonomy":"product_tag","embeddable":true,"href":"https:\/\/joyadearte.com\/en\/wp-json\/wp\/v2\/product_tag?post=2068"}],"curies":[{"name":"wp","href":"https:\/\/api.w.org\/{rel}","templated":true}]}}