{"id":1466,"date":"2020-05-26T18:10:44","date_gmt":"2020-05-26T16:10:44","guid":{"rendered":"https:\/\/joyadearte.com\/?post_type=product&#038;p=1466"},"modified":"2026-04-04T01:17:44","modified_gmt":"2026-04-03T23:17:44","slug":"dije-mandragora-solitaria","status":"publish","type":"product","link":"https:\/\/joyadearte.com\/en\/product\/dije-mandragora-solitaria\/","title":{"rendered":"SOLITARY MANDRAKE CHARM"},"content":{"rendered":"<p>Are you an independent spirit who finds beauty in the unusual and the solitary? The Solitary Mandrake is a tribute to radical individuality. Unlike the \u201cencounter,\u201d this piece stands out for its singular form, representing self-sufficiency and the power that rises from the earth.\n\nLooking for a piece of jewelry with a touch of dark academia that no one else has? Its organic and slightly unsettling design makes it utterly captivating. It\u2019s for the person who doesn\u2019t follow trends\u2014but unearths their own treasures.<\/p>\n<p>Material: Gold plated 10k on silver .925<\/p>\n<p>Includes: 40 cm adjustable chain.<\/p>","protected":false},"excerpt":{"rendered":"<p>Material: Gold plated 10k on silver .925<\/p>","protected":false},"featured_media":2877,"comment_status":"open","ping_status":"closed","template":"","meta":{"_monsterinsights_skip_tracking":false,"_monsterinsights_sitenote_active":false,"_monsterinsights_sitenote_note":"","_monsterinsights_sitenote_category":0},"product_brand":[],"product_cat":[17,26,18,118,31],"product_tag":[114],"class_list":{"0":"post-1466","1":"product","2":"type-product","3":"status-publish","4":"has-post-thumbnail","6":"product_cat-colecciones","7":"product_cat-mandragora","8":"product_cat-piezas","9":"product_cat-oro-10k","10":"product_cat-dijes-y-collares","11":"product_tag-nodiscount","13":"first","14":"instock","15":"sale","16":"shipping-taxable","17":"purchasable","18":"product-type-simple","19":"add-to-wishlist-after_add_to_cart"},"yoast_head":"<!-- This site is optimized with the Yoast SEO plugin v25.6 - https:\/\/yoast.com\/wordpress\/plugins\/seo\/ -->\n<title>DIJE MANDR\u00c1GORA SOLITARIA - Joya de Arte<\/title>\n<meta name=\"description\" content=\"Dije Mandr\u00e1gora Solitaria: la joya de la individualidad. Un dise\u00f1o bot\u00e1nico-m\u00edstico para quienes celebran su estilo \u00fanico y personal.\" \/>\n<meta name=\"robots\" content=\"index, follow, max-snippet:-1, max-image-preview:large, max-video-preview:-1\" \/>\n<link rel=\"canonical\" href=\"https:\/\/joyadearte.com\/en\/product\/dije-mandragora-solitaria\/\" \/>\n<meta property=\"og:locale\" content=\"en_US\" \/>\n<meta property=\"og:type\" content=\"article\" \/>\n<meta property=\"og:title\" content=\"DIJE MANDR\u00c1GORA SOLITARIA - Joya de Arte\" \/>\n<meta property=\"og:description\" content=\"Dije Mandr\u00e1gora Solitaria: la joya de la individualidad. Un dise\u00f1o bot\u00e1nico-m\u00edstico para quienes celebran su estilo \u00fanico y personal.\" \/>\n<meta property=\"og:url\" content=\"https:\/\/joyadearte.com\/en\/product\/dije-mandragora-solitaria\/\" \/>\n<meta property=\"og:site_name\" content=\"Joya de Arte\" \/>\n<meta property=\"article:publisher\" content=\"https:\/\/www.facebook.com\/SandraCepedajoyadearte\/\" \/>\n<meta property=\"article:modified_time\" content=\"2026-04-03T23:17:44+00:00\" \/>\n<meta property=\"og:image\" content=\"https:\/\/joyadearte.com\/wp-content\/uploads\/2020\/05\/dije-mandragora-solitaria.jpg\" \/>\n\t<meta property=\"og:image:width\" content=\"1200\" \/>\n\t<meta property=\"og:image:height\" content=\"800\" \/>\n\t<meta property=\"og:image:type\" content=\"image\/jpeg\" \/>\n<meta name=\"twitter:card\" content=\"summary_large_image\" \/>\n<meta name=\"twitter:label1\" content=\"Est. reading time\" \/>\n\t<meta name=\"twitter:data1\" content=\"1 minute\" \/>\n<script type=\"application\/ld+json\" class=\"yoast-schema-graph\">{\"@context\":\"https:\/\/schema.org\",\"@graph\":[{\"@type\":\"WebPage\",\"@id\":\"https:\/\/joyadearte.com\/product\/dije-mandragora-solitaria\/\",\"url\":\"https:\/\/joyadearte.com\/product\/dije-mandragora-solitaria\/\",\"name\":\"DIJE MANDR\u00c1GORA SOLITARIA - Joya de Arte\",\"isPartOf\":{\"@id\":\"https:\/\/joyadearte.com\/en\/#website\"},\"primaryImageOfPage\":{\"@id\":\"https:\/\/joyadearte.com\/product\/dije-mandragora-solitaria\/#primaryimage\"},\"image\":{\"@id\":\"https:\/\/joyadearte.com\/product\/dije-mandragora-solitaria\/#primaryimage\"},\"thumbnailUrl\":\"https:\/\/joyadearte.com\/wp-content\/uploads\/2020\/05\/dije-mandragora-solitaria.jpg\",\"datePublished\":\"2020-05-26T16:10:44+00:00\",\"dateModified\":\"2026-04-03T23:17:44+00:00\",\"description\":\"Dije Mandr\u00e1gora Solitaria: la joya de la individualidad. Un dise\u00f1o bot\u00e1nico-m\u00edstico para quienes celebran su estilo \u00fanico y personal.\",\"breadcrumb\":{\"@id\":\"https:\/\/joyadearte.com\/product\/dije-mandragora-solitaria\/#breadcrumb\"},\"inLanguage\":\"en-US\",\"potentialAction\":[{\"@type\":\"ReadAction\",\"target\":[\"https:\/\/joyadearte.com\/product\/dije-mandragora-solitaria\/\"]}]},{\"@type\":\"ImageObject\",\"inLanguage\":\"en-US\",\"@id\":\"https:\/\/joyadearte.com\/product\/dije-mandragora-solitaria\/#primaryimage\",\"url\":\"https:\/\/joyadearte.com\/wp-content\/uploads\/2020\/05\/dije-mandragora-solitaria.jpg\",\"contentUrl\":\"https:\/\/joyadearte.com\/wp-content\/uploads\/2020\/05\/dije-mandragora-solitaria.jpg\",\"width\":1200,\"height\":800,\"caption\":\"Dije Mandr\u00e1gora Solitaria: la joya de la individualidad. Un dise\u00f1o bot\u00e1nico-m\u00edstico para quienes celebran su estilo \u00fanico y personal.\"},{\"@type\":\"BreadcrumbList\",\"@id\":\"https:\/\/joyadearte.com\/product\/dije-mandragora-solitaria\/#breadcrumb\",\"itemListElement\":[{\"@type\":\"ListItem\",\"position\":1,\"name\":\"Portada\",\"item\":\"https:\/\/joyadearte.com\/\"},{\"@type\":\"ListItem\",\"position\":2,\"name\":\"Tienda\",\"item\":\"https:\/\/joyadearte.com\/tienda\/\"},{\"@type\":\"ListItem\",\"position\":3,\"name\":\"DIJE MANDR\u00c1GORA SOLITARIA\"}]},{\"@type\":\"WebSite\",\"@id\":\"https:\/\/joyadearte.com\/en\/#website\",\"url\":\"https:\/\/joyadearte.com\/en\/\",\"name\":\"Joya de Arte\",\"description\":\"Joya de Arte by Sandra Cepeda\",\"publisher\":{\"@id\":\"https:\/\/joyadearte.com\/en\/#organization\"},\"potentialAction\":[{\"@type\":\"SearchAction\",\"target\":{\"@type\":\"EntryPoint\",\"urlTemplate\":\"https:\/\/joyadearte.com\/en\/?s={search_term_string}\"},\"query-input\":{\"@type\":\"PropertyValueSpecification\",\"valueRequired\":true,\"valueName\":\"search_term_string\"}}],\"inLanguage\":\"en-US\"},{\"@type\":\"Organization\",\"@id\":\"https:\/\/joyadearte.com\/en\/#organization\",\"name\":\"Joya de Arte\",\"url\":\"https:\/\/joyadearte.com\/en\/\",\"logo\":{\"@type\":\"ImageObject\",\"inLanguage\":\"en-US\",\"@id\":\"https:\/\/joyadearte.com\/en\/#\/schema\/logo\/image\/\",\"url\":\"https:\/\/joyadearte.com\/wp-content\/uploads\/2020\/08\/WhatsApp-Image-2020-08-13-at-8.15.09-PM.jpeg\",\"contentUrl\":\"https:\/\/joyadearte.com\/wp-content\/uploads\/2020\/08\/WhatsApp-Image-2020-08-13-at-8.15.09-PM.jpeg\",\"width\":1280,\"height\":1280,\"caption\":\"Joya de Arte\"},\"image\":{\"@id\":\"https:\/\/joyadearte.com\/en\/#\/schema\/logo\/image\/\"},\"sameAs\":[\"https:\/\/www.facebook.com\/SandraCepedajoyadearte\/\",\"https:\/\/www.instagram.com\/joyadearte_sandracepeda\/\",\"https:\/\/es.wikipedia.org\/wiki\/Sandra_Cepeda\"]}]}<\/script>\n<!-- \/ Yoast SEO plugin. -->","yoast_head_json":{"title":"DIJE MANDR\u00c1GORA SOLITARIA - Joya de Arte","description":"Dije Mandr\u00e1gora Solitaria: la joya de la individualidad. Un dise\u00f1o bot\u00e1nico-m\u00edstico para quienes celebran su estilo \u00fanico y personal.","robots":{"index":"index","follow":"follow","max-snippet":"max-snippet:-1","max-image-preview":"max-image-preview:large","max-video-preview":"max-video-preview:-1"},"canonical":"https:\/\/joyadearte.com\/en\/product\/dije-mandragora-solitaria\/","og_locale":"en_US","og_type":"article","og_title":"DIJE MANDR\u00c1GORA SOLITARIA - Joya de Arte","og_description":"Dije Mandr\u00e1gora Solitaria: la joya de la individualidad. Un dise\u00f1o bot\u00e1nico-m\u00edstico para quienes celebran su estilo \u00fanico y personal.","og_url":"https:\/\/joyadearte.com\/en\/product\/dije-mandragora-solitaria\/","og_site_name":"Joya de Arte","article_publisher":"https:\/\/www.facebook.com\/SandraCepedajoyadearte\/","article_modified_time":"2026-04-03T23:17:44+00:00","og_image":[{"width":1200,"height":800,"url":"https:\/\/joyadearte.com\/wp-content\/uploads\/2020\/05\/dije-mandragora-solitaria.jpg","type":"image\/jpeg"}],"twitter_card":"summary_large_image","twitter_misc":{"Est. reading time":"1 minute"},"schema":{"@context":"https:\/\/schema.org","@graph":[{"@type":"WebPage","@id":"https:\/\/joyadearte.com\/product\/dije-mandragora-solitaria\/","url":"https:\/\/joyadearte.com\/product\/dije-mandragora-solitaria\/","name":"DIJE MANDR\u00c1GORA SOLITARIA - Joya de Arte","isPartOf":{"@id":"https:\/\/joyadearte.com\/en\/#website"},"primaryImageOfPage":{"@id":"https:\/\/joyadearte.com\/product\/dije-mandragora-solitaria\/#primaryimage"},"image":{"@id":"https:\/\/joyadearte.com\/product\/dije-mandragora-solitaria\/#primaryimage"},"thumbnailUrl":"https:\/\/joyadearte.com\/wp-content\/uploads\/2020\/05\/dije-mandragora-solitaria.jpg","datePublished":"2020-05-26T16:10:44+00:00","dateModified":"2026-04-03T23:17:44+00:00","description":"Dije Mandr\u00e1gora Solitaria: la joya de la individualidad. Un dise\u00f1o bot\u00e1nico-m\u00edstico para quienes celebran su estilo \u00fanico y personal.","breadcrumb":{"@id":"https:\/\/joyadearte.com\/product\/dije-mandragora-solitaria\/#breadcrumb"},"inLanguage":"en-US","potentialAction":[{"@type":"ReadAction","target":["https:\/\/joyadearte.com\/product\/dije-mandragora-solitaria\/"]}]},{"@type":"ImageObject","inLanguage":"en-US","@id":"https:\/\/joyadearte.com\/product\/dije-mandragora-solitaria\/#primaryimage","url":"https:\/\/joyadearte.com\/wp-content\/uploads\/2020\/05\/dije-mandragora-solitaria.jpg","contentUrl":"https:\/\/joyadearte.com\/wp-content\/uploads\/2020\/05\/dije-mandragora-solitaria.jpg","width":1200,"height":800,"caption":"Dije Mandr\u00e1gora Solitaria: la joya de la individualidad. Un dise\u00f1o bot\u00e1nico-m\u00edstico para quienes celebran su estilo \u00fanico y personal."},{"@type":"BreadcrumbList","@id":"https:\/\/joyadearte.com\/product\/dije-mandragora-solitaria\/#breadcrumb","itemListElement":[{"@type":"ListItem","position":1,"name":"Portada","item":"https:\/\/joyadearte.com\/"},{"@type":"ListItem","position":2,"name":"Tienda","item":"https:\/\/joyadearte.com\/tienda\/"},{"@type":"ListItem","position":3,"name":"DIJE MANDR\u00c1GORA SOLITARIA"}]},{"@type":"WebSite","@id":"https:\/\/joyadearte.com\/en\/#website","url":"https:\/\/joyadearte.com\/en\/","name":"Jewel of Art","description":"Jewel of Art by Sandra Cepeda","publisher":{"@id":"https:\/\/joyadearte.com\/en\/#organization"},"potentialAction":[{"@type":"SearchAction","target":{"@type":"EntryPoint","urlTemplate":"https:\/\/joyadearte.com\/en\/?s={search_term_string}"},"query-input":{"@type":"PropertyValueSpecification","valueRequired":true,"valueName":"search_term_string"}}],"inLanguage":"en-US"},{"@type":"Organization","@id":"https:\/\/joyadearte.com\/en\/#organization","name":"Jewel of Art","url":"https:\/\/joyadearte.com\/en\/","logo":{"@type":"ImageObject","inLanguage":"en-US","@id":"https:\/\/joyadearte.com\/en\/#\/schema\/logo\/image\/","url":"https:\/\/joyadearte.com\/wp-content\/uploads\/2020\/08\/WhatsApp-Image-2020-08-13-at-8.15.09-PM.jpeg","contentUrl":"https:\/\/joyadearte.com\/wp-content\/uploads\/2020\/08\/WhatsApp-Image-2020-08-13-at-8.15.09-PM.jpeg","width":1280,"height":1280,"caption":"Joya de Arte"},"image":{"@id":"https:\/\/joyadearte.com\/en\/#\/schema\/logo\/image\/"},"sameAs":["https:\/\/www.facebook.com\/SandraCepedajoyadearte\/","https:\/\/www.instagram.com\/joyadearte_sandracepeda\/","https:\/\/es.wikipedia.org\/wiki\/Sandra_Cepeda"]}]}},"jetpack_sharing_enabled":true,"_links":{"self":[{"href":"https:\/\/joyadearte.com\/en\/wp-json\/wp\/v2\/product\/1466","targetHints":{"allow":["GET"]}}],"collection":[{"href":"https:\/\/joyadearte.com\/en\/wp-json\/wp\/v2\/product"}],"about":[{"href":"https:\/\/joyadearte.com\/en\/wp-json\/wp\/v2\/types\/product"}],"replies":[{"embeddable":true,"href":"https:\/\/joyadearte.com\/en\/wp-json\/wp\/v2\/comments?post=1466"}],"wp:featuredmedia":[{"embeddable":true,"href":"https:\/\/joyadearte.com\/en\/wp-json\/wp\/v2\/media\/2877"}],"wp:attachment":[{"href":"https:\/\/joyadearte.com\/en\/wp-json\/wp\/v2\/media?parent=1466"}],"wp:term":[{"taxonomy":"product_brand","embeddable":true,"href":"https:\/\/joyadearte.com\/en\/wp-json\/wp\/v2\/product_brand?post=1466"},{"taxonomy":"product_cat","embeddable":true,"href":"https:\/\/joyadearte.com\/en\/wp-json\/wp\/v2\/product_cat?post=1466"},{"taxonomy":"product_tag","embeddable":true,"href":"https:\/\/joyadearte.com\/en\/wp-json\/wp\/v2\/product_tag?post=1466"}],"curies":[{"name":"wp","href":"https:\/\/api.w.org\/{rel}","templated":true}]}}