{"id":1464,"date":"2020-05-25T04:54:02","date_gmt":"2020-05-25T02:54:02","guid":{"rendered":"https:\/\/joyadearte.com\/?post_type=product&#038;p=1464"},"modified":"2026-04-04T01:21:33","modified_gmt":"2026-04-03T23:21:33","slug":"aretes-chango-con-trompeta","status":"publish","type":"product","link":"https:\/\/joyadearte.com\/en\/product\/aretes-chango-con-trompeta\/","title":{"rendered":"MONKEY WITH TRUMPET"},"content":{"rendered":"<p>The Chango with Trumpet Earrings honor the spirit of the monkey\u2014the master of intelligence, joy, and boundless creativity. In the tradition of power animals, the monkey teaches us to find ingenious solutions and to never forget the sacred playfulness of life.<\/p>\n<p>By incorporating the trumpet, this designer piece becomes a totem that announces your own truth. It is a call to express your inner voice with harmony and confidence. Wear this animal spirit in gold plating as an amulet of freedom, reminding you that your path should be as wise as it is joyful\u2014and as rhythmic as your own heart.<\/p>\n<p>Material: Silver .950<\/p>\n<p>*INSPIRED by the art work of Carlos G\u00e9nova<\/p>","protected":false},"excerpt":{"rendered":"<p>Material: Silver .950<\/p>","protected":false},"featured_media":1465,"comment_status":"open","ping_status":"closed","template":"","meta":{"_monsterinsights_skip_tracking":false,"_monsterinsights_sitenote_active":false,"_monsterinsights_sitenote_note":"","_monsterinsights_sitenote_category":0},"product_brand":[],"product_cat":[17,90,18,117,30],"product_tag":[114],"class_list":{"0":"post-1464","1":"product","2":"type-product","3":"status-publish","4":"has-post-thumbnail","6":"product_cat-colecciones","7":"product_cat-animal-spirit","8":"product_cat-piezas","9":"product_cat-plata-925","10":"product_cat-aretes","11":"product_tag-nodiscount","13":"first","14":"instock","15":"sale","16":"shipping-taxable","17":"purchasable","18":"product-type-simple","19":"add-to-wishlist-after_add_to_cart"},"yoast_head":"<!-- This site is optimized with the Yoast SEO plugin v25.6 - https:\/\/yoast.com\/wordpress\/plugins\/seo\/ -->\n<title>ARETES CHANGO CON TROMPETA - Joya de Arte<\/title>\n<meta name=\"description\" content=\"Aretes Chango con Trompeta. Joya de autor que conecta con la alegr\u00eda y sabidur\u00eda del mono. Tu t\u00f3tem de poder en chapa de oro.\" \/>\n<meta name=\"robots\" content=\"index, follow, max-snippet:-1, max-image-preview:large, max-video-preview:-1\" \/>\n<link rel=\"canonical\" href=\"https:\/\/joyadearte.com\/en\/product\/aretes-chango-con-trompeta\/\" \/>\n<meta property=\"og:locale\" content=\"en_US\" \/>\n<meta property=\"og:type\" content=\"article\" \/>\n<meta property=\"og:title\" content=\"ARETES CHANGO CON TROMPETA - Joya de Arte\" \/>\n<meta property=\"og:description\" content=\"Aretes Chango con Trompeta. Joya de autor que conecta con la alegr\u00eda y sabidur\u00eda del mono. Tu t\u00f3tem de poder en chapa de oro.\" \/>\n<meta property=\"og:url\" content=\"https:\/\/joyadearte.com\/en\/product\/aretes-chango-con-trompeta\/\" \/>\n<meta property=\"og:site_name\" content=\"Joya de Arte\" \/>\n<meta property=\"article:publisher\" content=\"https:\/\/www.facebook.com\/SandraCepedajoyadearte\/\" \/>\n<meta property=\"article:modified_time\" content=\"2026-04-03T23:21:33+00:00\" \/>\n<meta property=\"og:image\" content=\"https:\/\/joyadearte.com\/wp-content\/uploads\/2020\/04\/DSC9891a-scaled.jpg\" \/>\n\t<meta property=\"og:image:width\" content=\"2560\" \/>\n\t<meta property=\"og:image:height\" content=\"1706\" \/>\n\t<meta property=\"og:image:type\" content=\"image\/jpeg\" \/>\n<meta name=\"twitter:card\" content=\"summary_large_image\" \/>\n<meta name=\"twitter:label1\" content=\"Est. reading time\" \/>\n\t<meta name=\"twitter:data1\" content=\"1 minute\" \/>\n<script type=\"application\/ld+json\" class=\"yoast-schema-graph\">{\"@context\":\"https:\/\/schema.org\",\"@graph\":[{\"@type\":\"WebPage\",\"@id\":\"https:\/\/joyadearte.com\/product\/aretes-chango-con-trompeta\/\",\"url\":\"https:\/\/joyadearte.com\/product\/aretes-chango-con-trompeta\/\",\"name\":\"ARETES CHANGO CON TROMPETA - Joya de Arte\",\"isPartOf\":{\"@id\":\"https:\/\/joyadearte.com\/en\/#website\"},\"primaryImageOfPage\":{\"@id\":\"https:\/\/joyadearte.com\/product\/aretes-chango-con-trompeta\/#primaryimage\"},\"image\":{\"@id\":\"https:\/\/joyadearte.com\/product\/aretes-chango-con-trompeta\/#primaryimage\"},\"thumbnailUrl\":\"https:\/\/joyadearte.com\/wp-content\/uploads\/2020\/04\/DSC9891a-scaled.jpg\",\"datePublished\":\"2020-05-25T02:54:02+00:00\",\"dateModified\":\"2026-04-03T23:21:33+00:00\",\"description\":\"Aretes Chango con Trompeta. Joya de autor que conecta con la alegr\u00eda y sabidur\u00eda del mono. Tu t\u00f3tem de poder en chapa de oro.\",\"breadcrumb\":{\"@id\":\"https:\/\/joyadearte.com\/product\/aretes-chango-con-trompeta\/#breadcrumb\"},\"inLanguage\":\"en-US\",\"potentialAction\":[{\"@type\":\"ReadAction\",\"target\":[\"https:\/\/joyadearte.com\/product\/aretes-chango-con-trompeta\/\"]}]},{\"@type\":\"ImageObject\",\"inLanguage\":\"en-US\",\"@id\":\"https:\/\/joyadearte.com\/product\/aretes-chango-con-trompeta\/#primaryimage\",\"url\":\"https:\/\/joyadearte.com\/wp-content\/uploads\/2020\/04\/DSC9891a-scaled.jpg\",\"contentUrl\":\"https:\/\/joyadearte.com\/wp-content\/uploads\/2020\/04\/DSC9891a-scaled.jpg\",\"width\":2560,\"height\":1706,\"caption\":\"Aretes Chango con Trompeta. Joya de autor que conecta con la alegr\u00eda y sabidur\u00eda del mono. Tu t\u00f3tem de poder en chapa de oro.\"},{\"@type\":\"BreadcrumbList\",\"@id\":\"https:\/\/joyadearte.com\/product\/aretes-chango-con-trompeta\/#breadcrumb\",\"itemListElement\":[{\"@type\":\"ListItem\",\"position\":1,\"name\":\"Portada\",\"item\":\"https:\/\/joyadearte.com\/\"},{\"@type\":\"ListItem\",\"position\":2,\"name\":\"Tienda\",\"item\":\"https:\/\/joyadearte.com\/tienda\/\"},{\"@type\":\"ListItem\",\"position\":3,\"name\":\"ARETES CHANGO CON TROMPETA\"}]},{\"@type\":\"WebSite\",\"@id\":\"https:\/\/joyadearte.com\/en\/#website\",\"url\":\"https:\/\/joyadearte.com\/en\/\",\"name\":\"Joya de Arte\",\"description\":\"Joya de Arte by Sandra Cepeda\",\"publisher\":{\"@id\":\"https:\/\/joyadearte.com\/en\/#organization\"},\"potentialAction\":[{\"@type\":\"SearchAction\",\"target\":{\"@type\":\"EntryPoint\",\"urlTemplate\":\"https:\/\/joyadearte.com\/en\/?s={search_term_string}\"},\"query-input\":{\"@type\":\"PropertyValueSpecification\",\"valueRequired\":true,\"valueName\":\"search_term_string\"}}],\"inLanguage\":\"en-US\"},{\"@type\":\"Organization\",\"@id\":\"https:\/\/joyadearte.com\/en\/#organization\",\"name\":\"Joya de Arte\",\"url\":\"https:\/\/joyadearte.com\/en\/\",\"logo\":{\"@type\":\"ImageObject\",\"inLanguage\":\"en-US\",\"@id\":\"https:\/\/joyadearte.com\/en\/#\/schema\/logo\/image\/\",\"url\":\"https:\/\/joyadearte.com\/wp-content\/uploads\/2020\/08\/WhatsApp-Image-2020-08-13-at-8.15.09-PM.jpeg\",\"contentUrl\":\"https:\/\/joyadearte.com\/wp-content\/uploads\/2020\/08\/WhatsApp-Image-2020-08-13-at-8.15.09-PM.jpeg\",\"width\":1280,\"height\":1280,\"caption\":\"Joya de Arte\"},\"image\":{\"@id\":\"https:\/\/joyadearte.com\/en\/#\/schema\/logo\/image\/\"},\"sameAs\":[\"https:\/\/www.facebook.com\/SandraCepedajoyadearte\/\",\"https:\/\/www.instagram.com\/joyadearte_sandracepeda\/\",\"https:\/\/es.wikipedia.org\/wiki\/Sandra_Cepeda\"]}]}<\/script>\n<!-- \/ Yoast SEO plugin. -->","yoast_head_json":{"title":"ARETES CHANGO CON TROMPETA - Joya de Arte","description":"Aretes Chango con Trompeta. Joya de autor que conecta con la alegr\u00eda y sabidur\u00eda del mono. Tu t\u00f3tem de poder en chapa de oro.","robots":{"index":"index","follow":"follow","max-snippet":"max-snippet:-1","max-image-preview":"max-image-preview:large","max-video-preview":"max-video-preview:-1"},"canonical":"https:\/\/joyadearte.com\/en\/product\/aretes-chango-con-trompeta\/","og_locale":"en_US","og_type":"article","og_title":"ARETES CHANGO CON TROMPETA - Joya de Arte","og_description":"Aretes Chango con Trompeta. Joya de autor que conecta con la alegr\u00eda y sabidur\u00eda del mono. Tu t\u00f3tem de poder en chapa de oro.","og_url":"https:\/\/joyadearte.com\/en\/product\/aretes-chango-con-trompeta\/","og_site_name":"Joya de Arte","article_publisher":"https:\/\/www.facebook.com\/SandraCepedajoyadearte\/","article_modified_time":"2026-04-03T23:21:33+00:00","og_image":[{"width":2560,"height":1706,"url":"https:\/\/joyadearte.com\/wp-content\/uploads\/2020\/04\/DSC9891a-scaled.jpg","type":"image\/jpeg"}],"twitter_card":"summary_large_image","twitter_misc":{"Est. reading time":"1 minute"},"schema":{"@context":"https:\/\/schema.org","@graph":[{"@type":"WebPage","@id":"https:\/\/joyadearte.com\/product\/aretes-chango-con-trompeta\/","url":"https:\/\/joyadearte.com\/product\/aretes-chango-con-trompeta\/","name":"ARETES CHANGO CON TROMPETA - Joya de Arte","isPartOf":{"@id":"https:\/\/joyadearte.com\/en\/#website"},"primaryImageOfPage":{"@id":"https:\/\/joyadearte.com\/product\/aretes-chango-con-trompeta\/#primaryimage"},"image":{"@id":"https:\/\/joyadearte.com\/product\/aretes-chango-con-trompeta\/#primaryimage"},"thumbnailUrl":"https:\/\/joyadearte.com\/wp-content\/uploads\/2020\/04\/DSC9891a-scaled.jpg","datePublished":"2020-05-25T02:54:02+00:00","dateModified":"2026-04-03T23:21:33+00:00","description":"Aretes Chango con Trompeta. Joya de autor que conecta con la alegr\u00eda y sabidur\u00eda del mono. Tu t\u00f3tem de poder en chapa de oro.","breadcrumb":{"@id":"https:\/\/joyadearte.com\/product\/aretes-chango-con-trompeta\/#breadcrumb"},"inLanguage":"en-US","potentialAction":[{"@type":"ReadAction","target":["https:\/\/joyadearte.com\/product\/aretes-chango-con-trompeta\/"]}]},{"@type":"ImageObject","inLanguage":"en-US","@id":"https:\/\/joyadearte.com\/product\/aretes-chango-con-trompeta\/#primaryimage","url":"https:\/\/joyadearte.com\/wp-content\/uploads\/2020\/04\/DSC9891a-scaled.jpg","contentUrl":"https:\/\/joyadearte.com\/wp-content\/uploads\/2020\/04\/DSC9891a-scaled.jpg","width":2560,"height":1706,"caption":"Aretes Chango con Trompeta. Joya de autor que conecta con la alegr\u00eda y sabidur\u00eda del mono. Tu t\u00f3tem de poder en chapa de oro."},{"@type":"BreadcrumbList","@id":"https:\/\/joyadearte.com\/product\/aretes-chango-con-trompeta\/#breadcrumb","itemListElement":[{"@type":"ListItem","position":1,"name":"Portada","item":"https:\/\/joyadearte.com\/"},{"@type":"ListItem","position":2,"name":"Tienda","item":"https:\/\/joyadearte.com\/tienda\/"},{"@type":"ListItem","position":3,"name":"ARETES CHANGO CON TROMPETA"}]},{"@type":"WebSite","@id":"https:\/\/joyadearte.com\/en\/#website","url":"https:\/\/joyadearte.com\/en\/","name":"Jewel of Art","description":"Jewel of Art by Sandra Cepeda","publisher":{"@id":"https:\/\/joyadearte.com\/en\/#organization"},"potentialAction":[{"@type":"SearchAction","target":{"@type":"EntryPoint","urlTemplate":"https:\/\/joyadearte.com\/en\/?s={search_term_string}"},"query-input":{"@type":"PropertyValueSpecification","valueRequired":true,"valueName":"search_term_string"}}],"inLanguage":"en-US"},{"@type":"Organization","@id":"https:\/\/joyadearte.com\/en\/#organization","name":"Jewel of Art","url":"https:\/\/joyadearte.com\/en\/","logo":{"@type":"ImageObject","inLanguage":"en-US","@id":"https:\/\/joyadearte.com\/en\/#\/schema\/logo\/image\/","url":"https:\/\/joyadearte.com\/wp-content\/uploads\/2020\/08\/WhatsApp-Image-2020-08-13-at-8.15.09-PM.jpeg","contentUrl":"https:\/\/joyadearte.com\/wp-content\/uploads\/2020\/08\/WhatsApp-Image-2020-08-13-at-8.15.09-PM.jpeg","width":1280,"height":1280,"caption":"Joya de Arte"},"image":{"@id":"https:\/\/joyadearte.com\/en\/#\/schema\/logo\/image\/"},"sameAs":["https:\/\/www.facebook.com\/SandraCepedajoyadearte\/","https:\/\/www.instagram.com\/joyadearte_sandracepeda\/","https:\/\/es.wikipedia.org\/wiki\/Sandra_Cepeda"]}]}},"jetpack_sharing_enabled":true,"_links":{"self":[{"href":"https:\/\/joyadearte.com\/en\/wp-json\/wp\/v2\/product\/1464","targetHints":{"allow":["GET"]}}],"collection":[{"href":"https:\/\/joyadearte.com\/en\/wp-json\/wp\/v2\/product"}],"about":[{"href":"https:\/\/joyadearte.com\/en\/wp-json\/wp\/v2\/types\/product"}],"replies":[{"embeddable":true,"href":"https:\/\/joyadearte.com\/en\/wp-json\/wp\/v2\/comments?post=1464"}],"wp:featuredmedia":[{"embeddable":true,"href":"https:\/\/joyadearte.com\/en\/wp-json\/wp\/v2\/media\/1465"}],"wp:attachment":[{"href":"https:\/\/joyadearte.com\/en\/wp-json\/wp\/v2\/media?parent=1464"}],"wp:term":[{"taxonomy":"product_brand","embeddable":true,"href":"https:\/\/joyadearte.com\/en\/wp-json\/wp\/v2\/product_brand?post=1464"},{"taxonomy":"product_cat","embeddable":true,"href":"https:\/\/joyadearte.com\/en\/wp-json\/wp\/v2\/product_cat?post=1464"},{"taxonomy":"product_tag","embeddable":true,"href":"https:\/\/joyadearte.com\/en\/wp-json\/wp\/v2\/product_tag?post=1464"}],"curies":[{"name":"wp","href":"https:\/\/api.w.org\/{rel}","templated":true}]}}