{"id":1362,"date":"2020-05-24T23:07:42","date_gmt":"2020-05-24T21:07:42","guid":{"rendered":"https:\/\/joyadearte.com\/?post_type=product&#038;p=1362"},"modified":"2026-04-04T01:24:23","modified_gmt":"2026-04-03T23:24:23","slug":"arete-columna-corintios","status":"publish","type":"product","link":"https:\/\/joyadearte.com\/en\/product\/arete-columna-corintios\/","title":{"rendered":"CORINTHIAN COLUMN EARRINGS"},"content":{"rendered":"<p>The Art of Holding Your Own Beauty<\/p>\n<p>The Corinthian Column Earrings are a tribute to humanity\u2019s ability to create beauty that transcends centuries. At Joya de Arte, we reinterpret the Corinthian column\u2014a symbol of refinement and intricate detail\u2014transforming it into an accessory that frames your gaze with light and meaning.<\/p>\n<p>Created for the woman who seeks pieces with soul, these gold-plated earrings are a reminder that you are the temple, and your style is the purest expression of your inner art.<\/p>\n<p>Material: Gold plated 10k on silver .925<\/p>","protected":false},"excerpt":{"rendered":"<p>Material: Gold plated 10k on silver .925<\/p>","protected":false},"featured_media":3047,"comment_status":"open","ping_status":"closed","template":"","meta":{"_monsterinsights_skip_tracking":false,"_monsterinsights_sitenote_active":false,"_monsterinsights_sitenote_note":"","_monsterinsights_sitenote_category":0},"product_brand":[],"product_cat":[17,42,18,118,30],"product_tag":[114],"class_list":{"0":"post-1362","1":"product","2":"type-product","3":"status-publish","4":"has-post-thumbnail","6":"product_cat-colecciones","7":"product_cat-mudras","8":"product_cat-piezas","9":"product_cat-oro-10k","10":"product_cat-aretes","11":"product_tag-nodiscount","13":"first","14":"instock","15":"sale","16":"shipping-taxable","17":"purchasable","18":"product-type-simple","19":"add-to-wishlist-after_add_to_cart"},"yoast_head":"<!-- This site is optimized with the Yoast SEO plugin v25.6 - https:\/\/yoast.com\/wordpress\/plugins\/seo\/ -->\n<title>ARETES COLUMNA CORINTIOS - Joya de Arte<\/title>\n<meta name=\"description\" content=\"Aretes Columna Corintios. Joya de Arte. Pendientes de autor inspirados en la arquitectura cl\u00e1sica. Ba\u00f1ados en chapa de oro de 14k, combinan elegancia, historia y dise\u00f1o exclusivo para un estilo atemporal.\" \/>\n<meta name=\"robots\" content=\"index, follow, max-snippet:-1, max-image-preview:large, max-video-preview:-1\" \/>\n<link rel=\"canonical\" href=\"https:\/\/joyadearte.com\/en\/product\/arete-columna-corintios\/\" \/>\n<meta property=\"og:locale\" content=\"en_US\" \/>\n<meta property=\"og:type\" content=\"article\" \/>\n<meta property=\"og:title\" content=\"ARETES COLUMNA CORINTIOS - Joya de Arte\" \/>\n<meta property=\"og:description\" content=\"Aretes Columna Corintios. Joya de Arte. Pendientes de autor inspirados en la arquitectura cl\u00e1sica. Ba\u00f1ados en chapa de oro de 14k, combinan elegancia, historia y dise\u00f1o exclusivo para un estilo atemporal.\" \/>\n<meta property=\"og:url\" content=\"https:\/\/joyadearte.com\/en\/product\/arete-columna-corintios\/\" \/>\n<meta property=\"og:site_name\" content=\"Joya de Arte\" \/>\n<meta property=\"article:publisher\" content=\"https:\/\/www.facebook.com\/SandraCepedajoyadearte\/\" \/>\n<meta property=\"article:modified_time\" content=\"2026-04-03T23:24:23+00:00\" \/>\n<meta property=\"og:image\" content=\"https:\/\/joyadearte.com\/wp-content\/uploads\/2020\/05\/DSC0019-scaled-1.jpg\" \/>\n\t<meta property=\"og:image:width\" content=\"2560\" \/>\n\t<meta property=\"og:image:height\" content=\"1707\" \/>\n\t<meta property=\"og:image:type\" content=\"image\/jpeg\" \/>\n<meta name=\"twitter:card\" content=\"summary_large_image\" \/>\n<meta name=\"twitter:label1\" content=\"Est. reading time\" \/>\n\t<meta name=\"twitter:data1\" content=\"1 minute\" \/>\n<script type=\"application\/ld+json\" class=\"yoast-schema-graph\">{\"@context\":\"https:\/\/schema.org\",\"@graph\":[{\"@type\":\"WebPage\",\"@id\":\"https:\/\/joyadearte.com\/product\/arete-columna-corintios\/\",\"url\":\"https:\/\/joyadearte.com\/product\/arete-columna-corintios\/\",\"name\":\"ARETES COLUMNA CORINTIOS - Joya de Arte\",\"isPartOf\":{\"@id\":\"https:\/\/joyadearte.com\/en\/#website\"},\"primaryImageOfPage\":{\"@id\":\"https:\/\/joyadearte.com\/product\/arete-columna-corintios\/#primaryimage\"},\"image\":{\"@id\":\"https:\/\/joyadearte.com\/product\/arete-columna-corintios\/#primaryimage\"},\"thumbnailUrl\":\"https:\/\/joyadearte.com\/wp-content\/uploads\/2020\/05\/DSC0019-scaled-1.jpg\",\"datePublished\":\"2020-05-24T21:07:42+00:00\",\"dateModified\":\"2026-04-03T23:24:23+00:00\",\"description\":\"Aretes Columna Corintios. Joya de Arte. Pendientes de autor inspirados en la arquitectura cl\u00e1sica. Ba\u00f1ados en chapa de oro de 14k, combinan elegancia, historia y dise\u00f1o exclusivo para un estilo atemporal.\",\"breadcrumb\":{\"@id\":\"https:\/\/joyadearte.com\/product\/arete-columna-corintios\/#breadcrumb\"},\"inLanguage\":\"en-US\",\"potentialAction\":[{\"@type\":\"ReadAction\",\"target\":[\"https:\/\/joyadearte.com\/product\/arete-columna-corintios\/\"]}]},{\"@type\":\"ImageObject\",\"inLanguage\":\"en-US\",\"@id\":\"https:\/\/joyadearte.com\/product\/arete-columna-corintios\/#primaryimage\",\"url\":\"https:\/\/joyadearte.com\/wp-content\/uploads\/2020\/05\/DSC0019-scaled-1.jpg\",\"contentUrl\":\"https:\/\/joyadearte.com\/wp-content\/uploads\/2020\/05\/DSC0019-scaled-1.jpg\",\"width\":2560,\"height\":1707,\"caption\":\"Aretes Columna Corintios\"},{\"@type\":\"BreadcrumbList\",\"@id\":\"https:\/\/joyadearte.com\/product\/arete-columna-corintios\/#breadcrumb\",\"itemListElement\":[{\"@type\":\"ListItem\",\"position\":1,\"name\":\"Portada\",\"item\":\"https:\/\/joyadearte.com\/\"},{\"@type\":\"ListItem\",\"position\":2,\"name\":\"Tienda\",\"item\":\"https:\/\/joyadearte.com\/tienda\/\"},{\"@type\":\"ListItem\",\"position\":3,\"name\":\"ARETES COLUMNA CORINTIOS\"}]},{\"@type\":\"WebSite\",\"@id\":\"https:\/\/joyadearte.com\/en\/#website\",\"url\":\"https:\/\/joyadearte.com\/en\/\",\"name\":\"Joya de Arte\",\"description\":\"Joya de Arte by Sandra Cepeda\",\"publisher\":{\"@id\":\"https:\/\/joyadearte.com\/en\/#organization\"},\"potentialAction\":[{\"@type\":\"SearchAction\",\"target\":{\"@type\":\"EntryPoint\",\"urlTemplate\":\"https:\/\/joyadearte.com\/en\/?s={search_term_string}\"},\"query-input\":{\"@type\":\"PropertyValueSpecification\",\"valueRequired\":true,\"valueName\":\"search_term_string\"}}],\"inLanguage\":\"en-US\"},{\"@type\":\"Organization\",\"@id\":\"https:\/\/joyadearte.com\/en\/#organization\",\"name\":\"Joya de Arte\",\"url\":\"https:\/\/joyadearte.com\/en\/\",\"logo\":{\"@type\":\"ImageObject\",\"inLanguage\":\"en-US\",\"@id\":\"https:\/\/joyadearte.com\/en\/#\/schema\/logo\/image\/\",\"url\":\"https:\/\/joyadearte.com\/wp-content\/uploads\/2020\/08\/WhatsApp-Image-2020-08-13-at-8.15.09-PM.jpeg\",\"contentUrl\":\"https:\/\/joyadearte.com\/wp-content\/uploads\/2020\/08\/WhatsApp-Image-2020-08-13-at-8.15.09-PM.jpeg\",\"width\":1280,\"height\":1280,\"caption\":\"Joya de Arte\"},\"image\":{\"@id\":\"https:\/\/joyadearte.com\/en\/#\/schema\/logo\/image\/\"},\"sameAs\":[\"https:\/\/www.facebook.com\/SandraCepedajoyadearte\/\",\"https:\/\/www.instagram.com\/joyadearte_sandracepeda\/\",\"https:\/\/es.wikipedia.org\/wiki\/Sandra_Cepeda\"]}]}<\/script>\n<!-- \/ Yoast SEO plugin. -->","yoast_head_json":{"title":"ARETES COLUMNA CORINTIOS - Joya de Arte","description":"Aretes Columna Corintios. Joya de Arte. Pendientes de autor inspirados en la arquitectura cl\u00e1sica. Ba\u00f1ados en chapa de oro de 14k, combinan elegancia, historia y dise\u00f1o exclusivo para un estilo atemporal.","robots":{"index":"index","follow":"follow","max-snippet":"max-snippet:-1","max-image-preview":"max-image-preview:large","max-video-preview":"max-video-preview:-1"},"canonical":"https:\/\/joyadearte.com\/en\/product\/arete-columna-corintios\/","og_locale":"en_US","og_type":"article","og_title":"ARETES COLUMNA CORINTIOS - Joya de Arte","og_description":"Aretes Columna Corintios. Joya de Arte. Pendientes de autor inspirados en la arquitectura cl\u00e1sica. Ba\u00f1ados en chapa de oro de 14k, combinan elegancia, historia y dise\u00f1o exclusivo para un estilo atemporal.","og_url":"https:\/\/joyadearte.com\/en\/product\/arete-columna-corintios\/","og_site_name":"Joya de Arte","article_publisher":"https:\/\/www.facebook.com\/SandraCepedajoyadearte\/","article_modified_time":"2026-04-03T23:24:23+00:00","og_image":[{"width":2560,"height":1707,"url":"https:\/\/joyadearte.com\/wp-content\/uploads\/2020\/05\/DSC0019-scaled-1.jpg","type":"image\/jpeg"}],"twitter_card":"summary_large_image","twitter_misc":{"Est. reading time":"1 minute"},"schema":{"@context":"https:\/\/schema.org","@graph":[{"@type":"WebPage","@id":"https:\/\/joyadearte.com\/product\/arete-columna-corintios\/","url":"https:\/\/joyadearte.com\/product\/arete-columna-corintios\/","name":"ARETES COLUMNA CORINTIOS - Joya de Arte","isPartOf":{"@id":"https:\/\/joyadearte.com\/en\/#website"},"primaryImageOfPage":{"@id":"https:\/\/joyadearte.com\/product\/arete-columna-corintios\/#primaryimage"},"image":{"@id":"https:\/\/joyadearte.com\/product\/arete-columna-corintios\/#primaryimage"},"thumbnailUrl":"https:\/\/joyadearte.com\/wp-content\/uploads\/2020\/05\/DSC0019-scaled-1.jpg","datePublished":"2020-05-24T21:07:42+00:00","dateModified":"2026-04-03T23:24:23+00:00","description":"Aretes Columna Corintios. Joya de Arte. Pendientes de autor inspirados en la arquitectura cl\u00e1sica. Ba\u00f1ados en chapa de oro de 14k, combinan elegancia, historia y dise\u00f1o exclusivo para un estilo atemporal.","breadcrumb":{"@id":"https:\/\/joyadearte.com\/product\/arete-columna-corintios\/#breadcrumb"},"inLanguage":"en-US","potentialAction":[{"@type":"ReadAction","target":["https:\/\/joyadearte.com\/product\/arete-columna-corintios\/"]}]},{"@type":"ImageObject","inLanguage":"en-US","@id":"https:\/\/joyadearte.com\/product\/arete-columna-corintios\/#primaryimage","url":"https:\/\/joyadearte.com\/wp-content\/uploads\/2020\/05\/DSC0019-scaled-1.jpg","contentUrl":"https:\/\/joyadearte.com\/wp-content\/uploads\/2020\/05\/DSC0019-scaled-1.jpg","width":2560,"height":1707,"caption":"Aretes Columna Corintios"},{"@type":"BreadcrumbList","@id":"https:\/\/joyadearte.com\/product\/arete-columna-corintios\/#breadcrumb","itemListElement":[{"@type":"ListItem","position":1,"name":"Portada","item":"https:\/\/joyadearte.com\/"},{"@type":"ListItem","position":2,"name":"Tienda","item":"https:\/\/joyadearte.com\/tienda\/"},{"@type":"ListItem","position":3,"name":"ARETES COLUMNA CORINTIOS"}]},{"@type":"WebSite","@id":"https:\/\/joyadearte.com\/en\/#website","url":"https:\/\/joyadearte.com\/en\/","name":"Jewel of Art","description":"Jewel of Art by Sandra Cepeda","publisher":{"@id":"https:\/\/joyadearte.com\/en\/#organization"},"potentialAction":[{"@type":"SearchAction","target":{"@type":"EntryPoint","urlTemplate":"https:\/\/joyadearte.com\/en\/?s={search_term_string}"},"query-input":{"@type":"PropertyValueSpecification","valueRequired":true,"valueName":"search_term_string"}}],"inLanguage":"en-US"},{"@type":"Organization","@id":"https:\/\/joyadearte.com\/en\/#organization","name":"Jewel of Art","url":"https:\/\/joyadearte.com\/en\/","logo":{"@type":"ImageObject","inLanguage":"en-US","@id":"https:\/\/joyadearte.com\/en\/#\/schema\/logo\/image\/","url":"https:\/\/joyadearte.com\/wp-content\/uploads\/2020\/08\/WhatsApp-Image-2020-08-13-at-8.15.09-PM.jpeg","contentUrl":"https:\/\/joyadearte.com\/wp-content\/uploads\/2020\/08\/WhatsApp-Image-2020-08-13-at-8.15.09-PM.jpeg","width":1280,"height":1280,"caption":"Joya de Arte"},"image":{"@id":"https:\/\/joyadearte.com\/en\/#\/schema\/logo\/image\/"},"sameAs":["https:\/\/www.facebook.com\/SandraCepedajoyadearte\/","https:\/\/www.instagram.com\/joyadearte_sandracepeda\/","https:\/\/es.wikipedia.org\/wiki\/Sandra_Cepeda"]}]}},"jetpack_sharing_enabled":true,"_links":{"self":[{"href":"https:\/\/joyadearte.com\/en\/wp-json\/wp\/v2\/product\/1362","targetHints":{"allow":["GET"]}}],"collection":[{"href":"https:\/\/joyadearte.com\/en\/wp-json\/wp\/v2\/product"}],"about":[{"href":"https:\/\/joyadearte.com\/en\/wp-json\/wp\/v2\/types\/product"}],"replies":[{"embeddable":true,"href":"https:\/\/joyadearte.com\/en\/wp-json\/wp\/v2\/comments?post=1362"}],"wp:featuredmedia":[{"embeddable":true,"href":"https:\/\/joyadearte.com\/en\/wp-json\/wp\/v2\/media\/3047"}],"wp:attachment":[{"href":"https:\/\/joyadearte.com\/en\/wp-json\/wp\/v2\/media?parent=1362"}],"wp:term":[{"taxonomy":"product_brand","embeddable":true,"href":"https:\/\/joyadearte.com\/en\/wp-json\/wp\/v2\/product_brand?post=1362"},{"taxonomy":"product_cat","embeddable":true,"href":"https:\/\/joyadearte.com\/en\/wp-json\/wp\/v2\/product_cat?post=1362"},{"taxonomy":"product_tag","embeddable":true,"href":"https:\/\/joyadearte.com\/en\/wp-json\/wp\/v2\/product_tag?post=1362"}],"curies":[{"name":"wp","href":"https:\/\/api.w.org\/{rel}","templated":true}]}}