{"id":24,"date":"2019-06-15T17:47:55","date_gmt":"2019-06-15T15:47:55","guid":{"rendered":"http:\/\/joyadearte.com\/?page_id=24"},"modified":"2021-05-17T21:11:20","modified_gmt":"2021-05-17T19:11:20","slug":"politicas-de-envio","status":"publish","type":"page","link":"https:\/\/joyadearte.com\/en\/politicas-de-envio\/","title":{"rendered":"Shipping policies"},"content":{"rendered":"<h2 class=\"has-text-align-center my-5 font-sans-serif text-darkish text-uppercase spacing wp-block-heading\">Shipping policies<\/h2>\n\n\n\n<h3 class=\"wp-block-heading\">How much is the shipping?<\/h3>\n\n\n\n<p>Our base of operations is in Mexico. From there the shipments are made according to the following table:<\/p>\n\n\n\n<ul class=\"wp-block-list\"><li>Mexico: MXN $150 (whole country)<\/li><li>United States: MXN $650<\/li><li>Latin America: MXN $800<\/li><li>Europe: MXN $800<\/li><li>Asia: MXN $1,300<\/li><\/ul>\n\n\n\n<p>Shipments are made thru DHL.<\/p>\n\n\n\n<p>If you pay with foreign currency, the current exchange rate will be applied.<\/p>\n\n\n<p>There are no national or international exchanges or returns.<\/p>\n\n\n<h3 class=\"wp-block-heading\">Which countries do we ship to?<\/h3>\n\n\n\n<p>Currently, Joya de Arte sells to the following areas (in alphabetical order): Asia, United States, Europe, Latin America and Mexico.<\/p>\n\n\n\n<p>New countries may be added in the future, so shop around soon.<\/p>\n\n\n\n<h3 class=\"wp-block-heading\" id=\"pais\">If my country is not on the list, can I buy?<\/h3>\n\n\n\n<p>As long as the shipment is to any of the countries on the list, you can. If what you require is that the piece is sent to your country and is not on the list, contact us and we will see how to get the piece to you. <a href=\"https:\/\/joyadearte.com\/en\/contacto\/\">contact us<\/a> and we see how to send your piece.<\/p>\n\n\n\n<h3 class=\"wp-block-heading\" id=\"factura\">Duties &amp; Taxes<\/h3>\n\n\n\n<p>We include the cost of taxes and duties in your order, so you won\u2019t need to pay any additional fees if you are located in any of the locations below: <br><br>Asia, United States, Europe, Latin America and Mexico. <br><br>If you are ordering from within your own customs zone or country, import duties will not be applicable however you may need to pay VAT or local sales taxes. For the UK and the USA, these are included at the final stage of checkout. <br><br>If a DAP (Delivery At Place) destination is selected (i.e. customers outside of the countries listed above), the price you pay to Farfetch will exclude all relevant import duties and sales taxes. As the recipient of the order, you must instead pay these duties and taxes directly to our carrier to release your order from customs. As we are unable to advise the exact amount, we recommend contacting your local customs office or tax authority before placing a DAP order. <br><br>SHIPPING TO USA <br><br>For international orders shipped to customers in the US, please be aware that US Customs may ask for your IRS, EIN or SSN number before enabling delivery to your address. You will normally have one week to provide this information before your order is returned to the Farfetch partner for a refund. <br><br>If you have any questions, please click <a href=\"https:\/\/joyadearte.com\/en\/contacto\/\">here<\/a> to contact us. <\/p>\n\n\n\n<h3 class=\"wp-block-heading\" id=\"factura\">I need an invoice or tax receipt<\/h3>\n\n\n\n<p>Our company is based in Mexico, so we make Digital Tax Proof over the Internet (CFDI) to whoever requests it. If you require a CFDI, contact us, and send us your tax details. <a href=\"https:\/\/joyadearte.com\/en\/contacto\/\">contact us<\/a>, and send us your tax information.<\/p>","protected":false},"excerpt":{"rendered":"<p>Pol\u00edticas de env\u00edo \u00bfCu\u00e1nto cuesta el env\u00edo? Nuestra base de operaciones se encuentra en M\u00e9xico. De ah\u00ed se efect\u00faan los env\u00edos de acuerdo a la siguiente tabla: M\u00e9xico: MXN $150 a todo el pa\u00eds Estados Unidos de Am\u00e9rica: MXN $650 Latinoam\u00e9rica: MXN $800 Europa: MXN $800 Asia: MXN $1,300 Los env\u00edos se realizan a trav\u00e9s [&hellip;]<\/p>","protected":false},"author":1,"featured_media":0,"parent":0,"menu_order":17,"comment_status":"closed","ping_status":"closed","template":"","meta":{"_monsterinsights_skip_tracking":false,"_monsterinsights_sitenote_active":false,"_monsterinsights_sitenote_note":"","_monsterinsights_sitenote_category":0,"footnotes":""},"class_list":["post-24","page","type-page","status-publish","hentry"],"yoast_head":"<!-- This site is optimized with the Yoast SEO plugin v25.6 - https:\/\/yoast.com\/wordpress\/plugins\/seo\/ -->\n<title>Pol\u00edticas de env\u00edo - Joya de Arte<\/title>\n<meta name=\"robots\" content=\"index, follow, max-snippet:-1, max-image-preview:large, max-video-preview:-1\" \/>\n<link rel=\"canonical\" href=\"https:\/\/joyadearte.com\/en\/politicas-de-envio\/\" \/>\n<meta property=\"og:locale\" content=\"en_US\" \/>\n<meta property=\"og:type\" content=\"article\" \/>\n<meta property=\"og:title\" content=\"Pol\u00edticas de env\u00edo - Joya de Arte\" \/>\n<meta property=\"og:description\" content=\"Pol\u00edticas de env\u00edo \u00bfCu\u00e1nto cuesta el env\u00edo? Nuestra base de operaciones se encuentra en M\u00e9xico. De ah\u00ed se efect\u00faan los env\u00edos de acuerdo a la siguiente tabla: M\u00e9xico: MXN $150 a todo el pa\u00eds Estados Unidos de Am\u00e9rica: MXN $650 Latinoam\u00e9rica: MXN $800 Europa: MXN $800 Asia: MXN $1,300 Los env\u00edos se realizan a trav\u00e9s [&hellip;]\" \/>\n<meta property=\"og:url\" content=\"https:\/\/joyadearte.com\/en\/politicas-de-envio\/\" \/>\n<meta property=\"og:site_name\" content=\"Joya de Arte\" \/>\n<meta property=\"article:publisher\" content=\"https:\/\/www.facebook.com\/SandraCepedajoyadearte\/\" \/>\n<meta property=\"article:modified_time\" content=\"2021-05-17T19:11:20+00:00\" \/>\n<meta name=\"twitter:card\" content=\"summary_large_image\" \/>\n<meta name=\"twitter:label1\" content=\"Est. reading time\" \/>\n\t<meta name=\"twitter:data1\" content=\"3 minutes\" \/>\n<script type=\"application\/ld+json\" class=\"yoast-schema-graph\">{\"@context\":\"https:\/\/schema.org\",\"@graph\":[{\"@type\":\"WebPage\",\"@id\":\"https:\/\/joyadearte.com\/en\/politicas-de-envio\/\",\"url\":\"https:\/\/joyadearte.com\/en\/politicas-de-envio\/\",\"name\":\"Pol\u00edticas de env\u00edo - Joya de Arte\",\"isPartOf\":{\"@id\":\"https:\/\/joyadearte.com\/en\/#website\"},\"datePublished\":\"2019-06-15T15:47:55+00:00\",\"dateModified\":\"2021-05-17T19:11:20+00:00\",\"breadcrumb\":{\"@id\":\"https:\/\/joyadearte.com\/en\/politicas-de-envio\/#breadcrumb\"},\"inLanguage\":\"en-US\",\"potentialAction\":[{\"@type\":\"ReadAction\",\"target\":[\"https:\/\/joyadearte.com\/en\/politicas-de-envio\/\"]}]},{\"@type\":\"BreadcrumbList\",\"@id\":\"https:\/\/joyadearte.com\/en\/politicas-de-envio\/#breadcrumb\",\"itemListElement\":[{\"@type\":\"ListItem\",\"position\":1,\"name\":\"Portada\",\"item\":\"https:\/\/joyadearte.com\/\"},{\"@type\":\"ListItem\",\"position\":2,\"name\":\"Pol\u00edticas de env\u00edo\"}]},{\"@type\":\"WebSite\",\"@id\":\"https:\/\/joyadearte.com\/en\/#website\",\"url\":\"https:\/\/joyadearte.com\/en\/\",\"name\":\"Joya de Arte\",\"description\":\"Joya de Arte by Sandra Cepeda\",\"publisher\":{\"@id\":\"https:\/\/joyadearte.com\/en\/#organization\"},\"potentialAction\":[{\"@type\":\"SearchAction\",\"target\":{\"@type\":\"EntryPoint\",\"urlTemplate\":\"https:\/\/joyadearte.com\/en\/?s={search_term_string}\"},\"query-input\":{\"@type\":\"PropertyValueSpecification\",\"valueRequired\":true,\"valueName\":\"search_term_string\"}}],\"inLanguage\":\"en-US\"},{\"@type\":\"Organization\",\"@id\":\"https:\/\/joyadearte.com\/en\/#organization\",\"name\":\"Joya de Arte\",\"url\":\"https:\/\/joyadearte.com\/en\/\",\"logo\":{\"@type\":\"ImageObject\",\"inLanguage\":\"en-US\",\"@id\":\"https:\/\/joyadearte.com\/en\/#\/schema\/logo\/image\/\",\"url\":\"https:\/\/joyadearte.com\/wp-content\/uploads\/2020\/08\/WhatsApp-Image-2020-08-13-at-8.15.09-PM.jpeg\",\"contentUrl\":\"https:\/\/joyadearte.com\/wp-content\/uploads\/2020\/08\/WhatsApp-Image-2020-08-13-at-8.15.09-PM.jpeg\",\"width\":1280,\"height\":1280,\"caption\":\"Joya de Arte\"},\"image\":{\"@id\":\"https:\/\/joyadearte.com\/en\/#\/schema\/logo\/image\/\"},\"sameAs\":[\"https:\/\/www.facebook.com\/SandraCepedajoyadearte\/\",\"https:\/\/www.instagram.com\/joyadearte_sandracepeda\/\",\"https:\/\/es.wikipedia.org\/wiki\/Sandra_Cepeda\"]}]}<\/script>\n<!-- \/ Yoast SEO plugin. -->","yoast_head_json":{"title":"Pol\u00edticas de env\u00edo - Joya de Arte","robots":{"index":"index","follow":"follow","max-snippet":"max-snippet:-1","max-image-preview":"max-image-preview:large","max-video-preview":"max-video-preview:-1"},"canonical":"https:\/\/joyadearte.com\/en\/politicas-de-envio\/","og_locale":"en_US","og_type":"article","og_title":"Pol\u00edticas de env\u00edo - Joya de Arte","og_description":"Pol\u00edticas de env\u00edo \u00bfCu\u00e1nto cuesta el env\u00edo? Nuestra base de operaciones se encuentra en M\u00e9xico. De ah\u00ed se efect\u00faan los env\u00edos de acuerdo a la siguiente tabla: M\u00e9xico: MXN $150 a todo el pa\u00eds Estados Unidos de Am\u00e9rica: MXN $650 Latinoam\u00e9rica: MXN $800 Europa: MXN $800 Asia: MXN $1,300 Los env\u00edos se realizan a trav\u00e9s [&hellip;]","og_url":"https:\/\/joyadearte.com\/en\/politicas-de-envio\/","og_site_name":"Joya de Arte","article_publisher":"https:\/\/www.facebook.com\/SandraCepedajoyadearte\/","article_modified_time":"2021-05-17T19:11:20+00:00","twitter_card":"summary_large_image","twitter_misc":{"Est. reading time":"3 minutes"},"schema":{"@context":"https:\/\/schema.org","@graph":[{"@type":"WebPage","@id":"https:\/\/joyadearte.com\/en\/politicas-de-envio\/","url":"https:\/\/joyadearte.com\/en\/politicas-de-envio\/","name":"Pol\u00edticas de env\u00edo - Joya de Arte","isPartOf":{"@id":"https:\/\/joyadearte.com\/en\/#website"},"datePublished":"2019-06-15T15:47:55+00:00","dateModified":"2021-05-17T19:11:20+00:00","breadcrumb":{"@id":"https:\/\/joyadearte.com\/en\/politicas-de-envio\/#breadcrumb"},"inLanguage":"en-US","potentialAction":[{"@type":"ReadAction","target":["https:\/\/joyadearte.com\/en\/politicas-de-envio\/"]}]},{"@type":"BreadcrumbList","@id":"https:\/\/joyadearte.com\/en\/politicas-de-envio\/#breadcrumb","itemListElement":[{"@type":"ListItem","position":1,"name":"Portada","item":"https:\/\/joyadearte.com\/"},{"@type":"ListItem","position":2,"name":"Pol\u00edticas de env\u00edo"}]},{"@type":"WebSite","@id":"https:\/\/joyadearte.com\/en\/#website","url":"https:\/\/joyadearte.com\/en\/","name":"Jewel of Art","description":"Jewel of Art by Sandra Cepeda","publisher":{"@id":"https:\/\/joyadearte.com\/en\/#organization"},"potentialAction":[{"@type":"SearchAction","target":{"@type":"EntryPoint","urlTemplate":"https:\/\/joyadearte.com\/en\/?s={search_term_string}"},"query-input":{"@type":"PropertyValueSpecification","valueRequired":true,"valueName":"search_term_string"}}],"inLanguage":"en-US"},{"@type":"Organization","@id":"https:\/\/joyadearte.com\/en\/#organization","name":"Jewel of Art","url":"https:\/\/joyadearte.com\/en\/","logo":{"@type":"ImageObject","inLanguage":"en-US","@id":"https:\/\/joyadearte.com\/en\/#\/schema\/logo\/image\/","url":"https:\/\/joyadearte.com\/wp-content\/uploads\/2020\/08\/WhatsApp-Image-2020-08-13-at-8.15.09-PM.jpeg","contentUrl":"https:\/\/joyadearte.com\/wp-content\/uploads\/2020\/08\/WhatsApp-Image-2020-08-13-at-8.15.09-PM.jpeg","width":1280,"height":1280,"caption":"Joya de Arte"},"image":{"@id":"https:\/\/joyadearte.com\/en\/#\/schema\/logo\/image\/"},"sameAs":["https:\/\/www.facebook.com\/SandraCepedajoyadearte\/","https:\/\/www.instagram.com\/joyadearte_sandracepeda\/","https:\/\/es.wikipedia.org\/wiki\/Sandra_Cepeda"]}]}},"jetpack_sharing_enabled":true,"_links":{"self":[{"href":"https:\/\/joyadearte.com\/en\/wp-json\/wp\/v2\/pages\/24","targetHints":{"allow":["GET"]}}],"collection":[{"href":"https:\/\/joyadearte.com\/en\/wp-json\/wp\/v2\/pages"}],"about":[{"href":"https:\/\/joyadearte.com\/en\/wp-json\/wp\/v2\/types\/page"}],"author":[{"embeddable":true,"href":"https:\/\/joyadearte.com\/en\/wp-json\/wp\/v2\/users\/1"}],"replies":[{"embeddable":true,"href":"https:\/\/joyadearte.com\/en\/wp-json\/wp\/v2\/comments?post=24"}],"version-history":[{"count":0,"href":"https:\/\/joyadearte.com\/en\/wp-json\/wp\/v2\/pages\/24\/revisions"}],"wp:attachment":[{"href":"https:\/\/joyadearte.com\/en\/wp-json\/wp\/v2\/media?parent=24"}],"curies":[{"name":"wp","href":"https:\/\/api.w.org\/{rel}","templated":true}]}}